{"id":8830,"date":"2026-04-01T14:53:55","date_gmt":"2026-04-01T12:53:55","guid":{"rendered":"https:\/\/standuppaddle.hu\/sup-webaruhaz-webshop\/red-sup-hordozo-heveder\/"},"modified":"2023-02-23T10:08:54","modified_gmt":"2023-02-23T09:08:54","slug":"red-sup-shoulder-carry-strap","status":"publish","type":"product","link":"https:\/\/standuppaddle.hu\/en\/sup-webaruhaz-webshop\/red-sup-shoulder-carry-strap\/","title":{"rendered":"RED SUP shoulder carry strap"},"content":{"rendered":"<h3>RED SUP shoulder carry strap<\/h3>\n<ul>\n<li>Soft shoulder padding avoids rubbing on skin and makes carrying heavy loads comfortable<\/li>\n<li>Clipping system easily attaches to the board to avoid hassle when transporting<\/li>\n<li>Fully adjustable length is designed for a variety of sized people and loads<\/li>\n<\/ul>\n<div class=\"c-product__shop-section\">\n<div class=\"c-excerpt c-excerpt--product js-excerpt-new is-open\">\n<div class=\"c-excerpt__crop\">\n<p>Fits all 2022 RED boards boards!<\/p>\n<p>If you struggle to carry your Red Paddle Co Activ board on your walk to the water, this soft padded carry strap is for you. Ideal for riders who need the extra support.<\/p>\n<\/div>\n<\/div>\n<\/div>\n<p>&nbsp;<\/p>\n","protected":false},"excerpt":{"rendered":"<p>RED SUP shoulder carry strap Soft shoulder padding avoids rubbing on skin and makes carrying heavy loads comfortable Clipping system easily attaches to the board to avoid hassle when transporting Fully adjustable length is designed for a variety of sized people and loads Fits all 2022 RED boards boards! If you struggle to carry your [&hellip;]<\/p>\n","protected":false},"featured_media":9216,"template":"","meta":{"ocean_post_layout":"","ocean_both_sidebars_style":"","ocean_both_sidebars_content_width":0,"ocean_both_sidebars_sidebars_width":0,"ocean_sidebar":"0","ocean_second_sidebar":"0","ocean_disable_margins":"enable","ocean_add_body_class":"","ocean_shortcode_before_top_bar":"","ocean_shortcode_after_top_bar":"","ocean_shortcode_before_header":"","ocean_shortcode_after_header":"","ocean_has_shortcode":"","ocean_shortcode_after_title":"","ocean_shortcode_before_footer_widgets":"","ocean_shortcode_after_footer_widgets":"","ocean_shortcode_before_footer_bottom":"","ocean_shortcode_after_footer_bottom":"","ocean_display_top_bar":"default","ocean_display_header":"default","ocean_header_style":"","ocean_center_header_left_menu":"0","ocean_custom_header_template":"0","ocean_custom_logo":0,"ocean_custom_retina_logo":0,"ocean_custom_logo_max_width":0,"ocean_custom_logo_tablet_max_width":0,"ocean_custom_logo_mobile_max_width":0,"ocean_custom_logo_max_height":0,"ocean_custom_logo_tablet_max_height":0,"ocean_custom_logo_mobile_max_height":0,"ocean_header_custom_menu":"0","ocean_menu_typo_font_family":"0","ocean_menu_typo_font_subset":"","ocean_menu_typo_font_size":0,"ocean_menu_typo_font_size_tablet":0,"ocean_menu_typo_font_size_mobile":0,"ocean_menu_typo_font_size_unit":"px","ocean_menu_typo_font_weight":"","ocean_menu_typo_font_weight_tablet":"","ocean_menu_typo_font_weight_mobile":"","ocean_menu_typo_transform":"","ocean_menu_typo_transform_tablet":"","ocean_menu_typo_transform_mobile":"","ocean_menu_typo_line_height":0,"ocean_menu_typo_line_height_tablet":0,"ocean_menu_typo_line_height_mobile":0,"ocean_menu_typo_line_height_unit":"","ocean_menu_typo_spacing":0,"ocean_menu_typo_spacing_tablet":0,"ocean_menu_typo_spacing_mobile":0,"ocean_menu_typo_spacing_unit":"","ocean_menu_link_color":"","ocean_menu_link_color_hover":"","ocean_menu_link_color_active":"","ocean_menu_link_background":"","ocean_menu_link_hover_background":"","ocean_menu_link_active_background":"","ocean_menu_social_links_bg":"","ocean_menu_social_hover_links_bg":"","ocean_menu_social_links_color":"","ocean_menu_social_hover_links_color":"","ocean_disable_title":"default","ocean_disable_heading":"default","ocean_post_title":"","ocean_post_subheading":"","ocean_post_title_style":"","ocean_post_title_background_color":"","ocean_post_title_background":0,"ocean_post_title_bg_image_position":"","ocean_post_title_bg_image_attachment":"","ocean_post_title_bg_image_repeat":"","ocean_post_title_bg_image_size":"","ocean_post_title_height":0,"ocean_post_title_bg_overlay":0.5,"ocean_post_title_bg_overlay_color":"","ocean_disable_breadcrumbs":"default","ocean_breadcrumbs_color":"","ocean_breadcrumbs_separator_color":"","ocean_breadcrumbs_links_color":"","ocean_breadcrumbs_links_hover_color":"","ocean_display_footer_widgets":"default","ocean_display_footer_bottom":"default","ocean_custom_footer_template":"0","footnotes":""},"product_brand":[],"product_cat":[211],"product_tag":[231],"class_list":{"0":"post-8830","1":"product","2":"type-product","3":"status-publish","4":"has-post-thumbnail","6":"product_cat-tartozekok","7":"product_tag-red-paddle-co-en","8":"product_shipping_class-s-package","10":"entry","11":"has-media","13":"first","14":"instock","15":"taxable","16":"shipping-taxable","17":"purchasable","18":"product-type-simple","19":"col","20":"span_1_of_3","21":"owp-content-center","22":"owp-thumbs-layout-horizontal","23":"owp-btn-normal","24":"owp-tabs-layout-section"},"yoast_head":"<!-- This site is optimized with the Yoast SEO plugin v27.3 - https:\/\/yoast.com\/product\/yoast-seo-wordpress\/ -->\n<title>RED SUP shoulder carry strap - Stand Up Paddle<\/title>\n<meta name=\"description\" content=\"RED SUP shoulder carry strap. Soft shoulder padding avoids rubbing on skin and makes carrying heavy loads comfortable.\" \/>\n<meta name=\"robots\" content=\"index, follow, max-snippet:-1, max-image-preview:large, max-video-preview:-1\" \/>\n<link rel=\"canonical\" href=\"https:\/\/standuppaddle.hu\/en\/sup-webaruhaz-webshop\/red-sup-shoulder-carry-strap\/\" \/>\n<meta property=\"og:locale\" content=\"en_US\" \/>\n<meta property=\"og:type\" content=\"article\" \/>\n<meta property=\"og:title\" content=\"RED SUP shoulder carry strap - Stand Up Paddle\" \/>\n<meta property=\"og:description\" content=\"RED SUP shoulder carry strap. Soft shoulder padding avoids rubbing on skin and makes carrying heavy loads comfortable.\" \/>\n<meta property=\"og:url\" content=\"https:\/\/standuppaddle.hu\/en\/sup-webaruhaz-webshop\/red-sup-shoulder-carry-strap\/\" \/>\n<meta property=\"og:site_name\" content=\"Stand Up Paddle\" \/>\n<meta property=\"article:publisher\" content=\"https:\/\/www.facebook.com\/SUP.Center\/\" \/>\n<meta property=\"og:image\" content=\"https:\/\/standuppaddle.hu\/wp-content\/uploads\/2022\/04\/Red-Carry-Strap.jpg\" \/>\n\t<meta property=\"og:image:width\" content=\"600\" \/>\n\t<meta property=\"og:image:height\" content=\"600\" \/>\n\t<meta property=\"og:image:type\" content=\"image\/jpeg\" \/>\n<meta name=\"twitter:card\" content=\"summary_large_image\" \/>\n<meta name=\"twitter:label1\" content=\"Est. reading time\" \/>\n\t<meta name=\"twitter:data1\" content=\"1 minute\" \/>\n<script type=\"application\/ld+json\" class=\"yoast-schema-graph\">{\"@context\":\"https:\\\/\\\/schema.org\",\"@graph\":[{\"@type\":\"WebPage\",\"@id\":\"https:\\\/\\\/standuppaddle.hu\\\/en\\\/sup-webaruhaz-webshop\\\/red-sup-shoulder-carry-strap\\\/\",\"url\":\"https:\\\/\\\/standuppaddle.hu\\\/en\\\/sup-webaruhaz-webshop\\\/red-sup-shoulder-carry-strap\\\/\",\"name\":\"RED SUP shoulder carry strap - Stand Up Paddle\",\"isPartOf\":{\"@id\":\"https:\\\/\\\/standuppaddle.hu\\\/en\\\/#website\"},\"primaryImageOfPage\":{\"@id\":\"https:\\\/\\\/standuppaddle.hu\\\/en\\\/sup-webaruhaz-webshop\\\/red-sup-shoulder-carry-strap\\\/#primaryimage\"},\"image\":{\"@id\":\"https:\\\/\\\/standuppaddle.hu\\\/en\\\/sup-webaruhaz-webshop\\\/red-sup-shoulder-carry-strap\\\/#primaryimage\"},\"thumbnailUrl\":\"https:\\\/\\\/standuppaddle.hu\\\/wp-content\\\/uploads\\\/2022\\\/04\\\/Red-Carry-Strap.jpg\",\"datePublished\":\"2026-04-01T12:53:55+00:00\",\"description\":\"RED SUP shoulder carry strap. Soft shoulder padding avoids rubbing on skin and makes carrying heavy loads comfortable.\",\"breadcrumb\":{\"@id\":\"https:\\\/\\\/standuppaddle.hu\\\/en\\\/sup-webaruhaz-webshop\\\/red-sup-shoulder-carry-strap\\\/#breadcrumb\"},\"inLanguage\":\"en-US\",\"potentialAction\":[{\"@type\":\"ReadAction\",\"target\":[\"https:\\\/\\\/standuppaddle.hu\\\/en\\\/sup-webaruhaz-webshop\\\/red-sup-shoulder-carry-strap\\\/\"]}]},{\"@type\":\"ImageObject\",\"inLanguage\":\"en-US\",\"@id\":\"https:\\\/\\\/standuppaddle.hu\\\/en\\\/sup-webaruhaz-webshop\\\/red-sup-shoulder-carry-strap\\\/#primaryimage\",\"url\":\"https:\\\/\\\/standuppaddle.hu\\\/wp-content\\\/uploads\\\/2022\\\/04\\\/Red-Carry-Strap.jpg\",\"contentUrl\":\"https:\\\/\\\/standuppaddle.hu\\\/wp-content\\\/uploads\\\/2022\\\/04\\\/Red-Carry-Strap.jpg\",\"width\":600,\"height\":600},{\"@type\":\"BreadcrumbList\",\"@id\":\"https:\\\/\\\/standuppaddle.hu\\\/en\\\/sup-webaruhaz-webshop\\\/red-sup-shoulder-carry-strap\\\/#breadcrumb\",\"itemListElement\":[{\"@type\":\"ListItem\",\"position\":1,\"name\":\"Home\",\"item\":\"https:\\\/\\\/standuppaddle.hu\\\/en\\\/\"},{\"@type\":\"ListItem\",\"position\":2,\"name\":\"SUP products in stock:\",\"item\":\"https:\\\/\\\/standuppaddle.hu\\\/en\\\/sup-webshop\\\/\"},{\"@type\":\"ListItem\",\"position\":3,\"name\":\"RED SUP shoulder carry strap\"}]},{\"@type\":\"WebSite\",\"@id\":\"https:\\\/\\\/standuppaddle.hu\\\/en\\\/#website\",\"url\":\"https:\\\/\\\/standuppaddle.hu\\\/en\\\/\",\"name\":\"Stand Up Paddle\",\"description\":\"\u00e1llva evez\u00e9s - \u00e1ll\u00f3 sz\u00f6rf - SUP Center Balaton\",\"publisher\":{\"@id\":\"https:\\\/\\\/standuppaddle.hu\\\/en\\\/#organization\"},\"potentialAction\":[{\"@type\":\"SearchAction\",\"target\":{\"@type\":\"EntryPoint\",\"urlTemplate\":\"https:\\\/\\\/standuppaddle.hu\\\/en\\\/?s={search_term_string}\"},\"query-input\":{\"@type\":\"PropertyValueSpecification\",\"valueRequired\":true,\"valueName\":\"search_term_string\"}}],\"inLanguage\":\"en-US\"},{\"@type\":\"Organization\",\"@id\":\"https:\\\/\\\/standuppaddle.hu\\\/en\\\/#organization\",\"name\":\"SUP Center Balaton\",\"url\":\"https:\\\/\\\/standuppaddle.hu\\\/en\\\/\",\"logo\":{\"@type\":\"ImageObject\",\"inLanguage\":\"en-US\",\"@id\":\"https:\\\/\\\/standuppaddle.hu\\\/en\\\/#\\\/schema\\\/logo\\\/image\\\/\",\"url\":\"https:\\\/\\\/standuppaddle.hu\\\/wp-content\\\/uploads\\\/2019\\\/10\\\/sup-center-balaton-logo.jpg\",\"contentUrl\":\"https:\\\/\\\/standuppaddle.hu\\\/wp-content\\\/uploads\\\/2019\\\/10\\\/sup-center-balaton-logo.jpg\",\"width\":2492,\"height\":1075,\"caption\":\"SUP Center Balaton\"},\"image\":{\"@id\":\"https:\\\/\\\/standuppaddle.hu\\\/en\\\/#\\\/schema\\\/logo\\\/image\\\/\"},\"sameAs\":[\"https:\\\/\\\/www.facebook.com\\\/SUP.Center\\\/\",\"https:\\\/\\\/www.instagram.com\\\/sup_center_balaton\\\/\",\"https:\\\/\\\/www.youtube.com\\\/channel\\\/UCaX3OG6gvkhCqeZSw1zgTmw\"]}]}<\/script>\n<!-- \/ Yoast SEO plugin. -->","yoast_head_json":{"title":"RED SUP shoulder carry strap - Stand Up Paddle","description":"RED SUP shoulder carry strap. Soft shoulder padding avoids rubbing on skin and makes carrying heavy loads comfortable.","robots":{"index":"index","follow":"follow","max-snippet":"max-snippet:-1","max-image-preview":"max-image-preview:large","max-video-preview":"max-video-preview:-1"},"canonical":"https:\/\/standuppaddle.hu\/en\/sup-webaruhaz-webshop\/red-sup-shoulder-carry-strap\/","og_locale":"en_US","og_type":"article","og_title":"RED SUP shoulder carry strap - Stand Up Paddle","og_description":"RED SUP shoulder carry strap. Soft shoulder padding avoids rubbing on skin and makes carrying heavy loads comfortable.","og_url":"https:\/\/standuppaddle.hu\/en\/sup-webaruhaz-webshop\/red-sup-shoulder-carry-strap\/","og_site_name":"Stand Up Paddle","article_publisher":"https:\/\/www.facebook.com\/SUP.Center\/","og_image":[{"width":600,"height":600,"url":"https:\/\/standuppaddle.hu\/wp-content\/uploads\/2022\/04\/Red-Carry-Strap.jpg","type":"image\/jpeg"}],"twitter_card":"summary_large_image","twitter_misc":{"Est. reading time":"1 minute"},"schema":{"@context":"https:\/\/schema.org","@graph":[{"@type":"WebPage","@id":"https:\/\/standuppaddle.hu\/en\/sup-webaruhaz-webshop\/red-sup-shoulder-carry-strap\/","url":"https:\/\/standuppaddle.hu\/en\/sup-webaruhaz-webshop\/red-sup-shoulder-carry-strap\/","name":"RED SUP shoulder carry strap - Stand Up Paddle","isPartOf":{"@id":"https:\/\/standuppaddle.hu\/en\/#website"},"primaryImageOfPage":{"@id":"https:\/\/standuppaddle.hu\/en\/sup-webaruhaz-webshop\/red-sup-shoulder-carry-strap\/#primaryimage"},"image":{"@id":"https:\/\/standuppaddle.hu\/en\/sup-webaruhaz-webshop\/red-sup-shoulder-carry-strap\/#primaryimage"},"thumbnailUrl":"https:\/\/standuppaddle.hu\/wp-content\/uploads\/2022\/04\/Red-Carry-Strap.jpg","datePublished":"2026-04-01T12:53:55+00:00","description":"RED SUP shoulder carry strap. Soft shoulder padding avoids rubbing on skin and makes carrying heavy loads comfortable.","breadcrumb":{"@id":"https:\/\/standuppaddle.hu\/en\/sup-webaruhaz-webshop\/red-sup-shoulder-carry-strap\/#breadcrumb"},"inLanguage":"en-US","potentialAction":[{"@type":"ReadAction","target":["https:\/\/standuppaddle.hu\/en\/sup-webaruhaz-webshop\/red-sup-shoulder-carry-strap\/"]}]},{"@type":"ImageObject","inLanguage":"en-US","@id":"https:\/\/standuppaddle.hu\/en\/sup-webaruhaz-webshop\/red-sup-shoulder-carry-strap\/#primaryimage","url":"https:\/\/standuppaddle.hu\/wp-content\/uploads\/2022\/04\/Red-Carry-Strap.jpg","contentUrl":"https:\/\/standuppaddle.hu\/wp-content\/uploads\/2022\/04\/Red-Carry-Strap.jpg","width":600,"height":600},{"@type":"BreadcrumbList","@id":"https:\/\/standuppaddle.hu\/en\/sup-webaruhaz-webshop\/red-sup-shoulder-carry-strap\/#breadcrumb","itemListElement":[{"@type":"ListItem","position":1,"name":"Home","item":"https:\/\/standuppaddle.hu\/en\/"},{"@type":"ListItem","position":2,"name":"SUP products in stock:","item":"https:\/\/standuppaddle.hu\/en\/sup-webshop\/"},{"@type":"ListItem","position":3,"name":"RED SUP shoulder carry strap"}]},{"@type":"WebSite","@id":"https:\/\/standuppaddle.hu\/en\/#website","url":"https:\/\/standuppaddle.hu\/en\/","name":"Stand Up Paddle","description":"\u00e1llva evez\u00e9s - \u00e1ll\u00f3 sz\u00f6rf - SUP Center Balaton","publisher":{"@id":"https:\/\/standuppaddle.hu\/en\/#organization"},"potentialAction":[{"@type":"SearchAction","target":{"@type":"EntryPoint","urlTemplate":"https:\/\/standuppaddle.hu\/en\/?s={search_term_string}"},"query-input":{"@type":"PropertyValueSpecification","valueRequired":true,"valueName":"search_term_string"}}],"inLanguage":"en-US"},{"@type":"Organization","@id":"https:\/\/standuppaddle.hu\/en\/#organization","name":"SUP Center Balaton","url":"https:\/\/standuppaddle.hu\/en\/","logo":{"@type":"ImageObject","inLanguage":"en-US","@id":"https:\/\/standuppaddle.hu\/en\/#\/schema\/logo\/image\/","url":"https:\/\/standuppaddle.hu\/wp-content\/uploads\/2019\/10\/sup-center-balaton-logo.jpg","contentUrl":"https:\/\/standuppaddle.hu\/wp-content\/uploads\/2019\/10\/sup-center-balaton-logo.jpg","width":2492,"height":1075,"caption":"SUP Center Balaton"},"image":{"@id":"https:\/\/standuppaddle.hu\/en\/#\/schema\/logo\/image\/"},"sameAs":["https:\/\/www.facebook.com\/SUP.Center\/","https:\/\/www.instagram.com\/sup_center_balaton\/","https:\/\/www.youtube.com\/channel\/UCaX3OG6gvkhCqeZSw1zgTmw"]}]}},"_links":{"self":[{"href":"https:\/\/standuppaddle.hu\/en\/wp-json\/wp\/v2\/product\/8830","targetHints":{"allow":["GET"]}}],"collection":[{"href":"https:\/\/standuppaddle.hu\/en\/wp-json\/wp\/v2\/product"}],"about":[{"href":"https:\/\/standuppaddle.hu\/en\/wp-json\/wp\/v2\/types\/product"}],"version-history":[{"count":0,"href":"https:\/\/standuppaddle.hu\/en\/wp-json\/wp\/v2\/product\/8830\/revisions"}],"wp:featuredmedia":[{"embeddable":true,"href":"https:\/\/standuppaddle.hu\/en\/wp-json\/wp\/v2\/media\/9216"}],"wp:attachment":[{"href":"https:\/\/standuppaddle.hu\/en\/wp-json\/wp\/v2\/media?parent=8830"}],"wp:term":[{"taxonomy":"product_brand","embeddable":true,"href":"https:\/\/standuppaddle.hu\/en\/wp-json\/wp\/v2\/product_brand?post=8830"},{"taxonomy":"product_cat","embeddable":true,"href":"https:\/\/standuppaddle.hu\/en\/wp-json\/wp\/v2\/product_cat?post=8830"},{"taxonomy":"product_tag","embeddable":true,"href":"https:\/\/standuppaddle.hu\/en\/wp-json\/wp\/v2\/product_tag?post=8830"}],"curies":[{"name":"wp","href":"https:\/\/api.w.org\/{rel}","templated":true}]}}