{"id":8787,"date":"2026-04-01T18:23:26","date_gmt":"2026-04-01T16:23:26","guid":{"rendered":"https:\/\/standuppaddle.hu\/sup-webaruhaz-webshop\/2022-red-carbon-hybrid-evezo-kek\/"},"modified":"2023-02-24T16:38:41","modified_gmt":"2023-02-24T15:38:41","slug":"2-red-carbon-hybrid-paddle-blue","status":"publish","type":"product","link":"https:\/\/standuppaddle.hu\/en\/sup-webaruhaz-webshop\/2-red-carbon-hybrid-paddle-blue\/","title":{"rendered":"RED Carbon Hybrid Paddle &#8211; blue"},"content":{"rendered":"<h3>\u00a0RED Carbon Hybrid Paddle &#8211; blue<\/h3>\n<div class=\"c-product__shop-section c-product__shop-section--separator\">\n<table class=\"c-product-details\">\n<tbody>\n<tr class=\"c-product-details__item\">\n<td class=\"c-product-details__icon-wrapper\"><img class=\"c-product-details__icon u-lazyload is-loaded\" alt=\"\" data-src=\"\" \/><\/td>\n<td class=\"c-product-details__title\">Blade Material<\/td>\n<td class=\"c-product-details__value\">Carbon\/Glass Fiber<\/td>\n<\/tr>\n<tr class=\"c-product-details__item\">\n<td class=\"c-product-details__icon-wrapper\"><img class=\"c-product-details__icon u-lazyload is-loaded\" alt=\"\" data-src=\"\" \/><\/td>\n<td class=\"c-product-details__title\">Shaft Material<\/td>\n<td class=\"c-product-details__value\">Carbon\/Glass Fiber<\/td>\n<\/tr>\n<tr class=\"c-product-details__item\">\n<td class=\"c-product-details__icon-wrapper\"><img class=\"c-product-details__icon u-lazyload is-loaded\" alt=\"\" data-src=\"\" \/><\/td>\n<td class=\"c-product-details__title\">Adjuster<\/td>\n<td class=\"c-product-details__value\">Camlock<\/td>\n<\/tr>\n<tr class=\"c-product-details__item\">\n<td class=\"c-product-details__icon-wrapper\"><img class=\"c-product-details__icon u-lazyload is-loaded\" alt=\"\" data-src=\"\" \/><\/td>\n<td class=\"c-product-details__title\">Pieces<\/td>\n<td class=\"c-product-details__value\">Three Pieces<\/td>\n<\/tr>\n<\/tbody>\n<\/table>\n<\/div>\n<div class=\"c-product__shop-section\">\n<div class=\"c-excerpt c-excerpt--product js-excerpt-new is-open\">\n<div class=\"c-excerpt__crop\">\n<p><span style=\"font-weight: 400;\">The Carbon Hybrid adjustable SUP Paddle is a dynamic, highly responsive paddle that utilises a carbon weave for greater strength whilst keeping the paddle lightweight and super fast. Utilising a hybrid glass fibre and carbon laminate to deliver dynamic flex in the shaft.<\/span><\/p>\n<p><span style=\"font-weight: 400;\">The Hybrid Adjustable SUP Paddle is available in blue and purple, so you can match your paddle to your board.<\/span><\/p>\n<p><span style=\"font-weight: 400;\"><strong>Bungee Connection System:<\/strong> designed to keep blade and mid section tethered together for convenience and easy set up. It\u2019s straightforward to use, makes our three piece paddles even easier to assemble and is removable.<\/span><\/p>\n<p><span style=\"font-weight: 400;\"><strong>Interference Fit Hardware:<\/strong> All paddles are now composed of non-glued components meaning every piece of your paddle is both replaceable and recyclable.<\/span><\/p>\n<\/div>\n<\/div>\n<\/div>\n<p>&nbsp;<\/p>\n","protected":false},"excerpt":{"rendered":"<p>\u00a0RED Carbon Hybrid Paddle &#8211; blue Blade Material Carbon\/Glass Fiber Shaft Material Carbon\/Glass Fiber Adjuster Camlock Pieces Three Pieces The Carbon Hybrid adjustable SUP Paddle is a dynamic, highly responsive paddle that utilises a carbon weave for greater strength whilst keeping the paddle lightweight and super fast. Utilising a hybrid glass fibre and carbon laminate [&hellip;]<\/p>\n","protected":false},"featured_media":9252,"template":"","meta":{"ocean_post_layout":"","ocean_both_sidebars_style":"","ocean_both_sidebars_content_width":0,"ocean_both_sidebars_sidebars_width":0,"ocean_sidebar":"0","ocean_second_sidebar":"0","ocean_disable_margins":"enable","ocean_add_body_class":"","ocean_shortcode_before_top_bar":"","ocean_shortcode_after_top_bar":"","ocean_shortcode_before_header":"","ocean_shortcode_after_header":"","ocean_has_shortcode":"","ocean_shortcode_after_title":"","ocean_shortcode_before_footer_widgets":"","ocean_shortcode_after_footer_widgets":"","ocean_shortcode_before_footer_bottom":"","ocean_shortcode_after_footer_bottom":"","ocean_display_top_bar":"default","ocean_display_header":"default","ocean_header_style":"","ocean_center_header_left_menu":"0","ocean_custom_header_template":"0","ocean_custom_logo":0,"ocean_custom_retina_logo":0,"ocean_custom_logo_max_width":0,"ocean_custom_logo_tablet_max_width":0,"ocean_custom_logo_mobile_max_width":0,"ocean_custom_logo_max_height":0,"ocean_custom_logo_tablet_max_height":0,"ocean_custom_logo_mobile_max_height":0,"ocean_header_custom_menu":"0","ocean_menu_typo_font_family":"0","ocean_menu_typo_font_subset":"","ocean_menu_typo_font_size":0,"ocean_menu_typo_font_size_tablet":0,"ocean_menu_typo_font_size_mobile":0,"ocean_menu_typo_font_size_unit":"px","ocean_menu_typo_font_weight":"","ocean_menu_typo_font_weight_tablet":"","ocean_menu_typo_font_weight_mobile":"","ocean_menu_typo_transform":"","ocean_menu_typo_transform_tablet":"","ocean_menu_typo_transform_mobile":"","ocean_menu_typo_line_height":0,"ocean_menu_typo_line_height_tablet":0,"ocean_menu_typo_line_height_mobile":0,"ocean_menu_typo_line_height_unit":"","ocean_menu_typo_spacing":0,"ocean_menu_typo_spacing_tablet":0,"ocean_menu_typo_spacing_mobile":0,"ocean_menu_typo_spacing_unit":"","ocean_menu_link_color":"","ocean_menu_link_color_hover":"","ocean_menu_link_color_active":"","ocean_menu_link_background":"","ocean_menu_link_hover_background":"","ocean_menu_link_active_background":"","ocean_menu_social_links_bg":"","ocean_menu_social_hover_links_bg":"","ocean_menu_social_links_color":"","ocean_menu_social_hover_links_color":"","ocean_disable_title":"default","ocean_disable_heading":"default","ocean_post_title":"","ocean_post_subheading":"","ocean_post_title_style":"","ocean_post_title_background_color":"","ocean_post_title_background":0,"ocean_post_title_bg_image_position":"","ocean_post_title_bg_image_attachment":"","ocean_post_title_bg_image_repeat":"","ocean_post_title_bg_image_size":"","ocean_post_title_height":0,"ocean_post_title_bg_overlay":0.5,"ocean_post_title_bg_overlay_color":"","ocean_disable_breadcrumbs":"default","ocean_breadcrumbs_color":"","ocean_breadcrumbs_separator_color":"","ocean_breadcrumbs_links_color":"","ocean_breadcrumbs_links_hover_color":"","ocean_display_footer_widgets":"default","ocean_display_footer_bottom":"default","ocean_custom_footer_template":"0","footnotes":""},"product_brand":[],"product_cat":[203,582],"product_tag":[231],"class_list":{"0":"post-8787","1":"product","2":"type-product","3":"status-publish","4":"has-post-thumbnail","6":"product_cat-sup-paddles","7":"product_cat-v2","8":"product_tag-red-paddle-co-en","9":"product_shipping_class-m-package","11":"entry","12":"has-media","14":"first","15":"instock","16":"taxable","17":"shipping-taxable","18":"purchasable","19":"product-type-simple","20":"col","21":"span_1_of_3","22":"owp-content-center","23":"owp-thumbs-layout-horizontal","24":"owp-btn-normal","25":"owp-tabs-layout-section"},"yoast_head":"<!-- This site is optimized with the Yoast SEO plugin v27.3 - https:\/\/yoast.com\/product\/yoast-seo-wordpress\/ -->\n<title>RED Carbon Hybrid Paddle - blue - Stand Up Paddle<\/title>\n<meta name=\"description\" content=\"The Carbon Hybrid adjustable SUP Paddle is a dynamic, highly responsive paddle that utilises a carbon weave for greater strength whilst\" \/>\n<meta name=\"robots\" content=\"index, follow, max-snippet:-1, max-image-preview:large, max-video-preview:-1\" \/>\n<link rel=\"canonical\" href=\"https:\/\/standuppaddle.hu\/en\/sup-webaruhaz-webshop\/2-red-carbon-hybrid-paddle-blue\/\" \/>\n<meta property=\"og:locale\" content=\"en_US\" \/>\n<meta property=\"og:type\" content=\"article\" \/>\n<meta property=\"og:title\" content=\"RED Carbon Hybrid Paddle - blue - Stand Up Paddle\" \/>\n<meta property=\"og:description\" content=\"The Carbon Hybrid adjustable SUP Paddle is a dynamic, highly responsive paddle that utilises a carbon weave for greater strength whilst\" \/>\n<meta property=\"og:url\" content=\"https:\/\/standuppaddle.hu\/en\/sup-webaruhaz-webshop\/2-red-carbon-hybrid-paddle-blue\/\" \/>\n<meta property=\"og:site_name\" content=\"Stand Up Paddle\" \/>\n<meta property=\"article:publisher\" content=\"https:\/\/www.facebook.com\/SUP.Center\/\" \/>\n<meta property=\"og:image\" content=\"https:\/\/standuppaddle.hu\/wp-content\/uploads\/2022\/04\/red_carbon_hybrid_blue_evezo.jpg\" \/>\n\t<meta property=\"og:image:width\" content=\"600\" \/>\n\t<meta property=\"og:image:height\" content=\"600\" \/>\n\t<meta property=\"og:image:type\" content=\"image\/jpeg\" \/>\n<meta name=\"twitter:card\" content=\"summary_large_image\" \/>\n<meta name=\"twitter:label1\" content=\"Est. reading time\" \/>\n\t<meta name=\"twitter:data1\" content=\"2 minutes\" \/>\n<script type=\"application\/ld+json\" class=\"yoast-schema-graph\">{\"@context\":\"https:\\\/\\\/schema.org\",\"@graph\":[{\"@type\":\"WebPage\",\"@id\":\"https:\\\/\\\/standuppaddle.hu\\\/en\\\/sup-webaruhaz-webshop\\\/2-red-carbon-hybrid-paddle-blue\\\/\",\"url\":\"https:\\\/\\\/standuppaddle.hu\\\/en\\\/sup-webaruhaz-webshop\\\/2-red-carbon-hybrid-paddle-blue\\\/\",\"name\":\"RED Carbon Hybrid Paddle - blue - Stand Up Paddle\",\"isPartOf\":{\"@id\":\"https:\\\/\\\/standuppaddle.hu\\\/en\\\/#website\"},\"primaryImageOfPage\":{\"@id\":\"https:\\\/\\\/standuppaddle.hu\\\/en\\\/sup-webaruhaz-webshop\\\/2-red-carbon-hybrid-paddle-blue\\\/#primaryimage\"},\"image\":{\"@id\":\"https:\\\/\\\/standuppaddle.hu\\\/en\\\/sup-webaruhaz-webshop\\\/2-red-carbon-hybrid-paddle-blue\\\/#primaryimage\"},\"thumbnailUrl\":\"https:\\\/\\\/standuppaddle.hu\\\/wp-content\\\/uploads\\\/2022\\\/04\\\/red_carbon_hybrid_blue_evezo.jpg\",\"datePublished\":\"2026-04-01T16:23:26+00:00\",\"description\":\"The Carbon Hybrid adjustable SUP Paddle is a dynamic, highly responsive paddle that utilises a carbon weave for greater strength whilst\",\"breadcrumb\":{\"@id\":\"https:\\\/\\\/standuppaddle.hu\\\/en\\\/sup-webaruhaz-webshop\\\/2-red-carbon-hybrid-paddle-blue\\\/#breadcrumb\"},\"inLanguage\":\"en-US\",\"potentialAction\":[{\"@type\":\"ReadAction\",\"target\":[\"https:\\\/\\\/standuppaddle.hu\\\/en\\\/sup-webaruhaz-webshop\\\/2-red-carbon-hybrid-paddle-blue\\\/\"]}]},{\"@type\":\"ImageObject\",\"inLanguage\":\"en-US\",\"@id\":\"https:\\\/\\\/standuppaddle.hu\\\/en\\\/sup-webaruhaz-webshop\\\/2-red-carbon-hybrid-paddle-blue\\\/#primaryimage\",\"url\":\"https:\\\/\\\/standuppaddle.hu\\\/wp-content\\\/uploads\\\/2022\\\/04\\\/red_carbon_hybrid_blue_evezo.jpg\",\"contentUrl\":\"https:\\\/\\\/standuppaddle.hu\\\/wp-content\\\/uploads\\\/2022\\\/04\\\/red_carbon_hybrid_blue_evezo.jpg\",\"width\":600,\"height\":600},{\"@type\":\"BreadcrumbList\",\"@id\":\"https:\\\/\\\/standuppaddle.hu\\\/en\\\/sup-webaruhaz-webshop\\\/2-red-carbon-hybrid-paddle-blue\\\/#breadcrumb\",\"itemListElement\":[{\"@type\":\"ListItem\",\"position\":1,\"name\":\"Home\",\"item\":\"https:\\\/\\\/standuppaddle.hu\\\/en\\\/\"},{\"@type\":\"ListItem\",\"position\":2,\"name\":\"SUP products in stock:\",\"item\":\"https:\\\/\\\/standuppaddle.hu\\\/en\\\/sup-webshop\\\/\"},{\"@type\":\"ListItem\",\"position\":3,\"name\":\"RED Carbon Hybrid Paddle &#8211; blue\"}]},{\"@type\":\"WebSite\",\"@id\":\"https:\\\/\\\/standuppaddle.hu\\\/en\\\/#website\",\"url\":\"https:\\\/\\\/standuppaddle.hu\\\/en\\\/\",\"name\":\"Stand Up Paddle\",\"description\":\"\u00e1llva evez\u00e9s - \u00e1ll\u00f3 sz\u00f6rf - SUP Center Balaton\",\"publisher\":{\"@id\":\"https:\\\/\\\/standuppaddle.hu\\\/en\\\/#organization\"},\"potentialAction\":[{\"@type\":\"SearchAction\",\"target\":{\"@type\":\"EntryPoint\",\"urlTemplate\":\"https:\\\/\\\/standuppaddle.hu\\\/en\\\/?s={search_term_string}\"},\"query-input\":{\"@type\":\"PropertyValueSpecification\",\"valueRequired\":true,\"valueName\":\"search_term_string\"}}],\"inLanguage\":\"en-US\"},{\"@type\":\"Organization\",\"@id\":\"https:\\\/\\\/standuppaddle.hu\\\/en\\\/#organization\",\"name\":\"SUP Center Balaton\",\"url\":\"https:\\\/\\\/standuppaddle.hu\\\/en\\\/\",\"logo\":{\"@type\":\"ImageObject\",\"inLanguage\":\"en-US\",\"@id\":\"https:\\\/\\\/standuppaddle.hu\\\/en\\\/#\\\/schema\\\/logo\\\/image\\\/\",\"url\":\"https:\\\/\\\/standuppaddle.hu\\\/wp-content\\\/uploads\\\/2019\\\/10\\\/sup-center-balaton-logo.jpg\",\"contentUrl\":\"https:\\\/\\\/standuppaddle.hu\\\/wp-content\\\/uploads\\\/2019\\\/10\\\/sup-center-balaton-logo.jpg\",\"width\":2492,\"height\":1075,\"caption\":\"SUP Center Balaton\"},\"image\":{\"@id\":\"https:\\\/\\\/standuppaddle.hu\\\/en\\\/#\\\/schema\\\/logo\\\/image\\\/\"},\"sameAs\":[\"https:\\\/\\\/www.facebook.com\\\/SUP.Center\\\/\",\"https:\\\/\\\/www.instagram.com\\\/sup_center_balaton\\\/\",\"https:\\\/\\\/www.youtube.com\\\/channel\\\/UCaX3OG6gvkhCqeZSw1zgTmw\"]}]}<\/script>\n<!-- \/ Yoast SEO plugin. -->","yoast_head_json":{"title":"RED Carbon Hybrid Paddle - blue - Stand Up Paddle","description":"The Carbon Hybrid adjustable SUP Paddle is a dynamic, highly responsive paddle that utilises a carbon weave for greater strength whilst","robots":{"index":"index","follow":"follow","max-snippet":"max-snippet:-1","max-image-preview":"max-image-preview:large","max-video-preview":"max-video-preview:-1"},"canonical":"https:\/\/standuppaddle.hu\/en\/sup-webaruhaz-webshop\/2-red-carbon-hybrid-paddle-blue\/","og_locale":"en_US","og_type":"article","og_title":"RED Carbon Hybrid Paddle - blue - Stand Up Paddle","og_description":"The Carbon Hybrid adjustable SUP Paddle is a dynamic, highly responsive paddle that utilises a carbon weave for greater strength whilst","og_url":"https:\/\/standuppaddle.hu\/en\/sup-webaruhaz-webshop\/2-red-carbon-hybrid-paddle-blue\/","og_site_name":"Stand Up Paddle","article_publisher":"https:\/\/www.facebook.com\/SUP.Center\/","og_image":[{"width":600,"height":600,"url":"https:\/\/standuppaddle.hu\/wp-content\/uploads\/2022\/04\/red_carbon_hybrid_blue_evezo.jpg","type":"image\/jpeg"}],"twitter_card":"summary_large_image","twitter_misc":{"Est. reading time":"2 minutes"},"schema":{"@context":"https:\/\/schema.org","@graph":[{"@type":"WebPage","@id":"https:\/\/standuppaddle.hu\/en\/sup-webaruhaz-webshop\/2-red-carbon-hybrid-paddle-blue\/","url":"https:\/\/standuppaddle.hu\/en\/sup-webaruhaz-webshop\/2-red-carbon-hybrid-paddle-blue\/","name":"RED Carbon Hybrid Paddle - blue - Stand Up Paddle","isPartOf":{"@id":"https:\/\/standuppaddle.hu\/en\/#website"},"primaryImageOfPage":{"@id":"https:\/\/standuppaddle.hu\/en\/sup-webaruhaz-webshop\/2-red-carbon-hybrid-paddle-blue\/#primaryimage"},"image":{"@id":"https:\/\/standuppaddle.hu\/en\/sup-webaruhaz-webshop\/2-red-carbon-hybrid-paddle-blue\/#primaryimage"},"thumbnailUrl":"https:\/\/standuppaddle.hu\/wp-content\/uploads\/2022\/04\/red_carbon_hybrid_blue_evezo.jpg","datePublished":"2026-04-01T16:23:26+00:00","description":"The Carbon Hybrid adjustable SUP Paddle is a dynamic, highly responsive paddle that utilises a carbon weave for greater strength whilst","breadcrumb":{"@id":"https:\/\/standuppaddle.hu\/en\/sup-webaruhaz-webshop\/2-red-carbon-hybrid-paddle-blue\/#breadcrumb"},"inLanguage":"en-US","potentialAction":[{"@type":"ReadAction","target":["https:\/\/standuppaddle.hu\/en\/sup-webaruhaz-webshop\/2-red-carbon-hybrid-paddle-blue\/"]}]},{"@type":"ImageObject","inLanguage":"en-US","@id":"https:\/\/standuppaddle.hu\/en\/sup-webaruhaz-webshop\/2-red-carbon-hybrid-paddle-blue\/#primaryimage","url":"https:\/\/standuppaddle.hu\/wp-content\/uploads\/2022\/04\/red_carbon_hybrid_blue_evezo.jpg","contentUrl":"https:\/\/standuppaddle.hu\/wp-content\/uploads\/2022\/04\/red_carbon_hybrid_blue_evezo.jpg","width":600,"height":600},{"@type":"BreadcrumbList","@id":"https:\/\/standuppaddle.hu\/en\/sup-webaruhaz-webshop\/2-red-carbon-hybrid-paddle-blue\/#breadcrumb","itemListElement":[{"@type":"ListItem","position":1,"name":"Home","item":"https:\/\/standuppaddle.hu\/en\/"},{"@type":"ListItem","position":2,"name":"SUP products in stock:","item":"https:\/\/standuppaddle.hu\/en\/sup-webshop\/"},{"@type":"ListItem","position":3,"name":"RED Carbon Hybrid Paddle &#8211; blue"}]},{"@type":"WebSite","@id":"https:\/\/standuppaddle.hu\/en\/#website","url":"https:\/\/standuppaddle.hu\/en\/","name":"Stand Up Paddle","description":"\u00e1llva evez\u00e9s - \u00e1ll\u00f3 sz\u00f6rf - SUP Center Balaton","publisher":{"@id":"https:\/\/standuppaddle.hu\/en\/#organization"},"potentialAction":[{"@type":"SearchAction","target":{"@type":"EntryPoint","urlTemplate":"https:\/\/standuppaddle.hu\/en\/?s={search_term_string}"},"query-input":{"@type":"PropertyValueSpecification","valueRequired":true,"valueName":"search_term_string"}}],"inLanguage":"en-US"},{"@type":"Organization","@id":"https:\/\/standuppaddle.hu\/en\/#organization","name":"SUP Center Balaton","url":"https:\/\/standuppaddle.hu\/en\/","logo":{"@type":"ImageObject","inLanguage":"en-US","@id":"https:\/\/standuppaddle.hu\/en\/#\/schema\/logo\/image\/","url":"https:\/\/standuppaddle.hu\/wp-content\/uploads\/2019\/10\/sup-center-balaton-logo.jpg","contentUrl":"https:\/\/standuppaddle.hu\/wp-content\/uploads\/2019\/10\/sup-center-balaton-logo.jpg","width":2492,"height":1075,"caption":"SUP Center Balaton"},"image":{"@id":"https:\/\/standuppaddle.hu\/en\/#\/schema\/logo\/image\/"},"sameAs":["https:\/\/www.facebook.com\/SUP.Center\/","https:\/\/www.instagram.com\/sup_center_balaton\/","https:\/\/www.youtube.com\/channel\/UCaX3OG6gvkhCqeZSw1zgTmw"]}]}},"_links":{"self":[{"href":"https:\/\/standuppaddle.hu\/en\/wp-json\/wp\/v2\/product\/8787","targetHints":{"allow":["GET"]}}],"collection":[{"href":"https:\/\/standuppaddle.hu\/en\/wp-json\/wp\/v2\/product"}],"about":[{"href":"https:\/\/standuppaddle.hu\/en\/wp-json\/wp\/v2\/types\/product"}],"version-history":[{"count":3,"href":"https:\/\/standuppaddle.hu\/en\/wp-json\/wp\/v2\/product\/8787\/revisions"}],"predecessor-version":[{"id":11397,"href":"https:\/\/standuppaddle.hu\/en\/wp-json\/wp\/v2\/product\/8787\/revisions\/11397"}],"wp:featuredmedia":[{"embeddable":true,"href":"https:\/\/standuppaddle.hu\/en\/wp-json\/wp\/v2\/media\/9252"}],"wp:attachment":[{"href":"https:\/\/standuppaddle.hu\/en\/wp-json\/wp\/v2\/media?parent=8787"}],"wp:term":[{"taxonomy":"product_brand","embeddable":true,"href":"https:\/\/standuppaddle.hu\/en\/wp-json\/wp\/v2\/product_brand?post=8787"},{"taxonomy":"product_cat","embeddable":true,"href":"https:\/\/standuppaddle.hu\/en\/wp-json\/wp\/v2\/product_cat?post=8787"},{"taxonomy":"product_tag","embeddable":true,"href":"https:\/\/standuppaddle.hu\/en\/wp-json\/wp\/v2\/product_tag?post=8787"}],"curies":[{"name":"wp","href":"https:\/\/api.w.org\/{rel}","templated":true}]}}