{"id":8448,"date":"2026-03-25T16:59:00","date_gmt":"2026-03-25T15:59:00","guid":{"rendered":"https:\/\/standuppaddle.hu\/sup-webaruhaz-webshop\/2022-red-hybrid-tough-evezo-kek\/"},"modified":"2023-02-24T16:35:17","modified_gmt":"2023-02-24T15:35:17","slug":"2-red-hybrid-tough-paddle-blue","status":"publish","type":"product","link":"https:\/\/standuppaddle.hu\/en\/sup-webaruhaz-webshop\/2-red-hybrid-tough-paddle-blue\/","title":{"rendered":"RED Hybrid Tough Paddle &#8211; Blue"},"content":{"rendered":"<h3>RED Hybrid Tough Paddle &#8211; Blue<\/h3>\n<table class=\"c-product-details\">\n<tbody>\n<tr class=\"c-product-details__item\">\n<td class=\"c-product-details__icon-wrapper\"><img class=\"c-product-details__icon u-lazyload is-loaded\" alt=\"\" data-src=\"\" \/><\/td>\n<td class=\"c-product-details__title\">Shaft Material<\/td>\n<td class=\"c-product-details__value\">Carbon\/Glass Fiber<\/td>\n<\/tr>\n<tr class=\"c-product-details__item\">\n<td class=\"c-product-details__icon-wrapper\"><img class=\"c-product-details__icon u-lazyload is-loaded\" alt=\"\" data-src=\"\" \/><\/td>\n<td class=\"c-product-details__title\">Blade Material<\/td>\n<td class=\"c-product-details__value\">Nylon<\/td>\n<\/tr>\n<tr class=\"c-product-details__item\">\n<td class=\"c-product-details__icon-wrapper\"><img class=\"c-product-details__icon u-lazyload is-loaded\" alt=\"\" data-src=\"\" \/><\/td>\n<td class=\"c-product-details__title\">Adjuster<\/td>\n<td class=\"c-product-details__value\">Cam Lock<\/td>\n<\/tr>\n<tr class=\"c-product-details__item\">\n<td class=\"c-product-details__icon-wrapper\"><img class=\"c-product-details__icon u-lazyload is-loaded\" alt=\"\" data-src=\"\" \/><\/td>\n<td class=\"c-product-details__title\">Pieces<\/td>\n<td class=\"c-product-details__value\">3 piece<\/td>\n<\/tr>\n<tr class=\"c-product-details__item\">\n<td class=\"c-product-details__icon-wrapper\"><\/td>\n<td class=\"c-product-details__title\">Length<\/td>\n<td class=\"c-product-details__value\">180 \u2013 220 cm<\/td>\n<\/tr>\n<tr class=\"c-product-details__item\">\n<td class=\"c-product-details__icon-wrapper\"><\/td>\n<td class=\"c-product-details__title\">Blade<\/td>\n<td class=\"c-product-details__value\">525 mm\u00b2<\/td>\n<\/tr>\n<tr class=\"c-product-details__item\">\n<td class=\"c-product-details__icon-wrapper\"><\/td>\n<td class=\"c-product-details__title\">Weight<\/td>\n<td class=\"c-product-details__value\">\n<div class=\"product__full-text\">825 g<\/div>\n<\/td>\n<\/tr>\n<tr class=\"c-product-details__item\">\n<td class=\"c-product-details__icon-wrapper\"><\/td>\n<td class=\"c-product-details__title\">Colour<\/td>\n<td class=\"c-product-details__value\">\n<div class=\"product__full-text\">Blue<\/div>\n<\/td>\n<\/tr>\n<\/tbody>\n<\/table>\n<p>If you&#8217;re after a durable nylon blade with a lightweight shaft then our new Hybrid Tough is the best paddle for you. The rigidity of the nylon blade combined with the flexibility of the hybrid shaft and overall lightweight feel makes the Hybrid Tough an excellent paddle for rivers or shallow paddling.<\/p>\n<p>Our Hybrid Tough is available in blue and purple, so you can match your paddle to your board. The paddle is laser etched so the design will last a lifetime.<\/p>\n<p><strong>Bungee Connection System:<\/strong>\u00a0designed to keep blade and mid section tethered together for convenience and easy set up. It\u2019s straightforward to use and makes our three piece paddles even easier to assemble.<\/p>\n<p><strong>Interference Fit Hardware:<\/strong>\u00a0All paddles are now composed of non-glued components meaning every piece of your paddle is both replaceable and recyclable.<\/p>\n","protected":false},"excerpt":{"rendered":"<p>RED Hybrid Tough Paddle &#8211; Blue Shaft Material Carbon\/Glass Fiber Blade Material Nylon Adjuster Cam Lock Pieces 3 piece Length 180 \u2013 220 cm Blade 525 mm\u00b2 Weight 825 g Colour Blue If you&#8217;re after a durable nylon blade with a lightweight shaft then our new Hybrid Tough is the best paddle for you. The [&hellip;]<\/p>\n","protected":false},"featured_media":9263,"template":"","meta":{"ocean_post_layout":"","ocean_both_sidebars_style":"","ocean_both_sidebars_content_width":0,"ocean_both_sidebars_sidebars_width":0,"ocean_sidebar":"0","ocean_second_sidebar":"0","ocean_disable_margins":"enable","ocean_add_body_class":"","ocean_shortcode_before_top_bar":"","ocean_shortcode_after_top_bar":"","ocean_shortcode_before_header":"","ocean_shortcode_after_header":"","ocean_has_shortcode":"","ocean_shortcode_after_title":"","ocean_shortcode_before_footer_widgets":"","ocean_shortcode_after_footer_widgets":"","ocean_shortcode_before_footer_bottom":"","ocean_shortcode_after_footer_bottom":"","ocean_display_top_bar":"default","ocean_display_header":"default","ocean_header_style":"","ocean_center_header_left_menu":"0","ocean_custom_header_template":"0","ocean_custom_logo":0,"ocean_custom_retina_logo":0,"ocean_custom_logo_max_width":0,"ocean_custom_logo_tablet_max_width":0,"ocean_custom_logo_mobile_max_width":0,"ocean_custom_logo_max_height":0,"ocean_custom_logo_tablet_max_height":0,"ocean_custom_logo_mobile_max_height":0,"ocean_header_custom_menu":"0","ocean_menu_typo_font_family":"0","ocean_menu_typo_font_subset":"","ocean_menu_typo_font_size":0,"ocean_menu_typo_font_size_tablet":0,"ocean_menu_typo_font_size_mobile":0,"ocean_menu_typo_font_size_unit":"px","ocean_menu_typo_font_weight":"","ocean_menu_typo_font_weight_tablet":"","ocean_menu_typo_font_weight_mobile":"","ocean_menu_typo_transform":"","ocean_menu_typo_transform_tablet":"","ocean_menu_typo_transform_mobile":"","ocean_menu_typo_line_height":0,"ocean_menu_typo_line_height_tablet":0,"ocean_menu_typo_line_height_mobile":0,"ocean_menu_typo_line_height_unit":"","ocean_menu_typo_spacing":0,"ocean_menu_typo_spacing_tablet":0,"ocean_menu_typo_spacing_mobile":0,"ocean_menu_typo_spacing_unit":"","ocean_menu_link_color":"","ocean_menu_link_color_hover":"","ocean_menu_link_color_active":"","ocean_menu_link_background":"","ocean_menu_link_hover_background":"","ocean_menu_link_active_background":"","ocean_menu_social_links_bg":"","ocean_menu_social_hover_links_bg":"","ocean_menu_social_links_color":"","ocean_menu_social_hover_links_color":"","ocean_disable_title":"default","ocean_disable_heading":"default","ocean_post_title":"","ocean_post_subheading":"","ocean_post_title_style":"","ocean_post_title_background_color":"","ocean_post_title_background":0,"ocean_post_title_bg_image_position":"","ocean_post_title_bg_image_attachment":"","ocean_post_title_bg_image_repeat":"","ocean_post_title_bg_image_size":"","ocean_post_title_height":0,"ocean_post_title_bg_overlay":0.5,"ocean_post_title_bg_overlay_color":"","ocean_disable_breadcrumbs":"default","ocean_breadcrumbs_color":"","ocean_breadcrumbs_separator_color":"","ocean_breadcrumbs_links_color":"","ocean_breadcrumbs_links_hover_color":"","ocean_display_footer_widgets":"default","ocean_display_footer_bottom":"default","ocean_custom_footer_template":"0","footnotes":""},"product_brand":[],"product_cat":[199,203,582],"product_tag":[231],"class_list":{"0":"post-8448","1":"product","2":"type-product","3":"status-publish","4":"has-post-thumbnail","6":"product_cat-sup-sale","7":"product_cat-sup-paddles","8":"product_cat-v2","9":"product_tag-red-paddle-co-en","10":"product_shipping_class-m-package","12":"entry","13":"has-media","15":"first","16":"instock","17":"sale","18":"taxable","19":"shipping-taxable","20":"purchasable","21":"product-type-simple","22":"col","23":"span_1_of_3","24":"owp-content-center","25":"owp-thumbs-layout-horizontal","26":"owp-btn-normal","27":"owp-tabs-layout-section"},"yoast_head":"<!-- This site is optimized with the Yoast SEO plugin v27.3 - https:\/\/yoast.com\/product\/yoast-seo-wordpress\/ -->\n<title>RED Hybrid Tough Paddle - Blue - Stand Up Paddle<\/title>\n<meta name=\"description\" content=\"If you&#039;re after a durable nylon blade with a lightweight shaft then our new Red Paddle Co. Hybrid Tough is the best paddle for you.\" \/>\n<meta name=\"robots\" content=\"index, follow, max-snippet:-1, max-image-preview:large, max-video-preview:-1\" \/>\n<link rel=\"canonical\" href=\"https:\/\/standuppaddle.hu\/en\/sup-webaruhaz-webshop\/2-red-hybrid-tough-paddle-blue\/\" \/>\n<meta property=\"og:locale\" content=\"en_US\" \/>\n<meta property=\"og:type\" content=\"article\" \/>\n<meta property=\"og:title\" content=\"RED Hybrid Tough Paddle - Blue - Stand Up Paddle\" \/>\n<meta property=\"og:description\" content=\"If you&#039;re after a durable nylon blade with a lightweight shaft then our new Red Paddle Co. Hybrid Tough is the best paddle for you.\" \/>\n<meta property=\"og:url\" content=\"https:\/\/standuppaddle.hu\/en\/sup-webaruhaz-webshop\/2-red-hybrid-tough-paddle-blue\/\" \/>\n<meta property=\"og:site_name\" content=\"Stand Up Paddle\" \/>\n<meta property=\"article:publisher\" content=\"https:\/\/www.facebook.com\/SUP.Center\/\" \/>\n<meta property=\"og:image\" content=\"https:\/\/standuppaddle.hu\/wp-content\/uploads\/2022\/02\/red_carbon_hybrid_tough_blue_evezo.jpg\" \/>\n\t<meta property=\"og:image:width\" content=\"600\" \/>\n\t<meta property=\"og:image:height\" content=\"600\" \/>\n\t<meta property=\"og:image:type\" content=\"image\/jpeg\" \/>\n<meta name=\"twitter:card\" content=\"summary_large_image\" \/>\n<meta name=\"twitter:label1\" content=\"Est. reading time\" \/>\n\t<meta name=\"twitter:data1\" content=\"2 minutes\" \/>\n<script type=\"application\/ld+json\" class=\"yoast-schema-graph\">{\"@context\":\"https:\\\/\\\/schema.org\",\"@graph\":[{\"@type\":\"WebPage\",\"@id\":\"https:\\\/\\\/standuppaddle.hu\\\/en\\\/sup-webaruhaz-webshop\\\/2-red-hybrid-tough-paddle-blue\\\/\",\"url\":\"https:\\\/\\\/standuppaddle.hu\\\/en\\\/sup-webaruhaz-webshop\\\/2-red-hybrid-tough-paddle-blue\\\/\",\"name\":\"RED Hybrid Tough Paddle - Blue - Stand Up Paddle\",\"isPartOf\":{\"@id\":\"https:\\\/\\\/standuppaddle.hu\\\/en\\\/#website\"},\"primaryImageOfPage\":{\"@id\":\"https:\\\/\\\/standuppaddle.hu\\\/en\\\/sup-webaruhaz-webshop\\\/2-red-hybrid-tough-paddle-blue\\\/#primaryimage\"},\"image\":{\"@id\":\"https:\\\/\\\/standuppaddle.hu\\\/en\\\/sup-webaruhaz-webshop\\\/2-red-hybrid-tough-paddle-blue\\\/#primaryimage\"},\"thumbnailUrl\":\"https:\\\/\\\/standuppaddle.hu\\\/wp-content\\\/uploads\\\/2022\\\/02\\\/red_carbon_hybrid_tough_blue_evezo.jpg\",\"datePublished\":\"2026-03-25T15:59:00+00:00\",\"description\":\"If you're after a durable nylon blade with a lightweight shaft then our new Red Paddle Co. Hybrid Tough is the best paddle for you.\",\"breadcrumb\":{\"@id\":\"https:\\\/\\\/standuppaddle.hu\\\/en\\\/sup-webaruhaz-webshop\\\/2-red-hybrid-tough-paddle-blue\\\/#breadcrumb\"},\"inLanguage\":\"en-US\",\"potentialAction\":[{\"@type\":\"ReadAction\",\"target\":[\"https:\\\/\\\/standuppaddle.hu\\\/en\\\/sup-webaruhaz-webshop\\\/2-red-hybrid-tough-paddle-blue\\\/\"]}]},{\"@type\":\"ImageObject\",\"inLanguage\":\"en-US\",\"@id\":\"https:\\\/\\\/standuppaddle.hu\\\/en\\\/sup-webaruhaz-webshop\\\/2-red-hybrid-tough-paddle-blue\\\/#primaryimage\",\"url\":\"https:\\\/\\\/standuppaddle.hu\\\/wp-content\\\/uploads\\\/2022\\\/02\\\/red_carbon_hybrid_tough_blue_evezo.jpg\",\"contentUrl\":\"https:\\\/\\\/standuppaddle.hu\\\/wp-content\\\/uploads\\\/2022\\\/02\\\/red_carbon_hybrid_tough_blue_evezo.jpg\",\"width\":600,\"height\":600},{\"@type\":\"BreadcrumbList\",\"@id\":\"https:\\\/\\\/standuppaddle.hu\\\/en\\\/sup-webaruhaz-webshop\\\/2-red-hybrid-tough-paddle-blue\\\/#breadcrumb\",\"itemListElement\":[{\"@type\":\"ListItem\",\"position\":1,\"name\":\"Home\",\"item\":\"https:\\\/\\\/standuppaddle.hu\\\/en\\\/\"},{\"@type\":\"ListItem\",\"position\":2,\"name\":\"SUP products in stock:\",\"item\":\"https:\\\/\\\/standuppaddle.hu\\\/en\\\/sup-webshop\\\/\"},{\"@type\":\"ListItem\",\"position\":3,\"name\":\"RED Hybrid Tough Paddle &#8211; Blue\"}]},{\"@type\":\"WebSite\",\"@id\":\"https:\\\/\\\/standuppaddle.hu\\\/en\\\/#website\",\"url\":\"https:\\\/\\\/standuppaddle.hu\\\/en\\\/\",\"name\":\"Stand Up Paddle\",\"description\":\"\u00e1llva evez\u00e9s - \u00e1ll\u00f3 sz\u00f6rf - SUP Center Balaton\",\"publisher\":{\"@id\":\"https:\\\/\\\/standuppaddle.hu\\\/en\\\/#organization\"},\"potentialAction\":[{\"@type\":\"SearchAction\",\"target\":{\"@type\":\"EntryPoint\",\"urlTemplate\":\"https:\\\/\\\/standuppaddle.hu\\\/en\\\/?s={search_term_string}\"},\"query-input\":{\"@type\":\"PropertyValueSpecification\",\"valueRequired\":true,\"valueName\":\"search_term_string\"}}],\"inLanguage\":\"en-US\"},{\"@type\":\"Organization\",\"@id\":\"https:\\\/\\\/standuppaddle.hu\\\/en\\\/#organization\",\"name\":\"SUP Center Balaton\",\"url\":\"https:\\\/\\\/standuppaddle.hu\\\/en\\\/\",\"logo\":{\"@type\":\"ImageObject\",\"inLanguage\":\"en-US\",\"@id\":\"https:\\\/\\\/standuppaddle.hu\\\/en\\\/#\\\/schema\\\/logo\\\/image\\\/\",\"url\":\"https:\\\/\\\/standuppaddle.hu\\\/wp-content\\\/uploads\\\/2019\\\/10\\\/sup-center-balaton-logo.jpg\",\"contentUrl\":\"https:\\\/\\\/standuppaddle.hu\\\/wp-content\\\/uploads\\\/2019\\\/10\\\/sup-center-balaton-logo.jpg\",\"width\":2492,\"height\":1075,\"caption\":\"SUP Center Balaton\"},\"image\":{\"@id\":\"https:\\\/\\\/standuppaddle.hu\\\/en\\\/#\\\/schema\\\/logo\\\/image\\\/\"},\"sameAs\":[\"https:\\\/\\\/www.facebook.com\\\/SUP.Center\\\/\",\"https:\\\/\\\/www.instagram.com\\\/sup_center_balaton\\\/\",\"https:\\\/\\\/www.youtube.com\\\/channel\\\/UCaX3OG6gvkhCqeZSw1zgTmw\"]}]}<\/script>\n<!-- \/ Yoast SEO plugin. -->","yoast_head_json":{"title":"RED Hybrid Tough Paddle - Blue - Stand Up Paddle","description":"If you're after a durable nylon blade with a lightweight shaft then our new Red Paddle Co. Hybrid Tough is the best paddle for you.","robots":{"index":"index","follow":"follow","max-snippet":"max-snippet:-1","max-image-preview":"max-image-preview:large","max-video-preview":"max-video-preview:-1"},"canonical":"https:\/\/standuppaddle.hu\/en\/sup-webaruhaz-webshop\/2-red-hybrid-tough-paddle-blue\/","og_locale":"en_US","og_type":"article","og_title":"RED Hybrid Tough Paddle - Blue - Stand Up Paddle","og_description":"If you're after a durable nylon blade with a lightweight shaft then our new Red Paddle Co. Hybrid Tough is the best paddle for you.","og_url":"https:\/\/standuppaddle.hu\/en\/sup-webaruhaz-webshop\/2-red-hybrid-tough-paddle-blue\/","og_site_name":"Stand Up Paddle","article_publisher":"https:\/\/www.facebook.com\/SUP.Center\/","og_image":[{"width":600,"height":600,"url":"https:\/\/standuppaddle.hu\/wp-content\/uploads\/2022\/02\/red_carbon_hybrid_tough_blue_evezo.jpg","type":"image\/jpeg"}],"twitter_card":"summary_large_image","twitter_misc":{"Est. reading time":"2 minutes"},"schema":{"@context":"https:\/\/schema.org","@graph":[{"@type":"WebPage","@id":"https:\/\/standuppaddle.hu\/en\/sup-webaruhaz-webshop\/2-red-hybrid-tough-paddle-blue\/","url":"https:\/\/standuppaddle.hu\/en\/sup-webaruhaz-webshop\/2-red-hybrid-tough-paddle-blue\/","name":"RED Hybrid Tough Paddle - Blue - Stand Up Paddle","isPartOf":{"@id":"https:\/\/standuppaddle.hu\/en\/#website"},"primaryImageOfPage":{"@id":"https:\/\/standuppaddle.hu\/en\/sup-webaruhaz-webshop\/2-red-hybrid-tough-paddle-blue\/#primaryimage"},"image":{"@id":"https:\/\/standuppaddle.hu\/en\/sup-webaruhaz-webshop\/2-red-hybrid-tough-paddle-blue\/#primaryimage"},"thumbnailUrl":"https:\/\/standuppaddle.hu\/wp-content\/uploads\/2022\/02\/red_carbon_hybrid_tough_blue_evezo.jpg","datePublished":"2026-03-25T15:59:00+00:00","description":"If you're after a durable nylon blade with a lightweight shaft then our new Red Paddle Co. Hybrid Tough is the best paddle for you.","breadcrumb":{"@id":"https:\/\/standuppaddle.hu\/en\/sup-webaruhaz-webshop\/2-red-hybrid-tough-paddle-blue\/#breadcrumb"},"inLanguage":"en-US","potentialAction":[{"@type":"ReadAction","target":["https:\/\/standuppaddle.hu\/en\/sup-webaruhaz-webshop\/2-red-hybrid-tough-paddle-blue\/"]}]},{"@type":"ImageObject","inLanguage":"en-US","@id":"https:\/\/standuppaddle.hu\/en\/sup-webaruhaz-webshop\/2-red-hybrid-tough-paddle-blue\/#primaryimage","url":"https:\/\/standuppaddle.hu\/wp-content\/uploads\/2022\/02\/red_carbon_hybrid_tough_blue_evezo.jpg","contentUrl":"https:\/\/standuppaddle.hu\/wp-content\/uploads\/2022\/02\/red_carbon_hybrid_tough_blue_evezo.jpg","width":600,"height":600},{"@type":"BreadcrumbList","@id":"https:\/\/standuppaddle.hu\/en\/sup-webaruhaz-webshop\/2-red-hybrid-tough-paddle-blue\/#breadcrumb","itemListElement":[{"@type":"ListItem","position":1,"name":"Home","item":"https:\/\/standuppaddle.hu\/en\/"},{"@type":"ListItem","position":2,"name":"SUP products in stock:","item":"https:\/\/standuppaddle.hu\/en\/sup-webshop\/"},{"@type":"ListItem","position":3,"name":"RED Hybrid Tough Paddle &#8211; Blue"}]},{"@type":"WebSite","@id":"https:\/\/standuppaddle.hu\/en\/#website","url":"https:\/\/standuppaddle.hu\/en\/","name":"Stand Up Paddle","description":"\u00e1llva evez\u00e9s - \u00e1ll\u00f3 sz\u00f6rf - SUP Center Balaton","publisher":{"@id":"https:\/\/standuppaddle.hu\/en\/#organization"},"potentialAction":[{"@type":"SearchAction","target":{"@type":"EntryPoint","urlTemplate":"https:\/\/standuppaddle.hu\/en\/?s={search_term_string}"},"query-input":{"@type":"PropertyValueSpecification","valueRequired":true,"valueName":"search_term_string"}}],"inLanguage":"en-US"},{"@type":"Organization","@id":"https:\/\/standuppaddle.hu\/en\/#organization","name":"SUP Center Balaton","url":"https:\/\/standuppaddle.hu\/en\/","logo":{"@type":"ImageObject","inLanguage":"en-US","@id":"https:\/\/standuppaddle.hu\/en\/#\/schema\/logo\/image\/","url":"https:\/\/standuppaddle.hu\/wp-content\/uploads\/2019\/10\/sup-center-balaton-logo.jpg","contentUrl":"https:\/\/standuppaddle.hu\/wp-content\/uploads\/2019\/10\/sup-center-balaton-logo.jpg","width":2492,"height":1075,"caption":"SUP Center Balaton"},"image":{"@id":"https:\/\/standuppaddle.hu\/en\/#\/schema\/logo\/image\/"},"sameAs":["https:\/\/www.facebook.com\/SUP.Center\/","https:\/\/www.instagram.com\/sup_center_balaton\/","https:\/\/www.youtube.com\/channel\/UCaX3OG6gvkhCqeZSw1zgTmw"]}]}},"_links":{"self":[{"href":"https:\/\/standuppaddle.hu\/en\/wp-json\/wp\/v2\/product\/8448","targetHints":{"allow":["GET"]}}],"collection":[{"href":"https:\/\/standuppaddle.hu\/en\/wp-json\/wp\/v2\/product"}],"about":[{"href":"https:\/\/standuppaddle.hu\/en\/wp-json\/wp\/v2\/types\/product"}],"version-history":[{"count":2,"href":"https:\/\/standuppaddle.hu\/en\/wp-json\/wp\/v2\/product\/8448\/revisions"}],"predecessor-version":[{"id":11394,"href":"https:\/\/standuppaddle.hu\/en\/wp-json\/wp\/v2\/product\/8448\/revisions\/11394"}],"wp:featuredmedia":[{"embeddable":true,"href":"https:\/\/standuppaddle.hu\/en\/wp-json\/wp\/v2\/media\/9263"}],"wp:attachment":[{"href":"https:\/\/standuppaddle.hu\/en\/wp-json\/wp\/v2\/media?parent=8448"}],"wp:term":[{"taxonomy":"product_brand","embeddable":true,"href":"https:\/\/standuppaddle.hu\/en\/wp-json\/wp\/v2\/product_brand?post=8448"},{"taxonomy":"product_cat","embeddable":true,"href":"https:\/\/standuppaddle.hu\/en\/wp-json\/wp\/v2\/product_cat?post=8448"},{"taxonomy":"product_tag","embeddable":true,"href":"https:\/\/standuppaddle.hu\/en\/wp-json\/wp\/v2\/product_tag?post=8448"}],"curies":[{"name":"wp","href":"https:\/\/api.w.org\/{rel}","templated":true}]}}