{"id":7910,"date":"2026-03-23T08:21:57","date_gmt":"2026-03-23T07:21:57","guid":{"rendered":"https:\/\/standuppaddle.hu\/?post_type=product&#038;p=7910"},"modified":"2025-10-08T08:22:48","modified_gmt":"2025-10-08T06:22:48","slug":"2-red-110-sport-msl","status":"publish","type":"product","link":"https:\/\/standuppaddle.hu\/en\/sup-webaruhaz-webshop\/2-red-110-sport-msl\/","title":{"rendered":"RED 11&#8217;0 Sport MSL (with very small color defects)"},"content":{"rendered":"<h3>RED 11&#8217;0 SPORT MSL<\/h3>\n<p><span style=\"color: #ff0000;\">The board is NEW, but has 3 minimal red paint spots (3-9mm in size) in the bow area.<\/span><\/p>\n<p>The drop-top roadster of our SUP range, the 11\u20190 Sport inflatable paddle board is built for speed and performance. You\u2019ll feel the wind on your face as you glide across the water on this high-spec inflatable paddle board. It\u2019s ideal for paddlers looking to up their paddling game \u2013 perfect to progress onto from an all-round board, like the 10\u20196 Ride.<\/p>\n<p>The 11&#8217;0 Sport SUP has been designed for the more experienced paddler, with a focus on speed and dynamic performance (although it\u2019s not a race board).<\/p>\n<div class=\"rp_read_more_content rp_hide_now\">\n<p>The sleek shape of the 11\u20190 Sport cuts through the water with ease and the drawn-out nose section gives you more glide across the water.<\/p>\n<p>The 11\u20190 offers fast inflation and great flat-water performance for riders up to 90kg\/198lb. If you\u2019re looking for slightly more stability then the 11\u20193 Sport\u00a0is well-suited to a slightly larger rider. Or if you want something for longer touring trips, then check out our\u00a012\u20196 Sport.<\/p>\n<p><strong>RSS battens:\u00a0<\/strong>RSS Batten technology is unique to Red Paddle Co \u2013 they designed and patented it to make boards even stiffer to deliver greater performance. It works by slotting two stiffening battens into pockets that are individually laminated onto the side of the board. They\u2019ve proved this makes the board up to 40 per cent stiffer.<\/p>\n<p>Now in a bright colour so they cannot be forgotten at set up, rounded leading edge for improved ease of insertion and new pure material which is more durable and also recyclable.<\/p>\n<p><b>Speed Tail<\/b>. This brand new feature offers enhanced speed and nippy manoeuvrability. The rubberised edge on the tail aids water release and increases speed.<\/p>\n<p><b>Timeless design:<\/b>\u00a0The Red Paddle Co iconic design has been updated for 2021 with a more streamlined look and feel. The extended Red embossed deck pad now reaches right down to the tail, wraps closer to the rails, and offers superior comfort and grip. The diamond-cut rear provides extra stability for performing step back turns, or for riding in bigger waves.<\/p>\n<p><b>Flat Bungee Cargo System:\u00a0<\/b>UNIQUE TO RED PADDLE CO!\u00a0The self-closing, flat bungee straps are now larger, creating more tension to keep all your gear on your board! All boards come with three bungee straps on the nose, setting you up perfectly for adventures to come.<\/p>\n<p><b>Ergonomic tubular handles<\/b>\u00a0on all boards to give a cushioned, comfy grip when carrying your board.<\/p>\n<p><strong>FCS Fin:<\/strong>\u00a0All Sport boards come with a durable fin\u00a0from world-leading surfboard fin creators FCS \u2013 slotted into the fin box easily by hand and secured in place with a finger bolt.<\/p>\n<p><b>New Titan II pump!\u00a0<\/b>Included with all of our SUP packages, our newly refined industry-leading Titan II pump takes you from neatly-packed to fully-inflated in half the time, with half the effort. See what\u2019s new about the Titan II pump.<\/p>\n<p><b>ATB Transformer Backpack:\u00a0<\/b>Introducing a complete redesign of our bestselling inflatable SUP backpack. Highly engineered adjustable ergonomic support means that the ATB Bag now offers exceptional levels of support for your shoulders and back. Exterior straps mean that the bag can be compressed making it more comfortable and a pleasure to carry. It\u2019s now easier to pack away your paddle with an interior paddle blade pocket and a velcro securing system so your paddle is safe and secure while on the move. A large outer zip pocket means any essentials can be packed securely away and easily accessible.<\/p>\n<p>Our revolutionary bag-less carry system has been designed with all paddleboarders in mind. For the adventurers, you can now go further and access more remote waterways without the need of a heavy bulky bag. Perfect for families, it\u2019s now easier, quicker and more convenient to pack up your kit after a long day at the beach<\/p>\n<p><strong>The RED 11&#8217;0 SPORT comes with the following:<\/strong><\/p>\n<ul>\n<li>Titan pump II<\/li>\n<li>FCS Fin<\/li>\n<li>2x RSS battens<\/li>\n<li>Service set<\/li>\n<li>Red Paddle Co. backbag<\/li>\n<li>Waterproof phone case<\/li>\n<\/ul>\n<table class=\"woocommerce-product-attributes shop_attributes\">\n<tbody>\n<tr class=\"woocommerce-product-attributes-item woocommerce-product-attributes-item--0\">\n<th class=\"woocommerce-product-attributes-item__label\">VOLUME<\/th>\n<td class=\"woocommerce-product-attributes-item__value\">234 litres<\/td>\n<\/tr>\n<tr class=\"woocommerce-product-attributes-item woocommerce-product-attributes-item--1\">\n<th class=\"woocommerce-product-attributes-item__label\">RIDER WEIGHT<\/th>\n<td class=\"woocommerce-product-attributes-item__value\">75 kg<\/td>\n<\/tr>\n<tr class=\"woocommerce-product-attributes-item woocommerce-product-attributes-item--3\">\n<th class=\"woocommerce-product-attributes-item__label\">LENGTH<\/th>\n<td class=\"woocommerce-product-attributes-item__value\">11\u20190\u2033 \/ 335 cm<\/td>\n<\/tr>\n<tr class=\"woocommerce-product-attributes-item woocommerce-product-attributes-item--4\">\n<th class=\"woocommerce-product-attributes-item__label\">WIDTH<\/th>\n<td class=\"woocommerce-product-attributes-item__value\">30\u2033 \/ 76 cm<\/td>\n<\/tr>\n<tr class=\"woocommerce-product-attributes-item woocommerce-product-attributes-item--5\">\n<th class=\"woocommerce-product-attributes-item__label\">BOARD WEIGHT<\/th>\n<td class=\"woocommerce-product-attributes-item__value\">10,5 kg<\/td>\n<\/tr>\n<tr class=\"woocommerce-product-attributes-item woocommerce-product-attributes-item--6\">\n<th class=\"woocommerce-product-attributes-item__label\">NUMBER OF RIDERS<\/th>\n<td class=\"woocommerce-product-attributes-item__value\">1<\/td>\n<\/tr>\n<tr class=\"woocommerce-product-attributes-item woocommerce-product-attributes-item--7\">\n<th class=\"woocommerce-product-attributes-item__label\">BAG SIZE<\/th>\n<td class=\"woocommerce-product-attributes-item__value\">96cm (h) x 39cm (w) x 36cm (d)<\/td>\n<\/tr>\n<tr class=\"woocommerce-product-attributes-item woocommerce-product-attributes-item--8\">\n<th class=\"woocommerce-product-attributes-item__label\">BAG VOLUME<\/th>\n<td class=\"woocommerce-product-attributes-item__value\">150 litres<\/td>\n<\/tr>\n<tr class=\"woocommerce-product-attributes-item woocommerce-product-attributes-item--9\">\n<th class=\"woocommerce-product-attributes-item__label\">STIFFENING SYSTEM<\/th>\n<td class=\"woocommerce-product-attributes-item__value\">RSS Battens<\/td>\n<\/tr>\n<tr class=\"woocommerce-product-attributes-item woocommerce-product-attributes-item--10\">\n<th class=\"woocommerce-product-attributes-item__label\">FIN<\/th>\n<td class=\"woocommerce-product-attributes-item__value\">FCS US Box<\/td>\n<\/tr>\n<\/tbody>\n<\/table>\n<\/div>\n","protected":false},"excerpt":{"rendered":"<p><img loading=\"lazy\" decoding=\"async\" class=\"alignnone size-full wp-image-8293\" src=\"https:\/\/standuppaddle.hu\/wp-content\/uploads\/2021\/12\/free-sup-delivery.jpg\" alt=\"\" width=\"159\" height=\"150\" \/><\/p>\n","protected":false},"featured_media":12307,"template":"","meta":{"ocean_post_layout":"","ocean_both_sidebars_style":"","ocean_both_sidebars_content_width":0,"ocean_both_sidebars_sidebars_width":0,"ocean_sidebar":"0","ocean_second_sidebar":"0","ocean_disable_margins":"enable","ocean_add_body_class":"","ocean_shortcode_before_top_bar":"","ocean_shortcode_after_top_bar":"","ocean_shortcode_before_header":"","ocean_shortcode_after_header":"","ocean_has_shortcode":"","ocean_shortcode_after_title":"","ocean_shortcode_before_footer_widgets":"","ocean_shortcode_after_footer_widgets":"","ocean_shortcode_before_footer_bottom":"","ocean_shortcode_after_footer_bottom":"","ocean_display_top_bar":"default","ocean_display_header":"default","ocean_header_style":"","ocean_center_header_left_menu":"0","ocean_custom_header_template":"0","ocean_custom_logo":0,"ocean_custom_retina_logo":0,"ocean_custom_logo_max_width":0,"ocean_custom_logo_tablet_max_width":0,"ocean_custom_logo_mobile_max_width":0,"ocean_custom_logo_max_height":0,"ocean_custom_logo_tablet_max_height":0,"ocean_custom_logo_mobile_max_height":0,"ocean_header_custom_menu":"0","ocean_menu_typo_font_family":"0","ocean_menu_typo_font_subset":"","ocean_menu_typo_font_size":0,"ocean_menu_typo_font_size_tablet":0,"ocean_menu_typo_font_size_mobile":0,"ocean_menu_typo_font_size_unit":"px","ocean_menu_typo_font_weight":"","ocean_menu_typo_font_weight_tablet":"","ocean_menu_typo_font_weight_mobile":"","ocean_menu_typo_transform":"","ocean_menu_typo_transform_tablet":"","ocean_menu_typo_transform_mobile":"","ocean_menu_typo_line_height":0,"ocean_menu_typo_line_height_tablet":0,"ocean_menu_typo_line_height_mobile":0,"ocean_menu_typo_line_height_unit":"","ocean_menu_typo_spacing":0,"ocean_menu_typo_spacing_tablet":0,"ocean_menu_typo_spacing_mobile":0,"ocean_menu_typo_spacing_unit":"","ocean_menu_link_color":"","ocean_menu_link_color_hover":"","ocean_menu_link_color_active":"","ocean_menu_link_background":"","ocean_menu_link_hover_background":"","ocean_menu_link_active_background":"","ocean_menu_social_links_bg":"","ocean_menu_social_hover_links_bg":"","ocean_menu_social_links_color":"","ocean_menu_social_hover_links_color":"","ocean_disable_title":"default","ocean_disable_heading":"default","ocean_post_title":"","ocean_post_subheading":"","ocean_post_title_style":"","ocean_post_title_background_color":"","ocean_post_title_background":0,"ocean_post_title_bg_image_position":"","ocean_post_title_bg_image_attachment":"","ocean_post_title_bg_image_repeat":"","ocean_post_title_bg_image_size":"","ocean_post_title_height":0,"ocean_post_title_bg_overlay":0.5,"ocean_post_title_bg_overlay_color":"","ocean_disable_breadcrumbs":"default","ocean_breadcrumbs_color":"","ocean_breadcrumbs_separator_color":"","ocean_breadcrumbs_links_color":"","ocean_breadcrumbs_links_hover_color":"","ocean_display_footer_widgets":"default","ocean_display_footer_bottom":"default","ocean_custom_footer_template":"0","footnotes":""},"product_brand":[],"product_cat":[201,223,199,215,582],"product_tag":[231],"class_list":{"0":"post-7910","1":"product","2":"type-product","3":"status-publish","4":"has-post-thumbnail","6":"product_cat-all-round-sup-boards","7":"product_cat-inflatable-isup-boards","8":"product_cat-sup-sale","9":"product_cat-touring-sup-boards","10":"product_cat-v2","11":"product_tag-red-paddle-co-en","12":"product_shipping_class-xl-package","14":"entry","15":"has-media","17":"first","18":"instock","19":"sale","20":"taxable","21":"shipping-taxable","22":"purchasable","23":"product-type-simple","24":"col","25":"span_1_of_3","26":"owp-content-center","27":"owp-thumbs-layout-horizontal","28":"owp-btn-normal","29":"owp-tabs-layout-section"},"yoast_head":"<!-- This site is optimized with the Yoast SEO plugin v27.3 - https:\/\/yoast.com\/product\/yoast-seo-wordpress\/ -->\n<title>RED 11&#039;0 Sport MSL (with very small color defects) - Stand Up Paddle deszka<\/title>\n<meta name=\"description\" content=\"The drop-top roadster of our SUP range, the 11\u20190 Sport inflatable paddle board is built for speed and performance. You\u2019ll feel the wind on\" \/>\n<meta name=\"robots\" content=\"index, follow, max-snippet:-1, max-image-preview:large, max-video-preview:-1\" \/>\n<link rel=\"canonical\" href=\"https:\/\/standuppaddle.hu\/en\/sup-webaruhaz-webshop\/2-red-110-sport-msl\/\" \/>\n<meta property=\"og:locale\" content=\"en_US\" \/>\n<meta property=\"og:type\" content=\"article\" \/>\n<meta property=\"og:title\" content=\"RED 11&#039;0 Sport MSL (with very small color defects) - Stand Up Paddle deszka\" \/>\n<meta property=\"og:description\" content=\"The drop-top roadster of our SUP range, the 11\u20190 Sport inflatable paddle board is built for speed and performance. You\u2019ll feel the wind on\" \/>\n<meta property=\"og:url\" content=\"https:\/\/standuppaddle.hu\/en\/sup-webaruhaz-webshop\/2-red-110-sport-msl\/\" \/>\n<meta property=\"og:site_name\" content=\"Stand Up Paddle\" \/>\n<meta property=\"article:publisher\" content=\"https:\/\/www.facebook.com\/SUP.Center\/\" \/>\n<meta property=\"og:image\" content=\"https:\/\/standuppaddle.hu\/wp-content\/uploads\/2021\/12\/sport_11_sup_csomag.jpg\" \/>\n\t<meta property=\"og:image:width\" content=\"1000\" \/>\n\t<meta property=\"og:image:height\" content=\"1000\" \/>\n\t<meta property=\"og:image:type\" content=\"image\/jpeg\" \/>\n<meta name=\"twitter:card\" content=\"summary_large_image\" \/>\n<meta name=\"twitter:label1\" content=\"Est. reading time\" \/>\n\t<meta name=\"twitter:data1\" content=\"4 minutes\" \/>\n<script type=\"application\/ld+json\" class=\"yoast-schema-graph\">{\"@context\":\"https:\\\/\\\/schema.org\",\"@graph\":[{\"@type\":\"WebPage\",\"@id\":\"https:\\\/\\\/standuppaddle.hu\\\/en\\\/sup-webaruhaz-webshop\\\/2-red-110-sport-msl\\\/\",\"url\":\"https:\\\/\\\/standuppaddle.hu\\\/en\\\/sup-webaruhaz-webshop\\\/2-red-110-sport-msl\\\/\",\"name\":\"RED 11'0 Sport MSL (with very small color defects) - Stand Up Paddle deszka\",\"isPartOf\":{\"@id\":\"https:\\\/\\\/standuppaddle.hu\\\/en\\\/#website\"},\"primaryImageOfPage\":{\"@id\":\"https:\\\/\\\/standuppaddle.hu\\\/en\\\/sup-webaruhaz-webshop\\\/2-red-110-sport-msl\\\/#primaryimage\"},\"image\":{\"@id\":\"https:\\\/\\\/standuppaddle.hu\\\/en\\\/sup-webaruhaz-webshop\\\/2-red-110-sport-msl\\\/#primaryimage\"},\"thumbnailUrl\":\"https:\\\/\\\/standuppaddle.hu\\\/wp-content\\\/uploads\\\/2021\\\/12\\\/sport_11_sup_csomag.jpg\",\"datePublished\":\"2026-03-23T07:21:57+00:00\",\"description\":\"The drop-top roadster of our SUP range, the 11\u20190 Sport inflatable paddle board is built for speed and performance. You\u2019ll feel the wind on\",\"breadcrumb\":{\"@id\":\"https:\\\/\\\/standuppaddle.hu\\\/en\\\/sup-webaruhaz-webshop\\\/2-red-110-sport-msl\\\/#breadcrumb\"},\"inLanguage\":\"en-US\",\"potentialAction\":[{\"@type\":\"ReadAction\",\"target\":[\"https:\\\/\\\/standuppaddle.hu\\\/en\\\/sup-webaruhaz-webshop\\\/2-red-110-sport-msl\\\/\"]}]},{\"@type\":\"ImageObject\",\"inLanguage\":\"en-US\",\"@id\":\"https:\\\/\\\/standuppaddle.hu\\\/en\\\/sup-webaruhaz-webshop\\\/2-red-110-sport-msl\\\/#primaryimage\",\"url\":\"https:\\\/\\\/standuppaddle.hu\\\/wp-content\\\/uploads\\\/2021\\\/12\\\/sport_11_sup_csomag.jpg\",\"contentUrl\":\"https:\\\/\\\/standuppaddle.hu\\\/wp-content\\\/uploads\\\/2021\\\/12\\\/sport_11_sup_csomag.jpg\",\"width\":1000,\"height\":1000},{\"@type\":\"BreadcrumbList\",\"@id\":\"https:\\\/\\\/standuppaddle.hu\\\/en\\\/sup-webaruhaz-webshop\\\/2-red-110-sport-msl\\\/#breadcrumb\",\"itemListElement\":[{\"@type\":\"ListItem\",\"position\":1,\"name\":\"Home\",\"item\":\"https:\\\/\\\/standuppaddle.hu\\\/en\\\/\"},{\"@type\":\"ListItem\",\"position\":2,\"name\":\"SUP products in stock:\",\"item\":\"https:\\\/\\\/standuppaddle.hu\\\/en\\\/sup-webshop\\\/\"},{\"@type\":\"ListItem\",\"position\":3,\"name\":\"RED 11&#8217;0 Sport MSL (with very small color defects)\"}]},{\"@type\":\"WebSite\",\"@id\":\"https:\\\/\\\/standuppaddle.hu\\\/en\\\/#website\",\"url\":\"https:\\\/\\\/standuppaddle.hu\\\/en\\\/\",\"name\":\"Stand Up Paddle\",\"description\":\"\u00e1llva evez\u00e9s - \u00e1ll\u00f3 sz\u00f6rf - SUP Center Balaton\",\"publisher\":{\"@id\":\"https:\\\/\\\/standuppaddle.hu\\\/en\\\/#organization\"},\"potentialAction\":[{\"@type\":\"SearchAction\",\"target\":{\"@type\":\"EntryPoint\",\"urlTemplate\":\"https:\\\/\\\/standuppaddle.hu\\\/en\\\/?s={search_term_string}\"},\"query-input\":{\"@type\":\"PropertyValueSpecification\",\"valueRequired\":true,\"valueName\":\"search_term_string\"}}],\"inLanguage\":\"en-US\"},{\"@type\":\"Organization\",\"@id\":\"https:\\\/\\\/standuppaddle.hu\\\/en\\\/#organization\",\"name\":\"SUP Center Balaton\",\"url\":\"https:\\\/\\\/standuppaddle.hu\\\/en\\\/\",\"logo\":{\"@type\":\"ImageObject\",\"inLanguage\":\"en-US\",\"@id\":\"https:\\\/\\\/standuppaddle.hu\\\/en\\\/#\\\/schema\\\/logo\\\/image\\\/\",\"url\":\"https:\\\/\\\/standuppaddle.hu\\\/wp-content\\\/uploads\\\/2019\\\/10\\\/sup-center-balaton-logo.jpg\",\"contentUrl\":\"https:\\\/\\\/standuppaddle.hu\\\/wp-content\\\/uploads\\\/2019\\\/10\\\/sup-center-balaton-logo.jpg\",\"width\":2492,\"height\":1075,\"caption\":\"SUP Center Balaton\"},\"image\":{\"@id\":\"https:\\\/\\\/standuppaddle.hu\\\/en\\\/#\\\/schema\\\/logo\\\/image\\\/\"},\"sameAs\":[\"https:\\\/\\\/www.facebook.com\\\/SUP.Center\\\/\",\"https:\\\/\\\/www.instagram.com\\\/sup_center_balaton\\\/\",\"https:\\\/\\\/www.youtube.com\\\/channel\\\/UCaX3OG6gvkhCqeZSw1zgTmw\"]}]}<\/script>\n<!-- \/ Yoast SEO plugin. -->","yoast_head_json":{"title":"RED 11'0 Sport MSL (with very small color defects) - Stand Up Paddle deszka","description":"The drop-top roadster of our SUP range, the 11\u20190 Sport inflatable paddle board is built for speed and performance. You\u2019ll feel the wind on","robots":{"index":"index","follow":"follow","max-snippet":"max-snippet:-1","max-image-preview":"max-image-preview:large","max-video-preview":"max-video-preview:-1"},"canonical":"https:\/\/standuppaddle.hu\/en\/sup-webaruhaz-webshop\/2-red-110-sport-msl\/","og_locale":"en_US","og_type":"article","og_title":"RED 11'0 Sport MSL (with very small color defects) - Stand Up Paddle deszka","og_description":"The drop-top roadster of our SUP range, the 11\u20190 Sport inflatable paddle board is built for speed and performance. You\u2019ll feel the wind on","og_url":"https:\/\/standuppaddle.hu\/en\/sup-webaruhaz-webshop\/2-red-110-sport-msl\/","og_site_name":"Stand Up Paddle","article_publisher":"https:\/\/www.facebook.com\/SUP.Center\/","og_image":[{"width":1000,"height":1000,"url":"https:\/\/standuppaddle.hu\/wp-content\/uploads\/2021\/12\/sport_11_sup_csomag.jpg","type":"image\/jpeg"}],"twitter_card":"summary_large_image","twitter_misc":{"Est. reading time":"4 minutes"},"schema":{"@context":"https:\/\/schema.org","@graph":[{"@type":"WebPage","@id":"https:\/\/standuppaddle.hu\/en\/sup-webaruhaz-webshop\/2-red-110-sport-msl\/","url":"https:\/\/standuppaddle.hu\/en\/sup-webaruhaz-webshop\/2-red-110-sport-msl\/","name":"RED 11'0 Sport MSL (with very small color defects) - Stand Up Paddle deszka","isPartOf":{"@id":"https:\/\/standuppaddle.hu\/en\/#website"},"primaryImageOfPage":{"@id":"https:\/\/standuppaddle.hu\/en\/sup-webaruhaz-webshop\/2-red-110-sport-msl\/#primaryimage"},"image":{"@id":"https:\/\/standuppaddle.hu\/en\/sup-webaruhaz-webshop\/2-red-110-sport-msl\/#primaryimage"},"thumbnailUrl":"https:\/\/standuppaddle.hu\/wp-content\/uploads\/2021\/12\/sport_11_sup_csomag.jpg","datePublished":"2026-03-23T07:21:57+00:00","description":"The drop-top roadster of our SUP range, the 11\u20190 Sport inflatable paddle board is built for speed and performance. You\u2019ll feel the wind on","breadcrumb":{"@id":"https:\/\/standuppaddle.hu\/en\/sup-webaruhaz-webshop\/2-red-110-sport-msl\/#breadcrumb"},"inLanguage":"en-US","potentialAction":[{"@type":"ReadAction","target":["https:\/\/standuppaddle.hu\/en\/sup-webaruhaz-webshop\/2-red-110-sport-msl\/"]}]},{"@type":"ImageObject","inLanguage":"en-US","@id":"https:\/\/standuppaddle.hu\/en\/sup-webaruhaz-webshop\/2-red-110-sport-msl\/#primaryimage","url":"https:\/\/standuppaddle.hu\/wp-content\/uploads\/2021\/12\/sport_11_sup_csomag.jpg","contentUrl":"https:\/\/standuppaddle.hu\/wp-content\/uploads\/2021\/12\/sport_11_sup_csomag.jpg","width":1000,"height":1000},{"@type":"BreadcrumbList","@id":"https:\/\/standuppaddle.hu\/en\/sup-webaruhaz-webshop\/2-red-110-sport-msl\/#breadcrumb","itemListElement":[{"@type":"ListItem","position":1,"name":"Home","item":"https:\/\/standuppaddle.hu\/en\/"},{"@type":"ListItem","position":2,"name":"SUP products in stock:","item":"https:\/\/standuppaddle.hu\/en\/sup-webshop\/"},{"@type":"ListItem","position":3,"name":"RED 11&#8217;0 Sport MSL (with very small color defects)"}]},{"@type":"WebSite","@id":"https:\/\/standuppaddle.hu\/en\/#website","url":"https:\/\/standuppaddle.hu\/en\/","name":"Stand Up Paddle","description":"\u00e1llva evez\u00e9s - \u00e1ll\u00f3 sz\u00f6rf - SUP Center Balaton","publisher":{"@id":"https:\/\/standuppaddle.hu\/en\/#organization"},"potentialAction":[{"@type":"SearchAction","target":{"@type":"EntryPoint","urlTemplate":"https:\/\/standuppaddle.hu\/en\/?s={search_term_string}"},"query-input":{"@type":"PropertyValueSpecification","valueRequired":true,"valueName":"search_term_string"}}],"inLanguage":"en-US"},{"@type":"Organization","@id":"https:\/\/standuppaddle.hu\/en\/#organization","name":"SUP Center Balaton","url":"https:\/\/standuppaddle.hu\/en\/","logo":{"@type":"ImageObject","inLanguage":"en-US","@id":"https:\/\/standuppaddle.hu\/en\/#\/schema\/logo\/image\/","url":"https:\/\/standuppaddle.hu\/wp-content\/uploads\/2019\/10\/sup-center-balaton-logo.jpg","contentUrl":"https:\/\/standuppaddle.hu\/wp-content\/uploads\/2019\/10\/sup-center-balaton-logo.jpg","width":2492,"height":1075,"caption":"SUP Center Balaton"},"image":{"@id":"https:\/\/standuppaddle.hu\/en\/#\/schema\/logo\/image\/"},"sameAs":["https:\/\/www.facebook.com\/SUP.Center\/","https:\/\/www.instagram.com\/sup_center_balaton\/","https:\/\/www.youtube.com\/channel\/UCaX3OG6gvkhCqeZSw1zgTmw"]}]}},"_links":{"self":[{"href":"https:\/\/standuppaddle.hu\/en\/wp-json\/wp\/v2\/product\/7910","targetHints":{"allow":["GET"]}}],"collection":[{"href":"https:\/\/standuppaddle.hu\/en\/wp-json\/wp\/v2\/product"}],"about":[{"href":"https:\/\/standuppaddle.hu\/en\/wp-json\/wp\/v2\/types\/product"}],"version-history":[{"count":5,"href":"https:\/\/standuppaddle.hu\/en\/wp-json\/wp\/v2\/product\/7910\/revisions"}],"predecessor-version":[{"id":13255,"href":"https:\/\/standuppaddle.hu\/en\/wp-json\/wp\/v2\/product\/7910\/revisions\/13255"}],"wp:featuredmedia":[{"embeddable":true,"href":"https:\/\/standuppaddle.hu\/en\/wp-json\/wp\/v2\/media\/12307"}],"wp:attachment":[{"href":"https:\/\/standuppaddle.hu\/en\/wp-json\/wp\/v2\/media?parent=7910"}],"wp:term":[{"taxonomy":"product_brand","embeddable":true,"href":"https:\/\/standuppaddle.hu\/en\/wp-json\/wp\/v2\/product_brand?post=7910"},{"taxonomy":"product_cat","embeddable":true,"href":"https:\/\/standuppaddle.hu\/en\/wp-json\/wp\/v2\/product_cat?post=7910"},{"taxonomy":"product_tag","embeddable":true,"href":"https:\/\/standuppaddle.hu\/en\/wp-json\/wp\/v2\/product_tag?post=7910"}],"curies":[{"name":"wp","href":"https:\/\/api.w.org\/{rel}","templated":true}]}}