{"id":7637,"date":"2021-11-28T11:07:49","date_gmt":"2021-11-28T10:07:49","guid":{"rendered":"https:\/\/standuppaddle.hu\/sup-webaruhaz-webshop\/titan-pumpa-ii\/"},"modified":"2022-12-31T13:41:58","modified_gmt":"2022-12-31T12:41:58","slug":"titan-pump-2","status":"publish","type":"product","link":"https:\/\/standuppaddle.hu\/en\/sup-webaruhaz-webshop\/titan-pump-2\/","title":{"rendered":"RED Titan Pump 2"},"content":{"rendered":"<h3>TITAN PUMP 2 &#8211; ther world&#8217;s best SUP pump.<\/h3>\n<p>The Titan Pump 2 is the world&#8217;s first purpose-built, double chamber SUP pump. It&#8217;s designed to cut the amount of time and effort it takes to inflate your board by half. Constant innovation has led to us testing the absolute boundaries of inflation technology and as such, we&#8217;re confident that there&#8217;s nothing quite like the Titan II pump on the market.<\/p>\n<p>The Dual Cylinder system, combined with the Hi Flo handle means you are in complete control of the energy used to inflate your board. It puts the volume into your board faster and reduces the effort required to reach a higher pressure.<\/p>\n<p>&nbsp;<\/p>\n","protected":false},"excerpt":{"rendered":"<p>TITAN PUMP 2 &#8211; ther world&#8217;s best SUP pump. The Titan Pump 2 is the world&#8217;s first purpose-built, double chamber SUP pump. It&#8217;s designed to cut the amount of time and effort it takes to inflate your board by half. Constant innovation has led to us testing the absolute boundaries of inflation technology and as [&hellip;]<\/p>\n","protected":false},"featured_media":9188,"template":"","meta":{"ocean_post_layout":"","ocean_both_sidebars_style":"","ocean_both_sidebars_content_width":0,"ocean_both_sidebars_sidebars_width":0,"ocean_sidebar":"0","ocean_second_sidebar":"0","ocean_disable_margins":"enable","ocean_add_body_class":"","ocean_shortcode_before_top_bar":"","ocean_shortcode_after_top_bar":"","ocean_shortcode_before_header":"","ocean_shortcode_after_header":"","ocean_has_shortcode":"","ocean_shortcode_after_title":"","ocean_shortcode_before_footer_widgets":"","ocean_shortcode_after_footer_widgets":"","ocean_shortcode_before_footer_bottom":"","ocean_shortcode_after_footer_bottom":"","ocean_display_top_bar":"default","ocean_display_header":"default","ocean_header_style":"","ocean_center_header_left_menu":"0","ocean_custom_header_template":"0","ocean_custom_logo":0,"ocean_custom_retina_logo":0,"ocean_custom_logo_max_width":0,"ocean_custom_logo_tablet_max_width":0,"ocean_custom_logo_mobile_max_width":0,"ocean_custom_logo_max_height":0,"ocean_custom_logo_tablet_max_height":0,"ocean_custom_logo_mobile_max_height":0,"ocean_header_custom_menu":"0","ocean_menu_typo_font_family":"0","ocean_menu_typo_font_subset":"","ocean_menu_typo_font_size":0,"ocean_menu_typo_font_size_tablet":0,"ocean_menu_typo_font_size_mobile":0,"ocean_menu_typo_font_size_unit":"px","ocean_menu_typo_font_weight":"","ocean_menu_typo_font_weight_tablet":"","ocean_menu_typo_font_weight_mobile":"","ocean_menu_typo_transform":"","ocean_menu_typo_transform_tablet":"","ocean_menu_typo_transform_mobile":"","ocean_menu_typo_line_height":0,"ocean_menu_typo_line_height_tablet":0,"ocean_menu_typo_line_height_mobile":0,"ocean_menu_typo_line_height_unit":"","ocean_menu_typo_spacing":0,"ocean_menu_typo_spacing_tablet":0,"ocean_menu_typo_spacing_mobile":0,"ocean_menu_typo_spacing_unit":"","ocean_menu_link_color":"","ocean_menu_link_color_hover":"","ocean_menu_link_color_active":"","ocean_menu_link_background":"","ocean_menu_link_hover_background":"","ocean_menu_link_active_background":"","ocean_menu_social_links_bg":"","ocean_menu_social_hover_links_bg":"","ocean_menu_social_links_color":"","ocean_menu_social_hover_links_color":"","ocean_disable_title":"default","ocean_disable_heading":"default","ocean_post_title":"","ocean_post_subheading":"","ocean_post_title_style":"","ocean_post_title_background_color":"","ocean_post_title_background":0,"ocean_post_title_bg_image_position":"","ocean_post_title_bg_image_attachment":"","ocean_post_title_bg_image_repeat":"","ocean_post_title_bg_image_size":"","ocean_post_title_height":0,"ocean_post_title_bg_overlay":0.5,"ocean_post_title_bg_overlay_color":"","ocean_disable_breadcrumbs":"default","ocean_breadcrumbs_color":"","ocean_breadcrumbs_separator_color":"","ocean_breadcrumbs_links_color":"","ocean_breadcrumbs_links_hover_color":"","ocean_display_footer_widgets":"default","ocean_display_footer_bottom":"default","ocean_custom_footer_template":"0","footnotes":""},"product_brand":[],"product_cat":[211,199],"product_tag":[231],"class_list":{"0":"post-7637","1":"product","2":"type-product","3":"status-publish","4":"has-post-thumbnail","6":"product_cat-tartozekok","7":"product_cat-sup-sale","8":"product_tag-red-paddle-co-en","9":"product_shipping_class-m-package","11":"entry","12":"has-media","14":"first","15":"instock","16":"sale","17":"taxable","18":"shipping-taxable","19":"purchasable","20":"product-type-simple","21":"col","22":"span_1_of_3","23":"owp-content-center","24":"owp-thumbs-layout-horizontal","25":"owp-btn-normal","26":"owp-tabs-layout-section"},"yoast_head":"<!-- This site is optimized with the Yoast SEO plugin v27.3 - https:\/\/yoast.com\/product\/yoast-seo-wordpress\/ -->\n<title>RED Titan Pump 2 - Stand Up Paddle<\/title>\n<meta name=\"description\" content=\"The Titan Pump 2 is the world&#039;s first purpose-built, double chamber SUP pump. It&#039;s designed to cut the amount of time and effort it takes to\" \/>\n<meta name=\"robots\" content=\"index, follow, max-snippet:-1, max-image-preview:large, max-video-preview:-1\" \/>\n<link rel=\"canonical\" href=\"https:\/\/standuppaddle.hu\/en\/sup-webaruhaz-webshop\/titan-pump-2\/\" \/>\n<meta property=\"og:locale\" content=\"en_US\" \/>\n<meta property=\"og:type\" content=\"article\" \/>\n<meta property=\"og:title\" content=\"RED Titan Pump 2 - Stand Up Paddle\" \/>\n<meta property=\"og:description\" content=\"The Titan Pump 2 is the world&#039;s first purpose-built, double chamber SUP pump. It&#039;s designed to cut the amount of time and effort it takes to\" \/>\n<meta property=\"og:url\" content=\"https:\/\/standuppaddle.hu\/en\/sup-webaruhaz-webshop\/titan-pump-2\/\" \/>\n<meta property=\"og:site_name\" content=\"Stand Up Paddle\" \/>\n<meta property=\"article:publisher\" content=\"https:\/\/www.facebook.com\/SUP.Center\/\" \/>\n<meta property=\"article:modified_time\" content=\"2022-12-31T12:41:58+00:00\" \/>\n<meta property=\"og:image\" content=\"https:\/\/standuppaddle.hu\/wp-content\/uploads\/2021\/11\/red-titan-pump-2.jpg\" \/>\n\t<meta property=\"og:image:width\" content=\"600\" \/>\n\t<meta property=\"og:image:height\" content=\"600\" \/>\n\t<meta property=\"og:image:type\" content=\"image\/jpeg\" \/>\n<meta name=\"twitter:card\" content=\"summary_large_image\" \/>\n<meta name=\"twitter:label1\" content=\"Est. reading time\" \/>\n\t<meta name=\"twitter:data1\" content=\"1 minute\" \/>\n<script type=\"application\/ld+json\" class=\"yoast-schema-graph\">{\"@context\":\"https:\\\/\\\/schema.org\",\"@graph\":[{\"@type\":\"WebPage\",\"@id\":\"https:\\\/\\\/standuppaddle.hu\\\/en\\\/sup-webaruhaz-webshop\\\/titan-pump-2\\\/\",\"url\":\"https:\\\/\\\/standuppaddle.hu\\\/en\\\/sup-webaruhaz-webshop\\\/titan-pump-2\\\/\",\"name\":\"RED Titan Pump 2 - Stand Up Paddle\",\"isPartOf\":{\"@id\":\"https:\\\/\\\/standuppaddle.hu\\\/en\\\/#website\"},\"primaryImageOfPage\":{\"@id\":\"https:\\\/\\\/standuppaddle.hu\\\/en\\\/sup-webaruhaz-webshop\\\/titan-pump-2\\\/#primaryimage\"},\"image\":{\"@id\":\"https:\\\/\\\/standuppaddle.hu\\\/en\\\/sup-webaruhaz-webshop\\\/titan-pump-2\\\/#primaryimage\"},\"thumbnailUrl\":\"https:\\\/\\\/standuppaddle.hu\\\/wp-content\\\/uploads\\\/2021\\\/11\\\/red-titan-pump-2.jpg\",\"datePublished\":\"2021-11-28T10:07:49+00:00\",\"dateModified\":\"2022-12-31T12:41:58+00:00\",\"description\":\"The Titan Pump 2 is the world's first purpose-built, double chamber SUP pump. It's designed to cut the amount of time and effort it takes to\",\"breadcrumb\":{\"@id\":\"https:\\\/\\\/standuppaddle.hu\\\/en\\\/sup-webaruhaz-webshop\\\/titan-pump-2\\\/#breadcrumb\"},\"inLanguage\":\"en-US\",\"potentialAction\":[{\"@type\":\"ReadAction\",\"target\":[\"https:\\\/\\\/standuppaddle.hu\\\/en\\\/sup-webaruhaz-webshop\\\/titan-pump-2\\\/\"]}]},{\"@type\":\"ImageObject\",\"inLanguage\":\"en-US\",\"@id\":\"https:\\\/\\\/standuppaddle.hu\\\/en\\\/sup-webaruhaz-webshop\\\/titan-pump-2\\\/#primaryimage\",\"url\":\"https:\\\/\\\/standuppaddle.hu\\\/wp-content\\\/uploads\\\/2021\\\/11\\\/red-titan-pump-2.jpg\",\"contentUrl\":\"https:\\\/\\\/standuppaddle.hu\\\/wp-content\\\/uploads\\\/2021\\\/11\\\/red-titan-pump-2.jpg\",\"width\":600,\"height\":600},{\"@type\":\"BreadcrumbList\",\"@id\":\"https:\\\/\\\/standuppaddle.hu\\\/en\\\/sup-webaruhaz-webshop\\\/titan-pump-2\\\/#breadcrumb\",\"itemListElement\":[{\"@type\":\"ListItem\",\"position\":1,\"name\":\"Home\",\"item\":\"https:\\\/\\\/standuppaddle.hu\\\/en\\\/\"},{\"@type\":\"ListItem\",\"position\":2,\"name\":\"SUP products in stock:\",\"item\":\"https:\\\/\\\/standuppaddle.hu\\\/en\\\/sup-webshop\\\/\"},{\"@type\":\"ListItem\",\"position\":3,\"name\":\"RED Titan Pump 2\"}]},{\"@type\":\"WebSite\",\"@id\":\"https:\\\/\\\/standuppaddle.hu\\\/en\\\/#website\",\"url\":\"https:\\\/\\\/standuppaddle.hu\\\/en\\\/\",\"name\":\"Stand Up Paddle\",\"description\":\"\u00e1llva evez\u00e9s - \u00e1ll\u00f3 sz\u00f6rf - SUP Center Balaton\",\"publisher\":{\"@id\":\"https:\\\/\\\/standuppaddle.hu\\\/en\\\/#organization\"},\"potentialAction\":[{\"@type\":\"SearchAction\",\"target\":{\"@type\":\"EntryPoint\",\"urlTemplate\":\"https:\\\/\\\/standuppaddle.hu\\\/en\\\/?s={search_term_string}\"},\"query-input\":{\"@type\":\"PropertyValueSpecification\",\"valueRequired\":true,\"valueName\":\"search_term_string\"}}],\"inLanguage\":\"en-US\"},{\"@type\":\"Organization\",\"@id\":\"https:\\\/\\\/standuppaddle.hu\\\/en\\\/#organization\",\"name\":\"SUP Center Balaton\",\"url\":\"https:\\\/\\\/standuppaddle.hu\\\/en\\\/\",\"logo\":{\"@type\":\"ImageObject\",\"inLanguage\":\"en-US\",\"@id\":\"https:\\\/\\\/standuppaddle.hu\\\/en\\\/#\\\/schema\\\/logo\\\/image\\\/\",\"url\":\"https:\\\/\\\/standuppaddle.hu\\\/wp-content\\\/uploads\\\/2019\\\/10\\\/sup-center-balaton-logo.jpg\",\"contentUrl\":\"https:\\\/\\\/standuppaddle.hu\\\/wp-content\\\/uploads\\\/2019\\\/10\\\/sup-center-balaton-logo.jpg\",\"width\":2492,\"height\":1075,\"caption\":\"SUP Center Balaton\"},\"image\":{\"@id\":\"https:\\\/\\\/standuppaddle.hu\\\/en\\\/#\\\/schema\\\/logo\\\/image\\\/\"},\"sameAs\":[\"https:\\\/\\\/www.facebook.com\\\/SUP.Center\\\/\",\"https:\\\/\\\/www.instagram.com\\\/sup_center_balaton\\\/\",\"https:\\\/\\\/www.youtube.com\\\/channel\\\/UCaX3OG6gvkhCqeZSw1zgTmw\"]}]}<\/script>\n<!-- \/ Yoast SEO plugin. -->","yoast_head_json":{"title":"RED Titan Pump 2 - Stand Up Paddle","description":"The Titan Pump 2 is the world's first purpose-built, double chamber SUP pump. It's designed to cut the amount of time and effort it takes to","robots":{"index":"index","follow":"follow","max-snippet":"max-snippet:-1","max-image-preview":"max-image-preview:large","max-video-preview":"max-video-preview:-1"},"canonical":"https:\/\/standuppaddle.hu\/en\/sup-webaruhaz-webshop\/titan-pump-2\/","og_locale":"en_US","og_type":"article","og_title":"RED Titan Pump 2 - Stand Up Paddle","og_description":"The Titan Pump 2 is the world's first purpose-built, double chamber SUP pump. It's designed to cut the amount of time and effort it takes to","og_url":"https:\/\/standuppaddle.hu\/en\/sup-webaruhaz-webshop\/titan-pump-2\/","og_site_name":"Stand Up Paddle","article_publisher":"https:\/\/www.facebook.com\/SUP.Center\/","article_modified_time":"2022-12-31T12:41:58+00:00","og_image":[{"width":600,"height":600,"url":"https:\/\/standuppaddle.hu\/wp-content\/uploads\/2021\/11\/red-titan-pump-2.jpg","type":"image\/jpeg"}],"twitter_card":"summary_large_image","twitter_misc":{"Est. reading time":"1 minute"},"schema":{"@context":"https:\/\/schema.org","@graph":[{"@type":"WebPage","@id":"https:\/\/standuppaddle.hu\/en\/sup-webaruhaz-webshop\/titan-pump-2\/","url":"https:\/\/standuppaddle.hu\/en\/sup-webaruhaz-webshop\/titan-pump-2\/","name":"RED Titan Pump 2 - Stand Up Paddle","isPartOf":{"@id":"https:\/\/standuppaddle.hu\/en\/#website"},"primaryImageOfPage":{"@id":"https:\/\/standuppaddle.hu\/en\/sup-webaruhaz-webshop\/titan-pump-2\/#primaryimage"},"image":{"@id":"https:\/\/standuppaddle.hu\/en\/sup-webaruhaz-webshop\/titan-pump-2\/#primaryimage"},"thumbnailUrl":"https:\/\/standuppaddle.hu\/wp-content\/uploads\/2021\/11\/red-titan-pump-2.jpg","datePublished":"2021-11-28T10:07:49+00:00","dateModified":"2022-12-31T12:41:58+00:00","description":"The Titan Pump 2 is the world's first purpose-built, double chamber SUP pump. It's designed to cut the amount of time and effort it takes to","breadcrumb":{"@id":"https:\/\/standuppaddle.hu\/en\/sup-webaruhaz-webshop\/titan-pump-2\/#breadcrumb"},"inLanguage":"en-US","potentialAction":[{"@type":"ReadAction","target":["https:\/\/standuppaddle.hu\/en\/sup-webaruhaz-webshop\/titan-pump-2\/"]}]},{"@type":"ImageObject","inLanguage":"en-US","@id":"https:\/\/standuppaddle.hu\/en\/sup-webaruhaz-webshop\/titan-pump-2\/#primaryimage","url":"https:\/\/standuppaddle.hu\/wp-content\/uploads\/2021\/11\/red-titan-pump-2.jpg","contentUrl":"https:\/\/standuppaddle.hu\/wp-content\/uploads\/2021\/11\/red-titan-pump-2.jpg","width":600,"height":600},{"@type":"BreadcrumbList","@id":"https:\/\/standuppaddle.hu\/en\/sup-webaruhaz-webshop\/titan-pump-2\/#breadcrumb","itemListElement":[{"@type":"ListItem","position":1,"name":"Home","item":"https:\/\/standuppaddle.hu\/en\/"},{"@type":"ListItem","position":2,"name":"SUP products in stock:","item":"https:\/\/standuppaddle.hu\/en\/sup-webshop\/"},{"@type":"ListItem","position":3,"name":"RED Titan Pump 2"}]},{"@type":"WebSite","@id":"https:\/\/standuppaddle.hu\/en\/#website","url":"https:\/\/standuppaddle.hu\/en\/","name":"Stand Up Paddle","description":"\u00e1llva evez\u00e9s - \u00e1ll\u00f3 sz\u00f6rf - SUP Center Balaton","publisher":{"@id":"https:\/\/standuppaddle.hu\/en\/#organization"},"potentialAction":[{"@type":"SearchAction","target":{"@type":"EntryPoint","urlTemplate":"https:\/\/standuppaddle.hu\/en\/?s={search_term_string}"},"query-input":{"@type":"PropertyValueSpecification","valueRequired":true,"valueName":"search_term_string"}}],"inLanguage":"en-US"},{"@type":"Organization","@id":"https:\/\/standuppaddle.hu\/en\/#organization","name":"SUP Center Balaton","url":"https:\/\/standuppaddle.hu\/en\/","logo":{"@type":"ImageObject","inLanguage":"en-US","@id":"https:\/\/standuppaddle.hu\/en\/#\/schema\/logo\/image\/","url":"https:\/\/standuppaddle.hu\/wp-content\/uploads\/2019\/10\/sup-center-balaton-logo.jpg","contentUrl":"https:\/\/standuppaddle.hu\/wp-content\/uploads\/2019\/10\/sup-center-balaton-logo.jpg","width":2492,"height":1075,"caption":"SUP Center Balaton"},"image":{"@id":"https:\/\/standuppaddle.hu\/en\/#\/schema\/logo\/image\/"},"sameAs":["https:\/\/www.facebook.com\/SUP.Center\/","https:\/\/www.instagram.com\/sup_center_balaton\/","https:\/\/www.youtube.com\/channel\/UCaX3OG6gvkhCqeZSw1zgTmw"]}]}},"_links":{"self":[{"href":"https:\/\/standuppaddle.hu\/en\/wp-json\/wp\/v2\/product\/7637","targetHints":{"allow":["GET"]}}],"collection":[{"href":"https:\/\/standuppaddle.hu\/en\/wp-json\/wp\/v2\/product"}],"about":[{"href":"https:\/\/standuppaddle.hu\/en\/wp-json\/wp\/v2\/types\/product"}],"version-history":[{"count":1,"href":"https:\/\/standuppaddle.hu\/en\/wp-json\/wp\/v2\/product\/7637\/revisions"}],"predecessor-version":[{"id":11197,"href":"https:\/\/standuppaddle.hu\/en\/wp-json\/wp\/v2\/product\/7637\/revisions\/11197"}],"wp:featuredmedia":[{"embeddable":true,"href":"https:\/\/standuppaddle.hu\/en\/wp-json\/wp\/v2\/media\/9188"}],"wp:attachment":[{"href":"https:\/\/standuppaddle.hu\/en\/wp-json\/wp\/v2\/media?parent=7637"}],"wp:term":[{"taxonomy":"product_brand","embeddable":true,"href":"https:\/\/standuppaddle.hu\/en\/wp-json\/wp\/v2\/product_brand?post=7637"},{"taxonomy":"product_cat","embeddable":true,"href":"https:\/\/standuppaddle.hu\/en\/wp-json\/wp\/v2\/product_cat?post=7637"},{"taxonomy":"product_tag","embeddable":true,"href":"https:\/\/standuppaddle.hu\/en\/wp-json\/wp\/v2\/product_tag?post=7637"}],"curies":[{"name":"wp","href":"https:\/\/api.w.org\/{rel}","templated":true}]}}