{"id":7535,"date":"2026-03-20T17:25:32","date_gmt":"2026-03-20T16:25:32","guid":{"rendered":"https:\/\/standuppaddle.hu\/?post_type=product&#038;p=7535"},"modified":"2025-10-08T08:24:14","modified_gmt":"2025-10-08T06:24:14","slug":"2-red-120-compact-package","status":"publish","type":"product","link":"https:\/\/standuppaddle.hu\/en\/sup-webaruhaz-webshop\/2-red-120-compact-package\/","title":{"rendered":"RED 12&#8217;0 Compact Voyager Package"},"content":{"rendered":"<h3>RED 12&#8217;0 COMPACT VOYAGER PACKAGE<\/h3>\n<p>Introducing our 12\u20190 Compact, designed with the adventurous paddler in mind. Full of features and Red Paddle Co innovations, this board is an ideal match for paddlers who are passionate about going further and touring further than anyone before with the convenience of a compact all-in-one package.<\/p>\n<p>The 12\u20190 increased length makes this board perfect for the ultimate explorer who wants to travel the world with their SUP. Designed with a drawn out shape to increase glide, the 12&#8217;0 Compact is ideal for paddlers who want to explore without limitation. Large volume make this board an ideal exploring and touring board, designed for competent paddlers.<\/p>\n<p>The board has a quad stringer tensioning system, giving maximum rigidity, while the split deck pad means the board is easier than ever to fold and roll away into a super small package, making it the most transportable adventure SUP on the market. The board has a super-strong but supple outer layer that can be packed away neatly in its Compact backpack.<\/p>\n<p>Based on the ever-popular Red Paddle Co Voyager, this board provides the perfect blend of stability and manoeuvrability and is packed full of features and innovations found on the popular Voyager range. An accessory mount and additional cargo points mean you\u2019re set for any adventure you could think of.<\/p>\n<p><strong>ACT\u2122 Technology:<\/strong>\u00a0\u00a0is a new drop stitch weaving process which creates an extra-high-tensile thread matrix at the core of the board that combines with a super-strong but malleable outer layer and a tensile quad stringer-system.<\/p>\n<p>The result of this new technology is a board that always keeps its shape when inflated, but packs down to an ultra-small size once you\u2019ve let out the air. PACT\u2122 Technology features a completely new durable material with a high resolution thread matrix but is malleable to ensure easy packing.<\/p>\n<p><strong>RSS battens:\u00a0<\/strong>RSS Batten technology is unique to Red Paddle Co \u2013 they designed and patented it to make boards even stiffer to deliver greater performance. It works by slotting two stiffening battens into pockets that are individually laminated onto the side of the board. They\u2019ve proved this makes the board up to 40 per cent stiffer.<\/p>\n<p><b>Flat Bungee Cargo System:<\/b>\u00a0Now with a new and improved cargo system made up of three adjustable bungee straps. The bottom two straps are closer together, making it easier to store smaller kit items. A twin d-ring locking system allows easy adjustment and release and the small loop is ideal for water bottle storage. A reinforced cargo point so you can strap on enough cargo for any adventure.<\/p>\n<p><b>Ergonomic tubular handles<\/b>\u00a0on all boards to give a cushioned, comfy grip when carrying your board.<\/p>\n<p><b>New Titan II pump!\u00a0<\/b>Included with all of our SUP packages, our newly refined industry-leading Titan II pump takes you from neatly-packed to fully-inflated in half the time, with half the effort.<\/p>\n<p><strong>NEW! COMPACT VOYAGER BACKPACK:<\/strong> <i>THE COMPACT backpack is highly engineered to offer unique levels of adjustability and\u00a0<\/i><i>comfort, plus incredible shoulder and back support.<\/i><\/p>\n<p>The 12\u20190 Compact backpack is based on our original Compact bag (supplied with 11&#8217;0 and 9&#8217;6 Compact.<\/p>\n<p>We think it\u2019s the most highly engineered SUP bag on the planet, and as it applies approximately 53% less downforce on the carrier\u2019s lower back, you can travel for longer in comfort. With customisable lumbar support and adjustable height features, it\u2019s suitable for almost any size of paddler.\u00a0All these combine to make it a pleasure to carry, whether you\u2019re on a short walk to the water or off on an epic adventure.<b><\/b><\/p>\n<p><strong>5 piece paddle:<\/strong>\u00a0Creating a compact paddle was not an easy task, but we have found the perfect solution: a five piece paddle. As a result, it packs away perfectly, but it is still adjustable with no compromise on the water.<br \/>\nMade of high-modulus carbon for extra rigidity, with a durable pure nylon blade. The Nylon blade of the paddle is laser etched, with no printing, chemicals or transfers and produced with a single pure material. Meaning the design will stay on forever, resulting in no aesthetic implications.<br \/>\nOur new anti-twist adjustment system with 45 degree cut push-pin technology has resulted in our most compact paddle yet.<\/p>\n<p><strong>Click fins:<\/strong>\u00a0They use a simple click fin system with a secondary screw for added security. The two off set fin boxes themselves are also compatible with standard FCS fins, so you can customise the feel of your board on the water.<\/p>\n<p><strong>The 12&#8217;0 Compact package includes the following:<\/strong><\/p>\n<ul>\n<li>Backpack<\/li>\n<li>Five-piece paddle<\/li>\n<li>2 RSS battens<\/li>\n<li>2 Click Fins<\/li>\n<li>Titan pump II<\/li>\n<li>Leash<\/li>\n<li>Service set<\/li>\n<li>Waterproof phone case<\/li>\n<\/ul>\n<table class=\"woocommerce-product-attributes shop_attributes\">\n<tbody>\n<tr class=\"woocommerce-product-attributes-item woocommerce-product-attributes-item--0\">\n<th class=\"woocommerce-product-attributes-item__label\">BOARD VOLUME<\/th>\n<td class=\"woocommerce-product-attributes-item__value\">302 liter<\/td>\n<\/tr>\n<tr class=\"woocommerce-product-attributes-item woocommerce-product-attributes-item--1\">\n<th class=\"woocommerce-product-attributes-item__label\">MAX. RIDER WEIGHT<\/th>\n<td class=\"woocommerce-product-attributes-item__value\">110 kg<\/td>\n<\/tr>\n<tr class=\"woocommerce-product-attributes-item woocommerce-product-attributes-item--2\">\n<th class=\"woocommerce-product-attributes-item__label\">MAX. LOAD<\/th>\n<td class=\"woocommerce-product-attributes-item__value\">202 kg<\/td>\n<\/tr>\n<tr class=\"woocommerce-product-attributes-item woocommerce-product-attributes-item--3\">\n<th class=\"woocommerce-product-attributes-item__label\">BOARD LENGTH<\/th>\n<td class=\"woocommerce-product-attributes-item__value\">12&#8217;0&#8243; \/ 366 cm<\/td>\n<\/tr>\n<tr class=\"woocommerce-product-attributes-item woocommerce-product-attributes-item--4\">\n<th class=\"woocommerce-product-attributes-item__label\">BOARD WIDTH<\/th>\n<td class=\"woocommerce-product-attributes-item__value\">32\u2033 \/ 81cm<\/td>\n<\/tr>\n<tr class=\"woocommerce-product-attributes-item woocommerce-product-attributes-item--5\">\n<th class=\"woocommerce-product-attributes-item__label\">BOARD WEIGHT<\/th>\n<td class=\"woocommerce-product-attributes-item__value\">10.15 kg<\/td>\n<\/tr>\n<tr class=\"woocommerce-product-attributes-item woocommerce-product-attributes-item--6\">\n<th class=\"woocommerce-product-attributes-item__label\">PACKAGE WEIGHT<\/th>\n<td class=\"woocommerce-product-attributes-item__value\">14.8kg<\/td>\n<\/tr>\n<tr class=\"woocommerce-product-attributes-item woocommerce-product-attributes-item--7\">\n<th class=\"woocommerce-product-attributes-item__label\">RIDERS<\/th>\n<td class=\"woocommerce-product-attributes-item__value\">1-2<\/td>\n<\/tr>\n<tr class=\"woocommerce-product-attributes-item woocommerce-product-attributes-item--8\">\n<th class=\"woocommerce-product-attributes-item__label\">BAG SIZE<\/th>\n<td class=\"woocommerce-product-attributes-item__value\">60cm (h) x 42cm (sz) x 36cm (m)<\/td>\n<\/tr>\n<tr class=\"woocommerce-product-attributes-item woocommerce-product-attributes-item--9\">\n<th class=\"woocommerce-product-attributes-item__label\">BAG VOLUME<\/th>\n<td class=\"woocommerce-product-attributes-item__value\">90 liter<\/td>\n<\/tr>\n<tr class=\"woocommerce-product-attributes-item woocommerce-product-attributes-item--10\">\n<th class=\"woocommerce-product-attributes-item__label\">FINS<\/th>\n<td class=\"woocommerce-product-attributes-item__value\">2x Twin Click Fins<\/td>\n<\/tr>\n<\/tbody>\n<\/table>\n","protected":false},"excerpt":{"rendered":"<p><img loading=\"lazy\" decoding=\"async\" class=\"alignnone size-full wp-image-8293\" src=\"https:\/\/standuppaddle.hu\/wp-content\/uploads\/2021\/12\/free-sup-delivery.jpg\" alt=\"\" width=\"159\" height=\"150\" \/><\/p>\n","protected":false},"featured_media":12310,"template":"","meta":{"ocean_post_layout":"","ocean_both_sidebars_style":"","ocean_both_sidebars_content_width":0,"ocean_both_sidebars_sidebars_width":0,"ocean_sidebar":"0","ocean_second_sidebar":"0","ocean_disable_margins":"enable","ocean_add_body_class":"","ocean_shortcode_before_top_bar":"","ocean_shortcode_after_top_bar":"","ocean_shortcode_before_header":"","ocean_shortcode_after_header":"","ocean_has_shortcode":"","ocean_shortcode_after_title":"","ocean_shortcode_before_footer_widgets":"","ocean_shortcode_after_footer_widgets":"","ocean_shortcode_before_footer_bottom":"","ocean_shortcode_after_footer_bottom":"","ocean_display_top_bar":"default","ocean_display_header":"default","ocean_header_style":"","ocean_center_header_left_menu":"0","ocean_custom_header_template":"0","ocean_custom_logo":0,"ocean_custom_retina_logo":0,"ocean_custom_logo_max_width":0,"ocean_custom_logo_tablet_max_width":0,"ocean_custom_logo_mobile_max_width":0,"ocean_custom_logo_max_height":0,"ocean_custom_logo_tablet_max_height":0,"ocean_custom_logo_mobile_max_height":0,"ocean_header_custom_menu":"0","ocean_menu_typo_font_family":"0","ocean_menu_typo_font_subset":"","ocean_menu_typo_font_size":0,"ocean_menu_typo_font_size_tablet":0,"ocean_menu_typo_font_size_mobile":0,"ocean_menu_typo_font_size_unit":"px","ocean_menu_typo_font_weight":"","ocean_menu_typo_font_weight_tablet":"","ocean_menu_typo_font_weight_mobile":"","ocean_menu_typo_transform":"","ocean_menu_typo_transform_tablet":"","ocean_menu_typo_transform_mobile":"","ocean_menu_typo_line_height":0,"ocean_menu_typo_line_height_tablet":0,"ocean_menu_typo_line_height_mobile":0,"ocean_menu_typo_line_height_unit":"","ocean_menu_typo_spacing":0,"ocean_menu_typo_spacing_tablet":0,"ocean_menu_typo_spacing_mobile":0,"ocean_menu_typo_spacing_unit":"","ocean_menu_link_color":"","ocean_menu_link_color_hover":"","ocean_menu_link_color_active":"","ocean_menu_link_background":"","ocean_menu_link_hover_background":"","ocean_menu_link_active_background":"","ocean_menu_social_links_bg":"","ocean_menu_social_hover_links_bg":"","ocean_menu_social_links_color":"","ocean_menu_social_hover_links_color":"","ocean_disable_title":"default","ocean_disable_heading":"default","ocean_post_title":"","ocean_post_subheading":"","ocean_post_title_style":"","ocean_post_title_background_color":"","ocean_post_title_background":0,"ocean_post_title_bg_image_position":"","ocean_post_title_bg_image_attachment":"","ocean_post_title_bg_image_repeat":"","ocean_post_title_bg_image_size":"","ocean_post_title_height":0,"ocean_post_title_bg_overlay":0.5,"ocean_post_title_bg_overlay_color":"","ocean_disable_breadcrumbs":"default","ocean_breadcrumbs_color":"","ocean_breadcrumbs_separator_color":"","ocean_breadcrumbs_links_color":"","ocean_breadcrumbs_links_hover_color":"","ocean_display_footer_widgets":"default","ocean_display_footer_bottom":"default","ocean_custom_footer_template":"0","footnotes":""},"product_brand":[],"product_cat":[585,223,199,215,582],"product_tag":[231],"class_list":{"0":"post-7535","1":"product","2":"type-product","3":"status-publish","4":"has-post-thumbnail","6":"product_cat-compact-sup-packages","7":"product_cat-inflatable-isup-boards","8":"product_cat-sup-sale","9":"product_cat-touring-sup-boards","10":"product_cat-v2","11":"product_tag-red-paddle-co-en","12":"product_shipping_class-xl-package","14":"entry","15":"has-media","17":"first","18":"instock","19":"sale","20":"taxable","21":"shipping-taxable","22":"purchasable","23":"product-type-simple","24":"col","25":"span_1_of_3","26":"owp-content-center","27":"owp-thumbs-layout-horizontal","28":"owp-btn-normal","29":"owp-tabs-layout-section"},"yoast_head":"<!-- This site is optimized with the Yoast SEO plugin v27.3 - https:\/\/yoast.com\/product\/yoast-seo-wordpress\/ -->\n<title>RED 12&#039;0 Compact Voyager Package - Stand Up Paddle<\/title>\n<meta name=\"robots\" content=\"index, follow, max-snippet:-1, max-image-preview:large, max-video-preview:-1\" \/>\n<link rel=\"canonical\" href=\"https:\/\/standuppaddle.hu\/en\/sup-webaruhaz-webshop\/2-red-120-compact-package\/\" \/>\n<meta property=\"og:locale\" content=\"en_US\" \/>\n<meta property=\"og:type\" content=\"article\" \/>\n<meta property=\"og:title\" content=\"RED 12&#039;0 Compact Voyager Package - Stand Up Paddle\" \/>\n<meta property=\"og:url\" content=\"https:\/\/standuppaddle.hu\/en\/sup-webaruhaz-webshop\/2-red-120-compact-package\/\" \/>\n<meta property=\"og:site_name\" content=\"Stand Up Paddle\" \/>\n<meta property=\"article:publisher\" content=\"https:\/\/www.facebook.com\/SUP.Center\/\" \/>\n<meta property=\"og:image\" content=\"https:\/\/standuppaddle.hu\/wp-content\/uploads\/2021\/10\/Compact_12.0_sup_csomag.jpg\" \/>\n\t<meta property=\"og:image:width\" content=\"1000\" \/>\n\t<meta property=\"og:image:height\" content=\"1000\" \/>\n\t<meta property=\"og:image:type\" content=\"image\/jpeg\" \/>\n<meta name=\"twitter:card\" content=\"summary_large_image\" \/>\n<meta name=\"twitter:label1\" content=\"Est. reading time\" \/>\n\t<meta name=\"twitter:data1\" content=\"5 minutes\" \/>\n<script type=\"application\/ld+json\" class=\"yoast-schema-graph\">{\"@context\":\"https:\\\/\\\/schema.org\",\"@graph\":[{\"@type\":\"WebPage\",\"@id\":\"https:\\\/\\\/standuppaddle.hu\\\/en\\\/sup-webaruhaz-webshop\\\/2-red-120-compact-package\\\/\",\"url\":\"https:\\\/\\\/standuppaddle.hu\\\/en\\\/sup-webaruhaz-webshop\\\/2-red-120-compact-package\\\/\",\"name\":\"RED 12'0 Compact Voyager Package - Stand Up Paddle\",\"isPartOf\":{\"@id\":\"https:\\\/\\\/standuppaddle.hu\\\/en\\\/#website\"},\"primaryImageOfPage\":{\"@id\":\"https:\\\/\\\/standuppaddle.hu\\\/en\\\/sup-webaruhaz-webshop\\\/2-red-120-compact-package\\\/#primaryimage\"},\"image\":{\"@id\":\"https:\\\/\\\/standuppaddle.hu\\\/en\\\/sup-webaruhaz-webshop\\\/2-red-120-compact-package\\\/#primaryimage\"},\"thumbnailUrl\":\"https:\\\/\\\/standuppaddle.hu\\\/wp-content\\\/uploads\\\/2021\\\/10\\\/Compact_12.0_sup_csomag.jpg\",\"datePublished\":\"2026-03-20T16:25:32+00:00\",\"breadcrumb\":{\"@id\":\"https:\\\/\\\/standuppaddle.hu\\\/en\\\/sup-webaruhaz-webshop\\\/2-red-120-compact-package\\\/#breadcrumb\"},\"inLanguage\":\"en-US\",\"potentialAction\":[{\"@type\":\"ReadAction\",\"target\":[\"https:\\\/\\\/standuppaddle.hu\\\/en\\\/sup-webaruhaz-webshop\\\/2-red-120-compact-package\\\/\"]}]},{\"@type\":\"ImageObject\",\"inLanguage\":\"en-US\",\"@id\":\"https:\\\/\\\/standuppaddle.hu\\\/en\\\/sup-webaruhaz-webshop\\\/2-red-120-compact-package\\\/#primaryimage\",\"url\":\"https:\\\/\\\/standuppaddle.hu\\\/wp-content\\\/uploads\\\/2021\\\/10\\\/Compact_12.0_sup_csomag.jpg\",\"contentUrl\":\"https:\\\/\\\/standuppaddle.hu\\\/wp-content\\\/uploads\\\/2021\\\/10\\\/Compact_12.0_sup_csomag.jpg\",\"width\":1000,\"height\":1000},{\"@type\":\"BreadcrumbList\",\"@id\":\"https:\\\/\\\/standuppaddle.hu\\\/en\\\/sup-webaruhaz-webshop\\\/2-red-120-compact-package\\\/#breadcrumb\",\"itemListElement\":[{\"@type\":\"ListItem\",\"position\":1,\"name\":\"Home\",\"item\":\"https:\\\/\\\/standuppaddle.hu\\\/en\\\/\"},{\"@type\":\"ListItem\",\"position\":2,\"name\":\"SUP products in stock:\",\"item\":\"https:\\\/\\\/standuppaddle.hu\\\/en\\\/sup-webshop\\\/\"},{\"@type\":\"ListItem\",\"position\":3,\"name\":\"RED 12&#8217;0 Compact Voyager Package\"}]},{\"@type\":\"WebSite\",\"@id\":\"https:\\\/\\\/standuppaddle.hu\\\/en\\\/#website\",\"url\":\"https:\\\/\\\/standuppaddle.hu\\\/en\\\/\",\"name\":\"Stand Up Paddle\",\"description\":\"\u00e1llva evez\u00e9s - \u00e1ll\u00f3 sz\u00f6rf - SUP Center Balaton\",\"publisher\":{\"@id\":\"https:\\\/\\\/standuppaddle.hu\\\/en\\\/#organization\"},\"potentialAction\":[{\"@type\":\"SearchAction\",\"target\":{\"@type\":\"EntryPoint\",\"urlTemplate\":\"https:\\\/\\\/standuppaddle.hu\\\/en\\\/?s={search_term_string}\"},\"query-input\":{\"@type\":\"PropertyValueSpecification\",\"valueRequired\":true,\"valueName\":\"search_term_string\"}}],\"inLanguage\":\"en-US\"},{\"@type\":\"Organization\",\"@id\":\"https:\\\/\\\/standuppaddle.hu\\\/en\\\/#organization\",\"name\":\"SUP Center Balaton\",\"url\":\"https:\\\/\\\/standuppaddle.hu\\\/en\\\/\",\"logo\":{\"@type\":\"ImageObject\",\"inLanguage\":\"en-US\",\"@id\":\"https:\\\/\\\/standuppaddle.hu\\\/en\\\/#\\\/schema\\\/logo\\\/image\\\/\",\"url\":\"https:\\\/\\\/standuppaddle.hu\\\/wp-content\\\/uploads\\\/2019\\\/10\\\/sup-center-balaton-logo.jpg\",\"contentUrl\":\"https:\\\/\\\/standuppaddle.hu\\\/wp-content\\\/uploads\\\/2019\\\/10\\\/sup-center-balaton-logo.jpg\",\"width\":2492,\"height\":1075,\"caption\":\"SUP Center Balaton\"},\"image\":{\"@id\":\"https:\\\/\\\/standuppaddle.hu\\\/en\\\/#\\\/schema\\\/logo\\\/image\\\/\"},\"sameAs\":[\"https:\\\/\\\/www.facebook.com\\\/SUP.Center\\\/\",\"https:\\\/\\\/www.instagram.com\\\/sup_center_balaton\\\/\",\"https:\\\/\\\/www.youtube.com\\\/channel\\\/UCaX3OG6gvkhCqeZSw1zgTmw\"]}]}<\/script>\n<!-- \/ Yoast SEO plugin. -->","yoast_head_json":{"title":"RED 12'0 Compact Voyager Package - Stand Up Paddle","robots":{"index":"index","follow":"follow","max-snippet":"max-snippet:-1","max-image-preview":"max-image-preview:large","max-video-preview":"max-video-preview:-1"},"canonical":"https:\/\/standuppaddle.hu\/en\/sup-webaruhaz-webshop\/2-red-120-compact-package\/","og_locale":"en_US","og_type":"article","og_title":"RED 12'0 Compact Voyager Package - Stand Up Paddle","og_url":"https:\/\/standuppaddle.hu\/en\/sup-webaruhaz-webshop\/2-red-120-compact-package\/","og_site_name":"Stand Up Paddle","article_publisher":"https:\/\/www.facebook.com\/SUP.Center\/","og_image":[{"width":1000,"height":1000,"url":"https:\/\/standuppaddle.hu\/wp-content\/uploads\/2021\/10\/Compact_12.0_sup_csomag.jpg","type":"image\/jpeg"}],"twitter_card":"summary_large_image","twitter_misc":{"Est. reading time":"5 minutes"},"schema":{"@context":"https:\/\/schema.org","@graph":[{"@type":"WebPage","@id":"https:\/\/standuppaddle.hu\/en\/sup-webaruhaz-webshop\/2-red-120-compact-package\/","url":"https:\/\/standuppaddle.hu\/en\/sup-webaruhaz-webshop\/2-red-120-compact-package\/","name":"RED 12'0 Compact Voyager Package - Stand Up Paddle","isPartOf":{"@id":"https:\/\/standuppaddle.hu\/en\/#website"},"primaryImageOfPage":{"@id":"https:\/\/standuppaddle.hu\/en\/sup-webaruhaz-webshop\/2-red-120-compact-package\/#primaryimage"},"image":{"@id":"https:\/\/standuppaddle.hu\/en\/sup-webaruhaz-webshop\/2-red-120-compact-package\/#primaryimage"},"thumbnailUrl":"https:\/\/standuppaddle.hu\/wp-content\/uploads\/2021\/10\/Compact_12.0_sup_csomag.jpg","datePublished":"2026-03-20T16:25:32+00:00","breadcrumb":{"@id":"https:\/\/standuppaddle.hu\/en\/sup-webaruhaz-webshop\/2-red-120-compact-package\/#breadcrumb"},"inLanguage":"en-US","potentialAction":[{"@type":"ReadAction","target":["https:\/\/standuppaddle.hu\/en\/sup-webaruhaz-webshop\/2-red-120-compact-package\/"]}]},{"@type":"ImageObject","inLanguage":"en-US","@id":"https:\/\/standuppaddle.hu\/en\/sup-webaruhaz-webshop\/2-red-120-compact-package\/#primaryimage","url":"https:\/\/standuppaddle.hu\/wp-content\/uploads\/2021\/10\/Compact_12.0_sup_csomag.jpg","contentUrl":"https:\/\/standuppaddle.hu\/wp-content\/uploads\/2021\/10\/Compact_12.0_sup_csomag.jpg","width":1000,"height":1000},{"@type":"BreadcrumbList","@id":"https:\/\/standuppaddle.hu\/en\/sup-webaruhaz-webshop\/2-red-120-compact-package\/#breadcrumb","itemListElement":[{"@type":"ListItem","position":1,"name":"Home","item":"https:\/\/standuppaddle.hu\/en\/"},{"@type":"ListItem","position":2,"name":"SUP products in stock:","item":"https:\/\/standuppaddle.hu\/en\/sup-webshop\/"},{"@type":"ListItem","position":3,"name":"RED 12&#8217;0 Compact Voyager Package"}]},{"@type":"WebSite","@id":"https:\/\/standuppaddle.hu\/en\/#website","url":"https:\/\/standuppaddle.hu\/en\/","name":"Stand Up Paddle","description":"\u00e1llva evez\u00e9s - \u00e1ll\u00f3 sz\u00f6rf - SUP Center Balaton","publisher":{"@id":"https:\/\/standuppaddle.hu\/en\/#organization"},"potentialAction":[{"@type":"SearchAction","target":{"@type":"EntryPoint","urlTemplate":"https:\/\/standuppaddle.hu\/en\/?s={search_term_string}"},"query-input":{"@type":"PropertyValueSpecification","valueRequired":true,"valueName":"search_term_string"}}],"inLanguage":"en-US"},{"@type":"Organization","@id":"https:\/\/standuppaddle.hu\/en\/#organization","name":"SUP Center Balaton","url":"https:\/\/standuppaddle.hu\/en\/","logo":{"@type":"ImageObject","inLanguage":"en-US","@id":"https:\/\/standuppaddle.hu\/en\/#\/schema\/logo\/image\/","url":"https:\/\/standuppaddle.hu\/wp-content\/uploads\/2019\/10\/sup-center-balaton-logo.jpg","contentUrl":"https:\/\/standuppaddle.hu\/wp-content\/uploads\/2019\/10\/sup-center-balaton-logo.jpg","width":2492,"height":1075,"caption":"SUP Center Balaton"},"image":{"@id":"https:\/\/standuppaddle.hu\/en\/#\/schema\/logo\/image\/"},"sameAs":["https:\/\/www.facebook.com\/SUP.Center\/","https:\/\/www.instagram.com\/sup_center_balaton\/","https:\/\/www.youtube.com\/channel\/UCaX3OG6gvkhCqeZSw1zgTmw"]}]}},"_links":{"self":[{"href":"https:\/\/standuppaddle.hu\/en\/wp-json\/wp\/v2\/product\/7535","targetHints":{"allow":["GET"]}}],"collection":[{"href":"https:\/\/standuppaddle.hu\/en\/wp-json\/wp\/v2\/product"}],"about":[{"href":"https:\/\/standuppaddle.hu\/en\/wp-json\/wp\/v2\/types\/product"}],"version-history":[{"count":5,"href":"https:\/\/standuppaddle.hu\/en\/wp-json\/wp\/v2\/product\/7535\/revisions"}],"predecessor-version":[{"id":13260,"href":"https:\/\/standuppaddle.hu\/en\/wp-json\/wp\/v2\/product\/7535\/revisions\/13260"}],"wp:featuredmedia":[{"embeddable":true,"href":"https:\/\/standuppaddle.hu\/en\/wp-json\/wp\/v2\/media\/12310"}],"wp:attachment":[{"href":"https:\/\/standuppaddle.hu\/en\/wp-json\/wp\/v2\/media?parent=7535"}],"wp:term":[{"taxonomy":"product_brand","embeddable":true,"href":"https:\/\/standuppaddle.hu\/en\/wp-json\/wp\/v2\/product_brand?post=7535"},{"taxonomy":"product_cat","embeddable":true,"href":"https:\/\/standuppaddle.hu\/en\/wp-json\/wp\/v2\/product_cat?post=7535"},{"taxonomy":"product_tag","embeddable":true,"href":"https:\/\/standuppaddle.hu\/en\/wp-json\/wp\/v2\/product_tag?post=7535"}],"curies":[{"name":"wp","href":"https:\/\/api.w.org\/{rel}","templated":true}]}}