{"id":4209,"date":"2021-01-16T15:02:15","date_gmt":"2015-01-30T15:02:15","guid":{"rendered":"http:\/\/standuppaddle.hu\/shop\/red-kerekes-hatizsak\/"},"modified":"2021-07-26T11:42:48","modified_gmt":"2021-07-26T09:42:48","slug":"red-kerekes-hatizsak","status":"publish","type":"product","link":"https:\/\/standuppaddle.hu\/en\/sup-webaruhaz-webshop\/red-kerekes-hatizsak\/","title":{"rendered":"Red Original All Terrain Backpack"},"content":{"rendered":"<div class=\"product__who\">\n<p><strong>Take your SUP wherever you go with Red Paddle Co\u2019s backpack<\/strong><\/p>\n<\/div>\n<div class=\"product-wrap__intro-text\">\n<p>We bang on about this a bit, but there\u2019s no better way to explore your world than with an inflatable SUP \u2013 bag it up, throw it on your back and you\u2019re free to find adventure.<\/p>\n<p>At Red Paddle Co, we pride ourselves on creating an authentic paddling experience, which means all of our kit has to perform to an exceptional standard \u2013 whether that\u2019s on the water, or when you\u2019re travelling and transporting your board, paddle and pump with you.<\/p>\n<p>No bag existed that met our demands \u2013 so we created our own. Our solution is the world\u2019s best inflatable SUP bag, an innovative backpack designed to make taking your board to the farthest corners of the Earth as easy as possible. It\u2019s made using toughened materials that can cope with sun, sea, sand and damage. It even has a foil lining to ensure your board stays cool in extreme temperatures. When you\u2019re not out exploring, it serves as the perfect storage unit, too.<\/p>\n<p>Other unique features include: <strong>Address label window<\/strong> just in case your board goes walks, a useful way to ensure you\u2019re reunited; <strong>double stitched seams <\/strong>super strong bonded nylon sail-making thread and double stitched seams;<strong> Strap stash <\/strong>when you don\u2019t need to carry the bag on your back, you can store your straps away through an easy to use velcro system; <strong>Backpack system <\/strong>the pack has an ingenious carry system, with padded shoulder and waist straps; <strong>Integrated wheels <\/strong>A top handle and a set of wheels, so you can simply cruise along; <strong>Paddle Storage <\/strong> fitted with a neat system to keep your 3 piece paddle in place when transporting your kit; <strong>Internal loading strap <\/strong>stops your board from moving around when being carried and finally an <strong>Internal pocket <\/strong> where you can keep any small items stored.<\/p>\n<\/div>\n","protected":false},"excerpt":{"rendered":"<p>A term\u00e9ket emailes megrendel\u00e9s eset\u00e9n fut\u00e1rral k\u00fcldj\u00fck, vagy a tihanyi \u00fczlet\u00fcnkben szem\u00e9lyesen is megv\u00e1s\u00e1rolhat\u00f3.<\/p>\n","protected":false},"featured_media":4574,"template":"","meta":{"ocean_post_layout":"","ocean_both_sidebars_style":"","ocean_both_sidebars_content_width":0,"ocean_both_sidebars_sidebars_width":0,"ocean_sidebar":"0","ocean_second_sidebar":"0","ocean_disable_margins":"enable","ocean_add_body_class":"","ocean_shortcode_before_top_bar":"","ocean_shortcode_after_top_bar":"","ocean_shortcode_before_header":"","ocean_shortcode_after_header":"","ocean_has_shortcode":"","ocean_shortcode_after_title":"","ocean_shortcode_before_footer_widgets":"","ocean_shortcode_after_footer_widgets":"","ocean_shortcode_before_footer_bottom":"","ocean_shortcode_after_footer_bottom":"","ocean_display_top_bar":"default","ocean_display_header":"default","ocean_header_style":"","ocean_center_header_left_menu":"0","ocean_custom_header_template":"0","ocean_custom_logo":0,"ocean_custom_retina_logo":0,"ocean_custom_logo_max_width":0,"ocean_custom_logo_tablet_max_width":0,"ocean_custom_logo_mobile_max_width":0,"ocean_custom_logo_max_height":0,"ocean_custom_logo_tablet_max_height":0,"ocean_custom_logo_mobile_max_height":0,"ocean_header_custom_menu":"0","ocean_menu_typo_font_family":"0","ocean_menu_typo_font_subset":"","ocean_menu_typo_font_size":0,"ocean_menu_typo_font_size_tablet":0,"ocean_menu_typo_font_size_mobile":0,"ocean_menu_typo_font_size_unit":"px","ocean_menu_typo_font_weight":"","ocean_menu_typo_font_weight_tablet":"","ocean_menu_typo_font_weight_mobile":"","ocean_menu_typo_transform":"","ocean_menu_typo_transform_tablet":"","ocean_menu_typo_transform_mobile":"","ocean_menu_typo_line_height":0,"ocean_menu_typo_line_height_tablet":0,"ocean_menu_typo_line_height_mobile":0,"ocean_menu_typo_line_height_unit":"","ocean_menu_typo_spacing":0,"ocean_menu_typo_spacing_tablet":0,"ocean_menu_typo_spacing_mobile":0,"ocean_menu_typo_spacing_unit":"","ocean_menu_link_color":"","ocean_menu_link_color_hover":"","ocean_menu_link_color_active":"","ocean_menu_link_background":"","ocean_menu_link_hover_background":"","ocean_menu_link_active_background":"","ocean_menu_social_links_bg":"","ocean_menu_social_hover_links_bg":"","ocean_menu_social_links_color":"","ocean_menu_social_hover_links_color":"","ocean_disable_title":"default","ocean_disable_heading":"default","ocean_post_title":"","ocean_post_subheading":"","ocean_post_title_style":"","ocean_post_title_background_color":"","ocean_post_title_background":0,"ocean_post_title_bg_image_position":"","ocean_post_title_bg_image_attachment":"","ocean_post_title_bg_image_repeat":"","ocean_post_title_bg_image_size":"","ocean_post_title_height":0,"ocean_post_title_bg_overlay":0.5,"ocean_post_title_bg_overlay_color":"","ocean_disable_breadcrumbs":"default","ocean_breadcrumbs_color":"","ocean_breadcrumbs_separator_color":"","ocean_breadcrumbs_links_color":"","ocean_breadcrumbs_links_hover_color":"","ocean_display_footer_widgets":"default","ocean_display_footer_bottom":"default","ocean_custom_footer_template":"0","footnotes":""},"product_brand":[],"product_cat":[211],"product_tag":[233,231],"class_list":{"0":"post-4209","1":"product","2":"type-product","3":"status-publish","4":"has-post-thumbnail","6":"product_cat-tartozekok","7":"product_tag-red-original-en","8":"product_tag-red-paddle-co-en","9":"product_shipping_class-xl-package","11":"entry","12":"has-media","14":"first","15":"instock","16":"taxable","17":"shipping-taxable","18":"purchasable","19":"product-type-simple","20":"col","21":"span_1_of_3","22":"owp-content-center","23":"owp-thumbs-layout-horizontal","24":"owp-btn-normal","25":"owp-tabs-layout-section"},"yoast_head":"<!-- This site is optimized with the Yoast SEO plugin v27.3 - https:\/\/yoast.com\/product\/yoast-seo-wordpress\/ -->\n<title>Red Paddle Co kerekes h\u00e1tizs\u00e1k a vil\u00e1g legjobb SUP h\u00e1tizs\u00e1kja.<\/title>\n<meta name=\"description\" content=\"Vidd magaddal a SUP deszk\u00e1t a Red Paddle Co kerekes h\u00e1tizs\u00e1kj\u00e1ban! Nincs jobb m\u00f3d felfedezni a vil\u00e1got, mint egy felf\u00fajhat\u00f3 SUP-pal \u2013 csomagold \u00f6ssze a h\u00e1tizs\u00e1kba, dobd a v\u00e1lladra \u00e9s indulj \u00fatnak!\" \/>\n<meta name=\"robots\" content=\"index, follow, max-snippet:-1, max-image-preview:large, max-video-preview:-1\" \/>\n<link rel=\"canonical\" href=\"https:\/\/standuppaddle.hu\/en\/sup-webaruhaz-webshop\/red-kerekes-hatizsak\/\" \/>\n<meta property=\"og:locale\" content=\"en_US\" \/>\n<meta property=\"og:type\" content=\"article\" \/>\n<meta property=\"og:title\" content=\"Red Paddle Co kerekes h\u00e1tizs\u00e1k a vil\u00e1g legjobb SUP h\u00e1tizs\u00e1kja.\" \/>\n<meta property=\"og:description\" content=\"Vidd magaddal a SUP deszk\u00e1t a Red Paddle Co kerekes h\u00e1tizs\u00e1kj\u00e1ban! Nincs jobb m\u00f3d felfedezni a vil\u00e1got, mint egy felf\u00fajhat\u00f3 SUP-pal \u2013 csomagold \u00f6ssze a h\u00e1tizs\u00e1kba, dobd a v\u00e1lladra \u00e9s indulj \u00fatnak!\" \/>\n<meta property=\"og:url\" content=\"https:\/\/standuppaddle.hu\/en\/sup-webaruhaz-webshop\/red-kerekes-hatizsak\/\" \/>\n<meta property=\"og:site_name\" content=\"Stand Up Paddle\" \/>\n<meta property=\"article:publisher\" content=\"https:\/\/www.facebook.com\/SUP.Center\/\" \/>\n<meta property=\"article:modified_time\" content=\"2021-07-26T09:42:48+00:00\" \/>\n<meta property=\"og:image\" content=\"https:\/\/standuppaddle.hu\/wp-content\/uploads\/2019\/11\/redpaddleco_all-terrain_bag.jpg\" \/>\n\t<meta property=\"og:image:width\" content=\"500\" \/>\n\t<meta property=\"og:image:height\" content=\"500\" \/>\n\t<meta property=\"og:image:type\" content=\"image\/jpeg\" \/>\n<meta name=\"twitter:card\" content=\"summary_large_image\" \/>\n<meta name=\"twitter:label1\" content=\"Est. reading time\" \/>\n\t<meta name=\"twitter:data1\" content=\"2 minutes\" \/>\n<script type=\"application\/ld+json\" class=\"yoast-schema-graph\">{\"@context\":\"https:\\\/\\\/schema.org\",\"@graph\":[{\"@type\":\"WebPage\",\"@id\":\"https:\\\/\\\/standuppaddle.hu\\\/en\\\/sup-webaruhaz-webshop\\\/red-kerekes-hatizsak\\\/\",\"url\":\"https:\\\/\\\/standuppaddle.hu\\\/en\\\/sup-webaruhaz-webshop\\\/red-kerekes-hatizsak\\\/\",\"name\":\"Red Paddle Co kerekes h\u00e1tizs\u00e1k a vil\u00e1g legjobb SUP h\u00e1tizs\u00e1kja.\",\"isPartOf\":{\"@id\":\"https:\\\/\\\/standuppaddle.hu\\\/en\\\/#website\"},\"primaryImageOfPage\":{\"@id\":\"https:\\\/\\\/standuppaddle.hu\\\/en\\\/sup-webaruhaz-webshop\\\/red-kerekes-hatizsak\\\/#primaryimage\"},\"image\":{\"@id\":\"https:\\\/\\\/standuppaddle.hu\\\/en\\\/sup-webaruhaz-webshop\\\/red-kerekes-hatizsak\\\/#primaryimage\"},\"thumbnailUrl\":\"https:\\\/\\\/standuppaddle.hu\\\/wp-content\\\/uploads\\\/2019\\\/11\\\/redpaddleco_all-terrain_bag.jpg\",\"datePublished\":\"2015-01-30T15:02:15+00:00\",\"dateModified\":\"2021-07-26T09:42:48+00:00\",\"description\":\"Vidd magaddal a SUP deszk\u00e1t a Red Paddle Co kerekes h\u00e1tizs\u00e1kj\u00e1ban! Nincs jobb m\u00f3d felfedezni a vil\u00e1got, mint egy felf\u00fajhat\u00f3 SUP-pal \u2013 csomagold \u00f6ssze a h\u00e1tizs\u00e1kba, dobd a v\u00e1lladra \u00e9s indulj \u00fatnak!\",\"breadcrumb\":{\"@id\":\"https:\\\/\\\/standuppaddle.hu\\\/en\\\/sup-webaruhaz-webshop\\\/red-kerekes-hatizsak\\\/#breadcrumb\"},\"inLanguage\":\"en-US\",\"potentialAction\":[{\"@type\":\"ReadAction\",\"target\":[\"https:\\\/\\\/standuppaddle.hu\\\/en\\\/sup-webaruhaz-webshop\\\/red-kerekes-hatizsak\\\/\"]}]},{\"@type\":\"ImageObject\",\"inLanguage\":\"en-US\",\"@id\":\"https:\\\/\\\/standuppaddle.hu\\\/en\\\/sup-webaruhaz-webshop\\\/red-kerekes-hatizsak\\\/#primaryimage\",\"url\":\"https:\\\/\\\/standuppaddle.hu\\\/wp-content\\\/uploads\\\/2019\\\/11\\\/redpaddleco_all-terrain_bag.jpg\",\"contentUrl\":\"https:\\\/\\\/standuppaddle.hu\\\/wp-content\\\/uploads\\\/2019\\\/11\\\/redpaddleco_all-terrain_bag.jpg\",\"width\":500,\"height\":500},{\"@type\":\"BreadcrumbList\",\"@id\":\"https:\\\/\\\/standuppaddle.hu\\\/en\\\/sup-webaruhaz-webshop\\\/red-kerekes-hatizsak\\\/#breadcrumb\",\"itemListElement\":[{\"@type\":\"ListItem\",\"position\":1,\"name\":\"Home\",\"item\":\"https:\\\/\\\/standuppaddle.hu\\\/en\\\/\"},{\"@type\":\"ListItem\",\"position\":2,\"name\":\"SUP products in stock:\",\"item\":\"https:\\\/\\\/standuppaddle.hu\\\/en\\\/sup-webshop\\\/\"},{\"@type\":\"ListItem\",\"position\":3,\"name\":\"Red Original All Terrain Backpack\"}]},{\"@type\":\"WebSite\",\"@id\":\"https:\\\/\\\/standuppaddle.hu\\\/en\\\/#website\",\"url\":\"https:\\\/\\\/standuppaddle.hu\\\/en\\\/\",\"name\":\"Stand Up Paddle\",\"description\":\"\u00e1llva evez\u00e9s - \u00e1ll\u00f3 sz\u00f6rf - SUP Center Balaton\",\"publisher\":{\"@id\":\"https:\\\/\\\/standuppaddle.hu\\\/en\\\/#organization\"},\"potentialAction\":[{\"@type\":\"SearchAction\",\"target\":{\"@type\":\"EntryPoint\",\"urlTemplate\":\"https:\\\/\\\/standuppaddle.hu\\\/en\\\/?s={search_term_string}\"},\"query-input\":{\"@type\":\"PropertyValueSpecification\",\"valueRequired\":true,\"valueName\":\"search_term_string\"}}],\"inLanguage\":\"en-US\"},{\"@type\":\"Organization\",\"@id\":\"https:\\\/\\\/standuppaddle.hu\\\/en\\\/#organization\",\"name\":\"SUP Center Balaton\",\"url\":\"https:\\\/\\\/standuppaddle.hu\\\/en\\\/\",\"logo\":{\"@type\":\"ImageObject\",\"inLanguage\":\"en-US\",\"@id\":\"https:\\\/\\\/standuppaddle.hu\\\/en\\\/#\\\/schema\\\/logo\\\/image\\\/\",\"url\":\"https:\\\/\\\/standuppaddle.hu\\\/wp-content\\\/uploads\\\/2019\\\/10\\\/sup-center-balaton-logo.jpg\",\"contentUrl\":\"https:\\\/\\\/standuppaddle.hu\\\/wp-content\\\/uploads\\\/2019\\\/10\\\/sup-center-balaton-logo.jpg\",\"width\":2492,\"height\":1075,\"caption\":\"SUP Center Balaton\"},\"image\":{\"@id\":\"https:\\\/\\\/standuppaddle.hu\\\/en\\\/#\\\/schema\\\/logo\\\/image\\\/\"},\"sameAs\":[\"https:\\\/\\\/www.facebook.com\\\/SUP.Center\\\/\",\"https:\\\/\\\/www.instagram.com\\\/sup_center_balaton\\\/\",\"https:\\\/\\\/www.youtube.com\\\/channel\\\/UCaX3OG6gvkhCqeZSw1zgTmw\"]}]}<\/script>\n<!-- \/ Yoast SEO plugin. -->","yoast_head_json":{"title":"Red Paddle Co kerekes h\u00e1tizs\u00e1k a vil\u00e1g legjobb SUP h\u00e1tizs\u00e1kja.","description":"Vidd magaddal a SUP deszk\u00e1t a Red Paddle Co kerekes h\u00e1tizs\u00e1kj\u00e1ban! Nincs jobb m\u00f3d felfedezni a vil\u00e1got, mint egy felf\u00fajhat\u00f3 SUP-pal \u2013 csomagold \u00f6ssze a h\u00e1tizs\u00e1kba, dobd a v\u00e1lladra \u00e9s indulj \u00fatnak!","robots":{"index":"index","follow":"follow","max-snippet":"max-snippet:-1","max-image-preview":"max-image-preview:large","max-video-preview":"max-video-preview:-1"},"canonical":"https:\/\/standuppaddle.hu\/en\/sup-webaruhaz-webshop\/red-kerekes-hatizsak\/","og_locale":"en_US","og_type":"article","og_title":"Red Paddle Co kerekes h\u00e1tizs\u00e1k a vil\u00e1g legjobb SUP h\u00e1tizs\u00e1kja.","og_description":"Vidd magaddal a SUP deszk\u00e1t a Red Paddle Co kerekes h\u00e1tizs\u00e1kj\u00e1ban! Nincs jobb m\u00f3d felfedezni a vil\u00e1got, mint egy felf\u00fajhat\u00f3 SUP-pal \u2013 csomagold \u00f6ssze a h\u00e1tizs\u00e1kba, dobd a v\u00e1lladra \u00e9s indulj \u00fatnak!","og_url":"https:\/\/standuppaddle.hu\/en\/sup-webaruhaz-webshop\/red-kerekes-hatizsak\/","og_site_name":"Stand Up Paddle","article_publisher":"https:\/\/www.facebook.com\/SUP.Center\/","article_modified_time":"2021-07-26T09:42:48+00:00","og_image":[{"width":500,"height":500,"url":"https:\/\/standuppaddle.hu\/wp-content\/uploads\/2019\/11\/redpaddleco_all-terrain_bag.jpg","type":"image\/jpeg"}],"twitter_card":"summary_large_image","twitter_misc":{"Est. reading time":"2 minutes"},"schema":{"@context":"https:\/\/schema.org","@graph":[{"@type":"WebPage","@id":"https:\/\/standuppaddle.hu\/en\/sup-webaruhaz-webshop\/red-kerekes-hatizsak\/","url":"https:\/\/standuppaddle.hu\/en\/sup-webaruhaz-webshop\/red-kerekes-hatizsak\/","name":"Red Paddle Co kerekes h\u00e1tizs\u00e1k a vil\u00e1g legjobb SUP h\u00e1tizs\u00e1kja.","isPartOf":{"@id":"https:\/\/standuppaddle.hu\/en\/#website"},"primaryImageOfPage":{"@id":"https:\/\/standuppaddle.hu\/en\/sup-webaruhaz-webshop\/red-kerekes-hatizsak\/#primaryimage"},"image":{"@id":"https:\/\/standuppaddle.hu\/en\/sup-webaruhaz-webshop\/red-kerekes-hatizsak\/#primaryimage"},"thumbnailUrl":"https:\/\/standuppaddle.hu\/wp-content\/uploads\/2019\/11\/redpaddleco_all-terrain_bag.jpg","datePublished":"2015-01-30T15:02:15+00:00","dateModified":"2021-07-26T09:42:48+00:00","description":"Vidd magaddal a SUP deszk\u00e1t a Red Paddle Co kerekes h\u00e1tizs\u00e1kj\u00e1ban! Nincs jobb m\u00f3d felfedezni a vil\u00e1got, mint egy felf\u00fajhat\u00f3 SUP-pal \u2013 csomagold \u00f6ssze a h\u00e1tizs\u00e1kba, dobd a v\u00e1lladra \u00e9s indulj \u00fatnak!","breadcrumb":{"@id":"https:\/\/standuppaddle.hu\/en\/sup-webaruhaz-webshop\/red-kerekes-hatizsak\/#breadcrumb"},"inLanguage":"en-US","potentialAction":[{"@type":"ReadAction","target":["https:\/\/standuppaddle.hu\/en\/sup-webaruhaz-webshop\/red-kerekes-hatizsak\/"]}]},{"@type":"ImageObject","inLanguage":"en-US","@id":"https:\/\/standuppaddle.hu\/en\/sup-webaruhaz-webshop\/red-kerekes-hatizsak\/#primaryimage","url":"https:\/\/standuppaddle.hu\/wp-content\/uploads\/2019\/11\/redpaddleco_all-terrain_bag.jpg","contentUrl":"https:\/\/standuppaddle.hu\/wp-content\/uploads\/2019\/11\/redpaddleco_all-terrain_bag.jpg","width":500,"height":500},{"@type":"BreadcrumbList","@id":"https:\/\/standuppaddle.hu\/en\/sup-webaruhaz-webshop\/red-kerekes-hatizsak\/#breadcrumb","itemListElement":[{"@type":"ListItem","position":1,"name":"Home","item":"https:\/\/standuppaddle.hu\/en\/"},{"@type":"ListItem","position":2,"name":"SUP products in stock:","item":"https:\/\/standuppaddle.hu\/en\/sup-webshop\/"},{"@type":"ListItem","position":3,"name":"Red Original All Terrain Backpack"}]},{"@type":"WebSite","@id":"https:\/\/standuppaddle.hu\/en\/#website","url":"https:\/\/standuppaddle.hu\/en\/","name":"Stand Up Paddle","description":"\u00e1llva evez\u00e9s - \u00e1ll\u00f3 sz\u00f6rf - SUP Center Balaton","publisher":{"@id":"https:\/\/standuppaddle.hu\/en\/#organization"},"potentialAction":[{"@type":"SearchAction","target":{"@type":"EntryPoint","urlTemplate":"https:\/\/standuppaddle.hu\/en\/?s={search_term_string}"},"query-input":{"@type":"PropertyValueSpecification","valueRequired":true,"valueName":"search_term_string"}}],"inLanguage":"en-US"},{"@type":"Organization","@id":"https:\/\/standuppaddle.hu\/en\/#organization","name":"SUP Center Balaton","url":"https:\/\/standuppaddle.hu\/en\/","logo":{"@type":"ImageObject","inLanguage":"en-US","@id":"https:\/\/standuppaddle.hu\/en\/#\/schema\/logo\/image\/","url":"https:\/\/standuppaddle.hu\/wp-content\/uploads\/2019\/10\/sup-center-balaton-logo.jpg","contentUrl":"https:\/\/standuppaddle.hu\/wp-content\/uploads\/2019\/10\/sup-center-balaton-logo.jpg","width":2492,"height":1075,"caption":"SUP Center Balaton"},"image":{"@id":"https:\/\/standuppaddle.hu\/en\/#\/schema\/logo\/image\/"},"sameAs":["https:\/\/www.facebook.com\/SUP.Center\/","https:\/\/www.instagram.com\/sup_center_balaton\/","https:\/\/www.youtube.com\/channel\/UCaX3OG6gvkhCqeZSw1zgTmw"]}]}},"_links":{"self":[{"href":"https:\/\/standuppaddle.hu\/en\/wp-json\/wp\/v2\/product\/4209","targetHints":{"allow":["GET"]}}],"collection":[{"href":"https:\/\/standuppaddle.hu\/en\/wp-json\/wp\/v2\/product"}],"about":[{"href":"https:\/\/standuppaddle.hu\/en\/wp-json\/wp\/v2\/types\/product"}],"version-history":[{"count":0,"href":"https:\/\/standuppaddle.hu\/en\/wp-json\/wp\/v2\/product\/4209\/revisions"}],"wp:featuredmedia":[{"embeddable":true,"href":"https:\/\/standuppaddle.hu\/en\/wp-json\/wp\/v2\/media\/4574"}],"wp:attachment":[{"href":"https:\/\/standuppaddle.hu\/en\/wp-json\/wp\/v2\/media?parent=4209"}],"wp:term":[{"taxonomy":"product_brand","embeddable":true,"href":"https:\/\/standuppaddle.hu\/en\/wp-json\/wp\/v2\/product_brand?post=4209"},{"taxonomy":"product_cat","embeddable":true,"href":"https:\/\/standuppaddle.hu\/en\/wp-json\/wp\/v2\/product_cat?post=4209"},{"taxonomy":"product_tag","embeddable":true,"href":"https:\/\/standuppaddle.hu\/en\/wp-json\/wp\/v2\/product_tag?post=4209"}],"curies":[{"name":"wp","href":"https:\/\/api.w.org\/{rel}","templated":true}]}}