{"id":12934,"date":"2026-02-15T10:29:30","date_gmt":"2026-02-15T09:29:30","guid":{"rendered":"https:\/\/standuppaddle.hu\/?post_type=product&#038;p=12934"},"modified":"2025-06-02T18:55:23","modified_gmt":"2025-06-02T16:55:23","slug":"red-108-ride-msl","status":"publish","type":"product","link":"https:\/\/standuppaddle.hu\/en\/sup-webaruhaz-webshop\/red-108-ride-msl\/","title":{"rendered":"RED 10&#8217;8 Ride MSL"},"content":{"rendered":"<div class=\"elementor-element elementor-element-80d860f elementor-widget elementor-widget-heading\" data-id=\"80d860f\" data-element_type=\"widget\" data-widget_type=\"heading.default\">\n<div class=\"elementor-widget-container\">\n<h2>THE RED 10&#8217;8 RIDE IS PERFECT FOR TAKING PASSENGERS<\/h2>\n<\/div>\n<\/div>\n<div class=\"elementor-element elementor-element-28e00277 elementor-widget elementor-widget-text-editor\" data-id=\"28e00277\" data-element_type=\"widget\" data-widget_type=\"text-editor.default\">\n<div class=\"elementor-widget-container\">\n<div class=\"elementor-text-editor elementor-clearfix\">\n<p>Larger riders should look for a board with more stability, which is where the RED 10&#8217;8 Ride comes in.<\/p>\n<p>It has all the same qualities as the 9\u20198 and the 10\u20196 Ride Boards, but it\u2019s two inches wider at 34\u201d\/863mm and has an extra 56 litres of volume, creating a more stable ride. It\u2019s also 4.7\u201d\/120mm thick, which means you get greater stiffness at lower pressure. In fact, it\u2019s more than 40 per cent stiffer than a standard 4\u201d\/100mm board at the same pressure. The rounded tail makes the board really manoeuvrable when you get your weight back and can be a great way to have your first SUP surfing experience.<\/p>\n<p>You can easily take a passenger on board, which is why it\u2019s a hit with family paddlers and those with furry friends. Or with our 6 point cargo tie-down system you can easily carry a whole heap of gear with you. Supplied with our industry leading Titan pump you can inflate your board in half the time with half the effort and once you are finished paddling the board packs down neatly to fit into our all terrain backpack making transportation and storage easy.<\/p>\n<p><strong>NEW Adjustable Cargo System:<\/strong> A new and improved cargo system has one adjustable bungee strap and two flat elastic straps. A twin d-ring locking system allows easy adjustment and release and the small loop is ideal for water bottle storage.<\/p>\n<p><strong>Twin moulded iFins:<\/strong> Most boards in the Red Paddle Co range come with built-in fins \u2013 the high-performance iFin system. With moulded fins you don\u2019t need any tools, replacements or spares. The iFins also provide increased agility and performance in the surf and make the board easier to pack down into its bag.They are specially designed to be ultra-durable and easy to pack away for transport. If ever they bend out of shape during storage or use is extremely easy to set tight. Simply pour hot water over the fins and reshape them by hand.<\/p>\n<p><strong>Timeless design<\/strong>: The Red Paddle Co iconic design has been updated with a more streamlined look and feel. The extended Red embossed deck pad now reaches right down to the tail, wraps closer to the rails, and offers superior comfort and grip. The diamond-cut rear provides extra stability for performing step back turns, or for riding in bigger waves.<\/p>\n<p>Ergonomic tubular handles on all boards to give a cushioned, comfy grip when carrying your board.<\/p>\n<p><strong>New Titan II pump!<\/strong>\u00a0Included with all of our SUP packages, Our newly refined industry-leading Titan II pump takes you from neatly-packed to fully-inflated in half the time, with half the effort.<\/p>\n<p><strong>ATB Transformer Bag: <\/strong>Introducing a complete redesign of our bestselling inflatable SUP backpack. Highly engineered adjustable ergonomic support means that the ATB Bag now offers exceptional levels of support for your shoulders and back. Exterior straps mean that the bag can be compressed making it more comfortable and a pleasure to carry. It&#8217;s now easier to pack away your paddle with an interior paddle blade pocket and a velcro securing system so your paddle is safe and secure while on the move. A large outer zip pocket means any essentials can be packed securely away and easily accessible.<\/p>\n<p><strong>What comes with the RED Paddle Co. 10&#8217;8 RIDE SUP:<\/strong><\/p>\n<ul>\n<li>Titan pump II<\/li>\n<li>2x fins<\/li>\n<li>Service set<\/li>\n<li>Red Paddle Co.ATB backbag<\/li>\n<li>Waterproof phone case<\/li>\n<\/ul>\n<\/div>\n<\/div>\n<\/div>\n<div class=\"elementor-element elementor-element-66077fa9 elementor-widget elementor-widget-shortcode\" data-id=\"66077fa9\" data-element_type=\"widget\" data-widget_type=\"shortcode.default\">\n<div class=\"elementor-widget-container\">\n<div class=\"elementor-shortcode\">\n<div class=\"board-specs attributes-two-column\">\n<table class=\"woocommerce-product-attributes shop_attributes\">\n<tbody>\n<tr class=\"woocommerce-product-attributes-item woocommerce-product-attributes-item--0\">\n<th class=\"woocommerce-product-attributes-item__label\">BAG SIZE<\/th>\n<td class=\"woocommerce-product-attributes-item__value\">960mm (h) x 390mm (w) x 360mm (d)<\/td>\n<\/tr>\n<tr class=\"woocommerce-product-attributes-item woocommerce-product-attributes-item--1\">\n<th class=\"woocommerce-product-attributes-item__label\">BAG VOLUME<\/th>\n<td class=\"woocommerce-product-attributes-item__value\">150 litres<\/td>\n<\/tr>\n<tr class=\"woocommerce-product-attributes-item woocommerce-product-attributes-item--2\">\n<th class=\"woocommerce-product-attributes-item__label\">BOARD LENGTH<\/th>\n<td class=\"woocommerce-product-attributes-item__value\">10&#8217;8&#8243; \/ 3250 mm<\/td>\n<\/tr>\n<tr class=\"woocommerce-product-attributes-item woocommerce-product-attributes-item--3\">\n<th class=\"woocommerce-product-attributes-item__label\">BOARD WEIGHT<\/th>\n<td class=\"woocommerce-product-attributes-item__value\">10.5kg \/ 23.1lb<\/td>\n<\/tr>\n<tr class=\"woocommerce-product-attributes-item woocommerce-product-attributes-item--4\">\n<th class=\"woocommerce-product-attributes-item__label\">BOARD WIDTH<\/th>\n<td class=\"woocommerce-product-attributes-item__value\">34\u2033 \/ 863 mm<\/td>\n<\/tr>\n<tr class=\"woocommerce-product-attributes-item woocommerce-product-attributes-item--5\">\n<th class=\"woocommerce-product-attributes-item__label\">FINS<\/th>\n<td class=\"woocommerce-product-attributes-item__value\">Moulded iFin System<\/td>\n<\/tr>\n<tr class=\"woocommerce-product-attributes-item woocommerce-product-attributes-item--6\">\n<th class=\"woocommerce-product-attributes-item__label\">NUMBER OF RIDERS<\/th>\n<td class=\"woocommerce-product-attributes-item__value\">1<\/td>\n<\/tr>\n<tr class=\"woocommerce-product-attributes-item woocommerce-product-attributes-item--7\">\n<th class=\"woocommerce-product-attributes-item__label\">PADDLE OPTIONS<\/th>\n<td class=\"woocommerce-product-attributes-item__value\"><\/td>\n<\/tr>\n<tr class=\"woocommerce-product-attributes-item woocommerce-product-attributes-item--8\">\n<th class=\"woocommerce-product-attributes-item__label\">RIDER WEIGHT<\/th>\n<td class=\"woocommerce-product-attributes-item__value\">120kg \/ 265lb<\/td>\n<\/tr>\n<\/tbody>\n<\/table>\n<\/div>\n<\/div>\n<\/div>\n<\/div>\n","protected":false},"excerpt":{"rendered":"<p><img loading=\"lazy\" decoding=\"async\" class=\"size-thumbnail wp-image-7767 alignleft\" src=\"https:\/\/standuppaddle.hu\/wp-content\/uploads\/2021\/10\/5-yr-warranty-150x150.png\" alt=\"\" width=\"150\" height=\"150\" srcset=\"https:\/\/standuppaddle.hu\/wp-content\/uploads\/2021\/10\/5-yr-warranty.png 150w, https:\/\/standuppaddle.hu\/wp-content\/uploads\/2021\/10\/5-yr-warranty-100x100.png 100w\" sizes=\"auto, (max-width: 150px) 100vw, 150px\" \/><img loading=\"lazy\" decoding=\"async\" class=\"alignnone size-full wp-image-8293\" src=\"https:\/\/standuppaddle.hu\/wp-content\/uploads\/2021\/12\/free-sup-delivery.jpg\" alt=\"\" width=\"159\" height=\"150\" \/><\/p>\n","protected":false},"featured_media":12955,"template":"","meta":{"ocean_post_layout":"","ocean_both_sidebars_style":"","ocean_both_sidebars_content_width":0,"ocean_both_sidebars_sidebars_width":0,"ocean_sidebar":"0","ocean_second_sidebar":"0","ocean_disable_margins":"enable","ocean_add_body_class":"","ocean_shortcode_before_top_bar":"","ocean_shortcode_after_top_bar":"","ocean_shortcode_before_header":"","ocean_shortcode_after_header":"","ocean_has_shortcode":"","ocean_shortcode_after_title":"","ocean_shortcode_before_footer_widgets":"","ocean_shortcode_after_footer_widgets":"","ocean_shortcode_before_footer_bottom":"","ocean_shortcode_after_footer_bottom":"","ocean_display_top_bar":"default","ocean_display_header":"default","ocean_header_style":"","ocean_center_header_left_menu":"0","ocean_custom_header_template":"0","ocean_custom_logo":0,"ocean_custom_retina_logo":0,"ocean_custom_logo_max_width":0,"ocean_custom_logo_tablet_max_width":0,"ocean_custom_logo_mobile_max_width":0,"ocean_custom_logo_max_height":0,"ocean_custom_logo_tablet_max_height":0,"ocean_custom_logo_mobile_max_height":0,"ocean_header_custom_menu":"0","ocean_menu_typo_font_family":"0","ocean_menu_typo_font_subset":"","ocean_menu_typo_font_size":0,"ocean_menu_typo_font_size_tablet":0,"ocean_menu_typo_font_size_mobile":0,"ocean_menu_typo_font_size_unit":"px","ocean_menu_typo_font_weight":"","ocean_menu_typo_font_weight_tablet":"","ocean_menu_typo_font_weight_mobile":"","ocean_menu_typo_transform":"","ocean_menu_typo_transform_tablet":"","ocean_menu_typo_transform_mobile":"","ocean_menu_typo_line_height":0,"ocean_menu_typo_line_height_tablet":0,"ocean_menu_typo_line_height_mobile":0,"ocean_menu_typo_line_height_unit":"","ocean_menu_typo_spacing":0,"ocean_menu_typo_spacing_tablet":0,"ocean_menu_typo_spacing_mobile":0,"ocean_menu_typo_spacing_unit":"","ocean_menu_link_color":"","ocean_menu_link_color_hover":"","ocean_menu_link_color_active":"","ocean_menu_link_background":"","ocean_menu_link_hover_background":"","ocean_menu_link_active_background":"","ocean_menu_social_links_bg":"","ocean_menu_social_hover_links_bg":"","ocean_menu_social_links_color":"","ocean_menu_social_hover_links_color":"","ocean_disable_title":"default","ocean_disable_heading":"default","ocean_post_title":"","ocean_post_subheading":"","ocean_post_title_style":"","ocean_post_title_background_color":"","ocean_post_title_background":0,"ocean_post_title_bg_image_position":"","ocean_post_title_bg_image_attachment":"","ocean_post_title_bg_image_repeat":"","ocean_post_title_bg_image_size":"","ocean_post_title_height":0,"ocean_post_title_bg_overlay":0.5,"ocean_post_title_bg_overlay_color":"","ocean_disable_breadcrumbs":"default","ocean_breadcrumbs_color":"","ocean_breadcrumbs_separator_color":"","ocean_breadcrumbs_links_color":"","ocean_breadcrumbs_links_hover_color":"","ocean_display_footer_widgets":"default","ocean_display_footer_bottom":"default","ocean_custom_footer_template":"0","footnotes":""},"product_brand":[],"product_cat":[620,631,201,223,199],"product_tag":[231],"class_list":{"0":"post-12934","1":"product","2":"type-product","3":"status-publish","4":"has-post-thumbnail","6":"product_cat-v3-en","7":"product_cat-v4-en","8":"product_cat-all-round-sup-boards","9":"product_cat-inflatable-isup-boards","10":"product_cat-sup-sale","11":"product_tag-red-paddle-co-en","12":"product_shipping_class-xl-package","14":"entry","15":"has-media","17":"first","18":"instock","19":"sale","20":"taxable","21":"shipping-taxable","22":"purchasable","23":"product-type-simple","24":"col","25":"span_1_of_3","26":"owp-content-center","27":"owp-thumbs-layout-horizontal","28":"owp-btn-normal","29":"owp-tabs-layout-section"},"yoast_head":"<!-- This site is optimized with the Yoast SEO plugin v27.3 - https:\/\/yoast.com\/product\/yoast-seo-wordpress\/ -->\n<title>RED 10&#039;8 Ride MSL - Stand Up Paddle<\/title>\n<meta name=\"description\" content=\"The RED 10&#039;8 RIDE is perfect for taking passengers. Larger riders should look for a board with more stability, which is where the RED 10\u20198 Ride\" \/>\n<meta name=\"robots\" content=\"index, follow, max-snippet:-1, max-image-preview:large, max-video-preview:-1\" \/>\n<link rel=\"canonical\" href=\"https:\/\/standuppaddle.hu\/en\/sup-webaruhaz-webshop\/red-108-ride-msl\/\" \/>\n<meta property=\"og:locale\" content=\"en_US\" \/>\n<meta property=\"og:type\" content=\"article\" \/>\n<meta property=\"og:title\" content=\"RED 10&#039;8 Ride MSL - Stand Up Paddle\" \/>\n<meta property=\"og:description\" content=\"The RED 10&#039;8 RIDE is perfect for taking passengers. Larger riders should look for a board with more stability, which is where the RED 10\u20198 Ride\" \/>\n<meta property=\"og:url\" content=\"https:\/\/standuppaddle.hu\/en\/sup-webaruhaz-webshop\/red-108-ride-msl\/\" \/>\n<meta property=\"og:site_name\" content=\"Stand Up Paddle\" \/>\n<meta property=\"article:publisher\" content=\"https:\/\/www.facebook.com\/SUP.Center\/\" \/>\n<meta property=\"og:image\" content=\"https:\/\/standuppaddle.hu\/wp-content\/uploads\/2025\/02\/red-108-ride-msl-sup.jpg\" \/>\n\t<meta property=\"og:image:width\" content=\"1000\" \/>\n\t<meta property=\"og:image:height\" content=\"1000\" \/>\n\t<meta property=\"og:image:type\" content=\"image\/jpeg\" \/>\n<meta name=\"twitter:card\" content=\"summary_large_image\" \/>\n<meta name=\"twitter:label1\" content=\"Est. reading time\" \/>\n\t<meta name=\"twitter:data1\" content=\"4 minutes\" \/>\n<script type=\"application\/ld+json\" class=\"yoast-schema-graph\">{\"@context\":\"https:\\\/\\\/schema.org\",\"@graph\":[{\"@type\":\"WebPage\",\"@id\":\"https:\\\/\\\/standuppaddle.hu\\\/en\\\/sup-webaruhaz-webshop\\\/red-108-ride-msl\\\/\",\"url\":\"https:\\\/\\\/standuppaddle.hu\\\/en\\\/sup-webaruhaz-webshop\\\/red-108-ride-msl\\\/\",\"name\":\"RED 10'8 Ride MSL - Stand Up Paddle\",\"isPartOf\":{\"@id\":\"https:\\\/\\\/standuppaddle.hu\\\/en\\\/#website\"},\"primaryImageOfPage\":{\"@id\":\"https:\\\/\\\/standuppaddle.hu\\\/en\\\/sup-webaruhaz-webshop\\\/red-108-ride-msl\\\/#primaryimage\"},\"image\":{\"@id\":\"https:\\\/\\\/standuppaddle.hu\\\/en\\\/sup-webaruhaz-webshop\\\/red-108-ride-msl\\\/#primaryimage\"},\"thumbnailUrl\":\"https:\\\/\\\/standuppaddle.hu\\\/wp-content\\\/uploads\\\/2025\\\/02\\\/red-108-ride-msl-sup.jpg\",\"datePublished\":\"2026-02-15T09:29:30+00:00\",\"description\":\"The RED 10'8 RIDE is perfect for taking passengers. Larger riders should look for a board with more stability, which is where the RED 10\u20198 Ride\",\"breadcrumb\":{\"@id\":\"https:\\\/\\\/standuppaddle.hu\\\/en\\\/sup-webaruhaz-webshop\\\/red-108-ride-msl\\\/#breadcrumb\"},\"inLanguage\":\"en-US\",\"potentialAction\":[{\"@type\":\"ReadAction\",\"target\":[\"https:\\\/\\\/standuppaddle.hu\\\/en\\\/sup-webaruhaz-webshop\\\/red-108-ride-msl\\\/\"]}]},{\"@type\":\"ImageObject\",\"inLanguage\":\"en-US\",\"@id\":\"https:\\\/\\\/standuppaddle.hu\\\/en\\\/sup-webaruhaz-webshop\\\/red-108-ride-msl\\\/#primaryimage\",\"url\":\"https:\\\/\\\/standuppaddle.hu\\\/wp-content\\\/uploads\\\/2025\\\/02\\\/red-108-ride-msl-sup.jpg\",\"contentUrl\":\"https:\\\/\\\/standuppaddle.hu\\\/wp-content\\\/uploads\\\/2025\\\/02\\\/red-108-ride-msl-sup.jpg\",\"width\":1000,\"height\":1000},{\"@type\":\"BreadcrumbList\",\"@id\":\"https:\\\/\\\/standuppaddle.hu\\\/en\\\/sup-webaruhaz-webshop\\\/red-108-ride-msl\\\/#breadcrumb\",\"itemListElement\":[{\"@type\":\"ListItem\",\"position\":1,\"name\":\"Home\",\"item\":\"https:\\\/\\\/standuppaddle.hu\\\/en\\\/\"},{\"@type\":\"ListItem\",\"position\":2,\"name\":\"SUP products in stock:\",\"item\":\"https:\\\/\\\/standuppaddle.hu\\\/en\\\/sup-webshop\\\/\"},{\"@type\":\"ListItem\",\"position\":3,\"name\":\"RED 10&#8217;8 Ride MSL\"}]},{\"@type\":\"WebSite\",\"@id\":\"https:\\\/\\\/standuppaddle.hu\\\/en\\\/#website\",\"url\":\"https:\\\/\\\/standuppaddle.hu\\\/en\\\/\",\"name\":\"Stand Up Paddle\",\"description\":\"\u00e1llva evez\u00e9s - \u00e1ll\u00f3 sz\u00f6rf - SUP Center Balaton\",\"publisher\":{\"@id\":\"https:\\\/\\\/standuppaddle.hu\\\/en\\\/#organization\"},\"potentialAction\":[{\"@type\":\"SearchAction\",\"target\":{\"@type\":\"EntryPoint\",\"urlTemplate\":\"https:\\\/\\\/standuppaddle.hu\\\/en\\\/?s={search_term_string}\"},\"query-input\":{\"@type\":\"PropertyValueSpecification\",\"valueRequired\":true,\"valueName\":\"search_term_string\"}}],\"inLanguage\":\"en-US\"},{\"@type\":\"Organization\",\"@id\":\"https:\\\/\\\/standuppaddle.hu\\\/en\\\/#organization\",\"name\":\"SUP Center Balaton\",\"url\":\"https:\\\/\\\/standuppaddle.hu\\\/en\\\/\",\"logo\":{\"@type\":\"ImageObject\",\"inLanguage\":\"en-US\",\"@id\":\"https:\\\/\\\/standuppaddle.hu\\\/en\\\/#\\\/schema\\\/logo\\\/image\\\/\",\"url\":\"https:\\\/\\\/standuppaddle.hu\\\/wp-content\\\/uploads\\\/2019\\\/10\\\/sup-center-balaton-logo.jpg\",\"contentUrl\":\"https:\\\/\\\/standuppaddle.hu\\\/wp-content\\\/uploads\\\/2019\\\/10\\\/sup-center-balaton-logo.jpg\",\"width\":2492,\"height\":1075,\"caption\":\"SUP Center Balaton\"},\"image\":{\"@id\":\"https:\\\/\\\/standuppaddle.hu\\\/en\\\/#\\\/schema\\\/logo\\\/image\\\/\"},\"sameAs\":[\"https:\\\/\\\/www.facebook.com\\\/SUP.Center\\\/\",\"https:\\\/\\\/www.instagram.com\\\/sup_center_balaton\\\/\",\"https:\\\/\\\/www.youtube.com\\\/channel\\\/UCaX3OG6gvkhCqeZSw1zgTmw\"]}]}<\/script>\n<!-- \/ Yoast SEO plugin. -->","yoast_head_json":{"title":"RED 10'8 Ride MSL - Stand Up Paddle","description":"The RED 10'8 RIDE is perfect for taking passengers. Larger riders should look for a board with more stability, which is where the RED 10\u20198 Ride","robots":{"index":"index","follow":"follow","max-snippet":"max-snippet:-1","max-image-preview":"max-image-preview:large","max-video-preview":"max-video-preview:-1"},"canonical":"https:\/\/standuppaddle.hu\/en\/sup-webaruhaz-webshop\/red-108-ride-msl\/","og_locale":"en_US","og_type":"article","og_title":"RED 10'8 Ride MSL - Stand Up Paddle","og_description":"The RED 10'8 RIDE is perfect for taking passengers. Larger riders should look for a board with more stability, which is where the RED 10\u20198 Ride","og_url":"https:\/\/standuppaddle.hu\/en\/sup-webaruhaz-webshop\/red-108-ride-msl\/","og_site_name":"Stand Up Paddle","article_publisher":"https:\/\/www.facebook.com\/SUP.Center\/","og_image":[{"width":1000,"height":1000,"url":"https:\/\/standuppaddle.hu\/wp-content\/uploads\/2025\/02\/red-108-ride-msl-sup.jpg","type":"image\/jpeg"}],"twitter_card":"summary_large_image","twitter_misc":{"Est. reading time":"4 minutes"},"schema":{"@context":"https:\/\/schema.org","@graph":[{"@type":"WebPage","@id":"https:\/\/standuppaddle.hu\/en\/sup-webaruhaz-webshop\/red-108-ride-msl\/","url":"https:\/\/standuppaddle.hu\/en\/sup-webaruhaz-webshop\/red-108-ride-msl\/","name":"RED 10'8 Ride MSL - Stand Up Paddle","isPartOf":{"@id":"https:\/\/standuppaddle.hu\/en\/#website"},"primaryImageOfPage":{"@id":"https:\/\/standuppaddle.hu\/en\/sup-webaruhaz-webshop\/red-108-ride-msl\/#primaryimage"},"image":{"@id":"https:\/\/standuppaddle.hu\/en\/sup-webaruhaz-webshop\/red-108-ride-msl\/#primaryimage"},"thumbnailUrl":"https:\/\/standuppaddle.hu\/wp-content\/uploads\/2025\/02\/red-108-ride-msl-sup.jpg","datePublished":"2026-02-15T09:29:30+00:00","description":"The RED 10'8 RIDE is perfect for taking passengers. Larger riders should look for a board with more stability, which is where the RED 10\u20198 Ride","breadcrumb":{"@id":"https:\/\/standuppaddle.hu\/en\/sup-webaruhaz-webshop\/red-108-ride-msl\/#breadcrumb"},"inLanguage":"en-US","potentialAction":[{"@type":"ReadAction","target":["https:\/\/standuppaddle.hu\/en\/sup-webaruhaz-webshop\/red-108-ride-msl\/"]}]},{"@type":"ImageObject","inLanguage":"en-US","@id":"https:\/\/standuppaddle.hu\/en\/sup-webaruhaz-webshop\/red-108-ride-msl\/#primaryimage","url":"https:\/\/standuppaddle.hu\/wp-content\/uploads\/2025\/02\/red-108-ride-msl-sup.jpg","contentUrl":"https:\/\/standuppaddle.hu\/wp-content\/uploads\/2025\/02\/red-108-ride-msl-sup.jpg","width":1000,"height":1000},{"@type":"BreadcrumbList","@id":"https:\/\/standuppaddle.hu\/en\/sup-webaruhaz-webshop\/red-108-ride-msl\/#breadcrumb","itemListElement":[{"@type":"ListItem","position":1,"name":"Home","item":"https:\/\/standuppaddle.hu\/en\/"},{"@type":"ListItem","position":2,"name":"SUP products in stock:","item":"https:\/\/standuppaddle.hu\/en\/sup-webshop\/"},{"@type":"ListItem","position":3,"name":"RED 10&#8217;8 Ride MSL"}]},{"@type":"WebSite","@id":"https:\/\/standuppaddle.hu\/en\/#website","url":"https:\/\/standuppaddle.hu\/en\/","name":"Stand Up Paddle","description":"\u00e1llva evez\u00e9s - \u00e1ll\u00f3 sz\u00f6rf - SUP Center Balaton","publisher":{"@id":"https:\/\/standuppaddle.hu\/en\/#organization"},"potentialAction":[{"@type":"SearchAction","target":{"@type":"EntryPoint","urlTemplate":"https:\/\/standuppaddle.hu\/en\/?s={search_term_string}"},"query-input":{"@type":"PropertyValueSpecification","valueRequired":true,"valueName":"search_term_string"}}],"inLanguage":"en-US"},{"@type":"Organization","@id":"https:\/\/standuppaddle.hu\/en\/#organization","name":"SUP Center Balaton","url":"https:\/\/standuppaddle.hu\/en\/","logo":{"@type":"ImageObject","inLanguage":"en-US","@id":"https:\/\/standuppaddle.hu\/en\/#\/schema\/logo\/image\/","url":"https:\/\/standuppaddle.hu\/wp-content\/uploads\/2019\/10\/sup-center-balaton-logo.jpg","contentUrl":"https:\/\/standuppaddle.hu\/wp-content\/uploads\/2019\/10\/sup-center-balaton-logo.jpg","width":2492,"height":1075,"caption":"SUP Center Balaton"},"image":{"@id":"https:\/\/standuppaddle.hu\/en\/#\/schema\/logo\/image\/"},"sameAs":["https:\/\/www.facebook.com\/SUP.Center\/","https:\/\/www.instagram.com\/sup_center_balaton\/","https:\/\/www.youtube.com\/channel\/UCaX3OG6gvkhCqeZSw1zgTmw"]}]}},"_links":{"self":[{"href":"https:\/\/standuppaddle.hu\/en\/wp-json\/wp\/v2\/product\/12934","targetHints":{"allow":["GET"]}}],"collection":[{"href":"https:\/\/standuppaddle.hu\/en\/wp-json\/wp\/v2\/product"}],"about":[{"href":"https:\/\/standuppaddle.hu\/en\/wp-json\/wp\/v2\/types\/product"}],"version-history":[{"count":3,"href":"https:\/\/standuppaddle.hu\/en\/wp-json\/wp\/v2\/product\/12934\/revisions"}],"predecessor-version":[{"id":13117,"href":"https:\/\/standuppaddle.hu\/en\/wp-json\/wp\/v2\/product\/12934\/revisions\/13117"}],"wp:featuredmedia":[{"embeddable":true,"href":"https:\/\/standuppaddle.hu\/en\/wp-json\/wp\/v2\/media\/12955"}],"wp:attachment":[{"href":"https:\/\/standuppaddle.hu\/en\/wp-json\/wp\/v2\/media?parent=12934"}],"wp:term":[{"taxonomy":"product_brand","embeddable":true,"href":"https:\/\/standuppaddle.hu\/en\/wp-json\/wp\/v2\/product_brand?post=12934"},{"taxonomy":"product_cat","embeddable":true,"href":"https:\/\/standuppaddle.hu\/en\/wp-json\/wp\/v2\/product_cat?post=12934"},{"taxonomy":"product_tag","embeddable":true,"href":"https:\/\/standuppaddle.hu\/en\/wp-json\/wp\/v2\/product_tag?post=12934"}],"curies":[{"name":"wp","href":"https:\/\/api.w.org\/{rel}","templated":true}]}}