{"id":12890,"date":"2026-02-12T10:04:38","date_gmt":"2026-02-12T09:04:38","guid":{"rendered":"https:\/\/standuppaddle.hu\/?post_type=product&#038;p=12890"},"modified":"2025-02-12T10:54:41","modified_gmt":"2025-02-12T09:54:41","slug":"red-96-compact-package","status":"publish","type":"product","link":"https:\/\/standuppaddle.hu\/en\/sup-webaruhaz-webshop\/red-96-compact-package\/","title":{"rendered":"RED 9&#8217;6 Compact Package"},"content":{"rendered":"<div class=\"elementor-element elementor-element-80d860f elementor-widget elementor-widget-heading\" data-id=\"80d860f\" data-element_type=\"widget\" data-widget_type=\"heading.default\">\n<div class=\"elementor-widget-container\">\n<h3>RED 9&#8217;6 COMPACT PACKAGE<\/h3>\n<p>The world\u2019s smallest all-round SUP package, the 9&#8217;6 Compact defines a whole new level of inflatable paddleboard packability. A highly transportable, high-quality all-rounder that can do it all for travelling paddlers.<\/p>\n<p>Drawing upon the award-winning design of our iconic 10&#8217;6 Ride, distilled into a shorter shape that\u2019s perfect for easy transport and versatile use. Yet reduced size belies its hefty weight-carrying capacity, making it suitable for a full range of paddlers up to 95kg. A user-friendly rounded nose profile and ample 32&#8243; of width provide stability, ensuring a comfortable ride in all conditions.<\/p>\n<p>Constructed in our unique high-density MSL\u00ae PACT\u2122 material with quad stringers for increased rigidity, our patented design allows Compacts to fold in half before rolling, offering unrivalled storage and portability options without sacrificing our industry-leading stiffness and durability. The package includes a five-piece adjustable carbon paddle, coiled leash, removable Click Fins and Titan II pump, all in our 75L Compact Backpack.<\/p>\n<\/div>\n<\/div>\n<div class=\"elementor-element elementor-element-28e00277 elementor-widget elementor-widget-text-editor\" data-id=\"28e00277\" data-element_type=\"widget\" data-widget_type=\"text-editor.default\">\n<div class=\"elementor-widget-container\">\n<div class=\"elementor-text-editor elementor-clearfix\">\n<p><strong>PACT\u2122 Technology:<\/strong> \u00a0is a new drop stitch weaving process which creates an extra-high-tensile thread matrix at the core of the board that combines with a super-strong but malleable outer layer and a tensile quad stringer-system.<\/p>\n<p>The result of this new technology is a board that always keeps its shape when inflated, but packs down to an ultra-small size once you\u2019ve let out the air. PACT\u2122 Technology features a completely new durable material with a high resolution thread matrix but is malleable to ensure easy packing.<\/p>\n<p><b>Flat Bungee Cargo System:<\/b> Now with a new and improved cargo system made up of three adjustable bungee straps. The bottom two straps are closer together, making it easier to store smaller kit items. A twin d-ring locking system allows easy adjustment and release and the small loop is ideal for water bottle storage. A reinforced cargo point so you can strap on enough cargo for any adventure.<\/p>\n<p><b>Ergonomic tubular handles<\/b>\u00a0on all boards to give a cushioned, comfy grip when carrying your board.<\/p>\n<p><b>Titan II pump! <\/b>Included with all of our SUP packages, our newly refined industry-leading <a href=\"https:\/\/standuppaddle.hu\/en\/worlds-best-inflatable-sup\/\">Titan II pump<\/a> takes you from neatly-packed to fully-inflated in half the time, with half the effort.<\/p>\n<p><strong>Compact Backpack (available with 9&#8217;6 and 11&#8217;0 COMPACT):<\/strong> The COMPACT backpack is highly engineered to offer unique levels of adjustability and comfort, plus incredible shoulder and back support.<br \/>\nWe think it\u2019s the most highly engineered SUP bag on the planet, and as it applies approximately 53% less downforce on the carrier\u2019s lower back, you can travel for longer in comfort. With customisable lumbar support and adjustable height features, it\u2019s suitable for almost any size of paddler. And it doesn\u2019t stop there:<br \/>\nAll these combine to make it a pleasure to carry, whether you\u2019re on a short walk to the water or off on an epic adventure.<br \/>\nDimensions: Height: 560mm | Width: 420mm | Depth: 320mm<\/p>\n<p><strong>5 piece paddle:<\/strong> Creating a compact paddle was not an easy task, but we have found the perfect solution: a five piece paddle. As a result, it packs away perfectly, but it is still adjustable with no compromise on the water.<br \/>\nMade of high-modulus carbon for extra rigidity, with a durable pure nylon blade. The Nylon blade of the paddle is laser etched, with no printing, chemicals or transfers and produced with a single pure material. Meaning the design will stay on forever, resulting in no aesthetic implications.<br \/>\nOur new anti-twist adjustment system with 45 degree cut push-pin technology has resulted in our most compact paddle yet.<\/p>\n<p><strong>Click fins:<\/strong> They use a simple click fin system with a secondary screw for added security. The two off set fin boxes themselves are also compatible with standard FCS fins, so you can customise the feel of your board on the water.<\/p>\n<p><strong>Accessory mount:<\/strong>\u00a0An integrated M6 thread makes it possible to attach a\u00a0<a href=\"https:\/\/standuppaddle.hu\/en\/sup-webaruhaz-webshop\/action-camera-mount-for-sup\/\">GoPro camera mount<\/a>\u00a0or other accessory mounts from\u00a0<a href=\"https:\/\/rammount.com\/\" target=\"_blank\" rel=\"noopener\">Ram Mount<\/a>\u00a0or Railblaza.<\/p>\n<p><strong>The RED 9&#8217;6 Compact package includes the following:<\/strong><\/p>\n<ul>\n<li>Backpack<\/li>\n<li>Five-piece paddle<\/li>\n<li>Titan pump II<\/li>\n<li>Leash<\/li>\n<li>Service set<\/li>\n<li>Waterproof phone case<\/li>\n<\/ul>\n<table class=\"woocommerce-product-attributes shop_attributes\">\n<tbody>\n<tr class=\"woocommerce-product-attributes-item woocommerce-product-attributes-item--0\">\n<th class=\"woocommerce-product-attributes-item__label\">BOARD VOLUME<\/th>\n<td class=\"woocommerce-product-attributes-item__value\">222 liter<\/td>\n<\/tr>\n<tr class=\"woocommerce-product-attributes-item woocommerce-product-attributes-item--1\">\n<th class=\"woocommerce-product-attributes-item__label\">MAX. TIDER WEIGHT<\/th>\n<td class=\"woocommerce-product-attributes-item__value\">85 kg<\/td>\n<\/tr>\n<tr class=\"woocommerce-product-attributes-item woocommerce-product-attributes-item--2\">\n<th class=\"woocommerce-product-attributes-item__label\">MAX. LOAD<\/th>\n<td class=\"woocommerce-product-attributes-item__value\">122 kg<\/td>\n<\/tr>\n<tr class=\"woocommerce-product-attributes-item woocommerce-product-attributes-item--3\">\n<th class=\"woocommerce-product-attributes-item__label\">BOARD LENGTH<\/th>\n<td class=\"woocommerce-product-attributes-item__value\">9&#8217;6\/ 290 cm<\/td>\n<\/tr>\n<tr class=\"woocommerce-product-attributes-item woocommerce-product-attributes-item--4\">\n<th class=\"woocommerce-product-attributes-item__label\">BOARD WIDTH<\/th>\n<td class=\"woocommerce-product-attributes-item__value\">32\u2033 \/ 81cm<\/td>\n<\/tr>\n<tr class=\"woocommerce-product-attributes-item woocommerce-product-attributes-item--5\">\n<th class=\"woocommerce-product-attributes-item__label\">BOARD WEIGHT<\/th>\n<td class=\"woocommerce-product-attributes-item__value\">7,25 kg<\/td>\n<\/tr>\n<tr class=\"woocommerce-product-attributes-item woocommerce-product-attributes-item--6\">\n<th class=\"woocommerce-product-attributes-item__label\">PACKAGE WEIGHT<\/th>\n<td class=\"woocommerce-product-attributes-item__value\">12,7 kg<\/td>\n<\/tr>\n<tr class=\"woocommerce-product-attributes-item woocommerce-product-attributes-item--7\">\n<th class=\"woocommerce-product-attributes-item__label\">RIDERS<\/th>\n<td class=\"woocommerce-product-attributes-item__value\">1-2<\/td>\n<\/tr>\n<tr class=\"woocommerce-product-attributes-item woocommerce-product-attributes-item--8\">\n<th class=\"woocommerce-product-attributes-item__label\">BAG SIZE<\/th>\n<td class=\"woocommerce-product-attributes-item__value\">56cm (h) x 42cm (w) x 32cm (d)<\/td>\n<\/tr>\n<tr class=\"woocommerce-product-attributes-item woocommerce-product-attributes-item--9\">\n<th class=\"woocommerce-product-attributes-item__label\">BAG VOLUME<\/th>\n<td class=\"woocommerce-product-attributes-item__value\">75 liter<\/td>\n<\/tr>\n<tr class=\"woocommerce-product-attributes-item woocommerce-product-attributes-item--10\">\n<th class=\"woocommerce-product-attributes-item__label\">FINS<\/th>\n<td class=\"woocommerce-product-attributes-item__value\">2x \u201cTwin Click\u201d fins<\/td>\n<\/tr>\n<\/tbody>\n<\/table>\n<\/div>\n<\/div>\n<\/div>\n<div class=\"elementor-element elementor-element-66077fa9 elementor-widget elementor-widget-shortcode\" data-id=\"66077fa9\" data-element_type=\"widget\" data-widget_type=\"shortcode.default\">\n<div class=\"elementor-widget-container\">\n<div class=\"elementor-shortcode\">\n<div class=\"board-specs attributes-two-column\"><\/div>\n<\/div>\n<\/div>\n<\/div>\n","protected":false},"excerpt":{"rendered":"<p><img loading=\"lazy\" decoding=\"async\" class=\"size-full wp-image-7768 alignleft\" src=\"http:\/\/standuppaddle.hu\/wp-content\/uploads\/2021\/10\/5-yr-warranty.png\" alt=\"\" width=\"150\" height=\"150\" srcset=\"https:\/\/standuppaddle.hu\/wp-content\/uploads\/2021\/10\/5-yr-warranty.png 150w, https:\/\/standuppaddle.hu\/wp-content\/uploads\/2021\/10\/5-yr-warranty-100x100.png 100w\" sizes=\"auto, (max-width: 150px) 100vw, 150px\" \/> <img loading=\"lazy\" decoding=\"async\" class=\"alignnone size-full wp-image-8293\" src=\"https:\/\/standuppaddle.hu\/wp-content\/uploads\/2021\/12\/free-sup-delivery.jpg\" alt=\"\" width=\"159\" height=\"150\" \/><\/p>\n","protected":false},"featured_media":12895,"template":"","meta":{"ocean_post_layout":"","ocean_both_sidebars_style":"","ocean_both_sidebars_content_width":0,"ocean_both_sidebars_sidebars_width":0,"ocean_sidebar":"0","ocean_second_sidebar":"0","ocean_disable_margins":"enable","ocean_add_body_class":"","ocean_shortcode_before_top_bar":"","ocean_shortcode_after_top_bar":"","ocean_shortcode_before_header":"","ocean_shortcode_after_header":"","ocean_has_shortcode":"","ocean_shortcode_after_title":"","ocean_shortcode_before_footer_widgets":"","ocean_shortcode_after_footer_widgets":"","ocean_shortcode_before_footer_bottom":"","ocean_shortcode_after_footer_bottom":"","ocean_display_top_bar":"default","ocean_display_header":"default","ocean_header_style":"","ocean_center_header_left_menu":"0","ocean_custom_header_template":"0","ocean_custom_logo":0,"ocean_custom_retina_logo":0,"ocean_custom_logo_max_width":0,"ocean_custom_logo_tablet_max_width":0,"ocean_custom_logo_mobile_max_width":0,"ocean_custom_logo_max_height":0,"ocean_custom_logo_tablet_max_height":0,"ocean_custom_logo_mobile_max_height":0,"ocean_header_custom_menu":"0","ocean_menu_typo_font_family":"0","ocean_menu_typo_font_subset":"","ocean_menu_typo_font_size":0,"ocean_menu_typo_font_size_tablet":0,"ocean_menu_typo_font_size_mobile":0,"ocean_menu_typo_font_size_unit":"px","ocean_menu_typo_font_weight":"","ocean_menu_typo_font_weight_tablet":"","ocean_menu_typo_font_weight_mobile":"","ocean_menu_typo_transform":"","ocean_menu_typo_transform_tablet":"","ocean_menu_typo_transform_mobile":"","ocean_menu_typo_line_height":0,"ocean_menu_typo_line_height_tablet":0,"ocean_menu_typo_line_height_mobile":0,"ocean_menu_typo_line_height_unit":"","ocean_menu_typo_spacing":0,"ocean_menu_typo_spacing_tablet":0,"ocean_menu_typo_spacing_mobile":0,"ocean_menu_typo_spacing_unit":"","ocean_menu_link_color":"","ocean_menu_link_color_hover":"","ocean_menu_link_color_active":"","ocean_menu_link_background":"","ocean_menu_link_hover_background":"","ocean_menu_link_active_background":"","ocean_menu_social_links_bg":"","ocean_menu_social_hover_links_bg":"","ocean_menu_social_links_color":"","ocean_menu_social_hover_links_color":"","ocean_disable_title":"default","ocean_disable_heading":"default","ocean_post_title":"","ocean_post_subheading":"","ocean_post_title_style":"","ocean_post_title_background_color":"","ocean_post_title_background":0,"ocean_post_title_bg_image_position":"","ocean_post_title_bg_image_attachment":"","ocean_post_title_bg_image_repeat":"","ocean_post_title_bg_image_size":"","ocean_post_title_height":0,"ocean_post_title_bg_overlay":0.5,"ocean_post_title_bg_overlay_color":"","ocean_disable_breadcrumbs":"default","ocean_breadcrumbs_color":"","ocean_breadcrumbs_separator_color":"","ocean_breadcrumbs_links_color":"","ocean_breadcrumbs_links_hover_color":"","ocean_display_footer_widgets":"default","ocean_display_footer_bottom":"default","ocean_custom_footer_template":"0","footnotes":""},"product_brand":[],"product_cat":[631,201,585,223,199],"product_tag":[231],"class_list":{"0":"post-12890","1":"product","2":"type-product","3":"status-publish","4":"has-post-thumbnail","6":"product_cat-v4-en","7":"product_cat-all-round-sup-boards","8":"product_cat-compact-sup-packages","9":"product_cat-inflatable-isup-boards","10":"product_cat-sup-sale","11":"product_tag-red-paddle-co-en","12":"product_shipping_class-xl-package","14":"entry","15":"has-media","17":"first","18":"instock","19":"sale","20":"taxable","21":"shipping-taxable","22":"purchasable","23":"product-type-simple","24":"col","25":"span_1_of_3","26":"owp-content-center","27":"owp-thumbs-layout-horizontal","28":"owp-btn-normal","29":"owp-tabs-layout-section"},"yoast_head":"<!-- This site is optimized with the Yoast SEO plugin v27.3 - https:\/\/yoast.com\/product\/yoast-seo-wordpress\/ -->\n<title>RED 9&#039;6 Compact Package - Stand Up Paddle<\/title>\n<meta name=\"description\" content=\"RED 9&#039;6 Compact package- The world\u2019s smallest all-round SUP package, the 9&#039;6 Compact defines a whole new level of inflatable paddleboard packability.\" \/>\n<meta name=\"robots\" content=\"index, follow, max-snippet:-1, max-image-preview:large, max-video-preview:-1\" \/>\n<link rel=\"canonical\" href=\"https:\/\/standuppaddle.hu\/en\/sup-webaruhaz-webshop\/red-96-compact-package\/\" \/>\n<meta property=\"og:locale\" content=\"en_US\" \/>\n<meta property=\"og:type\" content=\"article\" \/>\n<meta property=\"og:title\" content=\"RED 9&#039;6 Compact Package - Stand Up Paddle\" \/>\n<meta property=\"og:description\" content=\"RED 9&#039;6 Compact package- The world\u2019s smallest all-round SUP package, the 9&#039;6 Compact defines a whole new level of inflatable paddleboard packability.\" \/>\n<meta property=\"og:url\" content=\"https:\/\/standuppaddle.hu\/en\/sup-webaruhaz-webshop\/red-96-compact-package\/\" \/>\n<meta property=\"og:site_name\" content=\"Stand Up Paddle\" \/>\n<meta property=\"article:publisher\" content=\"https:\/\/www.facebook.com\/SUP.Center\/\" \/>\n<meta property=\"og:image\" content=\"https:\/\/standuppaddle.hu\/wp-content\/uploads\/2025\/02\/red-9.6-compact-szet.jpg\" \/>\n\t<meta property=\"og:image:width\" content=\"1000\" \/>\n\t<meta property=\"og:image:height\" content=\"1000\" \/>\n\t<meta property=\"og:image:type\" content=\"image\/jpeg\" \/>\n<meta name=\"twitter:card\" content=\"summary_large_image\" \/>\n<meta name=\"twitter:label1\" content=\"Est. reading time\" \/>\n\t<meta name=\"twitter:data1\" content=\"5 minutes\" \/>\n<script type=\"application\/ld+json\" class=\"yoast-schema-graph\">{\"@context\":\"https:\\\/\\\/schema.org\",\"@graph\":[{\"@type\":\"WebPage\",\"@id\":\"https:\\\/\\\/standuppaddle.hu\\\/en\\\/sup-webaruhaz-webshop\\\/red-96-compact-package\\\/\",\"url\":\"https:\\\/\\\/standuppaddle.hu\\\/en\\\/sup-webaruhaz-webshop\\\/red-96-compact-package\\\/\",\"name\":\"RED 9'6 Compact Package - Stand Up Paddle\",\"isPartOf\":{\"@id\":\"https:\\\/\\\/standuppaddle.hu\\\/en\\\/#website\"},\"primaryImageOfPage\":{\"@id\":\"https:\\\/\\\/standuppaddle.hu\\\/en\\\/sup-webaruhaz-webshop\\\/red-96-compact-package\\\/#primaryimage\"},\"image\":{\"@id\":\"https:\\\/\\\/standuppaddle.hu\\\/en\\\/sup-webaruhaz-webshop\\\/red-96-compact-package\\\/#primaryimage\"},\"thumbnailUrl\":\"https:\\\/\\\/standuppaddle.hu\\\/wp-content\\\/uploads\\\/2025\\\/02\\\/red-9.6-compact-szet.jpg\",\"datePublished\":\"2026-02-12T09:04:38+00:00\",\"description\":\"RED 9'6 Compact package- The world\u2019s smallest all-round SUP package, the 9'6 Compact defines a whole new level of inflatable paddleboard packability.\",\"breadcrumb\":{\"@id\":\"https:\\\/\\\/standuppaddle.hu\\\/en\\\/sup-webaruhaz-webshop\\\/red-96-compact-package\\\/#breadcrumb\"},\"inLanguage\":\"en-US\",\"potentialAction\":[{\"@type\":\"ReadAction\",\"target\":[\"https:\\\/\\\/standuppaddle.hu\\\/en\\\/sup-webaruhaz-webshop\\\/red-96-compact-package\\\/\"]}]},{\"@type\":\"ImageObject\",\"inLanguage\":\"en-US\",\"@id\":\"https:\\\/\\\/standuppaddle.hu\\\/en\\\/sup-webaruhaz-webshop\\\/red-96-compact-package\\\/#primaryimage\",\"url\":\"https:\\\/\\\/standuppaddle.hu\\\/wp-content\\\/uploads\\\/2025\\\/02\\\/red-9.6-compact-szet.jpg\",\"contentUrl\":\"https:\\\/\\\/standuppaddle.hu\\\/wp-content\\\/uploads\\\/2025\\\/02\\\/red-9.6-compact-szet.jpg\",\"width\":1000,\"height\":1000},{\"@type\":\"BreadcrumbList\",\"@id\":\"https:\\\/\\\/standuppaddle.hu\\\/en\\\/sup-webaruhaz-webshop\\\/red-96-compact-package\\\/#breadcrumb\",\"itemListElement\":[{\"@type\":\"ListItem\",\"position\":1,\"name\":\"Home\",\"item\":\"https:\\\/\\\/standuppaddle.hu\\\/en\\\/\"},{\"@type\":\"ListItem\",\"position\":2,\"name\":\"SUP products in stock:\",\"item\":\"https:\\\/\\\/standuppaddle.hu\\\/en\\\/sup-webshop\\\/\"},{\"@type\":\"ListItem\",\"position\":3,\"name\":\"RED 9&#8217;6 Compact Package\"}]},{\"@type\":\"WebSite\",\"@id\":\"https:\\\/\\\/standuppaddle.hu\\\/en\\\/#website\",\"url\":\"https:\\\/\\\/standuppaddle.hu\\\/en\\\/\",\"name\":\"Stand Up Paddle\",\"description\":\"\u00e1llva evez\u00e9s - \u00e1ll\u00f3 sz\u00f6rf - SUP Center Balaton\",\"publisher\":{\"@id\":\"https:\\\/\\\/standuppaddle.hu\\\/en\\\/#organization\"},\"potentialAction\":[{\"@type\":\"SearchAction\",\"target\":{\"@type\":\"EntryPoint\",\"urlTemplate\":\"https:\\\/\\\/standuppaddle.hu\\\/en\\\/?s={search_term_string}\"},\"query-input\":{\"@type\":\"PropertyValueSpecification\",\"valueRequired\":true,\"valueName\":\"search_term_string\"}}],\"inLanguage\":\"en-US\"},{\"@type\":\"Organization\",\"@id\":\"https:\\\/\\\/standuppaddle.hu\\\/en\\\/#organization\",\"name\":\"SUP Center Balaton\",\"url\":\"https:\\\/\\\/standuppaddle.hu\\\/en\\\/\",\"logo\":{\"@type\":\"ImageObject\",\"inLanguage\":\"en-US\",\"@id\":\"https:\\\/\\\/standuppaddle.hu\\\/en\\\/#\\\/schema\\\/logo\\\/image\\\/\",\"url\":\"https:\\\/\\\/standuppaddle.hu\\\/wp-content\\\/uploads\\\/2019\\\/10\\\/sup-center-balaton-logo.jpg\",\"contentUrl\":\"https:\\\/\\\/standuppaddle.hu\\\/wp-content\\\/uploads\\\/2019\\\/10\\\/sup-center-balaton-logo.jpg\",\"width\":2492,\"height\":1075,\"caption\":\"SUP Center Balaton\"},\"image\":{\"@id\":\"https:\\\/\\\/standuppaddle.hu\\\/en\\\/#\\\/schema\\\/logo\\\/image\\\/\"},\"sameAs\":[\"https:\\\/\\\/www.facebook.com\\\/SUP.Center\\\/\",\"https:\\\/\\\/www.instagram.com\\\/sup_center_balaton\\\/\",\"https:\\\/\\\/www.youtube.com\\\/channel\\\/UCaX3OG6gvkhCqeZSw1zgTmw\"]}]}<\/script>\n<!-- \/ Yoast SEO plugin. -->","yoast_head_json":{"title":"RED 9'6 Compact Package - Stand Up Paddle","description":"RED 9'6 Compact package- The world\u2019s smallest all-round SUP package, the 9'6 Compact defines a whole new level of inflatable paddleboard packability.","robots":{"index":"index","follow":"follow","max-snippet":"max-snippet:-1","max-image-preview":"max-image-preview:large","max-video-preview":"max-video-preview:-1"},"canonical":"https:\/\/standuppaddle.hu\/en\/sup-webaruhaz-webshop\/red-96-compact-package\/","og_locale":"en_US","og_type":"article","og_title":"RED 9'6 Compact Package - Stand Up Paddle","og_description":"RED 9'6 Compact package- The world\u2019s smallest all-round SUP package, the 9'6 Compact defines a whole new level of inflatable paddleboard packability.","og_url":"https:\/\/standuppaddle.hu\/en\/sup-webaruhaz-webshop\/red-96-compact-package\/","og_site_name":"Stand Up Paddle","article_publisher":"https:\/\/www.facebook.com\/SUP.Center\/","og_image":[{"width":1000,"height":1000,"url":"https:\/\/standuppaddle.hu\/wp-content\/uploads\/2025\/02\/red-9.6-compact-szet.jpg","type":"image\/jpeg"}],"twitter_card":"summary_large_image","twitter_misc":{"Est. reading time":"5 minutes"},"schema":{"@context":"https:\/\/schema.org","@graph":[{"@type":"WebPage","@id":"https:\/\/standuppaddle.hu\/en\/sup-webaruhaz-webshop\/red-96-compact-package\/","url":"https:\/\/standuppaddle.hu\/en\/sup-webaruhaz-webshop\/red-96-compact-package\/","name":"RED 9'6 Compact Package - Stand Up Paddle","isPartOf":{"@id":"https:\/\/standuppaddle.hu\/en\/#website"},"primaryImageOfPage":{"@id":"https:\/\/standuppaddle.hu\/en\/sup-webaruhaz-webshop\/red-96-compact-package\/#primaryimage"},"image":{"@id":"https:\/\/standuppaddle.hu\/en\/sup-webaruhaz-webshop\/red-96-compact-package\/#primaryimage"},"thumbnailUrl":"https:\/\/standuppaddle.hu\/wp-content\/uploads\/2025\/02\/red-9.6-compact-szet.jpg","datePublished":"2026-02-12T09:04:38+00:00","description":"RED 9'6 Compact package- The world\u2019s smallest all-round SUP package, the 9'6 Compact defines a whole new level of inflatable paddleboard packability.","breadcrumb":{"@id":"https:\/\/standuppaddle.hu\/en\/sup-webaruhaz-webshop\/red-96-compact-package\/#breadcrumb"},"inLanguage":"en-US","potentialAction":[{"@type":"ReadAction","target":["https:\/\/standuppaddle.hu\/en\/sup-webaruhaz-webshop\/red-96-compact-package\/"]}]},{"@type":"ImageObject","inLanguage":"en-US","@id":"https:\/\/standuppaddle.hu\/en\/sup-webaruhaz-webshop\/red-96-compact-package\/#primaryimage","url":"https:\/\/standuppaddle.hu\/wp-content\/uploads\/2025\/02\/red-9.6-compact-szet.jpg","contentUrl":"https:\/\/standuppaddle.hu\/wp-content\/uploads\/2025\/02\/red-9.6-compact-szet.jpg","width":1000,"height":1000},{"@type":"BreadcrumbList","@id":"https:\/\/standuppaddle.hu\/en\/sup-webaruhaz-webshop\/red-96-compact-package\/#breadcrumb","itemListElement":[{"@type":"ListItem","position":1,"name":"Home","item":"https:\/\/standuppaddle.hu\/en\/"},{"@type":"ListItem","position":2,"name":"SUP products in stock:","item":"https:\/\/standuppaddle.hu\/en\/sup-webshop\/"},{"@type":"ListItem","position":3,"name":"RED 9&#8217;6 Compact Package"}]},{"@type":"WebSite","@id":"https:\/\/standuppaddle.hu\/en\/#website","url":"https:\/\/standuppaddle.hu\/en\/","name":"Stand Up Paddle","description":"\u00e1llva evez\u00e9s - \u00e1ll\u00f3 sz\u00f6rf - SUP Center Balaton","publisher":{"@id":"https:\/\/standuppaddle.hu\/en\/#organization"},"potentialAction":[{"@type":"SearchAction","target":{"@type":"EntryPoint","urlTemplate":"https:\/\/standuppaddle.hu\/en\/?s={search_term_string}"},"query-input":{"@type":"PropertyValueSpecification","valueRequired":true,"valueName":"search_term_string"}}],"inLanguage":"en-US"},{"@type":"Organization","@id":"https:\/\/standuppaddle.hu\/en\/#organization","name":"SUP Center Balaton","url":"https:\/\/standuppaddle.hu\/en\/","logo":{"@type":"ImageObject","inLanguage":"en-US","@id":"https:\/\/standuppaddle.hu\/en\/#\/schema\/logo\/image\/","url":"https:\/\/standuppaddle.hu\/wp-content\/uploads\/2019\/10\/sup-center-balaton-logo.jpg","contentUrl":"https:\/\/standuppaddle.hu\/wp-content\/uploads\/2019\/10\/sup-center-balaton-logo.jpg","width":2492,"height":1075,"caption":"SUP Center Balaton"},"image":{"@id":"https:\/\/standuppaddle.hu\/en\/#\/schema\/logo\/image\/"},"sameAs":["https:\/\/www.facebook.com\/SUP.Center\/","https:\/\/www.instagram.com\/sup_center_balaton\/","https:\/\/www.youtube.com\/channel\/UCaX3OG6gvkhCqeZSw1zgTmw"]}]}},"_links":{"self":[{"href":"https:\/\/standuppaddle.hu\/en\/wp-json\/wp\/v2\/product\/12890","targetHints":{"allow":["GET"]}}],"collection":[{"href":"https:\/\/standuppaddle.hu\/en\/wp-json\/wp\/v2\/product"}],"about":[{"href":"https:\/\/standuppaddle.hu\/en\/wp-json\/wp\/v2\/types\/product"}],"version-history":[{"count":3,"href":"https:\/\/standuppaddle.hu\/en\/wp-json\/wp\/v2\/product\/12890\/revisions"}],"predecessor-version":[{"id":12927,"href":"https:\/\/standuppaddle.hu\/en\/wp-json\/wp\/v2\/product\/12890\/revisions\/12927"}],"wp:featuredmedia":[{"embeddable":true,"href":"https:\/\/standuppaddle.hu\/en\/wp-json\/wp\/v2\/media\/12895"}],"wp:attachment":[{"href":"https:\/\/standuppaddle.hu\/en\/wp-json\/wp\/v2\/media?parent=12890"}],"wp:term":[{"taxonomy":"product_brand","embeddable":true,"href":"https:\/\/standuppaddle.hu\/en\/wp-json\/wp\/v2\/product_brand?post=12890"},{"taxonomy":"product_cat","embeddable":true,"href":"https:\/\/standuppaddle.hu\/en\/wp-json\/wp\/v2\/product_cat?post=12890"},{"taxonomy":"product_tag","embeddable":true,"href":"https:\/\/standuppaddle.hu\/en\/wp-json\/wp\/v2\/product_tag?post=12890"}],"curies":[{"name":"wp","href":"https:\/\/api.w.org\/{rel}","templated":true}]}}