{"id":12030,"date":"2026-04-06T12:22:54","date_gmt":"2026-04-06T10:22:54","guid":{"rendered":"https:\/\/standuppaddle.hu\/?post_type=product&#038;p=12030"},"modified":"2024-04-20T14:40:29","modified_gmt":"2024-04-20T12:40:29","slug":"red-140-sport-msl-800","status":"publish","type":"product","link":"https:\/\/standuppaddle.hu\/en\/sup-webaruhaz-webshop\/red-140-sport-msl-800\/","title":{"rendered":"RED 14&#8217;0 Sport+ MSL 800"},"content":{"rendered":"<h3>RED 14&#8217;0 Sport+ MSL 800<\/h3>\n<div class=\"product__who\"><\/div>\n<div class=\"product-wrap__intro-text\">\n<p>The new RED 14&#8217;0 Sport+ MSL 800 inflatable paddleboard offers fast, long-distance touring and race-ready performance in a user-friendly shape. Efficiently slicing through the water under total control, this pacey tourer is ideal for experienced riders seeking speedy versatility, or progressive paddlers looking to go quicker and potentially get into racing.<\/p>\n<p>At 28&#8243; wide, the 14&#8217;0&#8243; Sport+ blends impressive speed with easy stability, ideal for comfortably extending your adventures and breaking personal bests. With long, parallel rails and a tapered nose, plus a Speed Tail for sharp water release, it boasts exceptional tracking and glide per stroke.<\/p>\n<p>Weighing in nearly 2kg lighter than our regular construction, our groundbreaking MSL\u00ae800 double-drop-stitch material combines with patented Rocker Stiffening System (RSS) battens for incredible rigidity. With a variable traction deckpad for intuitive footwork, adjustable flat bungees and three soft-touch carry handles provide touring comfort. All the essential accessories and a 5-year warranty complete this premium package.<\/p>\n<p><strong>RSS battens:\u00a0<\/strong>RSS Batten technology is unique to Red Paddle Co \u2013 they designed and patented it to make boards even stiffer to deliver greater performance. It works by slotting two stiffening battens into pockets that are individually laminated onto the side of the board. They\u2019ve proved this makes the board up to 40 per cent stiffer.<\/p>\n<p>Now in a bright colour so they cannot be forgotten at set up, rounded leading edge for improved ease of insertion and new pure material which is more durable and also recyclable.<\/p>\n<p><b>Speed Tail<\/b>. This brand new feature offers enhanced speed and nippy manoeuvrability. The rubberised edge on the tail aids water release and increases speed.<\/p>\n<p><b>Timeless design:<\/b>\u00a0The Red Paddle Co iconic design has been updated for 2021 with a more streamlined look and feel. The extended Red embossed deck pad now reaches right down to the tail, wraps closer to the rails, and offers superior comfort and grip. The diamond-cut rear provides extra stability for performing step back turns, or for riding in bigger waves.<\/p>\n<p><b>Flat Bungee Cargo System:\u00a0<\/b>UNIQUE TO RED PADDLE CO!\u00a0The self-closing, flat bungee straps are now larger, creating more tension to keep all your gear on your board! All boards come with three bungee straps on the nose, setting you up perfectly for adventures to come.<\/p>\n<p><b>Ergonomic tubular handles<\/b>\u00a0on all boards to give a cushioned, comfy grip when carrying your board.<\/p>\n<p><strong>FCS Fin:<\/strong>\u00a0All Sport boards come with a durable fin\u00a0from world-leading surfboard fin creators FCS \u2013 slotted into the fin box easily by hand and secured in place with a finger bolt.<\/p>\n<p><b>New Titan II pump!\u00a0<\/b>Included with all of our SUP packages, our newly refined industry-leading Titan II pump takes you from neatly-packed to fully-inflated in half the time, with half the effort. See what\u2019s new about the Titan II pump.<\/p>\n<p><b>ATB Transformer Backpack:\u00a0<\/b>Introducing a complete redesign of our bestselling inflatable SUP backpack. Highly engineered adjustable ergonomic support means that the ATB Bag now offers exceptional levels of support for your shoulders and back. Exterior straps mean that the bag can be compressed making it more comfortable and a pleasure to carry. It\u2019s now easier to pack away your paddle with an interior paddle blade pocket and a velcro securing system so your paddle is safe and secure while on the move. A large outer zip pocket means any essentials can be packed securely away and easily accessible.<\/p>\n<p>Our revolutionary bag-less carry system has been designed with all paddleboarders in mind. For the adventurers, you can now go further and access more remote waterways without the need of a heavy bulky bag. Perfect for families, it\u2019s now easier, quicker and more convenient to pack up your kit after a long day at the beach<\/p>\n<p><strong>Accessory mount:<\/strong>\u00a0An integrated M6 thread makes it possible to attach a\u00a0<a href=\"https:\/\/standuppaddle.hu\/en\/sup-webaruhaz-webshop\/action-camera-mount-for-sup\/\">GoPro camera mount<\/a>\u00a0or other accessory mounts from\u00a0<a href=\"https:\/\/rammount.com\/\" target=\"_blank\" rel=\"noopener\">Ram Mount<\/a>\u00a0or Railblaza.<\/p>\n<p><strong>The RED 14&#8217;0 Sport+ MSL 800 comes with the following:<\/strong><\/p>\n<ul>\n<li>Titan pump II<\/li>\n<li>FCS Fin<\/li>\n<li>2x RSS battens<\/li>\n<li>Service set<\/li>\n<li>Red Paddle Co. ATB Transformer Bag<\/li>\n<li>Waterproof phone case<\/li>\n<\/ul>\n<table>\n<tbody>\n<tr class=\"woocommerce-product-attributes-item woocommerce-product-attributes-item--4\">\n<th class=\"woocommerce-product-attributes-item__label\">BOARD VOLUMEN<\/th>\n<td class=\"woocommerce-product-attributes-item__value\">356 litres<\/td>\n<\/tr>\n<tr class=\"woocommerce-product-attributes-item woocommerce-product-attributes-item--2\">\n<th class=\"woocommerce-product-attributes-item__label\">BOARD LENGTH<\/th>\n<td class=\"woocommerce-product-attributes-item__value\">12&#8217;6&#8243; \/ 381 cm<\/td>\n<\/tr>\n<tr class=\"woocommerce-product-attributes-item woocommerce-product-attributes-item--4\">\n<th class=\"woocommerce-product-attributes-item__label\">BOARD WIDTH<\/th>\n<td class=\"woocommerce-product-attributes-item__value\">28&#8243; \/ 71 cm<\/td>\n<\/tr>\n<tr class=\"woocommerce-product-attributes-item woocommerce-product-attributes-item--3\">\n<th class=\"woocommerce-product-attributes-item__label\">BOARD WEIGHT<\/th>\n<td class=\"woocommerce-product-attributes-item__value\">10,75 kg<\/td>\n<\/tr>\n<tr class=\"woocommerce-product-attributes-item woocommerce-product-attributes-item--5\">\n<th class=\"woocommerce-product-attributes-item__label\">FINS<\/th>\n<td class=\"woocommerce-product-attributes-item__value\">Removable FCS US Box Fins<\/td>\n<\/tr>\n<tr class=\"woocommerce-product-attributes-item woocommerce-product-attributes-item--6\">\n<th class=\"woocommerce-product-attributes-item__label\">NUMBER OF RIDERS<\/th>\n<td class=\"woocommerce-product-attributes-item__value\">1 \u2013 2<\/td>\n<\/tr>\n<tr class=\"woocommerce-product-attributes-item woocommerce-product-attributes-item--8\">\n<th class=\"woocommerce-product-attributes-item__label\">RIDER WEIGHT<\/th>\n<td class=\"woocommerce-product-attributes-item__value\">up to 120 kg<\/td>\n<\/tr>\n<tr class=\"woocommerce-product-attributes-item woocommerce-product-attributes-item--9\">\n<th class=\"woocommerce-product-attributes-item__label\">STIFFENING SYSTEM<\/th>\n<td class=\"woocommerce-product-attributes-item__value\">RSS Battens<\/td>\n<\/tr>\n<tr class=\"woocommerce-product-attributes-item woocommerce-product-attributes-item--1\">\n<th class=\"woocommerce-product-attributes-item__label\">BAG VOLUME<\/th>\n<td class=\"woocommerce-product-attributes-item__value\">150 litres<\/td>\n<\/tr>\n<tr class=\"woocommerce-product-attributes-item woocommerce-product-attributes-item--0\">\n<th class=\"woocommerce-product-attributes-item__label\">BAG SIZE<\/th>\n<td class=\"woocommerce-product-attributes-item__value\">960mm (h) x 390mm (w) x 360mm (d)<\/td>\n<\/tr>\n<\/tbody>\n<\/table>\n<\/div>\n","protected":false},"excerpt":{"rendered":"<p><img loading=\"lazy\" decoding=\"async\" class=\"size-full wp-image-7768 alignleft\" src=\"http:\/\/standuppaddle.hu\/wp-content\/uploads\/2021\/10\/5-yr-warranty.png\" alt=\"\" width=\"150\" height=\"150\" srcset=\"https:\/\/standuppaddle.hu\/wp-content\/uploads\/2021\/10\/5-yr-warranty.png 150w, https:\/\/standuppaddle.hu\/wp-content\/uploads\/2021\/10\/5-yr-warranty-100x100.png 100w\" sizes=\"auto, (max-width: 150px) 100vw, 150px\" \/> <img loading=\"lazy\" decoding=\"async\" class=\"alignnone size-full wp-image-8293\" src=\"https:\/\/standuppaddle.hu\/wp-content\/uploads\/2021\/12\/free-sup-delivery.jpg\" alt=\"\" width=\"159\" height=\"150\" \/><\/p>\n<div id=\"gtx-trans\" style=\"position: absolute; left: 101px; top: 23.95px;\">\n<div class=\"gtx-trans-icon\"><\/div>\n<\/div>\n","protected":false},"featured_media":13284,"template":"","meta":{"ocean_post_layout":"","ocean_both_sidebars_style":"","ocean_both_sidebars_content_width":0,"ocean_both_sidebars_sidebars_width":0,"ocean_sidebar":"0","ocean_second_sidebar":"0","ocean_disable_margins":"enable","ocean_add_body_class":"","ocean_shortcode_before_top_bar":"","ocean_shortcode_after_top_bar":"","ocean_shortcode_before_header":"","ocean_shortcode_after_header":"","ocean_has_shortcode":"","ocean_shortcode_after_title":"","ocean_shortcode_before_footer_widgets":"","ocean_shortcode_after_footer_widgets":"","ocean_shortcode_before_footer_bottom":"","ocean_shortcode_after_footer_bottom":"","ocean_display_top_bar":"default","ocean_display_header":"default","ocean_header_style":"","ocean_center_header_left_menu":"0","ocean_custom_header_template":"0","ocean_custom_logo":0,"ocean_custom_retina_logo":0,"ocean_custom_logo_max_width":0,"ocean_custom_logo_tablet_max_width":0,"ocean_custom_logo_mobile_max_width":0,"ocean_custom_logo_max_height":0,"ocean_custom_logo_tablet_max_height":0,"ocean_custom_logo_mobile_max_height":0,"ocean_header_custom_menu":"0","ocean_menu_typo_font_family":"0","ocean_menu_typo_font_subset":"","ocean_menu_typo_font_size":0,"ocean_menu_typo_font_size_tablet":0,"ocean_menu_typo_font_size_mobile":0,"ocean_menu_typo_font_size_unit":"px","ocean_menu_typo_font_weight":"","ocean_menu_typo_font_weight_tablet":"","ocean_menu_typo_font_weight_mobile":"","ocean_menu_typo_transform":"","ocean_menu_typo_transform_tablet":"","ocean_menu_typo_transform_mobile":"","ocean_menu_typo_line_height":0,"ocean_menu_typo_line_height_tablet":0,"ocean_menu_typo_line_height_mobile":0,"ocean_menu_typo_line_height_unit":"","ocean_menu_typo_spacing":0,"ocean_menu_typo_spacing_tablet":0,"ocean_menu_typo_spacing_mobile":0,"ocean_menu_typo_spacing_unit":"","ocean_menu_link_color":"","ocean_menu_link_color_hover":"","ocean_menu_link_color_active":"","ocean_menu_link_background":"","ocean_menu_link_hover_background":"","ocean_menu_link_active_background":"","ocean_menu_social_links_bg":"","ocean_menu_social_hover_links_bg":"","ocean_menu_social_links_color":"","ocean_menu_social_hover_links_color":"","ocean_disable_title":"default","ocean_disable_heading":"default","ocean_post_title":"","ocean_post_subheading":"","ocean_post_title_style":"","ocean_post_title_background_color":"","ocean_post_title_background":0,"ocean_post_title_bg_image_position":"","ocean_post_title_bg_image_attachment":"","ocean_post_title_bg_image_repeat":"","ocean_post_title_bg_image_size":"","ocean_post_title_height":0,"ocean_post_title_bg_overlay":0.5,"ocean_post_title_bg_overlay_color":"","ocean_disable_breadcrumbs":"default","ocean_breadcrumbs_color":"","ocean_breadcrumbs_separator_color":"","ocean_breadcrumbs_links_color":"","ocean_breadcrumbs_links_hover_color":"","ocean_display_footer_widgets":"default","ocean_display_footer_bottom":"default","ocean_custom_footer_template":"0","footnotes":""},"product_brand":[],"product_cat":[631,223,199,215],"product_tag":[231],"class_list":{"0":"post-12030","1":"product","2":"type-product","3":"status-publish","4":"has-post-thumbnail","6":"product_cat-v4-en","7":"product_cat-inflatable-isup-boards","8":"product_cat-sup-sale","9":"product_cat-touring-sup-boards","10":"product_tag-red-paddle-co-en","11":"product_shipping_class-xl-package","13":"entry","14":"has-media","16":"first","17":"instock","18":"sale","19":"taxable","20":"shipping-taxable","21":"purchasable","22":"product-type-simple","23":"col","24":"span_1_of_3","25":"owp-content-center","26":"owp-thumbs-layout-horizontal","27":"owp-btn-normal","28":"owp-tabs-layout-section"},"yoast_head":"<!-- This site is optimized with the Yoast SEO plugin v27.3 - https:\/\/yoast.com\/product\/yoast-seo-wordpress\/ -->\n<title>RED 14&#039;0 Sport+ MSL 800 - Stand Up Paddle board<\/title>\n<meta name=\"description\" content=\"The new RED 14&#039;0 Sport+ MSL 800 inflatable paddleboard offers fast, long-distance touring and race-ready performance in a user-friendly shape.\" \/>\n<meta name=\"robots\" content=\"index, follow, max-snippet:-1, max-image-preview:large, max-video-preview:-1\" \/>\n<link rel=\"canonical\" href=\"https:\/\/standuppaddle.hu\/en\/sup-webaruhaz-webshop\/red-140-sport-msl-800\/\" \/>\n<meta property=\"og:locale\" content=\"en_US\" \/>\n<meta property=\"og:type\" content=\"article\" \/>\n<meta property=\"og:title\" content=\"RED 14&#039;0 Sport+ MSL 800 - Stand Up Paddle board\" \/>\n<meta property=\"og:description\" content=\"The new RED 14&#039;0 Sport+ MSL 800 inflatable paddleboard offers fast, long-distance touring and race-ready performance in a user-friendly shape.\" \/>\n<meta property=\"og:url\" content=\"https:\/\/standuppaddle.hu\/en\/sup-webaruhaz-webshop\/red-140-sport-msl-800\/\" \/>\n<meta property=\"og:site_name\" content=\"Stand Up Paddle\" \/>\n<meta property=\"article:publisher\" content=\"https:\/\/www.facebook.com\/SUP.Center\/\" \/>\n<meta property=\"og:image\" content=\"https:\/\/standuppaddle.hu\/wp-content\/uploads\/2024\/01\/red_12.6_sport_csomag.jpg\" \/>\n\t<meta property=\"og:image:width\" content=\"1000\" \/>\n\t<meta property=\"og:image:height\" content=\"1000\" \/>\n\t<meta property=\"og:image:type\" content=\"image\/jpeg\" \/>\n<meta name=\"twitter:card\" content=\"summary_large_image\" \/>\n<meta name=\"twitter:label1\" content=\"Est. reading time\" \/>\n\t<meta name=\"twitter:data1\" content=\"4 minutes\" \/>\n<script type=\"application\/ld+json\" class=\"yoast-schema-graph\">{\"@context\":\"https:\\\/\\\/schema.org\",\"@graph\":[{\"@type\":\"WebPage\",\"@id\":\"https:\\\/\\\/standuppaddle.hu\\\/en\\\/sup-webaruhaz-webshop\\\/red-140-sport-msl-800\\\/\",\"url\":\"https:\\\/\\\/standuppaddle.hu\\\/en\\\/sup-webaruhaz-webshop\\\/red-140-sport-msl-800\\\/\",\"name\":\"RED 14'0 Sport+ MSL 800 - Stand Up Paddle board\",\"isPartOf\":{\"@id\":\"https:\\\/\\\/standuppaddle.hu\\\/en\\\/#website\"},\"primaryImageOfPage\":{\"@id\":\"https:\\\/\\\/standuppaddle.hu\\\/en\\\/sup-webaruhaz-webshop\\\/red-140-sport-msl-800\\\/#primaryimage\"},\"image\":{\"@id\":\"https:\\\/\\\/standuppaddle.hu\\\/en\\\/sup-webaruhaz-webshop\\\/red-140-sport-msl-800\\\/#primaryimage\"},\"thumbnailUrl\":\"https:\\\/\\\/standuppaddle.hu\\\/wp-content\\\/uploads\\\/2024\\\/01\\\/red_14_sport_csomag.jpg\",\"datePublished\":\"2026-04-06T10:22:54+00:00\",\"description\":\"The new RED 14'0 Sport+ MSL 800 inflatable paddleboard offers fast, long-distance touring and race-ready performance in a user-friendly shape.\",\"breadcrumb\":{\"@id\":\"https:\\\/\\\/standuppaddle.hu\\\/en\\\/sup-webaruhaz-webshop\\\/red-140-sport-msl-800\\\/#breadcrumb\"},\"inLanguage\":\"en-US\",\"potentialAction\":[{\"@type\":\"ReadAction\",\"target\":[\"https:\\\/\\\/standuppaddle.hu\\\/en\\\/sup-webaruhaz-webshop\\\/red-140-sport-msl-800\\\/\"]}]},{\"@type\":\"ImageObject\",\"inLanguage\":\"en-US\",\"@id\":\"https:\\\/\\\/standuppaddle.hu\\\/en\\\/sup-webaruhaz-webshop\\\/red-140-sport-msl-800\\\/#primaryimage\",\"url\":\"https:\\\/\\\/standuppaddle.hu\\\/wp-content\\\/uploads\\\/2024\\\/01\\\/red_14_sport_csomag.jpg\",\"contentUrl\":\"https:\\\/\\\/standuppaddle.hu\\\/wp-content\\\/uploads\\\/2024\\\/01\\\/red_14_sport_csomag.jpg\",\"width\":1000,\"height\":1000},{\"@type\":\"BreadcrumbList\",\"@id\":\"https:\\\/\\\/standuppaddle.hu\\\/en\\\/sup-webaruhaz-webshop\\\/red-140-sport-msl-800\\\/#breadcrumb\",\"itemListElement\":[{\"@type\":\"ListItem\",\"position\":1,\"name\":\"Home\",\"item\":\"https:\\\/\\\/standuppaddle.hu\\\/en\\\/\"},{\"@type\":\"ListItem\",\"position\":2,\"name\":\"SUP products in stock:\",\"item\":\"https:\\\/\\\/standuppaddle.hu\\\/en\\\/sup-webshop\\\/\"},{\"@type\":\"ListItem\",\"position\":3,\"name\":\"RED 14&#8217;0 Sport+ MSL 800\"}]},{\"@type\":\"WebSite\",\"@id\":\"https:\\\/\\\/standuppaddle.hu\\\/en\\\/#website\",\"url\":\"https:\\\/\\\/standuppaddle.hu\\\/en\\\/\",\"name\":\"Stand Up Paddle\",\"description\":\"\u00e1llva evez\u00e9s - \u00e1ll\u00f3 sz\u00f6rf - SUP Center Balaton\",\"publisher\":{\"@id\":\"https:\\\/\\\/standuppaddle.hu\\\/en\\\/#organization\"},\"potentialAction\":[{\"@type\":\"SearchAction\",\"target\":{\"@type\":\"EntryPoint\",\"urlTemplate\":\"https:\\\/\\\/standuppaddle.hu\\\/en\\\/?s={search_term_string}\"},\"query-input\":{\"@type\":\"PropertyValueSpecification\",\"valueRequired\":true,\"valueName\":\"search_term_string\"}}],\"inLanguage\":\"en-US\"},{\"@type\":\"Organization\",\"@id\":\"https:\\\/\\\/standuppaddle.hu\\\/en\\\/#organization\",\"name\":\"SUP Center Balaton\",\"url\":\"https:\\\/\\\/standuppaddle.hu\\\/en\\\/\",\"logo\":{\"@type\":\"ImageObject\",\"inLanguage\":\"en-US\",\"@id\":\"https:\\\/\\\/standuppaddle.hu\\\/en\\\/#\\\/schema\\\/logo\\\/image\\\/\",\"url\":\"https:\\\/\\\/standuppaddle.hu\\\/wp-content\\\/uploads\\\/2019\\\/10\\\/sup-center-balaton-logo.jpg\",\"contentUrl\":\"https:\\\/\\\/standuppaddle.hu\\\/wp-content\\\/uploads\\\/2019\\\/10\\\/sup-center-balaton-logo.jpg\",\"width\":2492,\"height\":1075,\"caption\":\"SUP Center Balaton\"},\"image\":{\"@id\":\"https:\\\/\\\/standuppaddle.hu\\\/en\\\/#\\\/schema\\\/logo\\\/image\\\/\"},\"sameAs\":[\"https:\\\/\\\/www.facebook.com\\\/SUP.Center\\\/\",\"https:\\\/\\\/www.instagram.com\\\/sup_center_balaton\\\/\",\"https:\\\/\\\/www.youtube.com\\\/channel\\\/UCaX3OG6gvkhCqeZSw1zgTmw\"]}]}<\/script>\n<!-- \/ Yoast SEO plugin. -->","yoast_head_json":{"title":"RED 14'0 Sport+ MSL 800 - Stand Up Paddle board","description":"The new RED 14'0 Sport+ MSL 800 inflatable paddleboard offers fast, long-distance touring and race-ready performance in a user-friendly shape.","robots":{"index":"index","follow":"follow","max-snippet":"max-snippet:-1","max-image-preview":"max-image-preview:large","max-video-preview":"max-video-preview:-1"},"canonical":"https:\/\/standuppaddle.hu\/en\/sup-webaruhaz-webshop\/red-140-sport-msl-800\/","og_locale":"en_US","og_type":"article","og_title":"RED 14'0 Sport+ MSL 800 - Stand Up Paddle board","og_description":"The new RED 14'0 Sport+ MSL 800 inflatable paddleboard offers fast, long-distance touring and race-ready performance in a user-friendly shape.","og_url":"https:\/\/standuppaddle.hu\/en\/sup-webaruhaz-webshop\/red-140-sport-msl-800\/","og_site_name":"Stand Up Paddle","article_publisher":"https:\/\/www.facebook.com\/SUP.Center\/","og_image":[{"width":1000,"height":1000,"url":"https:\/\/standuppaddle.hu\/wp-content\/uploads\/2024\/01\/red_12.6_sport_csomag.jpg","type":"image\/jpeg"}],"twitter_card":"summary_large_image","twitter_misc":{"Est. reading time":"4 minutes"},"schema":{"@context":"https:\/\/schema.org","@graph":[{"@type":"WebPage","@id":"https:\/\/standuppaddle.hu\/en\/sup-webaruhaz-webshop\/red-140-sport-msl-800\/","url":"https:\/\/standuppaddle.hu\/en\/sup-webaruhaz-webshop\/red-140-sport-msl-800\/","name":"RED 14'0 Sport+ MSL 800 - Stand Up Paddle board","isPartOf":{"@id":"https:\/\/standuppaddle.hu\/en\/#website"},"primaryImageOfPage":{"@id":"https:\/\/standuppaddle.hu\/en\/sup-webaruhaz-webshop\/red-140-sport-msl-800\/#primaryimage"},"image":{"@id":"https:\/\/standuppaddle.hu\/en\/sup-webaruhaz-webshop\/red-140-sport-msl-800\/#primaryimage"},"thumbnailUrl":"https:\/\/standuppaddle.hu\/wp-content\/uploads\/2024\/01\/red_14_sport_csomag.jpg","datePublished":"2026-04-06T10:22:54+00:00","description":"The new RED 14'0 Sport+ MSL 800 inflatable paddleboard offers fast, long-distance touring and race-ready performance in a user-friendly shape.","breadcrumb":{"@id":"https:\/\/standuppaddle.hu\/en\/sup-webaruhaz-webshop\/red-140-sport-msl-800\/#breadcrumb"},"inLanguage":"en-US","potentialAction":[{"@type":"ReadAction","target":["https:\/\/standuppaddle.hu\/en\/sup-webaruhaz-webshop\/red-140-sport-msl-800\/"]}]},{"@type":"ImageObject","inLanguage":"en-US","@id":"https:\/\/standuppaddle.hu\/en\/sup-webaruhaz-webshop\/red-140-sport-msl-800\/#primaryimage","url":"https:\/\/standuppaddle.hu\/wp-content\/uploads\/2024\/01\/red_14_sport_csomag.jpg","contentUrl":"https:\/\/standuppaddle.hu\/wp-content\/uploads\/2024\/01\/red_14_sport_csomag.jpg","width":1000,"height":1000},{"@type":"BreadcrumbList","@id":"https:\/\/standuppaddle.hu\/en\/sup-webaruhaz-webshop\/red-140-sport-msl-800\/#breadcrumb","itemListElement":[{"@type":"ListItem","position":1,"name":"Home","item":"https:\/\/standuppaddle.hu\/en\/"},{"@type":"ListItem","position":2,"name":"SUP products in stock:","item":"https:\/\/standuppaddle.hu\/en\/sup-webshop\/"},{"@type":"ListItem","position":3,"name":"RED 14&#8217;0 Sport+ MSL 800"}]},{"@type":"WebSite","@id":"https:\/\/standuppaddle.hu\/en\/#website","url":"https:\/\/standuppaddle.hu\/en\/","name":"Stand Up Paddle","description":"\u00e1llva evez\u00e9s - \u00e1ll\u00f3 sz\u00f6rf - SUP Center Balaton","publisher":{"@id":"https:\/\/standuppaddle.hu\/en\/#organization"},"potentialAction":[{"@type":"SearchAction","target":{"@type":"EntryPoint","urlTemplate":"https:\/\/standuppaddle.hu\/en\/?s={search_term_string}"},"query-input":{"@type":"PropertyValueSpecification","valueRequired":true,"valueName":"search_term_string"}}],"inLanguage":"en-US"},{"@type":"Organization","@id":"https:\/\/standuppaddle.hu\/en\/#organization","name":"SUP Center Balaton","url":"https:\/\/standuppaddle.hu\/en\/","logo":{"@type":"ImageObject","inLanguage":"en-US","@id":"https:\/\/standuppaddle.hu\/en\/#\/schema\/logo\/image\/","url":"https:\/\/standuppaddle.hu\/wp-content\/uploads\/2019\/10\/sup-center-balaton-logo.jpg","contentUrl":"https:\/\/standuppaddle.hu\/wp-content\/uploads\/2019\/10\/sup-center-balaton-logo.jpg","width":2492,"height":1075,"caption":"SUP Center Balaton"},"image":{"@id":"https:\/\/standuppaddle.hu\/en\/#\/schema\/logo\/image\/"},"sameAs":["https:\/\/www.facebook.com\/SUP.Center\/","https:\/\/www.instagram.com\/sup_center_balaton\/","https:\/\/www.youtube.com\/channel\/UCaX3OG6gvkhCqeZSw1zgTmw"]}]}},"_links":{"self":[{"href":"https:\/\/standuppaddle.hu\/en\/wp-json\/wp\/v2\/product\/12030","targetHints":{"allow":["GET"]}}],"collection":[{"href":"https:\/\/standuppaddle.hu\/en\/wp-json\/wp\/v2\/product"}],"about":[{"href":"https:\/\/standuppaddle.hu\/en\/wp-json\/wp\/v2\/types\/product"}],"version-history":[{"count":1,"href":"https:\/\/standuppaddle.hu\/en\/wp-json\/wp\/v2\/product\/12030\/revisions"}],"predecessor-version":[{"id":12127,"href":"https:\/\/standuppaddle.hu\/en\/wp-json\/wp\/v2\/product\/12030\/revisions\/12127"}],"wp:featuredmedia":[{"embeddable":true,"href":"https:\/\/standuppaddle.hu\/en\/wp-json\/wp\/v2\/media\/13284"}],"wp:attachment":[{"href":"https:\/\/standuppaddle.hu\/en\/wp-json\/wp\/v2\/media?parent=12030"}],"wp:term":[{"taxonomy":"product_brand","embeddable":true,"href":"https:\/\/standuppaddle.hu\/en\/wp-json\/wp\/v2\/product_brand?post=12030"},{"taxonomy":"product_cat","embeddable":true,"href":"https:\/\/standuppaddle.hu\/en\/wp-json\/wp\/v2\/product_cat?post=12030"},{"taxonomy":"product_tag","embeddable":true,"href":"https:\/\/standuppaddle.hu\/en\/wp-json\/wp\/v2\/product_tag?post=12030"}],"curies":[{"name":"wp","href":"https:\/\/api.w.org\/{rel}","templated":true}]}}