{"id":11743,"date":"2026-03-19T18:16:05","date_gmt":"2026-03-19T17:16:05","guid":{"rendered":"https:\/\/standuppaddle.hu\/?post_type=product&#038;p=11743"},"modified":"2025-09-13T15:09:06","modified_gmt":"2025-09-13T13:09:06","slug":"kids-sup-paddle-red-cruiser-tough-small","status":"publish","type":"product","link":"https:\/\/standuppaddle.hu\/en\/sup-webaruhaz-webshop\/kids-sup-paddle-red-cruiser-tough-small\/","title":{"rendered":"Kids SUP Paddle &#8211; RED Cruiser Tough Small"},"content":{"rendered":"<h3>RED Cruiser Tough Small &#8211; Adjustable 3pc kids SUP Paddle<\/h3>\n<p>The ultimate kids SUP paddle to get you started. Durable at a great price point, this paddle is for those who are starting out on their SUP journey. Perfect for shallow paddling, the Cruiser Tough paddle has a rigid nylon blade combined with a glass composite shaft.<\/p>\n<p>Designed for kids, the Cruiser paddle won&#8217;t break easily and dissembles for handy maintenance and replaceable parts. Highlights include bungee connection system and new anti-twist top clamp.<\/p>\n<p>This kids SUP paddle is the smaller brother of the <a href=\"https:\/\/red.equipment\" target=\"_blank\" rel=\"noopener\">RED<\/a> <a href=\"https:\/\/standuppaddle.hu\/en\/sup-webaruhaz-webshop\/red-cruiser-tough-adjustable-sup-paddle\/\">Cruiser Tough Paddle<\/a><\/p>\n<p><strong>Who\u2019s it for?<\/strong> A tough and reliable paddle, perfect for younger, smaller people and kids.<\/p>\n<div id=\"row-748295573\" class=\"row\">\n<div id=\"col-2044202749\" class=\"col medium-6 small-12 large-6\">\n<div class=\"col-inner\">\n<p><strong>3-PIECE TRAVEL PADDLE<\/strong><\/p>\n<p>Practical and perfect for travelling, with no compromise on performance. It splits into three parts so it effortlessly fits into your backpack, meaning you can get out and explore with ease!<\/p>\n<p><strong>CAMLOCK ADJUSTMENT SYSTEM<\/strong><\/p>\n<p>The new cam lock system enables quick paddle length adjustment with unrivalled grip, reducing any movement in the top section of the paddle. The camlock system has an \u201cauto-line\u201d feature that means the handle will always be lined up with the blade.<\/p>\n<\/div>\n<\/div>\n<\/div>\n<p><strong>LEASH CONNECTION SYSTEM<\/strong><\/p>\n<p>The paddle features Red Paddle Co\u2019s Leash Connection System, designed to keep blade and mid section tethered together for convenience and easy set up. It\u2019s straightforward to use, makes our three piece paddles even easier to assemble and is removable.<\/p>\n<p><strong>INTERFERENCE FIT HARDWARE<\/strong><\/p>\n<p>The paddle also features Interference Fit Hardware. All Red Paddle Co paddles are now composed of non-glued components meaning every piece of your paddle is both replaceable and recyclable.<\/p>\n<table class=\"c-product-details\">\n<tbody>\n<tr class=\"c-product-details__item\">\n<td class=\"c-product-details__icon-wrapper\"><img class=\"c-product-details__icon u-lazyload is-loaded\" alt=\"\" data-src=\"\" \/><\/td>\n<td class=\"c-product-details__title\">Shaft<\/td>\n<td class=\"c-product-details__value\">Glass<\/td>\n<\/tr>\n<tr class=\"c-product-details__item\">\n<td class=\"c-product-details__icon-wrapper\"><img class=\"c-product-details__icon u-lazyload is-loaded\" alt=\"\" data-src=\"\" \/><\/td>\n<td class=\"c-product-details__title\">Blade<\/td>\n<td class=\"c-product-details__value\">Nylon<\/td>\n<\/tr>\n<tr class=\"c-product-details__item\">\n<td class=\"c-product-details__icon-wrapper\"><img class=\"c-product-details__icon u-lazyload is-loaded\" alt=\"\" data-src=\"\" \/><\/td>\n<td class=\"c-product-details__title\">Adjustment<\/td>\n<td class=\"c-product-details__value\">Cam Lock<\/td>\n<\/tr>\n<tr class=\"c-product-details__item\">\n<td class=\"c-product-details__icon-wrapper\"><img class=\"c-product-details__icon u-lazyload is-loaded\" alt=\"\" data-src=\"\" \/><\/td>\n<td class=\"c-product-details__title\">Pieces<\/td>\n<td class=\"c-product-details__value\">3<\/td>\n<\/tr>\n<tr class=\"c-product-details__item\">\n<td class=\"c-product-details__icon-wrapper\"><\/td>\n<td class=\"c-product-details__title\">Length<\/td>\n<td class=\"c-product-details__value\">130 \u2013 170 cm<\/td>\n<\/tr>\n<tr class=\"c-product-details__item\">\n<td class=\"c-product-details__icon-wrapper\"><\/td>\n<td class=\"c-product-details__title\">Blade<\/td>\n<td class=\"c-product-details__value\">465 mm\u00b2<\/td>\n<\/tr>\n<tr class=\"c-product-details__item\">\n<td class=\"c-product-details__icon-wrapper\"><\/td>\n<td class=\"c-product-details__title\">Weight<\/td>\n<td class=\"c-product-details__value\">\n<div class=\"product__full-text\">720 g<\/div>\n<\/td>\n<\/tr>\n<tr class=\"c-product-details__item\">\n<td class=\"c-product-details__icon-wrapper\"><\/td>\n<td class=\"c-product-details__title\">Color<\/td>\n<td class=\"c-product-details__value\">\n<div class=\"product__full-text\">Green\/Blue<\/div>\n<\/td>\n<\/tr>\n<\/tbody>\n<\/table>\n","protected":false},"excerpt":{"rendered":"<p>RED Cruiser Tough Small &#8211; Adjustable 3pc kids SUP Paddle The ultimate kids SUP paddle to get you started. Durable at a great price point, this paddle is for those who are starting out on their SUP journey. Perfect for shallow paddling, the Cruiser Tough paddle has a rigid nylon blade combined with a glass [&hellip;]<\/p>\n","protected":false},"featured_media":11618,"template":"","meta":{"ocean_post_layout":"","ocean_both_sidebars_style":"","ocean_both_sidebars_content_width":0,"ocean_both_sidebars_sidebars_width":0,"ocean_sidebar":"0","ocean_second_sidebar":"0","ocean_disable_margins":"enable","ocean_add_body_class":"","ocean_shortcode_before_top_bar":"","ocean_shortcode_after_top_bar":"","ocean_shortcode_before_header":"","ocean_shortcode_after_header":"","ocean_has_shortcode":"","ocean_shortcode_after_title":"","ocean_shortcode_before_footer_widgets":"","ocean_shortcode_after_footer_widgets":"","ocean_shortcode_before_footer_bottom":"","ocean_shortcode_after_footer_bottom":"","ocean_display_top_bar":"default","ocean_display_header":"default","ocean_header_style":"","ocean_center_header_left_menu":"0","ocean_custom_header_template":"0","ocean_custom_logo":0,"ocean_custom_retina_logo":0,"ocean_custom_logo_max_width":0,"ocean_custom_logo_tablet_max_width":0,"ocean_custom_logo_mobile_max_width":0,"ocean_custom_logo_max_height":0,"ocean_custom_logo_tablet_max_height":0,"ocean_custom_logo_mobile_max_height":0,"ocean_header_custom_menu":"0","ocean_menu_typo_font_family":"0","ocean_menu_typo_font_subset":"","ocean_menu_typo_font_size":0,"ocean_menu_typo_font_size_tablet":0,"ocean_menu_typo_font_size_mobile":0,"ocean_menu_typo_font_size_unit":"px","ocean_menu_typo_font_weight":"","ocean_menu_typo_font_weight_tablet":"","ocean_menu_typo_font_weight_mobile":"","ocean_menu_typo_transform":"","ocean_menu_typo_transform_tablet":"","ocean_menu_typo_transform_mobile":"","ocean_menu_typo_line_height":0,"ocean_menu_typo_line_height_tablet":0,"ocean_menu_typo_line_height_mobile":0,"ocean_menu_typo_line_height_unit":"","ocean_menu_typo_spacing":0,"ocean_menu_typo_spacing_tablet":0,"ocean_menu_typo_spacing_mobile":0,"ocean_menu_typo_spacing_unit":"","ocean_menu_link_color":"","ocean_menu_link_color_hover":"","ocean_menu_link_color_active":"","ocean_menu_link_background":"","ocean_menu_link_hover_background":"","ocean_menu_link_active_background":"","ocean_menu_social_links_bg":"","ocean_menu_social_hover_links_bg":"","ocean_menu_social_links_color":"","ocean_menu_social_hover_links_color":"","ocean_disable_title":"default","ocean_disable_heading":"default","ocean_post_title":"","ocean_post_subheading":"","ocean_post_title_style":"","ocean_post_title_background_color":"","ocean_post_title_background":0,"ocean_post_title_bg_image_position":"","ocean_post_title_bg_image_attachment":"","ocean_post_title_bg_image_repeat":"","ocean_post_title_bg_image_size":"","ocean_post_title_height":0,"ocean_post_title_bg_overlay":0.5,"ocean_post_title_bg_overlay_color":"","ocean_disable_breadcrumbs":"default","ocean_breadcrumbs_color":"","ocean_breadcrumbs_separator_color":"","ocean_breadcrumbs_links_color":"","ocean_breadcrumbs_links_hover_color":"","ocean_display_footer_widgets":"default","ocean_display_footer_bottom":"default","ocean_custom_footer_template":"0","footnotes":""},"product_brand":[],"product_cat":[199,203],"product_tag":[231],"class_list":{"0":"post-11743","1":"product","2":"type-product","3":"status-publish","4":"has-post-thumbnail","6":"product_cat-sup-sale","7":"product_cat-sup-paddles","8":"product_tag-red-paddle-co-en","9":"product_shipping_class-m-package","11":"entry","12":"has-media","14":"first","15":"instock","16":"sale","17":"taxable","18":"shipping-taxable","19":"purchasable","20":"product-type-simple","21":"col","22":"span_1_of_3","23":"owp-content-center","24":"owp-thumbs-layout-horizontal","25":"owp-btn-normal","26":"owp-tabs-layout-section"},"yoast_head":"<!-- This site is optimized with the Yoast SEO plugin v27.3 - https:\/\/yoast.com\/product\/yoast-seo-wordpress\/ -->\n<title>Kids SUP Paddle - RED Cruiser Tough Small - Stand Up Paddle<\/title>\n<meta name=\"description\" content=\"The ultimate kids SUP paddle to get you started. Durable at a great price point, this paddle is for those who are starting out on their SUP journey.\" \/>\n<meta name=\"robots\" content=\"index, follow, max-snippet:-1, max-image-preview:large, max-video-preview:-1\" \/>\n<link rel=\"canonical\" href=\"https:\/\/standuppaddle.hu\/en\/sup-webaruhaz-webshop\/kids-sup-paddle-red-cruiser-tough-small\/\" \/>\n<meta property=\"og:locale\" content=\"en_US\" \/>\n<meta property=\"og:type\" content=\"article\" \/>\n<meta property=\"og:title\" content=\"Kids SUP Paddle - RED Cruiser Tough Small - Stand Up Paddle\" \/>\n<meta property=\"og:description\" content=\"The ultimate kids SUP paddle to get you started. Durable at a great price point, this paddle is for those who are starting out on their SUP journey.\" \/>\n<meta property=\"og:url\" content=\"https:\/\/standuppaddle.hu\/en\/sup-webaruhaz-webshop\/kids-sup-paddle-red-cruiser-tough-small\/\" \/>\n<meta property=\"og:site_name\" content=\"Stand Up Paddle\" \/>\n<meta property=\"article:publisher\" content=\"https:\/\/www.facebook.com\/SUP.Center\/\" \/>\n<meta property=\"og:image\" content=\"https:\/\/standuppaddle.hu\/wp-content\/uploads\/2023\/08\/cruiser_tough.jpg\" \/>\n\t<meta property=\"og:image:width\" content=\"600\" \/>\n\t<meta property=\"og:image:height\" content=\"600\" \/>\n\t<meta property=\"og:image:type\" content=\"image\/jpeg\" \/>\n<meta name=\"twitter:card\" content=\"summary_large_image\" \/>\n<meta name=\"twitter:label1\" content=\"Est. reading time\" \/>\n\t<meta name=\"twitter:data1\" content=\"1 minute\" \/>\n<script type=\"application\/ld+json\" class=\"yoast-schema-graph\">{\"@context\":\"https:\\\/\\\/schema.org\",\"@graph\":[{\"@type\":\"WebPage\",\"@id\":\"https:\\\/\\\/standuppaddle.hu\\\/en\\\/sup-webaruhaz-webshop\\\/kids-sup-paddle-red-cruiser-tough-small\\\/\",\"url\":\"https:\\\/\\\/standuppaddle.hu\\\/en\\\/sup-webaruhaz-webshop\\\/kids-sup-paddle-red-cruiser-tough-small\\\/\",\"name\":\"Kids SUP Paddle - RED Cruiser Tough Small - Stand Up Paddle\",\"isPartOf\":{\"@id\":\"https:\\\/\\\/standuppaddle.hu\\\/en\\\/#website\"},\"primaryImageOfPage\":{\"@id\":\"https:\\\/\\\/standuppaddle.hu\\\/en\\\/sup-webaruhaz-webshop\\\/kids-sup-paddle-red-cruiser-tough-small\\\/#primaryimage\"},\"image\":{\"@id\":\"https:\\\/\\\/standuppaddle.hu\\\/en\\\/sup-webaruhaz-webshop\\\/kids-sup-paddle-red-cruiser-tough-small\\\/#primaryimage\"},\"thumbnailUrl\":\"https:\\\/\\\/standuppaddle.hu\\\/wp-content\\\/uploads\\\/2023\\\/08\\\/cruiser_tough.jpg\",\"datePublished\":\"2026-03-19T17:16:05+00:00\",\"description\":\"The ultimate kids SUP paddle to get you started. Durable at a great price point, this paddle is for those who are starting out on their SUP journey.\",\"breadcrumb\":{\"@id\":\"https:\\\/\\\/standuppaddle.hu\\\/en\\\/sup-webaruhaz-webshop\\\/kids-sup-paddle-red-cruiser-tough-small\\\/#breadcrumb\"},\"inLanguage\":\"en-US\",\"potentialAction\":[{\"@type\":\"ReadAction\",\"target\":[\"https:\\\/\\\/standuppaddle.hu\\\/en\\\/sup-webaruhaz-webshop\\\/kids-sup-paddle-red-cruiser-tough-small\\\/\"]}]},{\"@type\":\"ImageObject\",\"inLanguage\":\"en-US\",\"@id\":\"https:\\\/\\\/standuppaddle.hu\\\/en\\\/sup-webaruhaz-webshop\\\/kids-sup-paddle-red-cruiser-tough-small\\\/#primaryimage\",\"url\":\"https:\\\/\\\/standuppaddle.hu\\\/wp-content\\\/uploads\\\/2023\\\/08\\\/cruiser_tough.jpg\",\"contentUrl\":\"https:\\\/\\\/standuppaddle.hu\\\/wp-content\\\/uploads\\\/2023\\\/08\\\/cruiser_tough.jpg\",\"width\":600,\"height\":600},{\"@type\":\"BreadcrumbList\",\"@id\":\"https:\\\/\\\/standuppaddle.hu\\\/en\\\/sup-webaruhaz-webshop\\\/kids-sup-paddle-red-cruiser-tough-small\\\/#breadcrumb\",\"itemListElement\":[{\"@type\":\"ListItem\",\"position\":1,\"name\":\"Home\",\"item\":\"https:\\\/\\\/standuppaddle.hu\\\/en\\\/\"},{\"@type\":\"ListItem\",\"position\":2,\"name\":\"SUP products in stock:\",\"item\":\"https:\\\/\\\/standuppaddle.hu\\\/en\\\/sup-webshop\\\/\"},{\"@type\":\"ListItem\",\"position\":3,\"name\":\"Kids SUP Paddle &#8211; RED Cruiser Tough Small\"}]},{\"@type\":\"WebSite\",\"@id\":\"https:\\\/\\\/standuppaddle.hu\\\/en\\\/#website\",\"url\":\"https:\\\/\\\/standuppaddle.hu\\\/en\\\/\",\"name\":\"Stand Up Paddle\",\"description\":\"\u00e1llva evez\u00e9s - \u00e1ll\u00f3 sz\u00f6rf - SUP Center Balaton\",\"publisher\":{\"@id\":\"https:\\\/\\\/standuppaddle.hu\\\/en\\\/#organization\"},\"potentialAction\":[{\"@type\":\"SearchAction\",\"target\":{\"@type\":\"EntryPoint\",\"urlTemplate\":\"https:\\\/\\\/standuppaddle.hu\\\/en\\\/?s={search_term_string}\"},\"query-input\":{\"@type\":\"PropertyValueSpecification\",\"valueRequired\":true,\"valueName\":\"search_term_string\"}}],\"inLanguage\":\"en-US\"},{\"@type\":\"Organization\",\"@id\":\"https:\\\/\\\/standuppaddle.hu\\\/en\\\/#organization\",\"name\":\"SUP Center Balaton\",\"url\":\"https:\\\/\\\/standuppaddle.hu\\\/en\\\/\",\"logo\":{\"@type\":\"ImageObject\",\"inLanguage\":\"en-US\",\"@id\":\"https:\\\/\\\/standuppaddle.hu\\\/en\\\/#\\\/schema\\\/logo\\\/image\\\/\",\"url\":\"https:\\\/\\\/standuppaddle.hu\\\/wp-content\\\/uploads\\\/2019\\\/10\\\/sup-center-balaton-logo.jpg\",\"contentUrl\":\"https:\\\/\\\/standuppaddle.hu\\\/wp-content\\\/uploads\\\/2019\\\/10\\\/sup-center-balaton-logo.jpg\",\"width\":2492,\"height\":1075,\"caption\":\"SUP Center Balaton\"},\"image\":{\"@id\":\"https:\\\/\\\/standuppaddle.hu\\\/en\\\/#\\\/schema\\\/logo\\\/image\\\/\"},\"sameAs\":[\"https:\\\/\\\/www.facebook.com\\\/SUP.Center\\\/\",\"https:\\\/\\\/www.instagram.com\\\/sup_center_balaton\\\/\",\"https:\\\/\\\/www.youtube.com\\\/channel\\\/UCaX3OG6gvkhCqeZSw1zgTmw\"]}]}<\/script>\n<!-- \/ Yoast SEO plugin. -->","yoast_head_json":{"title":"Kids SUP Paddle - RED Cruiser Tough Small - Stand Up Paddle","description":"The ultimate kids SUP paddle to get you started. Durable at a great price point, this paddle is for those who are starting out on their SUP journey.","robots":{"index":"index","follow":"follow","max-snippet":"max-snippet:-1","max-image-preview":"max-image-preview:large","max-video-preview":"max-video-preview:-1"},"canonical":"https:\/\/standuppaddle.hu\/en\/sup-webaruhaz-webshop\/kids-sup-paddle-red-cruiser-tough-small\/","og_locale":"en_US","og_type":"article","og_title":"Kids SUP Paddle - RED Cruiser Tough Small - Stand Up Paddle","og_description":"The ultimate kids SUP paddle to get you started. Durable at a great price point, this paddle is for those who are starting out on their SUP journey.","og_url":"https:\/\/standuppaddle.hu\/en\/sup-webaruhaz-webshop\/kids-sup-paddle-red-cruiser-tough-small\/","og_site_name":"Stand Up Paddle","article_publisher":"https:\/\/www.facebook.com\/SUP.Center\/","og_image":[{"width":600,"height":600,"url":"https:\/\/standuppaddle.hu\/wp-content\/uploads\/2023\/08\/cruiser_tough.jpg","type":"image\/jpeg"}],"twitter_card":"summary_large_image","twitter_misc":{"Est. reading time":"1 minute"},"schema":{"@context":"https:\/\/schema.org","@graph":[{"@type":"WebPage","@id":"https:\/\/standuppaddle.hu\/en\/sup-webaruhaz-webshop\/kids-sup-paddle-red-cruiser-tough-small\/","url":"https:\/\/standuppaddle.hu\/en\/sup-webaruhaz-webshop\/kids-sup-paddle-red-cruiser-tough-small\/","name":"Kids SUP Paddle - RED Cruiser Tough Small - Stand Up Paddle","isPartOf":{"@id":"https:\/\/standuppaddle.hu\/en\/#website"},"primaryImageOfPage":{"@id":"https:\/\/standuppaddle.hu\/en\/sup-webaruhaz-webshop\/kids-sup-paddle-red-cruiser-tough-small\/#primaryimage"},"image":{"@id":"https:\/\/standuppaddle.hu\/en\/sup-webaruhaz-webshop\/kids-sup-paddle-red-cruiser-tough-small\/#primaryimage"},"thumbnailUrl":"https:\/\/standuppaddle.hu\/wp-content\/uploads\/2023\/08\/cruiser_tough.jpg","datePublished":"2026-03-19T17:16:05+00:00","description":"The ultimate kids SUP paddle to get you started. Durable at a great price point, this paddle is for those who are starting out on their SUP journey.","breadcrumb":{"@id":"https:\/\/standuppaddle.hu\/en\/sup-webaruhaz-webshop\/kids-sup-paddle-red-cruiser-tough-small\/#breadcrumb"},"inLanguage":"en-US","potentialAction":[{"@type":"ReadAction","target":["https:\/\/standuppaddle.hu\/en\/sup-webaruhaz-webshop\/kids-sup-paddle-red-cruiser-tough-small\/"]}]},{"@type":"ImageObject","inLanguage":"en-US","@id":"https:\/\/standuppaddle.hu\/en\/sup-webaruhaz-webshop\/kids-sup-paddle-red-cruiser-tough-small\/#primaryimage","url":"https:\/\/standuppaddle.hu\/wp-content\/uploads\/2023\/08\/cruiser_tough.jpg","contentUrl":"https:\/\/standuppaddle.hu\/wp-content\/uploads\/2023\/08\/cruiser_tough.jpg","width":600,"height":600},{"@type":"BreadcrumbList","@id":"https:\/\/standuppaddle.hu\/en\/sup-webaruhaz-webshop\/kids-sup-paddle-red-cruiser-tough-small\/#breadcrumb","itemListElement":[{"@type":"ListItem","position":1,"name":"Home","item":"https:\/\/standuppaddle.hu\/en\/"},{"@type":"ListItem","position":2,"name":"SUP products in stock:","item":"https:\/\/standuppaddle.hu\/en\/sup-webshop\/"},{"@type":"ListItem","position":3,"name":"Kids SUP Paddle &#8211; RED Cruiser Tough Small"}]},{"@type":"WebSite","@id":"https:\/\/standuppaddle.hu\/en\/#website","url":"https:\/\/standuppaddle.hu\/en\/","name":"Stand Up Paddle","description":"\u00e1llva evez\u00e9s - \u00e1ll\u00f3 sz\u00f6rf - SUP Center Balaton","publisher":{"@id":"https:\/\/standuppaddle.hu\/en\/#organization"},"potentialAction":[{"@type":"SearchAction","target":{"@type":"EntryPoint","urlTemplate":"https:\/\/standuppaddle.hu\/en\/?s={search_term_string}"},"query-input":{"@type":"PropertyValueSpecification","valueRequired":true,"valueName":"search_term_string"}}],"inLanguage":"en-US"},{"@type":"Organization","@id":"https:\/\/standuppaddle.hu\/en\/#organization","name":"SUP Center Balaton","url":"https:\/\/standuppaddle.hu\/en\/","logo":{"@type":"ImageObject","inLanguage":"en-US","@id":"https:\/\/standuppaddle.hu\/en\/#\/schema\/logo\/image\/","url":"https:\/\/standuppaddle.hu\/wp-content\/uploads\/2019\/10\/sup-center-balaton-logo.jpg","contentUrl":"https:\/\/standuppaddle.hu\/wp-content\/uploads\/2019\/10\/sup-center-balaton-logo.jpg","width":2492,"height":1075,"caption":"SUP Center Balaton"},"image":{"@id":"https:\/\/standuppaddle.hu\/en\/#\/schema\/logo\/image\/"},"sameAs":["https:\/\/www.facebook.com\/SUP.Center\/","https:\/\/www.instagram.com\/sup_center_balaton\/","https:\/\/www.youtube.com\/channel\/UCaX3OG6gvkhCqeZSw1zgTmw"]}]}},"_links":{"self":[{"href":"https:\/\/standuppaddle.hu\/en\/wp-json\/wp\/v2\/product\/11743","targetHints":{"allow":["GET"]}}],"collection":[{"href":"https:\/\/standuppaddle.hu\/en\/wp-json\/wp\/v2\/product"}],"about":[{"href":"https:\/\/standuppaddle.hu\/en\/wp-json\/wp\/v2\/types\/product"}],"version-history":[{"count":3,"href":"https:\/\/standuppaddle.hu\/en\/wp-json\/wp\/v2\/product\/11743\/revisions"}],"predecessor-version":[{"id":11751,"href":"https:\/\/standuppaddle.hu\/en\/wp-json\/wp\/v2\/product\/11743\/revisions\/11751"}],"wp:featuredmedia":[{"embeddable":true,"href":"https:\/\/standuppaddle.hu\/en\/wp-json\/wp\/v2\/media\/11618"}],"wp:attachment":[{"href":"https:\/\/standuppaddle.hu\/en\/wp-json\/wp\/v2\/media?parent=11743"}],"wp:term":[{"taxonomy":"product_brand","embeddable":true,"href":"https:\/\/standuppaddle.hu\/en\/wp-json\/wp\/v2\/product_brand?post=11743"},{"taxonomy":"product_cat","embeddable":true,"href":"https:\/\/standuppaddle.hu\/en\/wp-json\/wp\/v2\/product_cat?post=11743"},{"taxonomy":"product_tag","embeddable":true,"href":"https:\/\/standuppaddle.hu\/en\/wp-json\/wp\/v2\/product_tag?post=11743"}],"curies":[{"name":"wp","href":"https:\/\/api.w.org\/{rel}","templated":true}]}}