{"id":4695,"date":"2019-12-24T11:23:33","date_gmt":"2019-12-24T10:23:33","guid":{"rendered":"http:\/\/standuppaddle.hu\/shipping-fees\/"},"modified":"2022-05-23T18:45:26","modified_gmt":"2022-05-23T16:45:26","slug":"shipping-fees","status":"publish","type":"page","link":"https:\/\/standuppaddle.hu\/en\/shipping-fees\/","title":{"rendered":"Shipping fees"},"content":{"rendered":"<h1>Shipping Policy<\/h1>\n<p>Our Shipping Policy was last updated on 01.05.2022<\/p>\n<h2>Interpretation and Definitions<\/h2>\n<h3>Interpretation<\/h3>\n<p>The words of which the initial letter is capitalized have meanings defined under the following conditions. The following definitions shall have the same meaning regardless of whether they appear in singular or in plural.<\/p>\n<h3>Definitions<\/h3>\n<p>For the purposes of this Disclaimer:<\/p>\n<ul>\n<li>&#8220;Company&#8221; (referred to as either &#8220;the Company&#8221;, &#8220;We&#8221;, &#8220;Us&#8221; or &#8220;Our&#8221; in this Disclaimer) refers to Sail and Surf Kft.<\/li>\n<li>&#8220;<strong>Goods<\/strong>&#8221; refers to the items offered for sale on the Service.<\/li>\n<li>&#8220;<strong>Orders<\/strong>&#8221; means a request by You to purchase Goods from Us.<\/li>\n<li>&#8220;<strong>Service<\/strong>&#8221; refers to the Website.<\/li>\n<li>&#8220;<strong>Website<\/strong>&#8221; refers to SUP CENTER BALATON accessible fromstanduppaddle.hu<\/li>\n<li>&#8220;<strong>You<\/strong>&#8221; means the individual accessing the Service, or the company, or other legal entity on behalf of which such individual is accessing or using the Service, as applicable.<\/li>\n<\/ul>\n<p>Thank you for visiting and shopping at www.standuppaddle.hu: The following terms and conditions constitute our Shipping Policy. This Shipping was generated by <a href=\"https:\/\/www.termsfeed.com\">TermsFeed Shipping Policy Generator<\/a>.<\/p>\n<h2>Shipping Policy<\/h2>\n<h3>Shipment processing times<\/h3>\n<p>All Orders are processed within 1 business day for orders before 3pm. Orders are not shipped or delivered on weekends or holidays.<\/p>\n<p>If we are experiencing a high volume of orders, shipments may be delayed by a few days. Please allow additional days in transit for delivery. If there will be a significant delay in shipment of Your Order, We will contact You via email or telephone.<br \/>\nDelivery delays can occasionally occur.<\/p>\n<h3>Shipping rates<\/h3>\n<p><span style=\"color: #ff0000;\"><strong>FREE DELIVERY within the EU for orders above 500- EUR<\/strong><\/span><\/p>\n<table width=\"720\">\n<tbody>\n<tr>\n<td width=\"180\"><strong>Country<\/strong><\/td>\n<td width=\"180\"><strong>S<\/strong><\/td>\n<td width=\"180\"><strong>M<\/strong><\/td>\n<td width=\"180\"><strong>XL<\/strong><\/td>\n<\/tr>\n<tr>\n<td><span style=\"color: #ff0000;\">HUNGARY<\/span><\/td>\n<td><span style=\"color: #ff0000;\">7<\/span><\/td>\n<td><span style=\"color: #ff0000;\">7<\/span><\/td>\n<td><span style=\"color: #ff0000;\">13,3<\/span><\/td>\n<\/tr>\n<tr>\n<td>Germany<\/td>\n<td>25<\/td>\n<td>25<\/td>\n<td>36<\/td>\n<\/tr>\n<tr>\n<td>Austria<\/td>\n<td>17<\/td>\n<td>17<\/td>\n<td>24,5<\/td>\n<\/tr>\n<tr>\n<td>Poland<\/td>\n<td>25<\/td>\n<td>25<\/td>\n<td>36<\/td>\n<\/tr>\n<tr>\n<td>Slovakia<\/td>\n<td>11<\/td>\n<td>11<\/td>\n<td>16<\/td>\n<\/tr>\n<tr>\n<td>Czechia<\/td>\n<td>25<\/td>\n<td>25<\/td>\n<td>33<\/td>\n<\/tr>\n<tr>\n<td>Italy<\/td>\n<td>25<\/td>\n<td>25<\/td>\n<td>51<\/td>\n<\/tr>\n<tr>\n<td>Slovenia<\/td>\n<td>11<\/td>\n<td>11<\/td>\n<td>33<\/td>\n<\/tr>\n<tr>\n<td>France<\/td>\n<td>25<\/td>\n<td>25<\/td>\n<td>46<\/td>\n<\/tr>\n<tr>\n<td>Belgium<\/td>\n<td>25<\/td>\n<td>25<\/td>\n<td>40<\/td>\n<\/tr>\n<tr>\n<td>Bulgaria<\/td>\n<td>25<\/td>\n<td>25<\/td>\n<td>36<\/td>\n<\/tr>\n<tr>\n<td>Croatia<\/td>\n<td>15<\/td>\n<td>15<\/td>\n<td>21<\/td>\n<\/tr>\n<tr>\n<td>Danmark<\/td>\n<td>25<\/td>\n<td>25<\/td>\n<td>51<\/td>\n<\/tr>\n<tr>\n<td>Estonia<\/td>\n<td>25<\/td>\n<td>25<\/td>\n<td>57<\/td>\n<\/tr>\n<tr>\n<td>Finland<\/td>\n<td>25<\/td>\n<td>25<\/td>\n<td>65<\/td>\n<\/tr>\n<tr>\n<td>Greece<\/td>\n<td>25<\/td>\n<td>25<\/td>\n<td>66<\/td>\n<\/tr>\n<tr>\n<td>Irland<\/td>\n<td>25<\/td>\n<td>25<\/td>\n<td>46<\/td>\n<\/tr>\n<tr>\n<td>Latvia<\/td>\n<td>25<\/td>\n<td>25<\/td>\n<td>57<\/td>\n<\/tr>\n<tr>\n<td>Lithuania<\/td>\n<td>25<\/td>\n<td>25<\/td>\n<td>57<\/td>\n<\/tr>\n<tr>\n<td>Luxembourg<\/td>\n<td>25<\/td>\n<td>25<\/td>\n<td>36<\/td>\n<\/tr>\n<tr>\n<td>Netherlands<\/td>\n<td>25<\/td>\n<td>25<\/td>\n<td>40<\/td>\n<\/tr>\n<tr>\n<td>Portugal<\/td>\n<td>25<\/td>\n<td>25<\/td>\n<td>66<\/td>\n<\/tr>\n<tr>\n<td>Romania<\/td>\n<td>13<\/td>\n<td>13<\/td>\n<td>19<\/td>\n<\/tr>\n<tr>\n<td>Spain<\/td>\n<td>25<\/td>\n<td>25<\/td>\n<td>53<\/td>\n<\/tr>\n<tr>\n<td>Sweden<\/td>\n<td>25<\/td>\n<td>25<\/td>\n<td>53<\/td>\n<\/tr>\n<tr>\n<td><\/td>\n<td><\/td>\n<td><\/td>\n<td><\/td>\n<\/tr>\n<\/tbody>\n<\/table>\n<h2>Shipment confirmation &amp; Order tracking<\/h2>\n<p>You will receive a Shipment Confirmation Email once Your Order has shipped containing your tracking number(s). The tracking number will be active within 24 hours.<\/p>\n<h2>Customs, Duties and Taxes<\/h2>\n<p>There are no custom fees and taxes within the EU.<\/p>\n<h2>Damages<\/h2>\n<p>SAIL AND SURF KFT. is not liable for any products damaged or lost during shipping. If You received Your Order damaged, please contact the shipment carrier to file a claim.<\/p>\n<p>Please save all packaging materials and damaged goods before filing a claim.<\/p>\n<h2>Contact Us<\/h2>\n<p>If you have any questions about this Shipping Policy, You can contact Us:<\/p>\n<ul>\n<li>By visiting this page on our website: https:\/\/standuppaddle.hu\/en\/sup-center-shop\/<\/li>\n<li>By sending us an email: &#105;n&#x66;o&#x40;s&#x74;a&#x6e;&#100;&#x75;&#112;&#x70;&#97;&#x64;&#100;l&#101;&#46;&#x68;u<\/li>\n<\/ul>\n","protected":false},"excerpt":{"rendered":"<p>Shipping Policy Our Shipping Policy was last updated on 01.05.2022 Interpretation and Definitions Interpretation The words of which the initial letter is capitalized have meanings defined under the following conditions. The following definitions shall have the same meaning regardless of whether they appear in singular or in plural. Definitions For the purposes of this Disclaimer: [&hellip;]<\/p>\n","protected":false},"author":2,"featured_media":0,"parent":0,"menu_order":0,"comment_status":"closed","ping_status":"closed","template":"","meta":{"ocean_post_layout":"","ocean_both_sidebars_style":"","ocean_both_sidebars_content_width":0,"ocean_both_sidebars_sidebars_width":0,"ocean_sidebar":"0","ocean_second_sidebar":"0","ocean_disable_margins":"enable","ocean_add_body_class":"","ocean_shortcode_before_top_bar":"","ocean_shortcode_after_top_bar":"","ocean_shortcode_before_header":"","ocean_shortcode_after_header":"","ocean_has_shortcode":"","ocean_shortcode_after_title":"","ocean_shortcode_before_footer_widgets":"","ocean_shortcode_after_footer_widgets":"","ocean_shortcode_before_footer_bottom":"","ocean_shortcode_after_footer_bottom":"","ocean_display_top_bar":"default","ocean_display_header":"default","ocean_header_style":"","ocean_center_header_left_menu":"0","ocean_custom_header_template":"0","ocean_custom_logo":0,"ocean_custom_retina_logo":0,"ocean_custom_logo_max_width":0,"ocean_custom_logo_tablet_max_width":0,"ocean_custom_logo_mobile_max_width":0,"ocean_custom_logo_max_height":0,"ocean_custom_logo_tablet_max_height":0,"ocean_custom_logo_mobile_max_height":0,"ocean_header_custom_menu":"0","ocean_menu_typo_font_family":"0","ocean_menu_typo_font_subset":"","ocean_menu_typo_font_size":0,"ocean_menu_typo_font_size_tablet":0,"ocean_menu_typo_font_size_mobile":0,"ocean_menu_typo_font_size_unit":"px","ocean_menu_typo_font_weight":"","ocean_menu_typo_font_weight_tablet":"","ocean_menu_typo_font_weight_mobile":"","ocean_menu_typo_transform":"","ocean_menu_typo_transform_tablet":"","ocean_menu_typo_transform_mobile":"","ocean_menu_typo_line_height":0,"ocean_menu_typo_line_height_tablet":0,"ocean_menu_typo_line_height_mobile":0,"ocean_menu_typo_line_height_unit":"","ocean_menu_typo_spacing":0,"ocean_menu_typo_spacing_tablet":0,"ocean_menu_typo_spacing_mobile":0,"ocean_menu_typo_spacing_unit":"","ocean_menu_link_color":"","ocean_menu_link_color_hover":"","ocean_menu_link_color_active":"","ocean_menu_link_background":"","ocean_menu_link_hover_background":"","ocean_menu_link_active_background":"","ocean_menu_social_links_bg":"","ocean_menu_social_hover_links_bg":"","ocean_menu_social_links_color":"","ocean_menu_social_hover_links_color":"","ocean_disable_title":"default","ocean_disable_heading":"default","ocean_post_title":"","ocean_post_subheading":"","ocean_post_title_style":"","ocean_post_title_background_color":"","ocean_post_title_background":0,"ocean_post_title_bg_image_position":"","ocean_post_title_bg_image_attachment":"","ocean_post_title_bg_image_repeat":"","ocean_post_title_bg_image_size":"","ocean_post_title_height":0,"ocean_post_title_bg_overlay":0.5,"ocean_post_title_bg_overlay_color":"","ocean_disable_breadcrumbs":"default","ocean_breadcrumbs_color":"","ocean_breadcrumbs_separator_color":"","ocean_breadcrumbs_links_color":"","ocean_breadcrumbs_links_hover_color":"","ocean_display_footer_widgets":"default","ocean_display_footer_bottom":"default","ocean_custom_footer_template":"0","footnotes":""},"class_list":["post-4695","page","type-page","status-publish","hentry","entry","owp-thumbs-layout-horizontal","owp-btn-normal","owp-tabs-layout-section","has-no-thumbnails"],"yoast_head":"<!-- This site is optimized with the Yoast SEO plugin v27.3 - https:\/\/yoast.com\/product\/yoast-seo-wordpress\/ -->\n<title>Shipping fees - Stand Up Paddle<\/title>\n<meta name=\"robots\" content=\"index, follow, max-snippet:-1, max-image-preview:large, max-video-preview:-1\" \/>\n<link rel=\"canonical\" href=\"https:\/\/standuppaddle.hu\/en\/shipping-fees\/\" \/>\n<meta property=\"og:locale\" content=\"en_US\" \/>\n<meta property=\"og:type\" content=\"article\" \/>\n<meta property=\"og:title\" content=\"Shipping fees - Stand Up Paddle\" \/>\n<meta property=\"og:description\" content=\"Shipping Policy Our Shipping Policy was last updated on 01.05.2022 Interpretation and Definitions Interpretation The words of which the initial letter is capitalized have meanings defined under the following conditions. The following definitions shall have the same meaning regardless of whether they appear in singular or in plural. Definitions For the purposes of this Disclaimer: [&hellip;]\" \/>\n<meta property=\"og:url\" content=\"https:\/\/standuppaddle.hu\/en\/shipping-fees\/\" \/>\n<meta property=\"og:site_name\" content=\"Stand Up Paddle\" \/>\n<meta property=\"article:publisher\" content=\"https:\/\/www.facebook.com\/SUP.Center\/\" \/>\n<meta property=\"article:modified_time\" content=\"2022-05-23T16:45:26+00:00\" \/>\n<meta name=\"twitter:card\" content=\"summary_large_image\" \/>\n<meta name=\"twitter:label1\" content=\"Est. reading time\" \/>\n\t<meta name=\"twitter:data1\" content=\"3 minutes\" \/>\n<script type=\"application\/ld+json\" class=\"yoast-schema-graph\">{\"@context\":\"https:\\\/\\\/schema.org\",\"@graph\":[{\"@type\":\"WebPage\",\"@id\":\"https:\\\/\\\/standuppaddle.hu\\\/en\\\/shipping-fees\\\/\",\"url\":\"https:\\\/\\\/standuppaddle.hu\\\/en\\\/shipping-fees\\\/\",\"name\":\"Shipping fees - Stand Up Paddle\",\"isPartOf\":{\"@id\":\"https:\\\/\\\/standuppaddle.hu\\\/en\\\/#website\"},\"datePublished\":\"2019-12-24T10:23:33+00:00\",\"dateModified\":\"2022-05-23T16:45:26+00:00\",\"breadcrumb\":{\"@id\":\"https:\\\/\\\/standuppaddle.hu\\\/en\\\/shipping-fees\\\/#breadcrumb\"},\"inLanguage\":\"en-US\",\"potentialAction\":[{\"@type\":\"ReadAction\",\"target\":[\"https:\\\/\\\/standuppaddle.hu\\\/en\\\/shipping-fees\\\/\"]}]},{\"@type\":\"BreadcrumbList\",\"@id\":\"https:\\\/\\\/standuppaddle.hu\\\/en\\\/shipping-fees\\\/#breadcrumb\",\"itemListElement\":[{\"@type\":\"ListItem\",\"position\":1,\"name\":\"Home\",\"item\":\"https:\\\/\\\/standuppaddle.hu\\\/en\\\/\"},{\"@type\":\"ListItem\",\"position\":2,\"name\":\"Shipping fees\"}]},{\"@type\":\"WebSite\",\"@id\":\"https:\\\/\\\/standuppaddle.hu\\\/en\\\/#website\",\"url\":\"https:\\\/\\\/standuppaddle.hu\\\/en\\\/\",\"name\":\"Stand Up Paddle\",\"description\":\"\u00e1llva evez\u00e9s - \u00e1ll\u00f3 sz\u00f6rf - SUP Center Balaton\",\"publisher\":{\"@id\":\"https:\\\/\\\/standuppaddle.hu\\\/en\\\/#organization\"},\"potentialAction\":[{\"@type\":\"SearchAction\",\"target\":{\"@type\":\"EntryPoint\",\"urlTemplate\":\"https:\\\/\\\/standuppaddle.hu\\\/en\\\/?s={search_term_string}\"},\"query-input\":{\"@type\":\"PropertyValueSpecification\",\"valueRequired\":true,\"valueName\":\"search_term_string\"}}],\"inLanguage\":\"en-US\"},{\"@type\":\"Organization\",\"@id\":\"https:\\\/\\\/standuppaddle.hu\\\/en\\\/#organization\",\"name\":\"SUP Center Balaton\",\"url\":\"https:\\\/\\\/standuppaddle.hu\\\/en\\\/\",\"logo\":{\"@type\":\"ImageObject\",\"inLanguage\":\"en-US\",\"@id\":\"https:\\\/\\\/standuppaddle.hu\\\/en\\\/#\\\/schema\\\/logo\\\/image\\\/\",\"url\":\"https:\\\/\\\/standuppaddle.hu\\\/wp-content\\\/uploads\\\/2019\\\/10\\\/sup-center-balaton-logo.jpg\",\"contentUrl\":\"https:\\\/\\\/standuppaddle.hu\\\/wp-content\\\/uploads\\\/2019\\\/10\\\/sup-center-balaton-logo.jpg\",\"width\":2492,\"height\":1075,\"caption\":\"SUP Center Balaton\"},\"image\":{\"@id\":\"https:\\\/\\\/standuppaddle.hu\\\/en\\\/#\\\/schema\\\/logo\\\/image\\\/\"},\"sameAs\":[\"https:\\\/\\\/www.facebook.com\\\/SUP.Center\\\/\",\"https:\\\/\\\/www.instagram.com\\\/sup_center_balaton\\\/\",\"https:\\\/\\\/www.youtube.com\\\/channel\\\/UCaX3OG6gvkhCqeZSw1zgTmw\"]}]}<\/script>\n<!-- \/ Yoast SEO plugin. -->","yoast_head_json":{"title":"Shipping fees - Stand Up Paddle","robots":{"index":"index","follow":"follow","max-snippet":"max-snippet:-1","max-image-preview":"max-image-preview:large","max-video-preview":"max-video-preview:-1"},"canonical":"https:\/\/standuppaddle.hu\/en\/shipping-fees\/","og_locale":"en_US","og_type":"article","og_title":"Shipping fees - Stand Up Paddle","og_description":"Shipping Policy Our Shipping Policy was last updated on 01.05.2022 Interpretation and Definitions Interpretation The words of which the initial letter is capitalized have meanings defined under the following conditions. The following definitions shall have the same meaning regardless of whether they appear in singular or in plural. Definitions For the purposes of this Disclaimer: [&hellip;]","og_url":"https:\/\/standuppaddle.hu\/en\/shipping-fees\/","og_site_name":"Stand Up Paddle","article_publisher":"https:\/\/www.facebook.com\/SUP.Center\/","article_modified_time":"2022-05-23T16:45:26+00:00","twitter_card":"summary_large_image","twitter_misc":{"Est. reading time":"3 minutes"},"schema":{"@context":"https:\/\/schema.org","@graph":[{"@type":"WebPage","@id":"https:\/\/standuppaddle.hu\/en\/shipping-fees\/","url":"https:\/\/standuppaddle.hu\/en\/shipping-fees\/","name":"Shipping fees - Stand Up Paddle","isPartOf":{"@id":"https:\/\/standuppaddle.hu\/en\/#website"},"datePublished":"2019-12-24T10:23:33+00:00","dateModified":"2022-05-23T16:45:26+00:00","breadcrumb":{"@id":"https:\/\/standuppaddle.hu\/en\/shipping-fees\/#breadcrumb"},"inLanguage":"en-US","potentialAction":[{"@type":"ReadAction","target":["https:\/\/standuppaddle.hu\/en\/shipping-fees\/"]}]},{"@type":"BreadcrumbList","@id":"https:\/\/standuppaddle.hu\/en\/shipping-fees\/#breadcrumb","itemListElement":[{"@type":"ListItem","position":1,"name":"Home","item":"https:\/\/standuppaddle.hu\/en\/"},{"@type":"ListItem","position":2,"name":"Shipping fees"}]},{"@type":"WebSite","@id":"https:\/\/standuppaddle.hu\/en\/#website","url":"https:\/\/standuppaddle.hu\/en\/","name":"Stand Up Paddle","description":"\u00e1llva evez\u00e9s - \u00e1ll\u00f3 sz\u00f6rf - SUP Center Balaton","publisher":{"@id":"https:\/\/standuppaddle.hu\/en\/#organization"},"potentialAction":[{"@type":"SearchAction","target":{"@type":"EntryPoint","urlTemplate":"https:\/\/standuppaddle.hu\/en\/?s={search_term_string}"},"query-input":{"@type":"PropertyValueSpecification","valueRequired":true,"valueName":"search_term_string"}}],"inLanguage":"en-US"},{"@type":"Organization","@id":"https:\/\/standuppaddle.hu\/en\/#organization","name":"SUP Center Balaton","url":"https:\/\/standuppaddle.hu\/en\/","logo":{"@type":"ImageObject","inLanguage":"en-US","@id":"https:\/\/standuppaddle.hu\/en\/#\/schema\/logo\/image\/","url":"https:\/\/standuppaddle.hu\/wp-content\/uploads\/2019\/10\/sup-center-balaton-logo.jpg","contentUrl":"https:\/\/standuppaddle.hu\/wp-content\/uploads\/2019\/10\/sup-center-balaton-logo.jpg","width":2492,"height":1075,"caption":"SUP Center Balaton"},"image":{"@id":"https:\/\/standuppaddle.hu\/en\/#\/schema\/logo\/image\/"},"sameAs":["https:\/\/www.facebook.com\/SUP.Center\/","https:\/\/www.instagram.com\/sup_center_balaton\/","https:\/\/www.youtube.com\/channel\/UCaX3OG6gvkhCqeZSw1zgTmw"]}]}},"_links":{"self":[{"href":"https:\/\/standuppaddle.hu\/en\/wp-json\/wp\/v2\/pages\/4695","targetHints":{"allow":["GET"]}}],"collection":[{"href":"https:\/\/standuppaddle.hu\/en\/wp-json\/wp\/v2\/pages"}],"about":[{"href":"https:\/\/standuppaddle.hu\/en\/wp-json\/wp\/v2\/types\/page"}],"author":[{"embeddable":true,"href":"https:\/\/standuppaddle.hu\/en\/wp-json\/wp\/v2\/users\/2"}],"replies":[{"embeddable":true,"href":"https:\/\/standuppaddle.hu\/en\/wp-json\/wp\/v2\/comments?post=4695"}],"version-history":[{"count":7,"href":"https:\/\/standuppaddle.hu\/en\/wp-json\/wp\/v2\/pages\/4695\/revisions"}],"predecessor-version":[{"id":8987,"href":"https:\/\/standuppaddle.hu\/en\/wp-json\/wp\/v2\/pages\/4695\/revisions\/8987"}],"wp:attachment":[{"href":"https:\/\/standuppaddle.hu\/en\/wp-json\/wp\/v2\/media?parent=4695"}],"curies":[{"name":"wp","href":"https:\/\/api.w.org\/{rel}","templated":true}]}}