{"id":4548,"date":"2019-11-22T15:31:35","date_gmt":"2019-11-22T14:31:35","guid":{"rendered":"http:\/\/standuppaddle.hu\/sup-tura\/"},"modified":"2025-04-28T09:17:00","modified_gmt":"2025-04-28T07:17:00","slug":"sup-tours","status":"publish","type":"page","link":"https:\/\/standuppaddle.hu\/en\/sup-tours\/","title":{"rendered":"SUP tours"},"content":{"rendered":"<div class=\"wpb-content-wrapper\"><p>[vc_row][vc_column][vc_column_text]Our SUP tours take you to the most beautiful parts of the Tihany peninsula. Discover untouched landscapes that are otherwise inaccessible from the mainland! We paddle along the unincorporated shores of Tihanyi National Park and enjoy the tranquility of the unique fauna and flora beneath the geyser groups.[\/vc_column_text][\/vc_column][\/vc_row][vc_row][vc_column][vc_single_image image=&#8221;4050&#8243; img_size=&#8221;full&#8221;][\/vc_column][\/vc_row][vc_row][vc_column][vc_column_text css=&#8221;&#8221;]<\/p>\n<div class=\"tlid-input input\">\n<div class=\"source-wrap\">\n<div class=\"input-full-height-wrapper tlid-input-full-height-wrapper\">\n<div class=\"source-input\">\n<div class=\"source-footer-wrap source-or-target-footer\">\n<div class=\"character-count tlid-character-count\"><\/div>\n<\/div>\n<\/div>\n<\/div>\n<\/div>\n<\/div>\n<div class=\"tlid-results-container results-container\">\n<div class=\"tlid-result result-dict-wrapper\">\n<div class=\"result tlid-copy-target\">\n<div class=\"text-wrap tlid-copy-target\">\n<div class=\"result-shield-container tlid-copy-target\" tabindex=\"0\">\n<p><span class=\"tlid-translation translation\" lang=\"en\"><span title=\"\">The tours are led by experienced guides and take 2 hours.<\/span> <span title=\"\">You should have paddled on a SUP board at least once (one hour).<\/span> <span title=\"\">If you are a beginner we recommend our two hour <a href=\"https:\/\/standuppaddle.hu\/en\/events\/sup-oktatas-kezdoknek\/\">stand up paddle courses<\/a>.<\/span> <span title=\"\">Kids from the age of 12 can already paddle on their own SUP, younger ones can sit on the parents&#8217; board to participate in the tour (you will get a slightly larger board that carries both).<\/span><\/span><\/p>\n<p><span title=\"\">We paddle slowly, so that everyone can keep up, a distance of about 3 + 3 km.<\/span> <span title=\"\">If the weather and water temperatures allow, we often take swimming breaks or simply relax on our boards.<\/span><\/p>\n<p><span title=\"\">What to bring: swimwear, sunscreen and water for drinking.<\/span> <span class=\"\" title=\"\">Paddles, boards and life jackets (must be carried at least on the board) you will get from us.<\/span><br \/>\n<span class=\"\" title=\"\">Please register in time, about 30 minutes before the start!<\/span><\/p>\n<p><iframe loading=\"lazy\" title=\"YouTube video player\" src=\"https:\/\/www.youtube.com\/embed\/CsYI7HnhZMg\" width=\"560\" height=\"315\" frameborder=\"0\" allowfullscreen=\"allowfullscreen\"><\/iframe><\/p>\n<\/div>\n<\/div>\n<\/div>\n<\/div>\n<\/div>\n<p>[\/vc_column_text][\/vc_column][\/vc_row][vc_row][vc_column][vc_column_text]Further information and exact dates can be found on our <a href=\"https:\/\/standuppaddle.hu\/en\/sup-programok\/\">SUP Events<\/a> page or on our Facebook page <a href=\"https:\/\/www.facebook.com\/SUP.Center\/\" target=\"_blank\" rel=\"noopener noreferrer\">SUP Center Balaton<\/a>.<br \/>\nWe also organize extra tours for private groups or companies. If you are interested please contact us via email.<\/p>\n<div id=\"gtx-trans\" style=\"position: absolute; left: 481px; top: 30.8px;\">\n<div class=\"gtx-trans-icon\"><\/div>\n<\/div>\n<p>[\/vc_column_text][\/vc_column][\/vc_row][vc_row][vc_column][vc_single_image image=&#8221;4541&#8243; img_size=&#8221;full&#8221;][\/vc_column][\/vc_row][vc_row][vc_column][vc_column_text]A particularly great experience is our sunset tours. Depending on the season, these start between 17:30 and 18:30 and also take 2.5 hours. Information and dates can also be found on our <a href=\"https:\/\/standuppaddle.hu\/en\/sup-programok\/\">SUP Events<\/a> page.<\/p>\n<div id=\"gtx-trans\" style=\"position: absolute; left: 296px; top: 78.8px;\">\n<div class=\"gtx-trans-icon\"><\/div>\n<\/div>\n<p>[\/vc_column_text][\/vc_column][\/vc_row][vc_row][vc_column][vc_single_image image=&#8221;4544&#8243; img_size=&#8221;full&#8221;][\/vc_column][\/vc_row][vc_row][vc_column][vc_column_text]<iframe loading=\"lazy\" title=\"YouTube video player\" src=\"https:\/\/www.youtube.com\/embed\/KPDaV08bCwA\" width=\"560\" height=\"315\" frameborder=\"0\" allowfullscreen=\"allowfullscreen\"><\/iframe>[\/vc_column_text][\/vc_column][\/vc_row]<\/p>\n<\/div>","protected":false},"excerpt":{"rendered":"<p>[vc_row][vc_column][vc_column_text]Our SUP tours take you to the most beautiful parts of the Tihany peninsula. Discover untouched landscapes that are otherwise inaccessible from the mainland! We paddle along the unincorporated shores of Tihanyi National Park and enjoy the tranquility of the unique fauna and flora beneath the geyser groups.[\/vc_column_text][\/vc_column][\/vc_row][vc_row][vc_column][vc_single_image image=&#8221;4050&#8243; img_size=&#8221;full&#8221;][\/vc_column][\/vc_row][vc_row][vc_column][vc_column_text css=&#8221;&#8221;] The tours are led [&hellip;]<\/p>\n","protected":false},"author":2,"featured_media":0,"parent":0,"menu_order":0,"comment_status":"closed","ping_status":"closed","template":"","meta":{"ocean_post_layout":"","ocean_both_sidebars_style":"","ocean_both_sidebars_content_width":0,"ocean_both_sidebars_sidebars_width":0,"ocean_sidebar":"0","ocean_second_sidebar":"0","ocean_disable_margins":"enable","ocean_add_body_class":"","ocean_shortcode_before_top_bar":"","ocean_shortcode_after_top_bar":"","ocean_shortcode_before_header":"","ocean_shortcode_after_header":"","ocean_has_shortcode":"","ocean_shortcode_after_title":"","ocean_shortcode_before_footer_widgets":"","ocean_shortcode_after_footer_widgets":"","ocean_shortcode_before_footer_bottom":"","ocean_shortcode_after_footer_bottom":"","ocean_display_top_bar":"default","ocean_display_header":"default","ocean_header_style":"","ocean_center_header_left_menu":"0","ocean_custom_header_template":"0","ocean_custom_logo":0,"ocean_custom_retina_logo":0,"ocean_custom_logo_max_width":0,"ocean_custom_logo_tablet_max_width":0,"ocean_custom_logo_mobile_max_width":0,"ocean_custom_logo_max_height":0,"ocean_custom_logo_tablet_max_height":0,"ocean_custom_logo_mobile_max_height":0,"ocean_header_custom_menu":"0","ocean_menu_typo_font_family":"0","ocean_menu_typo_font_subset":"","ocean_menu_typo_font_size":0,"ocean_menu_typo_font_size_tablet":0,"ocean_menu_typo_font_size_mobile":0,"ocean_menu_typo_font_size_unit":"px","ocean_menu_typo_font_weight":"","ocean_menu_typo_font_weight_tablet":"","ocean_menu_typo_font_weight_mobile":"","ocean_menu_typo_transform":"","ocean_menu_typo_transform_tablet":"","ocean_menu_typo_transform_mobile":"","ocean_menu_typo_line_height":0,"ocean_menu_typo_line_height_tablet":0,"ocean_menu_typo_line_height_mobile":0,"ocean_menu_typo_line_height_unit":"","ocean_menu_typo_spacing":0,"ocean_menu_typo_spacing_tablet":0,"ocean_menu_typo_spacing_mobile":0,"ocean_menu_typo_spacing_unit":"","ocean_menu_link_color":"","ocean_menu_link_color_hover":"","ocean_menu_link_color_active":"","ocean_menu_link_background":"","ocean_menu_link_hover_background":"","ocean_menu_link_active_background":"","ocean_menu_social_links_bg":"","ocean_menu_social_hover_links_bg":"","ocean_menu_social_links_color":"","ocean_menu_social_hover_links_color":"","ocean_disable_title":"default","ocean_disable_heading":"default","ocean_post_title":"","ocean_post_subheading":"","ocean_post_title_style":"","ocean_post_title_background_color":"","ocean_post_title_background":0,"ocean_post_title_bg_image_position":"","ocean_post_title_bg_image_attachment":"","ocean_post_title_bg_image_repeat":"","ocean_post_title_bg_image_size":"","ocean_post_title_height":0,"ocean_post_title_bg_overlay":0.5,"ocean_post_title_bg_overlay_color":"","ocean_disable_breadcrumbs":"default","ocean_breadcrumbs_color":"","ocean_breadcrumbs_separator_color":"","ocean_breadcrumbs_links_color":"","ocean_breadcrumbs_links_hover_color":"","ocean_display_footer_widgets":"default","ocean_display_footer_bottom":"default","ocean_custom_footer_template":"0","footnotes":""},"class_list":["post-4548","page","type-page","status-publish","hentry","entry","owp-thumbs-layout-horizontal","owp-btn-normal","owp-tabs-layout-section","has-no-thumbnails"],"yoast_head":"<!-- This site is optimized with the Yoast SEO plugin v27.3 - https:\/\/yoast.com\/product\/yoast-seo-wordpress\/ -->\n<title>SUP tours - Stand Up Paddle<\/title>\n<meta name=\"robots\" content=\"index, follow, max-snippet:-1, max-image-preview:large, max-video-preview:-1\" \/>\n<link rel=\"canonical\" href=\"https:\/\/standuppaddle.hu\/en\/sup-tours\/\" \/>\n<meta property=\"og:locale\" content=\"en_US\" \/>\n<meta property=\"og:type\" content=\"article\" \/>\n<meta property=\"og:title\" content=\"SUP tours - Stand Up Paddle\" \/>\n<meta property=\"og:description\" content=\"[vc_row][vc_column][vc_column_text]Our SUP tours take you to the most beautiful parts of the Tihany peninsula. Discover untouched landscapes that are otherwise inaccessible from the mainland! We paddle along the unincorporated shores of Tihanyi National Park and enjoy the tranquility of the unique fauna and flora beneath the geyser groups.[\/vc_column_text][\/vc_column][\/vc_row][vc_row][vc_column][vc_single_image image=&#8221;4050&#8243; img_size=&#8221;full&#8221;][\/vc_column][\/vc_row][vc_row][vc_column][vc_column_text css=&#8221;&#8221;] The tours are led [&hellip;]\" \/>\n<meta property=\"og:url\" content=\"https:\/\/standuppaddle.hu\/en\/sup-tours\/\" \/>\n<meta property=\"og:site_name\" content=\"Stand Up Paddle\" \/>\n<meta property=\"article:publisher\" content=\"https:\/\/www.facebook.com\/SUP.Center\/\" \/>\n<meta property=\"article:modified_time\" content=\"2025-04-28T07:17:00+00:00\" \/>\n<meta name=\"twitter:card\" content=\"summary_large_image\" \/>\n<meta name=\"twitter:label1\" content=\"Est. reading time\" \/>\n\t<meta name=\"twitter:data1\" content=\"2 minutes\" \/>\n<script type=\"application\/ld+json\" class=\"yoast-schema-graph\">{\"@context\":\"https:\\\/\\\/schema.org\",\"@graph\":[{\"@type\":\"WebPage\",\"@id\":\"https:\\\/\\\/standuppaddle.hu\\\/en\\\/sup-tours\\\/\",\"url\":\"https:\\\/\\\/standuppaddle.hu\\\/en\\\/sup-tours\\\/\",\"name\":\"SUP tours - Stand Up Paddle\",\"isPartOf\":{\"@id\":\"https:\\\/\\\/standuppaddle.hu\\\/en\\\/#website\"},\"datePublished\":\"2019-11-22T14:31:35+00:00\",\"dateModified\":\"2025-04-28T07:17:00+00:00\",\"breadcrumb\":{\"@id\":\"https:\\\/\\\/standuppaddle.hu\\\/en\\\/sup-tours\\\/#breadcrumb\"},\"inLanguage\":\"en-US\",\"potentialAction\":[{\"@type\":\"ReadAction\",\"target\":[\"https:\\\/\\\/standuppaddle.hu\\\/en\\\/sup-tours\\\/\"]}]},{\"@type\":\"BreadcrumbList\",\"@id\":\"https:\\\/\\\/standuppaddle.hu\\\/en\\\/sup-tours\\\/#breadcrumb\",\"itemListElement\":[{\"@type\":\"ListItem\",\"position\":1,\"name\":\"Home\",\"item\":\"https:\\\/\\\/standuppaddle.hu\\\/en\\\/\"},{\"@type\":\"ListItem\",\"position\":2,\"name\":\"SUP tours\"}]},{\"@type\":\"WebSite\",\"@id\":\"https:\\\/\\\/standuppaddle.hu\\\/en\\\/#website\",\"url\":\"https:\\\/\\\/standuppaddle.hu\\\/en\\\/\",\"name\":\"Stand Up Paddle\",\"description\":\"\u00e1llva evez\u00e9s - \u00e1ll\u00f3 sz\u00f6rf - SUP Center Balaton\",\"publisher\":{\"@id\":\"https:\\\/\\\/standuppaddle.hu\\\/en\\\/#organization\"},\"potentialAction\":[{\"@type\":\"SearchAction\",\"target\":{\"@type\":\"EntryPoint\",\"urlTemplate\":\"https:\\\/\\\/standuppaddle.hu\\\/en\\\/?s={search_term_string}\"},\"query-input\":{\"@type\":\"PropertyValueSpecification\",\"valueRequired\":true,\"valueName\":\"search_term_string\"}}],\"inLanguage\":\"en-US\"},{\"@type\":\"Organization\",\"@id\":\"https:\\\/\\\/standuppaddle.hu\\\/en\\\/#organization\",\"name\":\"SUP Center Balaton\",\"url\":\"https:\\\/\\\/standuppaddle.hu\\\/en\\\/\",\"logo\":{\"@type\":\"ImageObject\",\"inLanguage\":\"en-US\",\"@id\":\"https:\\\/\\\/standuppaddle.hu\\\/en\\\/#\\\/schema\\\/logo\\\/image\\\/\",\"url\":\"https:\\\/\\\/standuppaddle.hu\\\/wp-content\\\/uploads\\\/2019\\\/10\\\/sup-center-balaton-logo.jpg\",\"contentUrl\":\"https:\\\/\\\/standuppaddle.hu\\\/wp-content\\\/uploads\\\/2019\\\/10\\\/sup-center-balaton-logo.jpg\",\"width\":2492,\"height\":1075,\"caption\":\"SUP Center Balaton\"},\"image\":{\"@id\":\"https:\\\/\\\/standuppaddle.hu\\\/en\\\/#\\\/schema\\\/logo\\\/image\\\/\"},\"sameAs\":[\"https:\\\/\\\/www.facebook.com\\\/SUP.Center\\\/\",\"https:\\\/\\\/www.instagram.com\\\/sup_center_balaton\\\/\",\"https:\\\/\\\/www.youtube.com\\\/channel\\\/UCaX3OG6gvkhCqeZSw1zgTmw\"]}]}<\/script>\n<!-- \/ Yoast SEO plugin. -->","yoast_head_json":{"title":"SUP tours - Stand Up Paddle","robots":{"index":"index","follow":"follow","max-snippet":"max-snippet:-1","max-image-preview":"max-image-preview:large","max-video-preview":"max-video-preview:-1"},"canonical":"https:\/\/standuppaddle.hu\/en\/sup-tours\/","og_locale":"en_US","og_type":"article","og_title":"SUP tours - Stand Up Paddle","og_description":"[vc_row][vc_column][vc_column_text]Our SUP tours take you to the most beautiful parts of the Tihany peninsula. Discover untouched landscapes that are otherwise inaccessible from the mainland! We paddle along the unincorporated shores of Tihanyi National Park and enjoy the tranquility of the unique fauna and flora beneath the geyser groups.[\/vc_column_text][\/vc_column][\/vc_row][vc_row][vc_column][vc_single_image image=&#8221;4050&#8243; img_size=&#8221;full&#8221;][\/vc_column][\/vc_row][vc_row][vc_column][vc_column_text css=&#8221;&#8221;] The tours are led [&hellip;]","og_url":"https:\/\/standuppaddle.hu\/en\/sup-tours\/","og_site_name":"Stand Up Paddle","article_publisher":"https:\/\/www.facebook.com\/SUP.Center\/","article_modified_time":"2025-04-28T07:17:00+00:00","twitter_card":"summary_large_image","twitter_misc":{"Est. reading time":"2 minutes"},"schema":{"@context":"https:\/\/schema.org","@graph":[{"@type":"WebPage","@id":"https:\/\/standuppaddle.hu\/en\/sup-tours\/","url":"https:\/\/standuppaddle.hu\/en\/sup-tours\/","name":"SUP tours - Stand Up Paddle","isPartOf":{"@id":"https:\/\/standuppaddle.hu\/en\/#website"},"datePublished":"2019-11-22T14:31:35+00:00","dateModified":"2025-04-28T07:17:00+00:00","breadcrumb":{"@id":"https:\/\/standuppaddle.hu\/en\/sup-tours\/#breadcrumb"},"inLanguage":"en-US","potentialAction":[{"@type":"ReadAction","target":["https:\/\/standuppaddle.hu\/en\/sup-tours\/"]}]},{"@type":"BreadcrumbList","@id":"https:\/\/standuppaddle.hu\/en\/sup-tours\/#breadcrumb","itemListElement":[{"@type":"ListItem","position":1,"name":"Home","item":"https:\/\/standuppaddle.hu\/en\/"},{"@type":"ListItem","position":2,"name":"SUP tours"}]},{"@type":"WebSite","@id":"https:\/\/standuppaddle.hu\/en\/#website","url":"https:\/\/standuppaddle.hu\/en\/","name":"Stand Up Paddle","description":"\u00e1llva evez\u00e9s - \u00e1ll\u00f3 sz\u00f6rf - SUP Center Balaton","publisher":{"@id":"https:\/\/standuppaddle.hu\/en\/#organization"},"potentialAction":[{"@type":"SearchAction","target":{"@type":"EntryPoint","urlTemplate":"https:\/\/standuppaddle.hu\/en\/?s={search_term_string}"},"query-input":{"@type":"PropertyValueSpecification","valueRequired":true,"valueName":"search_term_string"}}],"inLanguage":"en-US"},{"@type":"Organization","@id":"https:\/\/standuppaddle.hu\/en\/#organization","name":"SUP Center Balaton","url":"https:\/\/standuppaddle.hu\/en\/","logo":{"@type":"ImageObject","inLanguage":"en-US","@id":"https:\/\/standuppaddle.hu\/en\/#\/schema\/logo\/image\/","url":"https:\/\/standuppaddle.hu\/wp-content\/uploads\/2019\/10\/sup-center-balaton-logo.jpg","contentUrl":"https:\/\/standuppaddle.hu\/wp-content\/uploads\/2019\/10\/sup-center-balaton-logo.jpg","width":2492,"height":1075,"caption":"SUP Center Balaton"},"image":{"@id":"https:\/\/standuppaddle.hu\/en\/#\/schema\/logo\/image\/"},"sameAs":["https:\/\/www.facebook.com\/SUP.Center\/","https:\/\/www.instagram.com\/sup_center_balaton\/","https:\/\/www.youtube.com\/channel\/UCaX3OG6gvkhCqeZSw1zgTmw"]}]}},"_links":{"self":[{"href":"https:\/\/standuppaddle.hu\/en\/wp-json\/wp\/v2\/pages\/4548","targetHints":{"allow":["GET"]}}],"collection":[{"href":"https:\/\/standuppaddle.hu\/en\/wp-json\/wp\/v2\/pages"}],"about":[{"href":"https:\/\/standuppaddle.hu\/en\/wp-json\/wp\/v2\/types\/page"}],"author":[{"embeddable":true,"href":"https:\/\/standuppaddle.hu\/en\/wp-json\/wp\/v2\/users\/2"}],"replies":[{"embeddable":true,"href":"https:\/\/standuppaddle.hu\/en\/wp-json\/wp\/v2\/comments?post=4548"}],"version-history":[{"count":4,"href":"https:\/\/standuppaddle.hu\/en\/wp-json\/wp\/v2\/pages\/4548\/revisions"}],"predecessor-version":[{"id":13029,"href":"https:\/\/standuppaddle.hu\/en\/wp-json\/wp\/v2\/pages\/4548\/revisions\/13029"}],"wp:attachment":[{"href":"https:\/\/standuppaddle.hu\/en\/wp-json\/wp\/v2\/media?parent=4548"}],"curies":[{"name":"wp","href":"https:\/\/api.w.org\/{rel}","templated":true}]}}