{"id":4312,"date":"2019-10-21T11:30:27","date_gmt":"2019-10-21T09:30:27","guid":{"rendered":"http:\/\/standuppaddle.hu\/sup-oktatas-csoportos-foglalkozasok\/"},"modified":"2022-01-05T17:25:11","modified_gmt":"2022-01-05T16:25:11","slug":"sup-lessons_instructions-classes","status":"publish","type":"page","link":"https:\/\/standuppaddle.hu\/en\/sup-lessons_instructions-classes\/","title":{"rendered":"SUP lessons and instructions"},"content":{"rendered":"<div class=\"wpb-content-wrapper\"><p>[vc_row][vc_column][vc_column_text css_animation=&#8221;fadeInUp&#8221; css=&#8221;.vc_custom_1571657761545{margin-bottom: 20px !important;}&#8221;]Book a private lesson with your friends or family and learn how to SUP! We teach you everything you need to know. Stand Up Paddling is very easy and quick to learn. Our beginner friendly SUP boards are very stable and the flat water makes it easy to glide along. But you will need to understand paddling techniques and correct stance and make sure you do not have your paddle around the wrong way![\/vc_column_text][vc_separator color=&#8221;custom&#8221; css_animation=&#8221;fadeInUp&#8221; accent_color=&#8221;#eeeeee&#8221;][\/vc_column][\/vc_row][vc_row][vc_column css_animation=&#8221;fadeInUp&#8221;][vc_custom_heading text=&#8221;The first steps\u2026&#8221; font_container=&#8221;tag:h3|font_size:24|text_align:left&#8221; use_theme_fonts=&#8221;yes&#8221; css=&#8221;.vc_custom_1571657768361{margin-bottom: 15px !important;}&#8221;][vc_separator color=&#8221;custom&#8221; align=&#8221;align_left&#8221; border_width=&#8221;2&#8243; css_animation=&#8221;fadeInUp&#8221; accent_color=&#8221;#0c2844&#8243; el_class=&#8221;border-width-60px&#8221; css=&#8221;.vc_custom_1569834858453{margin-bottom: 20px !important;}&#8221;][vc_column_text]Before you get into the water, ensure you know the safety basics and have the right equipment as per our SUP safety section. A beginner\u2019s board must be large enough so that you can safely stand on it even in choppy water. Narrow race boards are not a good way to start\u2026. Same goes for the water. Start with flat water with as little wind and current as possible.<\/p>\n<p>The first time on the board, try to be relaxed, you might find the board tippy moving from side to side. Don\u2019t Stand horizontal to the board like a surfer, stand facing straight forward with a wide parallel stance. Any reposition of your feet are to be made in tiny half-inch steps or hops. Relax, bend your knees, relax and stay loose in the hips. Use your paddle for balance, move blade forward or backward to keep steady, and even lean on it or pull up on it to find your balance. Keep your paddle in the water as much as possible and never let go of it.[\/vc_column_text][vc_single_image image=&#8221;8116&#8243; img_size=&#8221;full&#8221;][vc_separator color=&#8221;custom&#8221; css_animation=&#8221;fadeInUp&#8221; accent_color=&#8221;#eeeeee&#8221;][\/vc_column][\/vc_row][vc_row][vc_column css_animation=&#8221;fadeInUp&#8221;][vc_custom_heading text=&#8221;Some good advice for beginners&#8221; font_container=&#8221;tag:h3|font_size:24|text_align:left&#8221; use_theme_fonts=&#8221;yes&#8221; css=&#8221;.vc_custom_1571657820168{margin-bottom: 15px !important;}&#8221;][vc_separator color=&#8221;custom&#8221; align=&#8221;align_left&#8221; border_width=&#8221;2&#8243; css_animation=&#8221;fadeInUp&#8221; accent_color=&#8221;#0c2844&#8243; el_class=&#8221;border-width-60px&#8221; css=&#8221;.vc_custom_1569834858453{margin-bottom: 20px !important;}&#8221;][vc_column_text]Stand in the middle of the board. Too far forward will sink the nose. Too far back will drag the tail and slow you down. You generally want a wide centered parallel stance for long-distance paddling on flat water because it\u2019s more stable and gives you easier, even paddle transitions from side to side. Hold the paddle with one hand about half way down the shaft and the other hand on the T Bar grip at the top of the paddle. With a straight back and slightly bent knees reach forward and place the first 1\/3 of the paddle into the water. Your aim should be to pull yourself towards the paddle rather than pull the paddle towards you. As the paddle moves past your body you should pick it out of the water and rotate the blade and bring the paddle through the air and back to the starting position. Then, repeat the stroke. If you are moving off course, swap your hands around and put in a stroke on the other side of the board. (when paddling on your left hand side your right hand should be on the T Bar grip and the other way round)[\/vc_column_text][vc_single_image image=&#8221;3316&#8243; img_size=&#8221;full&#8221;][\/vc_column][\/vc_row][vc_row][vc_column css_animation=&#8221;fadeInUp&#8221;][vc_custom_heading text=&#8221;What you can learn at SUP centre:&#8221; font_container=&#8221;tag:h3|font_size:24|text_align:left&#8221; use_theme_fonts=&#8221;yes&#8221; css=&#8221;.vc_custom_1571657838179{margin-bottom: 15px !important;}&#8221;][vc_separator color=&#8221;custom&#8221; align=&#8221;align_left&#8221; border_width=&#8221;2&#8243; css_animation=&#8221;fadeInUp&#8221; accent_color=&#8221;#0c2844&#8243; el_class=&#8221;border-width-60px&#8221; css=&#8221;.vc_custom_1569834858453{margin-bottom: 20px !important;}&#8221;][vc_column_text]<\/p>\n<ul>\n<li>get to know the SUP equipment<\/li>\n<li>find right size of board and paddle<\/li>\n<li>get up on the board including the proper and correct stance<\/li>\n<li>hold the paddle and basic paddling techniques including turning and direction control<\/li>\n<li>advanced paddle strokes<\/li>\n<li>safty rules and paddling in strong winds<\/li>\n<\/ul>\n<p>We are featured on the <a href=\"https:\/\/learn2paddleboard.com\/\" target=\"_blank\" rel=\"noopener noreferrer\">learn 2 paddle board<\/a> website.[\/vc_column_text][\/vc_column][\/vc_row]<\/p>\n<\/div>","protected":false},"excerpt":{"rendered":"<p>[vc_row][vc_column][vc_column_text css_animation=&#8221;fadeInUp&#8221; css=&#8221;.vc_custom_1571657761545{margin-bottom: 20px !important;}&#8221;]Book a private lesson with your friends or family and learn how to SUP! We teach you everything you need to know. Stand Up Paddling is very easy and quick to learn. Our beginner friendly SUP boards are very stable and the flat water makes it easy to glide along. But [&hellip;]<\/p>\n","protected":false},"author":2,"featured_media":0,"parent":0,"menu_order":0,"comment_status":"closed","ping_status":"closed","template":"","meta":{"ocean_post_layout":"","ocean_both_sidebars_style":"","ocean_both_sidebars_content_width":0,"ocean_both_sidebars_sidebars_width":0,"ocean_sidebar":"0","ocean_second_sidebar":"0","ocean_disable_margins":"enable","ocean_add_body_class":"","ocean_shortcode_before_top_bar":"","ocean_shortcode_after_top_bar":"","ocean_shortcode_before_header":"","ocean_shortcode_after_header":"","ocean_has_shortcode":"","ocean_shortcode_after_title":"","ocean_shortcode_before_footer_widgets":"","ocean_shortcode_after_footer_widgets":"","ocean_shortcode_before_footer_bottom":"","ocean_shortcode_after_footer_bottom":"","ocean_display_top_bar":"default","ocean_display_header":"default","ocean_header_style":"","ocean_center_header_left_menu":"0","ocean_custom_header_template":"0","ocean_custom_logo":0,"ocean_custom_retina_logo":0,"ocean_custom_logo_max_width":0,"ocean_custom_logo_tablet_max_width":0,"ocean_custom_logo_mobile_max_width":0,"ocean_custom_logo_max_height":0,"ocean_custom_logo_tablet_max_height":0,"ocean_custom_logo_mobile_max_height":0,"ocean_header_custom_menu":"0","ocean_menu_typo_font_family":"0","ocean_menu_typo_font_subset":"","ocean_menu_typo_font_size":0,"ocean_menu_typo_font_size_tablet":0,"ocean_menu_typo_font_size_mobile":0,"ocean_menu_typo_font_size_unit":"px","ocean_menu_typo_font_weight":"","ocean_menu_typo_font_weight_tablet":"","ocean_menu_typo_font_weight_mobile":"","ocean_menu_typo_transform":"","ocean_menu_typo_transform_tablet":"","ocean_menu_typo_transform_mobile":"","ocean_menu_typo_line_height":0,"ocean_menu_typo_line_height_tablet":0,"ocean_menu_typo_line_height_mobile":0,"ocean_menu_typo_line_height_unit":"","ocean_menu_typo_spacing":0,"ocean_menu_typo_spacing_tablet":0,"ocean_menu_typo_spacing_mobile":0,"ocean_menu_typo_spacing_unit":"","ocean_menu_link_color":"","ocean_menu_link_color_hover":"","ocean_menu_link_color_active":"","ocean_menu_link_background":"","ocean_menu_link_hover_background":"","ocean_menu_link_active_background":"","ocean_menu_social_links_bg":"","ocean_menu_social_hover_links_bg":"","ocean_menu_social_links_color":"","ocean_menu_social_hover_links_color":"","ocean_disable_title":"default","ocean_disable_heading":"default","ocean_post_title":"","ocean_post_subheading":"","ocean_post_title_style":"","ocean_post_title_background_color":"","ocean_post_title_background":0,"ocean_post_title_bg_image_position":"","ocean_post_title_bg_image_attachment":"","ocean_post_title_bg_image_repeat":"","ocean_post_title_bg_image_size":"","ocean_post_title_height":0,"ocean_post_title_bg_overlay":0.5,"ocean_post_title_bg_overlay_color":"","ocean_disable_breadcrumbs":"default","ocean_breadcrumbs_color":"","ocean_breadcrumbs_separator_color":"","ocean_breadcrumbs_links_color":"","ocean_breadcrumbs_links_hover_color":"","ocean_display_footer_widgets":"default","ocean_display_footer_bottom":"default","ocean_custom_footer_template":"0","footnotes":""},"class_list":["post-4312","page","type-page","status-publish","hentry","entry","owp-thumbs-layout-horizontal","owp-btn-normal","owp-tabs-layout-section","has-no-thumbnails"],"yoast_head":"<!-- This site is optimized with the Yoast SEO plugin v27.3 - https:\/\/yoast.com\/product\/yoast-seo-wordpress\/ -->\n<title>SUP lessons and instructions - Stand Up Paddle<\/title>\n<meta name=\"description\" content=\"Book a private lesson for with your friends or family and learn how to SUP! We teach you everything you need to know about Stand Up Paddling\" \/>\n<meta name=\"robots\" content=\"index, follow, max-snippet:-1, max-image-preview:large, max-video-preview:-1\" \/>\n<link rel=\"canonical\" href=\"https:\/\/standuppaddle.hu\/en\/sup-lessons_instructions-classes\/\" \/>\n<meta property=\"og:locale\" content=\"en_US\" \/>\n<meta property=\"og:type\" content=\"article\" \/>\n<meta property=\"og:title\" content=\"SUP lessons and instructions - Stand Up Paddle\" \/>\n<meta property=\"og:description\" content=\"Book a private lesson for with your friends or family and learn how to SUP! We teach you everything you need to know about Stand Up Paddling\" \/>\n<meta property=\"og:url\" content=\"https:\/\/standuppaddle.hu\/en\/sup-lessons_instructions-classes\/\" \/>\n<meta property=\"og:site_name\" content=\"Stand Up Paddle\" \/>\n<meta property=\"article:publisher\" content=\"https:\/\/www.facebook.com\/SUP.Center\/\" \/>\n<meta property=\"article:modified_time\" content=\"2022-01-05T16:25:11+00:00\" \/>\n<meta name=\"twitter:card\" content=\"summary_large_image\" \/>\n<meta name=\"twitter:label1\" content=\"Est. reading time\" \/>\n\t<meta name=\"twitter:data1\" content=\"4 minutes\" \/>\n<script type=\"application\/ld+json\" class=\"yoast-schema-graph\">{\"@context\":\"https:\\\/\\\/schema.org\",\"@graph\":[{\"@type\":\"WebPage\",\"@id\":\"https:\\\/\\\/standuppaddle.hu\\\/en\\\/sup-lessons_instructions-classes\\\/\",\"url\":\"https:\\\/\\\/standuppaddle.hu\\\/en\\\/sup-lessons_instructions-classes\\\/\",\"name\":\"SUP lessons and instructions - Stand Up Paddle\",\"isPartOf\":{\"@id\":\"https:\\\/\\\/standuppaddle.hu\\\/en\\\/#website\"},\"datePublished\":\"2019-10-21T09:30:27+00:00\",\"dateModified\":\"2022-01-05T16:25:11+00:00\",\"description\":\"Book a private lesson for with your friends or family and learn how to SUP! We teach you everything you need to know about Stand Up Paddling\",\"breadcrumb\":{\"@id\":\"https:\\\/\\\/standuppaddle.hu\\\/en\\\/sup-lessons_instructions-classes\\\/#breadcrumb\"},\"inLanguage\":\"en-US\",\"potentialAction\":[{\"@type\":\"ReadAction\",\"target\":[\"https:\\\/\\\/standuppaddle.hu\\\/en\\\/sup-lessons_instructions-classes\\\/\"]}]},{\"@type\":\"BreadcrumbList\",\"@id\":\"https:\\\/\\\/standuppaddle.hu\\\/en\\\/sup-lessons_instructions-classes\\\/#breadcrumb\",\"itemListElement\":[{\"@type\":\"ListItem\",\"position\":1,\"name\":\"Home\",\"item\":\"https:\\\/\\\/standuppaddle.hu\\\/en\\\/\"},{\"@type\":\"ListItem\",\"position\":2,\"name\":\"SUP lessons and instructions\"}]},{\"@type\":\"WebSite\",\"@id\":\"https:\\\/\\\/standuppaddle.hu\\\/en\\\/#website\",\"url\":\"https:\\\/\\\/standuppaddle.hu\\\/en\\\/\",\"name\":\"Stand Up Paddle\",\"description\":\"\u00e1llva evez\u00e9s - \u00e1ll\u00f3 sz\u00f6rf - SUP Center Balaton\",\"publisher\":{\"@id\":\"https:\\\/\\\/standuppaddle.hu\\\/en\\\/#organization\"},\"potentialAction\":[{\"@type\":\"SearchAction\",\"target\":{\"@type\":\"EntryPoint\",\"urlTemplate\":\"https:\\\/\\\/standuppaddle.hu\\\/en\\\/?s={search_term_string}\"},\"query-input\":{\"@type\":\"PropertyValueSpecification\",\"valueRequired\":true,\"valueName\":\"search_term_string\"}}],\"inLanguage\":\"en-US\"},{\"@type\":\"Organization\",\"@id\":\"https:\\\/\\\/standuppaddle.hu\\\/en\\\/#organization\",\"name\":\"SUP Center Balaton\",\"url\":\"https:\\\/\\\/standuppaddle.hu\\\/en\\\/\",\"logo\":{\"@type\":\"ImageObject\",\"inLanguage\":\"en-US\",\"@id\":\"https:\\\/\\\/standuppaddle.hu\\\/en\\\/#\\\/schema\\\/logo\\\/image\\\/\",\"url\":\"https:\\\/\\\/standuppaddle.hu\\\/wp-content\\\/uploads\\\/2019\\\/10\\\/sup-center-balaton-logo.jpg\",\"contentUrl\":\"https:\\\/\\\/standuppaddle.hu\\\/wp-content\\\/uploads\\\/2019\\\/10\\\/sup-center-balaton-logo.jpg\",\"width\":2492,\"height\":1075,\"caption\":\"SUP Center Balaton\"},\"image\":{\"@id\":\"https:\\\/\\\/standuppaddle.hu\\\/en\\\/#\\\/schema\\\/logo\\\/image\\\/\"},\"sameAs\":[\"https:\\\/\\\/www.facebook.com\\\/SUP.Center\\\/\",\"https:\\\/\\\/www.instagram.com\\\/sup_center_balaton\\\/\",\"https:\\\/\\\/www.youtube.com\\\/channel\\\/UCaX3OG6gvkhCqeZSw1zgTmw\"]}]}<\/script>\n<!-- \/ Yoast SEO plugin. -->","yoast_head_json":{"title":"SUP lessons and instructions - Stand Up Paddle","description":"Book a private lesson for with your friends or family and learn how to SUP! We teach you everything you need to know about Stand Up Paddling","robots":{"index":"index","follow":"follow","max-snippet":"max-snippet:-1","max-image-preview":"max-image-preview:large","max-video-preview":"max-video-preview:-1"},"canonical":"https:\/\/standuppaddle.hu\/en\/sup-lessons_instructions-classes\/","og_locale":"en_US","og_type":"article","og_title":"SUP lessons and instructions - Stand Up Paddle","og_description":"Book a private lesson for with your friends or family and learn how to SUP! We teach you everything you need to know about Stand Up Paddling","og_url":"https:\/\/standuppaddle.hu\/en\/sup-lessons_instructions-classes\/","og_site_name":"Stand Up Paddle","article_publisher":"https:\/\/www.facebook.com\/SUP.Center\/","article_modified_time":"2022-01-05T16:25:11+00:00","twitter_card":"summary_large_image","twitter_misc":{"Est. reading time":"4 minutes"},"schema":{"@context":"https:\/\/schema.org","@graph":[{"@type":"WebPage","@id":"https:\/\/standuppaddle.hu\/en\/sup-lessons_instructions-classes\/","url":"https:\/\/standuppaddle.hu\/en\/sup-lessons_instructions-classes\/","name":"SUP lessons and instructions - Stand Up Paddle","isPartOf":{"@id":"https:\/\/standuppaddle.hu\/en\/#website"},"datePublished":"2019-10-21T09:30:27+00:00","dateModified":"2022-01-05T16:25:11+00:00","description":"Book a private lesson for with your friends or family and learn how to SUP! We teach you everything you need to know about Stand Up Paddling","breadcrumb":{"@id":"https:\/\/standuppaddle.hu\/en\/sup-lessons_instructions-classes\/#breadcrumb"},"inLanguage":"en-US","potentialAction":[{"@type":"ReadAction","target":["https:\/\/standuppaddle.hu\/en\/sup-lessons_instructions-classes\/"]}]},{"@type":"BreadcrumbList","@id":"https:\/\/standuppaddle.hu\/en\/sup-lessons_instructions-classes\/#breadcrumb","itemListElement":[{"@type":"ListItem","position":1,"name":"Home","item":"https:\/\/standuppaddle.hu\/en\/"},{"@type":"ListItem","position":2,"name":"SUP lessons and instructions"}]},{"@type":"WebSite","@id":"https:\/\/standuppaddle.hu\/en\/#website","url":"https:\/\/standuppaddle.hu\/en\/","name":"Stand Up Paddle","description":"\u00e1llva evez\u00e9s - \u00e1ll\u00f3 sz\u00f6rf - SUP Center Balaton","publisher":{"@id":"https:\/\/standuppaddle.hu\/en\/#organization"},"potentialAction":[{"@type":"SearchAction","target":{"@type":"EntryPoint","urlTemplate":"https:\/\/standuppaddle.hu\/en\/?s={search_term_string}"},"query-input":{"@type":"PropertyValueSpecification","valueRequired":true,"valueName":"search_term_string"}}],"inLanguage":"en-US"},{"@type":"Organization","@id":"https:\/\/standuppaddle.hu\/en\/#organization","name":"SUP Center Balaton","url":"https:\/\/standuppaddle.hu\/en\/","logo":{"@type":"ImageObject","inLanguage":"en-US","@id":"https:\/\/standuppaddle.hu\/en\/#\/schema\/logo\/image\/","url":"https:\/\/standuppaddle.hu\/wp-content\/uploads\/2019\/10\/sup-center-balaton-logo.jpg","contentUrl":"https:\/\/standuppaddle.hu\/wp-content\/uploads\/2019\/10\/sup-center-balaton-logo.jpg","width":2492,"height":1075,"caption":"SUP Center Balaton"},"image":{"@id":"https:\/\/standuppaddle.hu\/en\/#\/schema\/logo\/image\/"},"sameAs":["https:\/\/www.facebook.com\/SUP.Center\/","https:\/\/www.instagram.com\/sup_center_balaton\/","https:\/\/www.youtube.com\/channel\/UCaX3OG6gvkhCqeZSw1zgTmw"]}]}},"_links":{"self":[{"href":"https:\/\/standuppaddle.hu\/en\/wp-json\/wp\/v2\/pages\/4312","targetHints":{"allow":["GET"]}}],"collection":[{"href":"https:\/\/standuppaddle.hu\/en\/wp-json\/wp\/v2\/pages"}],"about":[{"href":"https:\/\/standuppaddle.hu\/en\/wp-json\/wp\/v2\/types\/page"}],"author":[{"embeddable":true,"href":"https:\/\/standuppaddle.hu\/en\/wp-json\/wp\/v2\/users\/2"}],"replies":[{"embeddable":true,"href":"https:\/\/standuppaddle.hu\/en\/wp-json\/wp\/v2\/comments?post=4312"}],"version-history":[{"count":2,"href":"https:\/\/standuppaddle.hu\/en\/wp-json\/wp\/v2\/pages\/4312\/revisions"}],"predecessor-version":[{"id":8128,"href":"https:\/\/standuppaddle.hu\/en\/wp-json\/wp\/v2\/pages\/4312\/revisions\/8128"}],"wp:attachment":[{"href":"https:\/\/standuppaddle.hu\/en\/wp-json\/wp\/v2\/media?parent=4312"}],"curies":[{"name":"wp","href":"https:\/\/api.w.org\/{rel}","templated":true}]}}