{"id":4278,"date":"2019-10-21T10:56:27","date_gmt":"2019-10-21T08:56:27","guid":{"rendered":"http:\/\/standuppaddle.hu\/sup-center-am-plattensee-kontakt\/"},"modified":"2024-07-06T08:28:15","modified_gmt":"2024-07-06T06:28:15","slug":"sup-center-shop","status":"publish","type":"page","link":"https:\/\/standuppaddle.hu\/en\/sup-center-shop\/","title":{"rendered":"SUP Centre &#8211; Lake Balaton, Hungary"},"content":{"rendered":"<div class=\"wpb-content-wrapper\"><p>[vc_row][vc_column][vc_custom_heading text=&#8221;SUP Center Balaton &#8211; Lake Balaton, Tihany, Hungary&#8221; use_theme_fonts=&#8221;yes&#8221; css_animation=&#8221;fadeInUp&#8221;][\/vc_column][\/vc_row][vc_row][vc_column][vc_custom_heading text=&#8221;Opening times&#8221; font_container=&#8221;tag:h3|font_size:24|text_align:left&#8221; use_theme_fonts=&#8221;yes&#8221;][vc_separator color=&#8221;custom&#8221; align=&#8221;align_left&#8221; border_width=&#8221;2&#8243; css_animation=&#8221;fadeInUp&#8221; css=&#8221;.vc_custom_1569839031757{margin-bottom: 25px !important;}&#8221; accent_color=&#8221;#0c2844&#8243; el_class=&#8221;border-width-60px&#8221;][vc_column_text css_animation=&#8221;fadeInUp&#8221;]Depending on the weather, the SUP Center is generally open from April 1st to October 15th from 9am to 6pm daily<br \/>\nFor more exact, updated opening times please visit our profile on <a href=\"https:\/\/goo.gl\/maps\/xE4dZkTy2FUFNVmB6\" target=\"_blank\" rel=\"noopener\">SUP Center Balaton &#8211; Google Maps<\/a>[\/vc_column_text][vc_custom_heading text=&#8221;Contact&#8221; font_container=&#8221;tag:h3|font_size:24|text_align:left&#8221; use_theme_fonts=&#8221;yes&#8221; css=&#8221;.vc_custom_1571656132607{margin-bottom: 15px !important;}&#8221;][vc_separator color=&#8221;custom&#8221; align=&#8221;align_left&#8221; border_width=&#8221;2&#8243; css_animation=&#8221;fadeInUp&#8221; css=&#8221;.vc_custom_1569839031757{margin-bottom: 25px !important;}&#8221; accent_color=&#8221;#0c2844&#8243; el_class=&#8221;border-width-60px&#8221;][vc_column_text]<img loading=\"lazy\" decoding=\"async\" src=\"https:\/\/standuppaddle.hu\/wp-content\/uploads\/2019\/10\/gb-e1494490882573.jpg\" alt=\"\" width=\"18\" height=\"12\" \/> English: Tel: <a href=\"tel:+36302278927\">+36-30-2278927<\/a>\u00a0 <a href=\"&#x6d;a&#x69;&#108;&#x74;&#x6f;:&#x73;&#117;&#x70;&#x40;s&#x74;&#97;&#x6e;&#x64;u&#x70;&#112;&#x61;&#x64;d&#x6c;&#101;&#x2e;&#x68;u\">s&#117;&#x70;&#x40;s&#116;&#x61;&#x6e;d&#117;&#x70;&#x70;a&#100;&#x64;&#x6c;e&#46;&#x68;&#x75;<\/a><br \/>\n<img loading=\"lazy\" decoding=\"async\" src=\"https:\/\/standuppaddle.hu\/wp-content\/uploads\/2019\/10\/hu-e1439041815565.jpg\" alt=\"\" width=\"18\" height=\"12\" \/> Magyarul: Tel: <a href=\"tel:+36307019317\">06-30-7019317<\/a>\u00a0 \u00a0<a href=\"ma&#105;&#108;&#116;&#x6f;&#x3a;&#x69;&#x6e;fo&#64;&#115;&#116;&#x61;&#x6e;&#x64;&#x75;pp&#97;&#100;&#100;&#x6c;&#x65;&#x2e;&#x68;u\">&#x69;&#x6e;&#x66;&#x6f;&#x40;&#115;&#116;&#97;&#110;dup&#x70;&#x61;&#x64;&#x64;&#x6c;&#x65;&#46;&#104;&#117;<\/a><br \/>\n<img loading=\"lazy\" decoding=\"async\" src=\"https:\/\/standuppaddle.hu\/wp-content\/uploads\/2019\/10\/de-e1439041797539.jpg\" alt=\"\" width=\"18\" height=\"12\" \/> Deutsch: Tel: <a href=\"tel:+36302278927\">+36-30-2278927<\/a>\u00a0 <a href=\"&#109;&#x61;&#105;&#x6c;&#116;&#x6f;:&#x73;u&#x70;&#64;&#115;&#x74;&#97;&#x6e;&#100;&#x75;&#112;&#x70;a&#x64;d&#x6c;e&#46;&#x68;&#117;\">&#x73;&#x75;&#x70;&#x40;&#x73;&#x74;&#x61;&#110;&#100;&#117;&#112;&#112;addl&#x65;&#x2e;&#x68;&#x75;<\/a><\/p>\n<p><a href=\"https:\/\/wa.me\/36302278927\"><img loading=\"lazy\" decoding=\"async\" class=\"alignnone size-full wp-image-8145\" src=\"https:\/\/standuppaddle.hu\/wp-content\/uploads\/2022\/01\/Whatsapp.jpg\" alt=\"\" width=\"145\" height=\"50\" \/><\/a><\/p>\n<p><a href=\"viber:\/\/contact?number=%2B36302278927\"><img loading=\"lazy\" decoding=\"async\" class=\"alignnone size-full wp-image-8148\" src=\"https:\/\/standuppaddle.hu\/wp-content\/uploads\/2022\/01\/viber.png\" alt=\"\" width=\"117\" height=\"55\" \/><\/a>[\/vc_column_text][vc_single_image image=&#8221;3324&#8243; img_size=&#8221;full&#8221;][\/vc_column][\/vc_row][vc_row][vc_column css_animation=&#8221;fadeInUp&#8221;][vc_custom_heading text=&#8221;How to find us&#8221; font_container=&#8221;tag:h3|font_size:24|text_align:left&#8221; use_theme_fonts=&#8221;yes&#8221; css=&#8221;.vc_custom_1571656291134{margin-bottom: 15px !important;}&#8221;][vc_separator color=&#8221;custom&#8221; align=&#8221;align_left&#8221; border_width=&#8221;2&#8243; css_animation=&#8221;fadeInUp&#8221; css=&#8221;.vc_custom_1569839031757{margin-bottom: 25px !important;}&#8221; accent_color=&#8221;#0c2844&#8243; el_class=&#8221;border-width-60px&#8221;][vc_column_text css=&#8221;&#8221;]The SUP Center is situated in the family resort <a href=\"https:\/\/clubtihany.hu\/\" target=\"_blank\" rel=\"noopener\">Club Tihany<\/a>, about 350 meters next to the ferry, at the tip of the Tihany peninsular. At the entrance of the holiday resort, please tell the guards that you are going to visit the SUP Center. They will hand you out a temporery pass with a time stamp.<br \/>\nPlease drive pass the hotel and turn right. Right before the yacht club you will see the entrance to the beach marked with a SUP flag. Find a parking spot and meet us at the beach![\/vc_column_text][vc_single_image image=&#8221;7089&#8243; img_size=&#8221;full&#8221;][\/vc_column][\/vc_row][vc_row][vc_column css_animation=&#8221;fadeInUp&#8221;][vc_custom_heading text=&#8221;Who we are&#8221; font_container=&#8221;tag:h3|font_size:24|text_align:left&#8221; use_theme_fonts=&#8221;yes&#8221; css=&#8221;.vc_custom_1615121357075{margin-bottom: 15px !important;}&#8221;][vc_separator color=&#8221;custom&#8221; align=&#8221;align_left&#8221; border_width=&#8221;2&#8243; css_animation=&#8221;fadeInUp&#8221; css=&#8221;.vc_custom_1569839031757{margin-bottom: 25px !important;}&#8221; accent_color=&#8221;#0c2844&#8243; el_class=&#8221;border-width-60px&#8221;][vc_column_text]We are Hetti Kir\u00e1ly and\u00a0Andreas Novotny. Since 1988 we are running a\u00a0water sports centre\u00a0with a\u00a0<a href=\"https:\/\/www.wind99.com\/en\/\" target=\"_blank\" rel=\"noopener\">windsurfing and sailing\u00a0school<\/a> and boat rental in Tihany at Lake Balaton. In April 2011 we expanded our program to include Stand Up Paddling and started the first SUP centre in Hungary.<\/p>\n<p>Besides SUP equipment we also hire out kayaks, pedalos and windsurf equipment.[\/vc_column_text][vc_single_image image=&#8221;3326&#8243; img_size=&#8221;full&#8221;][\/vc_column][\/vc_row][vc_row][vc_column css_animation=&#8221;fadeInUp&#8221;][vc_custom_heading text=&#8221;Map&#8221; font_container=&#8221;tag:h3|font_size:24|text_align:left&#8221; use_theme_fonts=&#8221;yes&#8221; css=&#8221;.vc_custom_1571656337661{margin-bottom: 15px !important;}&#8221;][vc_separator color=&#8221;custom&#8221; align=&#8221;align_left&#8221; border_width=&#8221;2&#8243; css_animation=&#8221;fadeInUp&#8221; css=&#8221;.vc_custom_1569839031757{margin-bottom: 25px !important;}&#8221; accent_color=&#8221;#0c2844&#8243; el_class=&#8221;border-width-60px&#8221;][vc_gmaps link=&#8221;#E-8_JTNDaWZyYW1lJTIwc3JjJTNEJTIyaHR0cHMlM0ElMkYlMkZ3d3cuZ29vZ2xlLmNvbSUyRm1hcHMlMkZlbWJlZCUzRnBiJTNEJTIxMW0xNCUyMTFtOCUyMTFtMyUyMTFkMzQ5MDE1LjM5NTIzMDU4NDY2JTIxMmQxNy44ODUyOTMlMjEzZDQ2Ljg4OTI4OSUyMTNtMiUyMTFpMTAyNCUyMTJpNzY4JTIxNGYxMy4xJTIxM20zJTIxMW0yJTIxMXMweDAlMjUzQTB4NjQwMjNlM2RmNTNmNWM5YSUyMTJzU1VQJTI1MjBDZW50ZXIlMjUyMEJhbGF0b24lMjE1ZTAlMjEzbTIlMjExc2VuJTIxMnN1cyUyMTR2MTU2OTgzOTE2MTE1MiUyMTVtMiUyMTFzZW4lMjEyc3VzJTIyJTIwd2lkdGglM0QlMjIxMDAlMjUlMjIlMjBoZWlnaHQlM0QlMjIzNTAlMjIlMjBmcmFtZWJvcmRlciUzRCUyMjAlMjIlMjBzdHlsZSUzRCUyMmJvcmRlciUzQTAlM0IlMjIlMjBhbGxvd2Z1bGxzY3JlZW4lM0QlMjIlMjIlM0UlM0MlMkZpZnJhbWUlM0U=&#8221;][\/vc_column][\/vc_row][vc_row][vc_column][\/vc_column][\/vc_row]<\/p>\n<\/div>","protected":false},"excerpt":{"rendered":"<p>[vc_row][vc_column][vc_custom_heading text=&#8221;SUP Center Balaton &#8211; Lake Balaton, Tihany, Hungary&#8221; use_theme_fonts=&#8221;yes&#8221; css_animation=&#8221;fadeInUp&#8221;][\/vc_column][\/vc_row][vc_row][vc_column][vc_custom_heading text=&#8221;Opening times&#8221; font_container=&#8221;tag:h3|font_size:24|text_align:left&#8221; use_theme_fonts=&#8221;yes&#8221;][vc_separator color=&#8221;custom&#8221; align=&#8221;align_left&#8221; border_width=&#8221;2&#8243; css_animation=&#8221;fadeInUp&#8221; css=&#8221;.vc_custom_1569839031757{margin-bottom: 25px !important;}&#8221; accent_color=&#8221;#0c2844&#8243; el_class=&#8221;border-width-60px&#8221;][vc_column_text css_animation=&#8221;fadeInUp&#8221;]Depending on the weather, the SUP Center is generally open from April 1st to October 15th from 9am to 6pm daily For more exact, updated opening times please visit our profile [&hellip;]<\/p>\n","protected":false},"author":2,"featured_media":0,"parent":0,"menu_order":0,"comment_status":"closed","ping_status":"closed","template":"","meta":{"ocean_post_layout":"","ocean_both_sidebars_style":"","ocean_both_sidebars_content_width":0,"ocean_both_sidebars_sidebars_width":0,"ocean_sidebar":"0","ocean_second_sidebar":"0","ocean_disable_margins":"enable","ocean_add_body_class":"","ocean_shortcode_before_top_bar":"","ocean_shortcode_after_top_bar":"","ocean_shortcode_before_header":"","ocean_shortcode_after_header":"","ocean_has_shortcode":"","ocean_shortcode_after_title":"","ocean_shortcode_before_footer_widgets":"","ocean_shortcode_after_footer_widgets":"","ocean_shortcode_before_footer_bottom":"","ocean_shortcode_after_footer_bottom":"","ocean_display_top_bar":"default","ocean_display_header":"default","ocean_header_style":"","ocean_center_header_left_menu":"0","ocean_custom_header_template":"0","ocean_custom_logo":0,"ocean_custom_retina_logo":0,"ocean_custom_logo_max_width":0,"ocean_custom_logo_tablet_max_width":0,"ocean_custom_logo_mobile_max_width":0,"ocean_custom_logo_max_height":0,"ocean_custom_logo_tablet_max_height":0,"ocean_custom_logo_mobile_max_height":0,"ocean_header_custom_menu":"0","ocean_menu_typo_font_family":"0","ocean_menu_typo_font_subset":"","ocean_menu_typo_font_size":0,"ocean_menu_typo_font_size_tablet":0,"ocean_menu_typo_font_size_mobile":0,"ocean_menu_typo_font_size_unit":"px","ocean_menu_typo_font_weight":"","ocean_menu_typo_font_weight_tablet":"","ocean_menu_typo_font_weight_mobile":"","ocean_menu_typo_transform":"","ocean_menu_typo_transform_tablet":"","ocean_menu_typo_transform_mobile":"","ocean_menu_typo_line_height":0,"ocean_menu_typo_line_height_tablet":0,"ocean_menu_typo_line_height_mobile":0,"ocean_menu_typo_line_height_unit":"","ocean_menu_typo_spacing":0,"ocean_menu_typo_spacing_tablet":0,"ocean_menu_typo_spacing_mobile":0,"ocean_menu_typo_spacing_unit":"","ocean_menu_link_color":"","ocean_menu_link_color_hover":"","ocean_menu_link_color_active":"","ocean_menu_link_background":"","ocean_menu_link_hover_background":"","ocean_menu_link_active_background":"","ocean_menu_social_links_bg":"","ocean_menu_social_hover_links_bg":"","ocean_menu_social_links_color":"","ocean_menu_social_hover_links_color":"","ocean_disable_title":"default","ocean_disable_heading":"default","ocean_post_title":"","ocean_post_subheading":"","ocean_post_title_style":"","ocean_post_title_background_color":"","ocean_post_title_background":0,"ocean_post_title_bg_image_position":"","ocean_post_title_bg_image_attachment":"","ocean_post_title_bg_image_repeat":"","ocean_post_title_bg_image_size":"","ocean_post_title_height":0,"ocean_post_title_bg_overlay":0.5,"ocean_post_title_bg_overlay_color":"","ocean_disable_breadcrumbs":"default","ocean_breadcrumbs_color":"","ocean_breadcrumbs_separator_color":"","ocean_breadcrumbs_links_color":"","ocean_breadcrumbs_links_hover_color":"","ocean_display_footer_widgets":"default","ocean_display_footer_bottom":"default","ocean_custom_footer_template":"0","footnotes":""},"class_list":["post-4278","page","type-page","status-publish","hentry","entry","owp-thumbs-layout-horizontal","owp-btn-normal","owp-tabs-layout-section","has-no-thumbnails"],"yoast_head":"<!-- This site is optimized with the Yoast SEO plugin v27.3 - https:\/\/yoast.com\/product\/yoast-seo-wordpress\/ -->\n<title>SUP Centre - Lake Balaton, Hungary - Stand Up Paddle<\/title>\n<meta name=\"description\" content=\"You want to hire or buy a SUP? Stand Up Paddle rentals, lessons, tour and shop at Lake Balaton in Tihany, Hungary\" \/>\n<meta name=\"robots\" content=\"index, follow, max-snippet:-1, max-image-preview:large, max-video-preview:-1\" \/>\n<link rel=\"canonical\" href=\"https:\/\/standuppaddle.hu\/en\/sup-center-shop\/\" \/>\n<meta property=\"og:locale\" content=\"en_US\" \/>\n<meta property=\"og:type\" content=\"article\" \/>\n<meta property=\"og:title\" content=\"SUP Centre - Lake Balaton, Hungary - Stand Up Paddle\" \/>\n<meta property=\"og:description\" content=\"You want to hire or buy a SUP? Stand Up Paddle rentals, lessons, tour and shop at Lake Balaton in Tihany, Hungary\" \/>\n<meta property=\"og:url\" content=\"https:\/\/standuppaddle.hu\/en\/sup-center-shop\/\" \/>\n<meta property=\"og:site_name\" content=\"Stand Up Paddle\" \/>\n<meta property=\"article:publisher\" content=\"https:\/\/www.facebook.com\/SUP.Center\/\" \/>\n<meta property=\"article:modified_time\" content=\"2024-07-06T06:28:15+00:00\" \/>\n<meta property=\"og:image\" content=\"https:\/\/standuppaddle.hu\/wp-content\/uploads\/2019\/10\/gb-e1494490882573.jpg\" \/>\n<meta name=\"twitter:card\" content=\"summary_large_image\" \/>\n<meta name=\"twitter:label1\" content=\"Est. reading time\" \/>\n\t<meta name=\"twitter:data1\" content=\"3 minutes\" \/>\n<script type=\"application\/ld+json\" class=\"yoast-schema-graph\">{\"@context\":\"https:\\\/\\\/schema.org\",\"@graph\":[{\"@type\":\"WebPage\",\"@id\":\"https:\\\/\\\/standuppaddle.hu\\\/en\\\/sup-center-shop\\\/\",\"url\":\"https:\\\/\\\/standuppaddle.hu\\\/en\\\/sup-center-shop\\\/\",\"name\":\"SUP Centre - Lake Balaton, Hungary - Stand Up Paddle\",\"isPartOf\":{\"@id\":\"https:\\\/\\\/standuppaddle.hu\\\/en\\\/#website\"},\"primaryImageOfPage\":{\"@id\":\"https:\\\/\\\/standuppaddle.hu\\\/en\\\/sup-center-shop\\\/#primaryimage\"},\"image\":{\"@id\":\"https:\\\/\\\/standuppaddle.hu\\\/en\\\/sup-center-shop\\\/#primaryimage\"},\"thumbnailUrl\":\"https:\\\/\\\/standuppaddle.hu\\\/wp-content\\\/uploads\\\/2019\\\/10\\\/gb-e1494490882573.jpg\",\"datePublished\":\"2019-10-21T08:56:27+00:00\",\"dateModified\":\"2024-07-06T06:28:15+00:00\",\"description\":\"You want to hire or buy a SUP? Stand Up Paddle rentals, lessons, tour and shop at Lake Balaton in Tihany, Hungary\",\"breadcrumb\":{\"@id\":\"https:\\\/\\\/standuppaddle.hu\\\/en\\\/sup-center-shop\\\/#breadcrumb\"},\"inLanguage\":\"en-US\",\"potentialAction\":[{\"@type\":\"ReadAction\",\"target\":[\"https:\\\/\\\/standuppaddle.hu\\\/en\\\/sup-center-shop\\\/\"]}]},{\"@type\":\"ImageObject\",\"inLanguage\":\"en-US\",\"@id\":\"https:\\\/\\\/standuppaddle.hu\\\/en\\\/sup-center-shop\\\/#primaryimage\",\"url\":\"https:\\\/\\\/standuppaddle.hu\\\/wp-content\\\/uploads\\\/2019\\\/10\\\/gb-e1494490882573.jpg\",\"contentUrl\":\"https:\\\/\\\/standuppaddle.hu\\\/wp-content\\\/uploads\\\/2019\\\/10\\\/gb-e1494490882573.jpg\"},{\"@type\":\"BreadcrumbList\",\"@id\":\"https:\\\/\\\/standuppaddle.hu\\\/en\\\/sup-center-shop\\\/#breadcrumb\",\"itemListElement\":[{\"@type\":\"ListItem\",\"position\":1,\"name\":\"Home\",\"item\":\"https:\\\/\\\/standuppaddle.hu\\\/en\\\/\"},{\"@type\":\"ListItem\",\"position\":2,\"name\":\"SUP Centre &#8211; Lake Balaton, Hungary\"}]},{\"@type\":\"WebSite\",\"@id\":\"https:\\\/\\\/standuppaddle.hu\\\/en\\\/#website\",\"url\":\"https:\\\/\\\/standuppaddle.hu\\\/en\\\/\",\"name\":\"Stand Up Paddle\",\"description\":\"\u00e1llva evez\u00e9s - \u00e1ll\u00f3 sz\u00f6rf - SUP Center Balaton\",\"publisher\":{\"@id\":\"https:\\\/\\\/standuppaddle.hu\\\/en\\\/#organization\"},\"potentialAction\":[{\"@type\":\"SearchAction\",\"target\":{\"@type\":\"EntryPoint\",\"urlTemplate\":\"https:\\\/\\\/standuppaddle.hu\\\/en\\\/?s={search_term_string}\"},\"query-input\":{\"@type\":\"PropertyValueSpecification\",\"valueRequired\":true,\"valueName\":\"search_term_string\"}}],\"inLanguage\":\"en-US\"},{\"@type\":\"Organization\",\"@id\":\"https:\\\/\\\/standuppaddle.hu\\\/en\\\/#organization\",\"name\":\"SUP Center Balaton\",\"url\":\"https:\\\/\\\/standuppaddle.hu\\\/en\\\/\",\"logo\":{\"@type\":\"ImageObject\",\"inLanguage\":\"en-US\",\"@id\":\"https:\\\/\\\/standuppaddle.hu\\\/en\\\/#\\\/schema\\\/logo\\\/image\\\/\",\"url\":\"https:\\\/\\\/standuppaddle.hu\\\/wp-content\\\/uploads\\\/2019\\\/10\\\/sup-center-balaton-logo.jpg\",\"contentUrl\":\"https:\\\/\\\/standuppaddle.hu\\\/wp-content\\\/uploads\\\/2019\\\/10\\\/sup-center-balaton-logo.jpg\",\"width\":2492,\"height\":1075,\"caption\":\"SUP Center Balaton\"},\"image\":{\"@id\":\"https:\\\/\\\/standuppaddle.hu\\\/en\\\/#\\\/schema\\\/logo\\\/image\\\/\"},\"sameAs\":[\"https:\\\/\\\/www.facebook.com\\\/SUP.Center\\\/\",\"https:\\\/\\\/www.instagram.com\\\/sup_center_balaton\\\/\",\"https:\\\/\\\/www.youtube.com\\\/channel\\\/UCaX3OG6gvkhCqeZSw1zgTmw\"]}]}<\/script>\n<!-- \/ Yoast SEO plugin. -->","yoast_head_json":{"title":"SUP Centre - Lake Balaton, Hungary - Stand Up Paddle","description":"You want to hire or buy a SUP? Stand Up Paddle rentals, lessons, tour and shop at Lake Balaton in Tihany, Hungary","robots":{"index":"index","follow":"follow","max-snippet":"max-snippet:-1","max-image-preview":"max-image-preview:large","max-video-preview":"max-video-preview:-1"},"canonical":"https:\/\/standuppaddle.hu\/en\/sup-center-shop\/","og_locale":"en_US","og_type":"article","og_title":"SUP Centre - Lake Balaton, Hungary - Stand Up Paddle","og_description":"You want to hire or buy a SUP? Stand Up Paddle rentals, lessons, tour and shop at Lake Balaton in Tihany, Hungary","og_url":"https:\/\/standuppaddle.hu\/en\/sup-center-shop\/","og_site_name":"Stand Up Paddle","article_publisher":"https:\/\/www.facebook.com\/SUP.Center\/","article_modified_time":"2024-07-06T06:28:15+00:00","og_image":[{"url":"https:\/\/standuppaddle.hu\/wp-content\/uploads\/2019\/10\/gb-e1494490882573.jpg","type":"","width":"","height":""}],"twitter_card":"summary_large_image","twitter_misc":{"Est. reading time":"3 minutes"},"schema":{"@context":"https:\/\/schema.org","@graph":[{"@type":"WebPage","@id":"https:\/\/standuppaddle.hu\/en\/sup-center-shop\/","url":"https:\/\/standuppaddle.hu\/en\/sup-center-shop\/","name":"SUP Centre - Lake Balaton, Hungary - Stand Up Paddle","isPartOf":{"@id":"https:\/\/standuppaddle.hu\/en\/#website"},"primaryImageOfPage":{"@id":"https:\/\/standuppaddle.hu\/en\/sup-center-shop\/#primaryimage"},"image":{"@id":"https:\/\/standuppaddle.hu\/en\/sup-center-shop\/#primaryimage"},"thumbnailUrl":"https:\/\/standuppaddle.hu\/wp-content\/uploads\/2019\/10\/gb-e1494490882573.jpg","datePublished":"2019-10-21T08:56:27+00:00","dateModified":"2024-07-06T06:28:15+00:00","description":"You want to hire or buy a SUP? Stand Up Paddle rentals, lessons, tour and shop at Lake Balaton in Tihany, Hungary","breadcrumb":{"@id":"https:\/\/standuppaddle.hu\/en\/sup-center-shop\/#breadcrumb"},"inLanguage":"en-US","potentialAction":[{"@type":"ReadAction","target":["https:\/\/standuppaddle.hu\/en\/sup-center-shop\/"]}]},{"@type":"ImageObject","inLanguage":"en-US","@id":"https:\/\/standuppaddle.hu\/en\/sup-center-shop\/#primaryimage","url":"https:\/\/standuppaddle.hu\/wp-content\/uploads\/2019\/10\/gb-e1494490882573.jpg","contentUrl":"https:\/\/standuppaddle.hu\/wp-content\/uploads\/2019\/10\/gb-e1494490882573.jpg"},{"@type":"BreadcrumbList","@id":"https:\/\/standuppaddle.hu\/en\/sup-center-shop\/#breadcrumb","itemListElement":[{"@type":"ListItem","position":1,"name":"Home","item":"https:\/\/standuppaddle.hu\/en\/"},{"@type":"ListItem","position":2,"name":"SUP Centre &#8211; Lake Balaton, Hungary"}]},{"@type":"WebSite","@id":"https:\/\/standuppaddle.hu\/en\/#website","url":"https:\/\/standuppaddle.hu\/en\/","name":"Stand Up Paddle","description":"\u00e1llva evez\u00e9s - \u00e1ll\u00f3 sz\u00f6rf - SUP Center Balaton","publisher":{"@id":"https:\/\/standuppaddle.hu\/en\/#organization"},"potentialAction":[{"@type":"SearchAction","target":{"@type":"EntryPoint","urlTemplate":"https:\/\/standuppaddle.hu\/en\/?s={search_term_string}"},"query-input":{"@type":"PropertyValueSpecification","valueRequired":true,"valueName":"search_term_string"}}],"inLanguage":"en-US"},{"@type":"Organization","@id":"https:\/\/standuppaddle.hu\/en\/#organization","name":"SUP Center Balaton","url":"https:\/\/standuppaddle.hu\/en\/","logo":{"@type":"ImageObject","inLanguage":"en-US","@id":"https:\/\/standuppaddle.hu\/en\/#\/schema\/logo\/image\/","url":"https:\/\/standuppaddle.hu\/wp-content\/uploads\/2019\/10\/sup-center-balaton-logo.jpg","contentUrl":"https:\/\/standuppaddle.hu\/wp-content\/uploads\/2019\/10\/sup-center-balaton-logo.jpg","width":2492,"height":1075,"caption":"SUP Center Balaton"},"image":{"@id":"https:\/\/standuppaddle.hu\/en\/#\/schema\/logo\/image\/"},"sameAs":["https:\/\/www.facebook.com\/SUP.Center\/","https:\/\/www.instagram.com\/sup_center_balaton\/","https:\/\/www.youtube.com\/channel\/UCaX3OG6gvkhCqeZSw1zgTmw"]}]}},"_links":{"self":[{"href":"https:\/\/standuppaddle.hu\/en\/wp-json\/wp\/v2\/pages\/4278","targetHints":{"allow":["GET"]}}],"collection":[{"href":"https:\/\/standuppaddle.hu\/en\/wp-json\/wp\/v2\/pages"}],"about":[{"href":"https:\/\/standuppaddle.hu\/en\/wp-json\/wp\/v2\/types\/page"}],"author":[{"embeddable":true,"href":"https:\/\/standuppaddle.hu\/en\/wp-json\/wp\/v2\/users\/2"}],"replies":[{"embeddable":true,"href":"https:\/\/standuppaddle.hu\/en\/wp-json\/wp\/v2\/comments?post=4278"}],"version-history":[{"count":8,"href":"https:\/\/standuppaddle.hu\/en\/wp-json\/wp\/v2\/pages\/4278\/revisions"}],"predecessor-version":[{"id":12522,"href":"https:\/\/standuppaddle.hu\/en\/wp-json\/wp\/v2\/pages\/4278\/revisions\/12522"}],"wp:attachment":[{"href":"https:\/\/standuppaddle.hu\/en\/wp-json\/wp\/v2\/media?parent=4278"}],"curies":[{"name":"wp","href":"https:\/\/api.w.org\/{rel}","templated":true}]}}