{"id":4240,"date":"2019-10-21T09:01:49","date_gmt":"2019-10-21T07:01:49","guid":{"rendered":"http:\/\/standuppaddle.hu\/kolcsonzo-stand-up-paddle-berles\/"},"modified":"2025-05-22T10:49:25","modified_gmt":"2025-05-22T08:49:25","slug":"sup-hire-rentals-lake-balaton","status":"publish","type":"page","link":"https:\/\/standuppaddle.hu\/en\/sup-hire-rentals-lake-balaton\/","title":{"rendered":"SUP hire and rentals at Lake Balaton"},"content":{"rendered":"<div class=\"wpb-content-wrapper\"><p>[vc_row][vc_column][vc_custom_heading text=&#8221;SUP hire and rentals at Lake Balaton&#8221; use_theme_fonts=&#8221;yes&#8221; css_animation=&#8221;fadeInUp&#8221; css=&#8221;.vc_custom_1571650107411{margin-bottom: 15px !important;}&#8221;][vc_separator color=&#8221;custom&#8221; align=&#8221;align_left&#8221; border_width=&#8221;2&#8243; css_animation=&#8221;fadeInUp&#8221; css=&#8221;.vc_custom_1569833676472{margin-bottom: 25px !important;}&#8221; accent_color=&#8221;#0c2844&#8243; el_class=&#8221;border-width-100px&#8221;][vc_column_text css_animation=&#8221;fadeInUp&#8221; css=&#8221;&#8221;]The Stand Up Paddle Centre is located at the northern shore of Balaton in the heart of Hungary. (find more information at the <a title=\"SUP Centre contact\" href=\"https:\/\/standuppaddle.hu\/en\/sup-uzlet\/\">contact<\/a> section).<\/p>\n<p>You can hire SUP equipment on an hourly or daily bases. You can choose between approx. 15 different types of boards.<br \/>\nBoard with paddle: 6.000- HUF\/hour (incl. 27% VAT)<\/p>\n<p><strong>All the boards below you will find available for rent:<\/strong>[\/vc_column_text][vc_single_image image=&#8221;8122&#8243; img_size=&#8221;full&#8221; add_caption=&#8221;yes&#8221; alignment=&#8221;center&#8221; css_animation=&#8221;fadeInUp&#8221;][vc_separator color=&#8221;custom&#8221; css_animation=&#8221;fadeInUp&#8221; accent_color=&#8221;#eeeeee&#8221;][\/vc_column][\/vc_row][vc_row][vc_column css_animation=&#8221;fadeInUp&#8221;][vc_custom_heading text=&#8221;SUP Board&#8221; font_container=&#8221;tag:h3|font_size:24|text_align:left&#8221; use_theme_fonts=&#8221;yes&#8221; css=&#8221;.vc_custom_1571650129441{margin-bottom: 15px !important;}&#8221;][vc_separator color=&#8221;custom&#8221; align=&#8221;align_left&#8221; border_width=&#8221;2&#8243; css=&#8221;.vc_custom_1569834087474{margin-bottom: 25px !important;}&#8221; accent_color=&#8221;#0c2844&#8243; el_class=&#8221;border-width-60px&#8221;][vc_column_text css=&#8221;.vc_custom_1571650149803{margin-bottom: 20px !important;}&#8221;]This is by far your most significant gear investment. Sizes are based on the paddler\u201ds weight and experience. More experienced and lighter paddlers can choose narrower boards. Novice paddlers should choose wider, flatter boards, which offer more stability. The length and width of SUP boards is given in feet and inches. The board sizes vary be between 6.6 \u201dand 14\u201d Length (2 \u2013 4.3 meters) and 24 \u201cto 34\u201d wide (60-86 centimetres).<\/p>\n<p>For flat water, longer boards are used \u2013 the longer the faster. In waves you use shorter, narrower boards. The bigger the waves and the better the paddlers \u2013 the smaller the boards. Wide boards are more stable than narrow boards. All-round SUPs for beginners are between 11 \u201dand 12\u201d long. Most boards are made from fibreglass. Some companies make SUP boards from a little heavier but almost indestructible Polyethylene. To ensure a good and soft grip, the boards top are usually fitted with a so-called deck pad. This is a rubber-like EVA mat on the deck of the board.[\/vc_column_text][vc_single_image image=&#8221;3308&#8243; img_size=&#8221;full&#8221; add_caption=&#8221;yes&#8221; css_animation=&#8221;fadeInUp&#8221;][vc_separator color=&#8221;custom&#8221; css_animation=&#8221;fadeInUp&#8221; accent_color=&#8221;#eeeeee&#8221;][\/vc_column][\/vc_row][vc_row][vc_column css_animation=&#8221;fadeInUp&#8221;][vc_custom_heading text=&#8221;SUP Paddle&#8221; font_container=&#8221;tag:h3|font_size:24|text_align:left&#8221; use_theme_fonts=&#8221;yes&#8221; css=&#8221;.vc_custom_1571650157552{margin-bottom: 15px !important;}&#8221;][vc_separator color=&#8221;custom&#8221; align=&#8221;align_left&#8221; border_width=&#8221;2&#8243; css=&#8221;.vc_custom_1569834087474{margin-bottom: 25px !important;}&#8221; accent_color=&#8221;#0c2844&#8243; el_class=&#8221;border-width-60px&#8221;][vc_column_text css=&#8221;.vc_custom_1571650163120{margin-bottom: 20px !important;}&#8221;]Stand up paddles have an angle or \u201celbow\u201d in the shaft for maximum efficiency. The paddle are made of carbon fibre, fibreglass, wood or aluminium. There are also combinations of these materials. Which paddle you use is mostly a question of price. The lighter a paddle (carbon) \u2013 the more expensive it is. The paddle length is individually adjusted to the height of the paddler. There are also adjustable paddle. The length depends on the size of the paddler and the discipline. As a general rule, add 8 inches to your overall height of the paddler. For waves we recommend 6-8\u2033, for flat water 8-10\u2033 and for racing 10-12\u2033.[\/vc_column_text][vc_separator color=&#8221;custom&#8221; css_animation=&#8221;fadeInUp&#8221; accent_color=&#8221;#eeeeee&#8221;][\/vc_column][\/vc_row][vc_row][vc_column css_animation=&#8221;fadeInUp&#8221;][vc_custom_heading text=&#8221;Inflatable SUP boards (iSUP)&#8221; font_container=&#8221;tag:h3|font_size:24|text_align:left&#8221; use_theme_fonts=&#8221;yes&#8221; css=&#8221;.vc_custom_1571650170354{margin-bottom: 15px !important;}&#8221;][vc_separator color=&#8221;custom&#8221; align=&#8221;align_left&#8221; border_width=&#8221;2&#8243; css=&#8221;.vc_custom_1569834087474{margin-bottom: 25px !important;}&#8221; accent_color=&#8221;#0c2844&#8243; el_class=&#8221;border-width-60px&#8221;][vc_column_text css=&#8221;.vc_custom_1571650202589{margin-bottom: 20px !important;}&#8221;]UP boards are great! The only one drawback of regular stand up paddle boards are their size. Where would you store full size paddle board unless you have house with a garage? How would you take paddle board to the water, unless you have a car with a roof rack? Or, what if you want to travel to exotic location and have paddle board with you? Inflatable SUPs, so called iSUP are the answer for all these questions! It is foldable, packable, lightweight, versatile, and easy to use when you need it. You can carry it rolled up in trunk of your car, and inflate when you are feeling like paddling. If you reside in building or condo inflatable SUP is what you need![\/vc_column_text][vc_single_image image=&#8221;3310&#8243; img_size=&#8221;full&#8221; add_caption=&#8221;yes&#8221; css_animation=&#8221;fadeInUp&#8221;][\/vc_column][\/vc_row]<\/p>\n<\/div>","protected":false},"excerpt":{"rendered":"<p>[vc_row][vc_column][vc_custom_heading text=&#8221;SUP hire and rentals at Lake Balaton&#8221; use_theme_fonts=&#8221;yes&#8221; css_animation=&#8221;fadeInUp&#8221; css=&#8221;.vc_custom_1571650107411{margin-bottom: 15px !important;}&#8221;][vc_separator color=&#8221;custom&#8221; align=&#8221;align_left&#8221; border_width=&#8221;2&#8243; css_animation=&#8221;fadeInUp&#8221; css=&#8221;.vc_custom_1569833676472{margin-bottom: 25px !important;}&#8221; accent_color=&#8221;#0c2844&#8243; el_class=&#8221;border-width-100px&#8221;][vc_column_text css_animation=&#8221;fadeInUp&#8221; css=&#8221;&#8221;]The Stand Up Paddle Centre is located at the northern shore of Balaton in the heart of Hungary. (find more information at the contact section). You can hire SUP equipment on an [&hellip;]<\/p>\n","protected":false},"author":2,"featured_media":0,"parent":0,"menu_order":0,"comment_status":"closed","ping_status":"closed","template":"","meta":{"ocean_post_layout":"","ocean_both_sidebars_style":"","ocean_both_sidebars_content_width":0,"ocean_both_sidebars_sidebars_width":0,"ocean_sidebar":"0","ocean_second_sidebar":"0","ocean_disable_margins":"enable","ocean_add_body_class":"","ocean_shortcode_before_top_bar":"","ocean_shortcode_after_top_bar":"","ocean_shortcode_before_header":"","ocean_shortcode_after_header":"","ocean_has_shortcode":"","ocean_shortcode_after_title":"","ocean_shortcode_before_footer_widgets":"","ocean_shortcode_after_footer_widgets":"","ocean_shortcode_before_footer_bottom":"","ocean_shortcode_after_footer_bottom":"","ocean_display_top_bar":"default","ocean_display_header":"default","ocean_header_style":"","ocean_center_header_left_menu":"0","ocean_custom_header_template":"0","ocean_custom_logo":0,"ocean_custom_retina_logo":0,"ocean_custom_logo_max_width":0,"ocean_custom_logo_tablet_max_width":0,"ocean_custom_logo_mobile_max_width":0,"ocean_custom_logo_max_height":0,"ocean_custom_logo_tablet_max_height":0,"ocean_custom_logo_mobile_max_height":0,"ocean_header_custom_menu":"0","ocean_menu_typo_font_family":"0","ocean_menu_typo_font_subset":"","ocean_menu_typo_font_size":0,"ocean_menu_typo_font_size_tablet":0,"ocean_menu_typo_font_size_mobile":0,"ocean_menu_typo_font_size_unit":"px","ocean_menu_typo_font_weight":"","ocean_menu_typo_font_weight_tablet":"","ocean_menu_typo_font_weight_mobile":"","ocean_menu_typo_transform":"","ocean_menu_typo_transform_tablet":"","ocean_menu_typo_transform_mobile":"","ocean_menu_typo_line_height":0,"ocean_menu_typo_line_height_tablet":0,"ocean_menu_typo_line_height_mobile":0,"ocean_menu_typo_line_height_unit":"","ocean_menu_typo_spacing":0,"ocean_menu_typo_spacing_tablet":0,"ocean_menu_typo_spacing_mobile":0,"ocean_menu_typo_spacing_unit":"","ocean_menu_link_color":"","ocean_menu_link_color_hover":"","ocean_menu_link_color_active":"","ocean_menu_link_background":"","ocean_menu_link_hover_background":"","ocean_menu_link_active_background":"","ocean_menu_social_links_bg":"","ocean_menu_social_hover_links_bg":"","ocean_menu_social_links_color":"","ocean_menu_social_hover_links_color":"","ocean_disable_title":"default","ocean_disable_heading":"default","ocean_post_title":"","ocean_post_subheading":"","ocean_post_title_style":"","ocean_post_title_background_color":"","ocean_post_title_background":0,"ocean_post_title_bg_image_position":"","ocean_post_title_bg_image_attachment":"","ocean_post_title_bg_image_repeat":"","ocean_post_title_bg_image_size":"","ocean_post_title_height":0,"ocean_post_title_bg_overlay":0.5,"ocean_post_title_bg_overlay_color":"","ocean_disable_breadcrumbs":"default","ocean_breadcrumbs_color":"","ocean_breadcrumbs_separator_color":"","ocean_breadcrumbs_links_color":"","ocean_breadcrumbs_links_hover_color":"","ocean_display_footer_widgets":"default","ocean_display_footer_bottom":"default","ocean_custom_footer_template":"0","footnotes":""},"class_list":["post-4240","page","type-page","status-publish","hentry","entry","owp-thumbs-layout-horizontal","owp-btn-normal","owp-tabs-layout-section","has-no-thumbnails"],"yoast_head":"<!-- This site is optimized with the Yoast SEO plugin v27.3 - https:\/\/yoast.com\/product\/yoast-seo-wordpress\/ -->\n<title>SUP hire and rentals at Lake Balaton - Stand Up Paddle<\/title>\n<meta name=\"description\" content=\"Want to hire SUP equipment on Lake Balaton in Hungary? SUP rental, you can choose between 15 different types of Stand Up Paddle boards\" \/>\n<meta name=\"robots\" content=\"index, follow, max-snippet:-1, max-image-preview:large, max-video-preview:-1\" \/>\n<link rel=\"canonical\" href=\"https:\/\/standuppaddle.hu\/en\/sup-hire-rentals-lake-balaton\/\" \/>\n<meta property=\"og:locale\" content=\"en_US\" \/>\n<meta property=\"og:type\" content=\"article\" \/>\n<meta property=\"og:title\" content=\"SUP hire and rentals at Lake Balaton - Stand Up Paddle\" \/>\n<meta property=\"og:description\" content=\"Want to hire SUP equipment on Lake Balaton in Hungary? SUP rental, you can choose between 15 different types of Stand Up Paddle boards\" \/>\n<meta property=\"og:url\" content=\"https:\/\/standuppaddle.hu\/en\/sup-hire-rentals-lake-balaton\/\" \/>\n<meta property=\"og:site_name\" content=\"Stand Up Paddle\" \/>\n<meta property=\"article:publisher\" content=\"https:\/\/www.facebook.com\/SUP.Center\/\" \/>\n<meta property=\"article:modified_time\" content=\"2025-05-22T08:49:25+00:00\" \/>\n<meta name=\"twitter:card\" content=\"summary_large_image\" \/>\n<meta name=\"twitter:label1\" content=\"Est. reading time\" \/>\n\t<meta name=\"twitter:data1\" content=\"4 minutes\" \/>\n<script type=\"application\/ld+json\" class=\"yoast-schema-graph\">{\"@context\":\"https:\\\/\\\/schema.org\",\"@graph\":[{\"@type\":\"WebPage\",\"@id\":\"https:\\\/\\\/standuppaddle.hu\\\/en\\\/sup-hire-rentals-lake-balaton\\\/\",\"url\":\"https:\\\/\\\/standuppaddle.hu\\\/en\\\/sup-hire-rentals-lake-balaton\\\/\",\"name\":\"SUP hire and rentals at Lake Balaton - Stand Up Paddle\",\"isPartOf\":{\"@id\":\"https:\\\/\\\/standuppaddle.hu\\\/en\\\/#website\"},\"datePublished\":\"2019-10-21T07:01:49+00:00\",\"dateModified\":\"2025-05-22T08:49:25+00:00\",\"description\":\"Want to hire SUP equipment on Lake Balaton in Hungary? SUP rental, you can choose between 15 different types of Stand Up Paddle boards\",\"breadcrumb\":{\"@id\":\"https:\\\/\\\/standuppaddle.hu\\\/en\\\/sup-hire-rentals-lake-balaton\\\/#breadcrumb\"},\"inLanguage\":\"en-US\",\"potentialAction\":[{\"@type\":\"ReadAction\",\"target\":[\"https:\\\/\\\/standuppaddle.hu\\\/en\\\/sup-hire-rentals-lake-balaton\\\/\"]}]},{\"@type\":\"BreadcrumbList\",\"@id\":\"https:\\\/\\\/standuppaddle.hu\\\/en\\\/sup-hire-rentals-lake-balaton\\\/#breadcrumb\",\"itemListElement\":[{\"@type\":\"ListItem\",\"position\":1,\"name\":\"Home\",\"item\":\"https:\\\/\\\/standuppaddle.hu\\\/en\\\/\"},{\"@type\":\"ListItem\",\"position\":2,\"name\":\"SUP hire and rentals at Lake Balaton\"}]},{\"@type\":\"WebSite\",\"@id\":\"https:\\\/\\\/standuppaddle.hu\\\/en\\\/#website\",\"url\":\"https:\\\/\\\/standuppaddle.hu\\\/en\\\/\",\"name\":\"Stand Up Paddle\",\"description\":\"\u00e1llva evez\u00e9s - \u00e1ll\u00f3 sz\u00f6rf - SUP Center Balaton\",\"publisher\":{\"@id\":\"https:\\\/\\\/standuppaddle.hu\\\/en\\\/#organization\"},\"potentialAction\":[{\"@type\":\"SearchAction\",\"target\":{\"@type\":\"EntryPoint\",\"urlTemplate\":\"https:\\\/\\\/standuppaddle.hu\\\/en\\\/?s={search_term_string}\"},\"query-input\":{\"@type\":\"PropertyValueSpecification\",\"valueRequired\":true,\"valueName\":\"search_term_string\"}}],\"inLanguage\":\"en-US\"},{\"@type\":\"Organization\",\"@id\":\"https:\\\/\\\/standuppaddle.hu\\\/en\\\/#organization\",\"name\":\"SUP Center Balaton\",\"url\":\"https:\\\/\\\/standuppaddle.hu\\\/en\\\/\",\"logo\":{\"@type\":\"ImageObject\",\"inLanguage\":\"en-US\",\"@id\":\"https:\\\/\\\/standuppaddle.hu\\\/en\\\/#\\\/schema\\\/logo\\\/image\\\/\",\"url\":\"https:\\\/\\\/standuppaddle.hu\\\/wp-content\\\/uploads\\\/2019\\\/10\\\/sup-center-balaton-logo.jpg\",\"contentUrl\":\"https:\\\/\\\/standuppaddle.hu\\\/wp-content\\\/uploads\\\/2019\\\/10\\\/sup-center-balaton-logo.jpg\",\"width\":2492,\"height\":1075,\"caption\":\"SUP Center Balaton\"},\"image\":{\"@id\":\"https:\\\/\\\/standuppaddle.hu\\\/en\\\/#\\\/schema\\\/logo\\\/image\\\/\"},\"sameAs\":[\"https:\\\/\\\/www.facebook.com\\\/SUP.Center\\\/\",\"https:\\\/\\\/www.instagram.com\\\/sup_center_balaton\\\/\",\"https:\\\/\\\/www.youtube.com\\\/channel\\\/UCaX3OG6gvkhCqeZSw1zgTmw\"]}]}<\/script>\n<!-- \/ Yoast SEO plugin. -->","yoast_head_json":{"title":"SUP hire and rentals at Lake Balaton - Stand Up Paddle","description":"Want to hire SUP equipment on Lake Balaton in Hungary? SUP rental, you can choose between 15 different types of Stand Up Paddle boards","robots":{"index":"index","follow":"follow","max-snippet":"max-snippet:-1","max-image-preview":"max-image-preview:large","max-video-preview":"max-video-preview:-1"},"canonical":"https:\/\/standuppaddle.hu\/en\/sup-hire-rentals-lake-balaton\/","og_locale":"en_US","og_type":"article","og_title":"SUP hire and rentals at Lake Balaton - Stand Up Paddle","og_description":"Want to hire SUP equipment on Lake Balaton in Hungary? SUP rental, you can choose between 15 different types of Stand Up Paddle boards","og_url":"https:\/\/standuppaddle.hu\/en\/sup-hire-rentals-lake-balaton\/","og_site_name":"Stand Up Paddle","article_publisher":"https:\/\/www.facebook.com\/SUP.Center\/","article_modified_time":"2025-05-22T08:49:25+00:00","twitter_card":"summary_large_image","twitter_misc":{"Est. reading time":"4 minutes"},"schema":{"@context":"https:\/\/schema.org","@graph":[{"@type":"WebPage","@id":"https:\/\/standuppaddle.hu\/en\/sup-hire-rentals-lake-balaton\/","url":"https:\/\/standuppaddle.hu\/en\/sup-hire-rentals-lake-balaton\/","name":"SUP hire and rentals at Lake Balaton - Stand Up Paddle","isPartOf":{"@id":"https:\/\/standuppaddle.hu\/en\/#website"},"datePublished":"2019-10-21T07:01:49+00:00","dateModified":"2025-05-22T08:49:25+00:00","description":"Want to hire SUP equipment on Lake Balaton in Hungary? SUP rental, you can choose between 15 different types of Stand Up Paddle boards","breadcrumb":{"@id":"https:\/\/standuppaddle.hu\/en\/sup-hire-rentals-lake-balaton\/#breadcrumb"},"inLanguage":"en-US","potentialAction":[{"@type":"ReadAction","target":["https:\/\/standuppaddle.hu\/en\/sup-hire-rentals-lake-balaton\/"]}]},{"@type":"BreadcrumbList","@id":"https:\/\/standuppaddle.hu\/en\/sup-hire-rentals-lake-balaton\/#breadcrumb","itemListElement":[{"@type":"ListItem","position":1,"name":"Home","item":"https:\/\/standuppaddle.hu\/en\/"},{"@type":"ListItem","position":2,"name":"SUP hire and rentals at Lake Balaton"}]},{"@type":"WebSite","@id":"https:\/\/standuppaddle.hu\/en\/#website","url":"https:\/\/standuppaddle.hu\/en\/","name":"Stand Up Paddle","description":"\u00e1llva evez\u00e9s - \u00e1ll\u00f3 sz\u00f6rf - SUP Center Balaton","publisher":{"@id":"https:\/\/standuppaddle.hu\/en\/#organization"},"potentialAction":[{"@type":"SearchAction","target":{"@type":"EntryPoint","urlTemplate":"https:\/\/standuppaddle.hu\/en\/?s={search_term_string}"},"query-input":{"@type":"PropertyValueSpecification","valueRequired":true,"valueName":"search_term_string"}}],"inLanguage":"en-US"},{"@type":"Organization","@id":"https:\/\/standuppaddle.hu\/en\/#organization","name":"SUP Center Balaton","url":"https:\/\/standuppaddle.hu\/en\/","logo":{"@type":"ImageObject","inLanguage":"en-US","@id":"https:\/\/standuppaddle.hu\/en\/#\/schema\/logo\/image\/","url":"https:\/\/standuppaddle.hu\/wp-content\/uploads\/2019\/10\/sup-center-balaton-logo.jpg","contentUrl":"https:\/\/standuppaddle.hu\/wp-content\/uploads\/2019\/10\/sup-center-balaton-logo.jpg","width":2492,"height":1075,"caption":"SUP Center Balaton"},"image":{"@id":"https:\/\/standuppaddle.hu\/en\/#\/schema\/logo\/image\/"},"sameAs":["https:\/\/www.facebook.com\/SUP.Center\/","https:\/\/www.instagram.com\/sup_center_balaton\/","https:\/\/www.youtube.com\/channel\/UCaX3OG6gvkhCqeZSw1zgTmw"]}]}},"_links":{"self":[{"href":"https:\/\/standuppaddle.hu\/en\/wp-json\/wp\/v2\/pages\/4240","targetHints":{"allow":["GET"]}}],"collection":[{"href":"https:\/\/standuppaddle.hu\/en\/wp-json\/wp\/v2\/pages"}],"about":[{"href":"https:\/\/standuppaddle.hu\/en\/wp-json\/wp\/v2\/types\/page"}],"author":[{"embeddable":true,"href":"https:\/\/standuppaddle.hu\/en\/wp-json\/wp\/v2\/users\/2"}],"replies":[{"embeddable":true,"href":"https:\/\/standuppaddle.hu\/en\/wp-json\/wp\/v2\/comments?post=4240"}],"version-history":[{"count":4,"href":"https:\/\/standuppaddle.hu\/en\/wp-json\/wp\/v2\/pages\/4240\/revisions"}],"predecessor-version":[{"id":13080,"href":"https:\/\/standuppaddle.hu\/en\/wp-json\/wp\/v2\/pages\/4240\/revisions\/13080"}],"wp:attachment":[{"href":"https:\/\/standuppaddle.hu\/en\/wp-json\/wp\/v2\/media?parent=4240"}],"curies":[{"name":"wp","href":"https:\/\/api.w.org\/{rel}","templated":true}]}}