{"id":8416,"date":"2026-02-25T16:42:40","date_gmt":"2026-02-25T15:42:40","guid":{"rendered":"https:\/\/standuppaddle.hu\/?post_type=product&#038;p=8416"},"modified":"2024-11-13T18:35:03","modified_gmt":"2024-11-13T17:35:03","slug":"red-prime-carbon-paddel-lilla","status":"publish","type":"product","link":"https:\/\/standuppaddle.hu\/de\/sup-webaruhaz-webshop\/red-prime-carbon-paddel-lilla\/","title":{"rendered":"RED Prime Carbon Paddel &#8211; Lilla"},"content":{"rendered":"<h3>RED Prime Lightweight Carbon Paddel &#8211; Lever Lock<\/h3>\n<div class=\"c-product__shop-section c-product__shop-section--separator\">\n<table class=\"c-product-details\">\n<tbody>\n<tr class=\"c-product-details__item\">\n<td class=\"c-product-details__icon-wrapper\"><img class=\"c-product-details__icon u-lazyload is-loaded\" alt=\"\" data-src=\"\" \/><\/td>\n<td class=\"c-product-details__title\">Material<\/td>\n<td class=\"c-product-details__value\">High Grade Carbon Faser<\/td>\n<\/tr>\n<tr class=\"c-product-details__item\">\n<td class=\"c-product-details__icon-wrapper\"><img class=\"c-product-details__icon u-lazyload is-loaded\" alt=\"\" data-src=\"\" \/><\/td>\n<td class=\"c-product-details__title\">Versteller<\/td>\n<td class=\"c-product-details__value\">Lever Lock<\/td>\n<\/tr>\n<tr class=\"c-product-details__item\">\n<td class=\"c-product-details__icon-wrapper\"><img class=\"c-product-details__icon u-lazyload is-loaded\" alt=\"\" data-src=\"\" \/><\/td>\n<td class=\"c-product-details__title\">Teile<\/td>\n<td class=\"c-product-details__value\">3 Teile<\/td>\n<\/tr>\n<tr class=\"c-product-details__item\">\n<td class=\"c-product-details__icon-wrapper\"><\/td>\n<td class=\"c-product-details__title\">L\u00e4nge<\/td>\n<td class=\"c-product-details__value\">180 \u2013 220 cm<\/td>\n<\/tr>\n<tr class=\"c-product-details__item\">\n<td class=\"c-product-details__icon-wrapper\"><\/td>\n<td class=\"c-product-details__title\">Blatt<\/td>\n<td class=\"c-product-details__value\">525 mm\u00b2<\/td>\n<\/tr>\n<tr class=\"c-product-details__item\">\n<td class=\"c-product-details__icon-wrapper\"><\/td>\n<td class=\"c-product-details__title\">Gewicht<\/td>\n<td class=\"c-product-details__value\">\n<div class=\"product__full-text\">735 g<\/div>\n<\/td>\n<\/tr>\n<tr class=\"c-product-details__item\">\n<td class=\"c-product-details__icon-wrapper\"><\/td>\n<td class=\"c-product-details__title\">Farbe<\/td>\n<td class=\"c-product-details__value\">\n<div class=\"product__full-text\">Lilla<\/div>\n<\/td>\n<\/tr>\n<\/tbody>\n<\/table>\n<\/div>\n<div class=\"c-product__shop-section\">\n<div class=\"c-excerpt c-excerpt--product js-excerpt-new is-open\">\n<div class=\"c-excerpt__crop\">\n<p>Dieses Performance SUP Paddel \u00fcberzeugt mit einer einzigartigen Steifigkeit. Das spezielle Carbongewebe macht es zudem federleicht. Das tropfenf\u00f6rmige Design des Blattes mit V-Form l\u00e4sst das Wasser gleichm\u00e4\u00dfig von jeder Seite abflie\u00dfen und erm\u00f6glicht so einen gleichm\u00e4\u00dfigen und stabilen Paddelschlag. Die doppelt konkave Form sorgt f\u00fcr maximale Kraft\u00fcbertragung und mehr Antrieb. Das stylische Design wird mit Lasertechnik kreiert und bleibt so auf Dauer wie neu.<\/p>\n<p><strong>Das Kordelsystem:<\/strong> Die integrierte Kordel sorgt f\u00fcr eine sichere Verbindung aller Paddelteile. So l\u00e4sst sich das dreiteilige Paddel noch einfacher zusammenstecken.<\/p>\n<p><strong>Presspasstechnologie:<\/strong> Mit dieser Fertigungstechnik werden alle Paddel nun klebstofffrei hergestellt &#8211; das macht alle Einzelteile austauschbar und wiederverwertbar.<\/p>\n<\/div>\n<\/div>\n<\/div>\n","protected":false},"excerpt":{"rendered":"<p>RED Prime Lightweight Carbon Paddel &#8211; Lever Lock Material High Grade Carbon Faser Versteller Lever Lock Teile 3 Teile L\u00e4nge 180 \u2013 220 cm Blatt 525 mm\u00b2 Gewicht 735 g Farbe Lilla Dieses Performance SUP Paddel \u00fcberzeugt mit einer einzigartigen Steifigkeit. Das spezielle Carbongewebe macht es zudem federleicht. Das tropfenf\u00f6rmige Design des Blattes mit V-Form [&hellip;]<\/p>\n","protected":false},"featured_media":9268,"template":"","meta":{"ocean_post_layout":"","ocean_both_sidebars_style":"","ocean_both_sidebars_content_width":0,"ocean_both_sidebars_sidebars_width":0,"ocean_sidebar":"0","ocean_second_sidebar":"0","ocean_disable_margins":"enable","ocean_add_body_class":"","ocean_shortcode_before_top_bar":"","ocean_shortcode_after_top_bar":"","ocean_shortcode_before_header":"","ocean_shortcode_after_header":"","ocean_has_shortcode":"","ocean_shortcode_after_title":"","ocean_shortcode_before_footer_widgets":"","ocean_shortcode_after_footer_widgets":"","ocean_shortcode_before_footer_bottom":"","ocean_shortcode_after_footer_bottom":"","ocean_display_top_bar":"default","ocean_display_header":"default","ocean_header_style":"","ocean_center_header_left_menu":"0","ocean_custom_header_template":"0","ocean_custom_logo":0,"ocean_custom_retina_logo":0,"ocean_custom_logo_max_width":0,"ocean_custom_logo_tablet_max_width":0,"ocean_custom_logo_mobile_max_width":0,"ocean_custom_logo_max_height":0,"ocean_custom_logo_tablet_max_height":0,"ocean_custom_logo_mobile_max_height":0,"ocean_header_custom_menu":"0","ocean_menu_typo_font_family":"0","ocean_menu_typo_font_subset":"","ocean_menu_typo_font_size":0,"ocean_menu_typo_font_size_tablet":0,"ocean_menu_typo_font_size_mobile":0,"ocean_menu_typo_font_size_unit":"px","ocean_menu_typo_font_weight":"","ocean_menu_typo_font_weight_tablet":"","ocean_menu_typo_font_weight_mobile":"","ocean_menu_typo_transform":"","ocean_menu_typo_transform_tablet":"","ocean_menu_typo_transform_mobile":"","ocean_menu_typo_line_height":0,"ocean_menu_typo_line_height_tablet":0,"ocean_menu_typo_line_height_mobile":0,"ocean_menu_typo_line_height_unit":"","ocean_menu_typo_spacing":0,"ocean_menu_typo_spacing_tablet":0,"ocean_menu_typo_spacing_mobile":0,"ocean_menu_typo_spacing_unit":"","ocean_menu_link_color":"","ocean_menu_link_color_hover":"","ocean_menu_link_color_active":"","ocean_menu_link_background":"","ocean_menu_link_hover_background":"","ocean_menu_link_active_background":"","ocean_menu_social_links_bg":"","ocean_menu_social_hover_links_bg":"","ocean_menu_social_links_color":"","ocean_menu_social_hover_links_color":"","ocean_disable_title":"default","ocean_disable_heading":"default","ocean_post_title":"","ocean_post_subheading":"","ocean_post_title_style":"","ocean_post_title_background_color":"","ocean_post_title_background":0,"ocean_post_title_bg_image_position":"","ocean_post_title_bg_image_attachment":"","ocean_post_title_bg_image_repeat":"","ocean_post_title_bg_image_size":"","ocean_post_title_height":0,"ocean_post_title_bg_overlay":0.5,"ocean_post_title_bg_overlay_color":"","ocean_disable_breadcrumbs":"default","ocean_breadcrumbs_color":"","ocean_breadcrumbs_separator_color":"","ocean_breadcrumbs_links_color":"","ocean_breadcrumbs_links_hover_color":"","ocean_display_footer_widgets":"default","ocean_display_footer_bottom":"default","ocean_custom_footer_template":"0","footnotes":""},"product_brand":[],"product_cat":[202,583],"product_tag":[230],"class_list":{"0":"post-8416","1":"product","2":"type-product","3":"status-publish","4":"has-post-thumbnail","6":"product_cat-sup-paddel","7":"product_cat-v2","8":"product_tag-red-paddle-co-de","9":"product_shipping_class-m-paket","11":"entry","12":"has-media","14":"first","15":"outofstock","16":"taxable","17":"shipping-taxable","18":"purchasable","19":"product-type-simple","20":"col","21":"span_1_of_3","22":"owp-content-center","23":"owp-thumbs-layout-horizontal","24":"owp-btn-normal","25":"owp-tabs-layout-section"},"yoast_head":"<!-- This site is optimized with the Yoast SEO plugin v27.3 - https:\/\/yoast.com\/product\/yoast-seo-wordpress\/ -->\n<title>RED Prime Carbon Paddel - Lilla - Stand Up Paddle<\/title>\n<meta name=\"description\" content=\"Dieses Performance SUP Paddel \u00fcberzeugt mit einer einzigartigen Steifigkeit. Das spezielle Carbongewebe macht es zudem federleicht.\" \/>\n<meta name=\"robots\" content=\"index, follow, max-snippet:-1, max-image-preview:large, max-video-preview:-1\" \/>\n<link rel=\"canonical\" href=\"https:\/\/standuppaddle.hu\/de\/sup-webaruhaz-webshop\/red-prime-carbon-paddel-lilla\/\" \/>\n<meta property=\"og:locale\" content=\"de_DE\" \/>\n<meta property=\"og:type\" content=\"article\" \/>\n<meta property=\"og:title\" content=\"RED Prime Carbon Paddel - Lilla - Stand Up Paddle\" \/>\n<meta property=\"og:description\" content=\"Dieses Performance SUP Paddel \u00fcberzeugt mit einer einzigartigen Steifigkeit. Das spezielle Carbongewebe macht es zudem federleicht.\" \/>\n<meta property=\"og:url\" content=\"https:\/\/standuppaddle.hu\/de\/sup-webaruhaz-webshop\/red-prime-carbon-paddel-lilla\/\" \/>\n<meta property=\"og:site_name\" content=\"Stand Up Paddle\" \/>\n<meta property=\"article:publisher\" content=\"https:\/\/www.facebook.com\/SUP.Center\/\" \/>\n<meta property=\"og:image\" content=\"https:\/\/standuppaddle.hu\/wp-content\/uploads\/2022\/02\/red_carbon_prime_purple.jpg\" \/>\n\t<meta property=\"og:image:width\" content=\"600\" \/>\n\t<meta property=\"og:image:height\" content=\"600\" \/>\n\t<meta property=\"og:image:type\" content=\"image\/jpeg\" \/>\n<meta name=\"twitter:card\" content=\"summary_large_image\" \/>\n<meta name=\"twitter:label1\" content=\"Gesch\u00e4tzte Lesezeit\" \/>\n\t<meta name=\"twitter:data1\" content=\"2\u00a0Minuten\" \/>\n<script type=\"application\/ld+json\" class=\"yoast-schema-graph\">{\"@context\":\"https:\\\/\\\/schema.org\",\"@graph\":[{\"@type\":\"WebPage\",\"@id\":\"https:\\\/\\\/standuppaddle.hu\\\/de\\\/sup-webaruhaz-webshop\\\/red-prime-carbon-paddel-lilla\\\/\",\"url\":\"https:\\\/\\\/standuppaddle.hu\\\/de\\\/sup-webaruhaz-webshop\\\/red-prime-carbon-paddel-lilla\\\/\",\"name\":\"RED Prime Carbon Paddel - Lilla - Stand Up Paddle\",\"isPartOf\":{\"@id\":\"https:\\\/\\\/standuppaddle.hu\\\/de\\\/#website\"},\"primaryImageOfPage\":{\"@id\":\"https:\\\/\\\/standuppaddle.hu\\\/de\\\/sup-webaruhaz-webshop\\\/red-prime-carbon-paddel-lilla\\\/#primaryimage\"},\"image\":{\"@id\":\"https:\\\/\\\/standuppaddle.hu\\\/de\\\/sup-webaruhaz-webshop\\\/red-prime-carbon-paddel-lilla\\\/#primaryimage\"},\"thumbnailUrl\":\"https:\\\/\\\/standuppaddle.hu\\\/wp-content\\\/uploads\\\/2022\\\/02\\\/red_carbon_prime_purple.jpg\",\"datePublished\":\"2026-02-25T15:42:40+00:00\",\"description\":\"Dieses Performance SUP Paddel \u00fcberzeugt mit einer einzigartigen Steifigkeit. Das spezielle Carbongewebe macht es zudem federleicht.\",\"breadcrumb\":{\"@id\":\"https:\\\/\\\/standuppaddle.hu\\\/de\\\/sup-webaruhaz-webshop\\\/red-prime-carbon-paddel-lilla\\\/#breadcrumb\"},\"inLanguage\":\"de\",\"potentialAction\":[{\"@type\":\"ReadAction\",\"target\":[\"https:\\\/\\\/standuppaddle.hu\\\/de\\\/sup-webaruhaz-webshop\\\/red-prime-carbon-paddel-lilla\\\/\"]}]},{\"@type\":\"ImageObject\",\"inLanguage\":\"de\",\"@id\":\"https:\\\/\\\/standuppaddle.hu\\\/de\\\/sup-webaruhaz-webshop\\\/red-prime-carbon-paddel-lilla\\\/#primaryimage\",\"url\":\"https:\\\/\\\/standuppaddle.hu\\\/wp-content\\\/uploads\\\/2022\\\/02\\\/red_carbon_prime_purple.jpg\",\"contentUrl\":\"https:\\\/\\\/standuppaddle.hu\\\/wp-content\\\/uploads\\\/2022\\\/02\\\/red_carbon_prime_purple.jpg\",\"width\":600,\"height\":600},{\"@type\":\"BreadcrumbList\",\"@id\":\"https:\\\/\\\/standuppaddle.hu\\\/de\\\/sup-webaruhaz-webshop\\\/red-prime-carbon-paddel-lilla\\\/#breadcrumb\",\"itemListElement\":[{\"@type\":\"ListItem\",\"position\":1,\"name\":\"Home\",\"item\":\"https:\\\/\\\/standuppaddle.hu\\\/de\\\/\"},{\"@type\":\"ListItem\",\"position\":2,\"name\":\"SUP Produkte auf Lager:\",\"item\":\"https:\\\/\\\/standuppaddle.hu\\\/de\\\/sup-web-shop\\\/\"},{\"@type\":\"ListItem\",\"position\":3,\"name\":\"RED Prime Carbon Paddel &#8211; Lilla\"}]},{\"@type\":\"WebSite\",\"@id\":\"https:\\\/\\\/standuppaddle.hu\\\/de\\\/#website\",\"url\":\"https:\\\/\\\/standuppaddle.hu\\\/de\\\/\",\"name\":\"Stand Up Paddle\",\"description\":\"\u00e1llva evez\u00e9s - \u00e1ll\u00f3 sz\u00f6rf - SUP Center Balaton\",\"publisher\":{\"@id\":\"https:\\\/\\\/standuppaddle.hu\\\/de\\\/#organization\"},\"potentialAction\":[{\"@type\":\"SearchAction\",\"target\":{\"@type\":\"EntryPoint\",\"urlTemplate\":\"https:\\\/\\\/standuppaddle.hu\\\/de\\\/?s={search_term_string}\"},\"query-input\":{\"@type\":\"PropertyValueSpecification\",\"valueRequired\":true,\"valueName\":\"search_term_string\"}}],\"inLanguage\":\"de\"},{\"@type\":\"Organization\",\"@id\":\"https:\\\/\\\/standuppaddle.hu\\\/de\\\/#organization\",\"name\":\"SUP Center Balaton\",\"url\":\"https:\\\/\\\/standuppaddle.hu\\\/de\\\/\",\"logo\":{\"@type\":\"ImageObject\",\"inLanguage\":\"de\",\"@id\":\"https:\\\/\\\/standuppaddle.hu\\\/de\\\/#\\\/schema\\\/logo\\\/image\\\/\",\"url\":\"https:\\\/\\\/standuppaddle.hu\\\/wp-content\\\/uploads\\\/2019\\\/10\\\/sup-center-balaton-logo.jpg\",\"contentUrl\":\"https:\\\/\\\/standuppaddle.hu\\\/wp-content\\\/uploads\\\/2019\\\/10\\\/sup-center-balaton-logo.jpg\",\"width\":2492,\"height\":1075,\"caption\":\"SUP Center Balaton\"},\"image\":{\"@id\":\"https:\\\/\\\/standuppaddle.hu\\\/de\\\/#\\\/schema\\\/logo\\\/image\\\/\"},\"sameAs\":[\"https:\\\/\\\/www.facebook.com\\\/SUP.Center\\\/\",\"https:\\\/\\\/www.instagram.com\\\/sup_center_balaton\\\/\",\"https:\\\/\\\/www.youtube.com\\\/channel\\\/UCaX3OG6gvkhCqeZSw1zgTmw\"]}]}<\/script>\n<!-- \/ Yoast SEO plugin. -->","yoast_head_json":{"title":"RED Prime Carbon Paddel - Lilla - Stand Up Paddle","description":"Dieses Performance SUP Paddel \u00fcberzeugt mit einer einzigartigen Steifigkeit. Das spezielle Carbongewebe macht es zudem federleicht.","robots":{"index":"index","follow":"follow","max-snippet":"max-snippet:-1","max-image-preview":"max-image-preview:large","max-video-preview":"max-video-preview:-1"},"canonical":"https:\/\/standuppaddle.hu\/de\/sup-webaruhaz-webshop\/red-prime-carbon-paddel-lilla\/","og_locale":"de_DE","og_type":"article","og_title":"RED Prime Carbon Paddel - Lilla - Stand Up Paddle","og_description":"Dieses Performance SUP Paddel \u00fcberzeugt mit einer einzigartigen Steifigkeit. Das spezielle Carbongewebe macht es zudem federleicht.","og_url":"https:\/\/standuppaddle.hu\/de\/sup-webaruhaz-webshop\/red-prime-carbon-paddel-lilla\/","og_site_name":"Stand Up Paddle","article_publisher":"https:\/\/www.facebook.com\/SUP.Center\/","og_image":[{"width":600,"height":600,"url":"https:\/\/standuppaddle.hu\/wp-content\/uploads\/2022\/02\/red_carbon_prime_purple.jpg","type":"image\/jpeg"}],"twitter_card":"summary_large_image","twitter_misc":{"Gesch\u00e4tzte Lesezeit":"2\u00a0Minuten"},"schema":{"@context":"https:\/\/schema.org","@graph":[{"@type":"WebPage","@id":"https:\/\/standuppaddle.hu\/de\/sup-webaruhaz-webshop\/red-prime-carbon-paddel-lilla\/","url":"https:\/\/standuppaddle.hu\/de\/sup-webaruhaz-webshop\/red-prime-carbon-paddel-lilla\/","name":"RED Prime Carbon Paddel - Lilla - Stand Up Paddle","isPartOf":{"@id":"https:\/\/standuppaddle.hu\/de\/#website"},"primaryImageOfPage":{"@id":"https:\/\/standuppaddle.hu\/de\/sup-webaruhaz-webshop\/red-prime-carbon-paddel-lilla\/#primaryimage"},"image":{"@id":"https:\/\/standuppaddle.hu\/de\/sup-webaruhaz-webshop\/red-prime-carbon-paddel-lilla\/#primaryimage"},"thumbnailUrl":"https:\/\/standuppaddle.hu\/wp-content\/uploads\/2022\/02\/red_carbon_prime_purple.jpg","datePublished":"2026-02-25T15:42:40+00:00","description":"Dieses Performance SUP Paddel \u00fcberzeugt mit einer einzigartigen Steifigkeit. Das spezielle Carbongewebe macht es zudem federleicht.","breadcrumb":{"@id":"https:\/\/standuppaddle.hu\/de\/sup-webaruhaz-webshop\/red-prime-carbon-paddel-lilla\/#breadcrumb"},"inLanguage":"de","potentialAction":[{"@type":"ReadAction","target":["https:\/\/standuppaddle.hu\/de\/sup-webaruhaz-webshop\/red-prime-carbon-paddel-lilla\/"]}]},{"@type":"ImageObject","inLanguage":"de","@id":"https:\/\/standuppaddle.hu\/de\/sup-webaruhaz-webshop\/red-prime-carbon-paddel-lilla\/#primaryimage","url":"https:\/\/standuppaddle.hu\/wp-content\/uploads\/2022\/02\/red_carbon_prime_purple.jpg","contentUrl":"https:\/\/standuppaddle.hu\/wp-content\/uploads\/2022\/02\/red_carbon_prime_purple.jpg","width":600,"height":600},{"@type":"BreadcrumbList","@id":"https:\/\/standuppaddle.hu\/de\/sup-webaruhaz-webshop\/red-prime-carbon-paddel-lilla\/#breadcrumb","itemListElement":[{"@type":"ListItem","position":1,"name":"Home","item":"https:\/\/standuppaddle.hu\/de\/"},{"@type":"ListItem","position":2,"name":"SUP Produkte auf Lager:","item":"https:\/\/standuppaddle.hu\/de\/sup-web-shop\/"},{"@type":"ListItem","position":3,"name":"RED Prime Carbon Paddel &#8211; Lilla"}]},{"@type":"WebSite","@id":"https:\/\/standuppaddle.hu\/de\/#website","url":"https:\/\/standuppaddle.hu\/de\/","name":"Stand Up Paddle","description":"\u00e1llva evez\u00e9s - \u00e1ll\u00f3 sz\u00f6rf - SUP Center Balaton","publisher":{"@id":"https:\/\/standuppaddle.hu\/de\/#organization"},"potentialAction":[{"@type":"SearchAction","target":{"@type":"EntryPoint","urlTemplate":"https:\/\/standuppaddle.hu\/de\/?s={search_term_string}"},"query-input":{"@type":"PropertyValueSpecification","valueRequired":true,"valueName":"search_term_string"}}],"inLanguage":"de"},{"@type":"Organization","@id":"https:\/\/standuppaddle.hu\/de\/#organization","name":"SUP Center Balaton","url":"https:\/\/standuppaddle.hu\/de\/","logo":{"@type":"ImageObject","inLanguage":"de","@id":"https:\/\/standuppaddle.hu\/de\/#\/schema\/logo\/image\/","url":"https:\/\/standuppaddle.hu\/wp-content\/uploads\/2019\/10\/sup-center-balaton-logo.jpg","contentUrl":"https:\/\/standuppaddle.hu\/wp-content\/uploads\/2019\/10\/sup-center-balaton-logo.jpg","width":2492,"height":1075,"caption":"SUP Center Balaton"},"image":{"@id":"https:\/\/standuppaddle.hu\/de\/#\/schema\/logo\/image\/"},"sameAs":["https:\/\/www.facebook.com\/SUP.Center\/","https:\/\/www.instagram.com\/sup_center_balaton\/","https:\/\/www.youtube.com\/channel\/UCaX3OG6gvkhCqeZSw1zgTmw"]}]}},"_links":{"self":[{"href":"https:\/\/standuppaddle.hu\/de\/wp-json\/wp\/v2\/product\/8416","targetHints":{"allow":["GET"]}}],"collection":[{"href":"https:\/\/standuppaddle.hu\/de\/wp-json\/wp\/v2\/product"}],"about":[{"href":"https:\/\/standuppaddle.hu\/de\/wp-json\/wp\/v2\/types\/product"}],"version-history":[{"count":3,"href":"https:\/\/standuppaddle.hu\/de\/wp-json\/wp\/v2\/product\/8416\/revisions"}],"predecessor-version":[{"id":12650,"href":"https:\/\/standuppaddle.hu\/de\/wp-json\/wp\/v2\/product\/8416\/revisions\/12650"}],"wp:featuredmedia":[{"embeddable":true,"href":"https:\/\/standuppaddle.hu\/de\/wp-json\/wp\/v2\/media\/9268"}],"wp:attachment":[{"href":"https:\/\/standuppaddle.hu\/de\/wp-json\/wp\/v2\/media?parent=8416"}],"wp:term":[{"taxonomy":"product_brand","embeddable":true,"href":"https:\/\/standuppaddle.hu\/de\/wp-json\/wp\/v2\/product_brand?post=8416"},{"taxonomy":"product_cat","embeddable":true,"href":"https:\/\/standuppaddle.hu\/de\/wp-json\/wp\/v2\/product_cat?post=8416"},{"taxonomy":"product_tag","embeddable":true,"href":"https:\/\/standuppaddle.hu\/de\/wp-json\/wp\/v2\/product_tag?post=8416"}],"curies":[{"name":"wp","href":"https:\/\/api.w.org\/{rel}","templated":true}]}}