{"id":7534,"date":"2026-03-20T17:25:32","date_gmt":"2026-03-20T16:25:32","guid":{"rendered":"https:\/\/standuppaddle.hu\/?post_type=product&#038;p=7534"},"modified":"2025-10-08T08:38:41","modified_gmt":"2025-10-08T06:38:41","slug":"2-red-12-compact-set","status":"publish","type":"product","link":"https:\/\/standuppaddle.hu\/de\/sup-webaruhaz-webshop\/2-red-12-compact-set\/","title":{"rendered":"RED 12&#8242; Compact Set"},"content":{"rendered":"<div class=\"elementor-element elementor-element-80d860f elementor-widget elementor-widget-heading\" data-id=\"80d860f\" data-element_type=\"widget\" data-widget_type=\"heading.default\">\n<h3 class=\"elementor-widget-container\">RED 12&#8242; COMPACT SET<\/h3>\n<\/div>\n<div>Das neue RED 12&#8217;0 Compact wurde f\u00fcr abenteuerlustige Paddler entwickelt. Dieses Board steckt voller praktischer Ausstattungen und Innovationen, die es nur bei Red Paddle Co gibt. Es ist das perfekte SUP-Paket f\u00fcr alle, die weiter hinaus wollen, nichts von Grenzen halten und auf ausgedehnte Abenteuertouren Lust haben.<br \/>\nDie mit 12&#8217;0 etwas l\u00e4ngere Ausf\u00fchrung macht das Board zum ultimativen Begleiter f\u00fcr SUP-Erkundungstouren in aller Welt. Das gr\u00f6\u00dfere Volumen macht es zum idealen Erkundungs- und Touring-Board f\u00fcr erfahrene Paddler.<\/div>\n<p>Das Quad-Stringer-System sorgt f\u00fcr maximale Steifigkeit und dank des zweiteiligen Deckpads kann das Board noch einfacher in ein superkompaktes Paket gefaltet und aufgerollt werden. Das macht es zum am einfachsten zu transportierenden SUP-Board der Welt. Dazu kommt eine widerstandsf\u00e4hige und dennoch \u00e4u\u00dferst geschmeidige Au\u00dfenschicht, sodass sich das Board ganz einfach in unserem Compact-Rucksack verstauen l\u00e4sst.<br \/>\nEs basiert auf unserem beliebten Red Paddle Co Voyager und bietet die perfekte Kombination aus Stabilit\u00e4t und Wendigkeit sowie die Features und Innovationen des Voyager. Die Zubeh\u00f6rhalterung und zus\u00e4tzliche Gep\u00e4ckschlaufen sorgen daf\u00fcr, dass das Board f\u00fcr jedes Abenteuer bereit ist.<\/p>\n<p><strong>PACT<sup>TM<\/sup>-TECHNOLOGIE:<\/strong> Diese v\u00f6llig neue, patentierte Technologie kommt exklusiv beim Compact 9\u20196\u201d zum Einsatz und umfasst eine Webtechnik, die eine fortschrittliche Gewebematrix im Kern des Boards kreiert. In Kombination mit der \u00e4u\u00dferst widerstandsf\u00e4higen und dennoch geschmeidigen Au\u00dfenschicht und dem einzigartigen Quad-Stringer-System entsteht so ein enorm verwindungssteifes Board, das sich kompakt einpacken l\u00e4sst.<\/p>\n<p><strong>RSS (Rocker Stifffening System):<\/strong>\u00a0Die RSS-Technologie wurde von Red Paddle Co. entwickelt und patentiert, um die Boards noch steifer zu machen und so eine bessere Leistung zu erzielen. Zwei Versteifungslatten werden in die seitlichen Taschen gesteckt \u2013 die SUP Bretter werden dadurch um bis zu 40% steifer.<\/p>\n<p><span lang=\"DE\"><strong>5-teiliges Paddel:<\/strong>\u00a0 <\/span><span lang=\"DE\">Ein smartes Performance-Paddel \u2026<\/span><span lang=\"DE\">\u00a0<\/span><span lang=\"DE\">F\u00fcr mehrere Jahre haben wir geforscht und getestet, um ein leichtes, robustes und unglaublich kompaktes Paddel zu entwickeln. Das Ergebnis ist unser voll verstellbares, f\u00fcnfteiliges Paddel, das erste seiner Art. Durch den Einsatz von High-Modulus-Carbon ist es enorm verwindungssteif und reaktionsstark. Die Lasergravur auf dem Nylon-Blatt macht Druckfarben \u00fcberfl\u00fcssig und bietet ein Design, das seine \u00c4sthetik auf Dauer erh\u00e4lt.\u00a0<\/span><\/p>\n<div>\n<p><span lang=\"DE\">Die neue verdrehungssichere Push-Pin-Technologie sorgt daf\u00fcr, dass das Paddel perfekt in den Rucksack passt und da individuelle Teile entfernt werden k\u00f6nnen, ist dies wahrhaft ein Paddel f\u00fcr die ganze Familie!<\/span><\/p>\n<p><span lang=\"DE\"><strong>Click Finnen:<\/strong> Klicken und loslegen \u2026<\/span><span lang=\"DE\">\u00a0<\/span><span lang=\"DE\">Unser brandneues Click-Finnen-System gibt es exklusiv nur mit dem neuen Compact Brettern. Die Finnen lassen sich rekordverd\u00e4chtig schnell mit einem einfachen Klick anbringen. F\u00fcr zus\u00e4tzliche Sicherheit oder f\u00fcr l\u00e4ngere Touren kann zudem eine Schraube eingesetzt werden. Die Fin-Boxen sind aber auch mit den Standard-FCS-Finnen kompatibel, sodass du die Performance deines Boards auf dem Wasser deinen individuellen W\u00fcnschen und den Bedingungen entsprechend anpassen kannst.<\/span><\/p>\n<p><b>Neu \u2013 Titan Pumpe II:\u00a0<\/b>Die neu optimierte, kleinere Titan Pumpe II halbiert die Zeit und den Aufwand beim Aufpumpen deines SUP Boards. Die Standbeine k\u00f6nnen weggeklappt werden und der Griff ist abnehmbar. So wird die SUP Pumpe schmaler und kann leicht mit dem Brett aufgerollt werden.<\/p>\n<\/div>\n<div><strong>NEU! Compact Voyager Rucksack:<\/strong> Dieser Rucksack ist exklusiv f\u00fcr das 12&#8217;0 Voyager Board erh\u00e4ltlich und baut auf unserem urspr\u00fcnglichen Compact-Rucksack (f\u00fcr das 11&#8217;0\u2018 und 9&#8217;6 Board) auf. Die verbesserte Lendenwirbelst\u00fctze bietet nun noch mehr Verstelloptionen und l\u00e4sst sich perfekt an jede K\u00f6rpergr\u00f6\u00dfe anpassen.<br \/>\nDer hochwertige Rucksack kann oben und vorne komplett ge\u00f6ffnet werden und erleichtert damit das Einpacken deines Boards. Keine Lust das Board komplett zusammenzufalten? Kein Problem, mit diesem Rucksack kannst du es auch nur aufgerollt transportieren. Mit den zus\u00e4tzlichen Kompressionsgurten l\u00e4sst sich das Board so platzsparend und fest wie m\u00f6glich im Rucksack verstauen. Die roten reflektierenden Streifen sorgen f\u00fcr mehr sichtbare Sicherheit und die speziell angebrachten Au\u00dfentaschen halten deine Wasserflasche griffbereit.<\/div>\n<div><\/div>\n<div><b>Gep\u00e4cksystem mit flachen Spanngurten:<\/b>\u00a0Ebenfalls von RED Paddle Co. entwickelt. Die breiten elastischen Gurte bieten einen besseren Halt (\u00e4hnlich wie Spanngurte bei Dachtr\u00e4gern). Speziell kleinere Gegenst\u00e4nde, wie zum Beispiel Wasserflaschen, werden so stabil am SUP fixiert.<\/div>\n<div><\/div>\n<div><strong>Folgendes ist im RED 12&#8217;0 Compact Set enthalten:<\/strong><\/div>\n<ul>\n<li>Brett<\/li>\n<li>5-teiliges Carbon Paddel<\/li>\n<li>2x RSS Latten<\/li>\n<li>Titan Pumpe II<\/li>\n<li>Leash<\/li>\n<li>Rucksack<\/li>\n<li>2 Click Finnen<\/li>\n<li>Service Set<\/li>\n<li>Wasserfeste Telefonh\u00fclle<\/li>\n<\/ul>\n<div class=\"elementor-element elementor-element-28e00277 elementor-widget elementor-widget-text-editor\" data-id=\"28e00277\" data-element_type=\"widget\" data-widget_type=\"text-editor.default\">\n<div class=\"elementor-widget-container\">\n<div class=\"elementor-text-editor elementor-clearfix\">\n<table class=\"woocommerce-product-attributes shop_attributes\">\n<tbody>\n<tr class=\"woocommerce-product-attributes-item woocommerce-product-attributes-item--0\">\n<th class=\"woocommerce-product-attributes-item__label\">BRETT VOLUMEN<\/th>\n<td class=\"woocommerce-product-attributes-item__value\">302 liter<\/td>\n<\/tr>\n<tr class=\"woocommerce-product-attributes-item woocommerce-product-attributes-item--1\">\n<th class=\"woocommerce-product-attributes-item__label\">MAX. PADDLER GEWICHT<\/th>\n<td class=\"woocommerce-product-attributes-item__value\">110 kg<\/td>\n<\/tr>\n<tr class=\"woocommerce-product-attributes-item woocommerce-product-attributes-item--2\">\n<th class=\"woocommerce-product-attributes-item__label\">MAX. BELASTUNG<\/th>\n<td class=\"woocommerce-product-attributes-item__value\">169 kg<\/td>\n<\/tr>\n<tr class=\"woocommerce-product-attributes-item woocommerce-product-attributes-item--3\">\n<th class=\"woocommerce-product-attributes-item__label\">L\u00c4NGE<\/th>\n<td class=\"woocommerce-product-attributes-item__value\">12&#8217;0&#8243; \/ 366 cm<\/td>\n<\/tr>\n<tr class=\"woocommerce-product-attributes-item woocommerce-product-attributes-item--4\">\n<th class=\"woocommerce-product-attributes-item__label\">BREITE<\/th>\n<td class=\"woocommerce-product-attributes-item__value\">32\u2033 \/ 81cm<\/td>\n<\/tr>\n<tr class=\"woocommerce-product-attributes-item woocommerce-product-attributes-item--5\">\n<th class=\"woocommerce-product-attributes-item__label\">BRETT GEWICHT<\/th>\n<td class=\"woocommerce-product-attributes-item__value\">10.15 kg<\/td>\n<\/tr>\n<tr class=\"woocommerce-product-attributes-item woocommerce-product-attributes-item--6\">\n<th class=\"woocommerce-product-attributes-item__label\">KOMPL. PACKET GEWICHT<\/th>\n<td class=\"woocommerce-product-attributes-item__value\">14.8kg<\/td>\n<\/tr>\n<tr class=\"woocommerce-product-attributes-item woocommerce-product-attributes-item--7\">\n<th class=\"woocommerce-product-attributes-item__label\">PERSONEN<\/th>\n<td class=\"woocommerce-product-attributes-item__value\">1-2<\/td>\n<\/tr>\n<tr class=\"woocommerce-product-attributes-item woocommerce-product-attributes-item--8\">\n<th class=\"woocommerce-product-attributes-item__label\">RUCKSACK<\/th>\n<td class=\"woocommerce-product-attributes-item__value\">60cm (h) x 42cm (sz) x 36cm (m)<\/td>\n<\/tr>\n<tr class=\"woocommerce-product-attributes-item woocommerce-product-attributes-item--9\">\n<th class=\"woocommerce-product-attributes-item__label\">RUCKSACK VOLUMEN<\/th>\n<td class=\"woocommerce-product-attributes-item__value\">90 liter<\/td>\n<\/tr>\n<tr class=\"woocommerce-product-attributes-item woocommerce-product-attributes-item--10\">\n<th class=\"woocommerce-product-attributes-item__label\">FINNEN<\/th>\n<td class=\"woocommerce-product-attributes-item__value\">2x &#8222;Twin Click&#8220; Finnen<\/td>\n<\/tr>\n<\/tbody>\n<\/table>\n<\/div>\n<\/div>\n<\/div>\n","protected":false},"excerpt":{"rendered":"<p><img loading=\"lazy\" decoding=\"async\" class=\"size-full wp-image-7769 alignleft\" src=\"http:\/\/standuppaddle.hu\/wp-content\/uploads\/2021\/10\/5-yr-warranty.png\" alt=\"\" width=\"150\" height=\"150\" srcset=\"https:\/\/standuppaddle.hu\/wp-content\/uploads\/2021\/10\/5-yr-warranty.png 150w, https:\/\/standuppaddle.hu\/wp-content\/uploads\/2021\/10\/5-yr-warranty-100x100.png 100w\" sizes=\"auto, (max-width: 150px) 100vw, 150px\" \/><img loading=\"lazy\" decoding=\"async\" class=\"alignnone size-full wp-image-8294\" src=\"https:\/\/standuppaddle.hu\/wp-content\/uploads\/2021\/12\/free-sup-delivery.jpg\" alt=\"\" width=\"159\" height=\"150\" \/><\/p>\n<div class=\"woocommerce-product-details__short-description\">\n<p>5 Jahre Garantie<\/p>\n<\/div>\n<div id=\"gtx-trans\" style=\"position: absolute; left: 113px; top: 23.95px;\">\n<div class=\"gtx-trans-icon\"><\/div>\n<\/div>\n","protected":false},"featured_media":12311,"template":"","meta":{"ocean_post_layout":"","ocean_both_sidebars_style":"","ocean_both_sidebars_content_width":0,"ocean_both_sidebars_sidebars_width":0,"ocean_sidebar":"0","ocean_second_sidebar":"0","ocean_disable_margins":"enable","ocean_add_body_class":"","ocean_shortcode_before_top_bar":"","ocean_shortcode_after_top_bar":"","ocean_shortcode_before_header":"","ocean_shortcode_after_header":"","ocean_has_shortcode":"","ocean_shortcode_after_title":"","ocean_shortcode_before_footer_widgets":"","ocean_shortcode_after_footer_widgets":"","ocean_shortcode_before_footer_bottom":"","ocean_shortcode_after_footer_bottom":"","ocean_display_top_bar":"default","ocean_display_header":"default","ocean_header_style":"","ocean_center_header_left_menu":"0","ocean_custom_header_template":"0","ocean_custom_logo":0,"ocean_custom_retina_logo":0,"ocean_custom_logo_max_width":0,"ocean_custom_logo_tablet_max_width":0,"ocean_custom_logo_mobile_max_width":0,"ocean_custom_logo_max_height":0,"ocean_custom_logo_tablet_max_height":0,"ocean_custom_logo_mobile_max_height":0,"ocean_header_custom_menu":"0","ocean_menu_typo_font_family":"0","ocean_menu_typo_font_subset":"","ocean_menu_typo_font_size":0,"ocean_menu_typo_font_size_tablet":0,"ocean_menu_typo_font_size_mobile":0,"ocean_menu_typo_font_size_unit":"px","ocean_menu_typo_font_weight":"","ocean_menu_typo_font_weight_tablet":"","ocean_menu_typo_font_weight_mobile":"","ocean_menu_typo_transform":"","ocean_menu_typo_transform_tablet":"","ocean_menu_typo_transform_mobile":"","ocean_menu_typo_line_height":0,"ocean_menu_typo_line_height_tablet":0,"ocean_menu_typo_line_height_mobile":0,"ocean_menu_typo_line_height_unit":"","ocean_menu_typo_spacing":0,"ocean_menu_typo_spacing_tablet":0,"ocean_menu_typo_spacing_mobile":0,"ocean_menu_typo_spacing_unit":"","ocean_menu_link_color":"","ocean_menu_link_color_hover":"","ocean_menu_link_color_active":"","ocean_menu_link_background":"","ocean_menu_link_hover_background":"","ocean_menu_link_active_background":"","ocean_menu_social_links_bg":"","ocean_menu_social_hover_links_bg":"","ocean_menu_social_links_color":"","ocean_menu_social_hover_links_color":"","ocean_disable_title":"default","ocean_disable_heading":"default","ocean_post_title":"","ocean_post_subheading":"","ocean_post_title_style":"","ocean_post_title_background_color":"","ocean_post_title_background":0,"ocean_post_title_bg_image_position":"","ocean_post_title_bg_image_attachment":"","ocean_post_title_bg_image_repeat":"","ocean_post_title_bg_image_size":"","ocean_post_title_height":0,"ocean_post_title_bg_overlay":0.5,"ocean_post_title_bg_overlay_color":"","ocean_disable_breadcrumbs":"default","ocean_breadcrumbs_color":"","ocean_breadcrumbs_separator_color":"","ocean_breadcrumbs_links_color":"","ocean_breadcrumbs_links_hover_color":"","ocean_display_footer_widgets":"default","ocean_display_footer_bottom":"default","ocean_custom_footer_template":"0","footnotes":""},"product_brand":[],"product_cat":[586,222,198,214,583],"product_tag":[230],"class_list":{"0":"post-7534","1":"product","2":"type-product","3":"status-publish","4":"has-post-thumbnail","6":"product_cat-compact-sup-pakete","7":"product_cat-isups-aufblasbar","8":"product_cat-sup-abverkauf-angebote","9":"product_cat-touring-sup-bretter","10":"product_cat-v2","11":"product_tag-red-paddle-co-de","12":"product_shipping_class-xl-paket","14":"entry","15":"has-media","17":"first","18":"instock","19":"sale","20":"taxable","21":"shipping-taxable","22":"purchasable","23":"product-type-simple","24":"col","25":"span_1_of_3","26":"owp-content-center","27":"owp-thumbs-layout-horizontal","28":"owp-btn-normal","29":"owp-tabs-layout-section"},"yoast_head":"<!-- This site is optimized with the Yoast SEO plugin v27.3 - https:\/\/yoast.com\/product\/yoast-seo-wordpress\/ -->\n<title>RED 12&#039; Compact Set - Stand Up Paddle<\/title>\n<meta name=\"description\" content=\"Das neue RED 12&#039;0 Compact wurde f\u00fcr abenteuerlustige Paddler entwickelt. Dieses SUP steckt voller praktischer Ausstattungen und Innovationen\" \/>\n<meta name=\"robots\" content=\"index, follow, max-snippet:-1, max-image-preview:large, max-video-preview:-1\" \/>\n<link rel=\"canonical\" href=\"https:\/\/standuppaddle.hu\/de\/sup-webaruhaz-webshop\/2-red-12-compact-set\/\" \/>\n<meta property=\"og:locale\" content=\"de_DE\" \/>\n<meta property=\"og:type\" content=\"article\" \/>\n<meta property=\"og:title\" content=\"RED 12&#039; Compact Set - Stand Up Paddle\" \/>\n<meta property=\"og:description\" content=\"Das neue RED 12&#039;0 Compact wurde f\u00fcr abenteuerlustige Paddler entwickelt. Dieses SUP steckt voller praktischer Ausstattungen und Innovationen\" \/>\n<meta property=\"og:url\" content=\"https:\/\/standuppaddle.hu\/de\/sup-webaruhaz-webshop\/2-red-12-compact-set\/\" \/>\n<meta property=\"og:site_name\" content=\"Stand Up Paddle\" \/>\n<meta property=\"article:publisher\" content=\"https:\/\/www.facebook.com\/SUP.Center\/\" \/>\n<meta property=\"og:image\" content=\"https:\/\/standuppaddle.hu\/wp-content\/uploads\/2021\/10\/Compact_12.0_sup_csomag.jpg\" \/>\n\t<meta property=\"og:image:width\" content=\"1000\" \/>\n\t<meta property=\"og:image:height\" content=\"1000\" \/>\n\t<meta property=\"og:image:type\" content=\"image\/jpeg\" \/>\n<meta name=\"twitter:card\" content=\"summary_large_image\" \/>\n<meta name=\"twitter:label1\" content=\"Gesch\u00e4tzte Lesezeit\" \/>\n\t<meta name=\"twitter:data1\" content=\"4\u00a0Minuten\" \/>\n<script type=\"application\/ld+json\" class=\"yoast-schema-graph\">{\"@context\":\"https:\\\/\\\/schema.org\",\"@graph\":[{\"@type\":\"WebPage\",\"@id\":\"https:\\\/\\\/standuppaddle.hu\\\/de\\\/sup-webaruhaz-webshop\\\/2-red-12-compact-set\\\/\",\"url\":\"https:\\\/\\\/standuppaddle.hu\\\/de\\\/sup-webaruhaz-webshop\\\/2-red-12-compact-set\\\/\",\"name\":\"RED 12' Compact Set - Stand Up Paddle\",\"isPartOf\":{\"@id\":\"https:\\\/\\\/standuppaddle.hu\\\/de\\\/#website\"},\"primaryImageOfPage\":{\"@id\":\"https:\\\/\\\/standuppaddle.hu\\\/de\\\/sup-webaruhaz-webshop\\\/2-red-12-compact-set\\\/#primaryimage\"},\"image\":{\"@id\":\"https:\\\/\\\/standuppaddle.hu\\\/de\\\/sup-webaruhaz-webshop\\\/2-red-12-compact-set\\\/#primaryimage\"},\"thumbnailUrl\":\"https:\\\/\\\/standuppaddle.hu\\\/wp-content\\\/uploads\\\/2021\\\/10\\\/Compact_12.0_sup_csomag.jpg\",\"datePublished\":\"2026-03-20T16:25:32+00:00\",\"description\":\"Das neue RED 12'0 Compact wurde f\u00fcr abenteuerlustige Paddler entwickelt. Dieses SUP steckt voller praktischer Ausstattungen und Innovationen\",\"breadcrumb\":{\"@id\":\"https:\\\/\\\/standuppaddle.hu\\\/de\\\/sup-webaruhaz-webshop\\\/2-red-12-compact-set\\\/#breadcrumb\"},\"inLanguage\":\"de\",\"potentialAction\":[{\"@type\":\"ReadAction\",\"target\":[\"https:\\\/\\\/standuppaddle.hu\\\/de\\\/sup-webaruhaz-webshop\\\/2-red-12-compact-set\\\/\"]}]},{\"@type\":\"ImageObject\",\"inLanguage\":\"de\",\"@id\":\"https:\\\/\\\/standuppaddle.hu\\\/de\\\/sup-webaruhaz-webshop\\\/2-red-12-compact-set\\\/#primaryimage\",\"url\":\"https:\\\/\\\/standuppaddle.hu\\\/wp-content\\\/uploads\\\/2021\\\/10\\\/Compact_12.0_sup_csomag.jpg\",\"contentUrl\":\"https:\\\/\\\/standuppaddle.hu\\\/wp-content\\\/uploads\\\/2021\\\/10\\\/Compact_12.0_sup_csomag.jpg\",\"width\":1000,\"height\":1000},{\"@type\":\"BreadcrumbList\",\"@id\":\"https:\\\/\\\/standuppaddle.hu\\\/de\\\/sup-webaruhaz-webshop\\\/2-red-12-compact-set\\\/#breadcrumb\",\"itemListElement\":[{\"@type\":\"ListItem\",\"position\":1,\"name\":\"Home\",\"item\":\"https:\\\/\\\/standuppaddle.hu\\\/de\\\/\"},{\"@type\":\"ListItem\",\"position\":2,\"name\":\"SUP Produkte auf Lager:\",\"item\":\"https:\\\/\\\/standuppaddle.hu\\\/de\\\/sup-web-shop\\\/\"},{\"@type\":\"ListItem\",\"position\":3,\"name\":\"RED 12&#8242; Compact Set\"}]},{\"@type\":\"WebSite\",\"@id\":\"https:\\\/\\\/standuppaddle.hu\\\/de\\\/#website\",\"url\":\"https:\\\/\\\/standuppaddle.hu\\\/de\\\/\",\"name\":\"Stand Up Paddle\",\"description\":\"\u00e1llva evez\u00e9s - \u00e1ll\u00f3 sz\u00f6rf - SUP Center Balaton\",\"publisher\":{\"@id\":\"https:\\\/\\\/standuppaddle.hu\\\/de\\\/#organization\"},\"potentialAction\":[{\"@type\":\"SearchAction\",\"target\":{\"@type\":\"EntryPoint\",\"urlTemplate\":\"https:\\\/\\\/standuppaddle.hu\\\/de\\\/?s={search_term_string}\"},\"query-input\":{\"@type\":\"PropertyValueSpecification\",\"valueRequired\":true,\"valueName\":\"search_term_string\"}}],\"inLanguage\":\"de\"},{\"@type\":\"Organization\",\"@id\":\"https:\\\/\\\/standuppaddle.hu\\\/de\\\/#organization\",\"name\":\"SUP Center Balaton\",\"url\":\"https:\\\/\\\/standuppaddle.hu\\\/de\\\/\",\"logo\":{\"@type\":\"ImageObject\",\"inLanguage\":\"de\",\"@id\":\"https:\\\/\\\/standuppaddle.hu\\\/de\\\/#\\\/schema\\\/logo\\\/image\\\/\",\"url\":\"https:\\\/\\\/standuppaddle.hu\\\/wp-content\\\/uploads\\\/2019\\\/10\\\/sup-center-balaton-logo.jpg\",\"contentUrl\":\"https:\\\/\\\/standuppaddle.hu\\\/wp-content\\\/uploads\\\/2019\\\/10\\\/sup-center-balaton-logo.jpg\",\"width\":2492,\"height\":1075,\"caption\":\"SUP Center Balaton\"},\"image\":{\"@id\":\"https:\\\/\\\/standuppaddle.hu\\\/de\\\/#\\\/schema\\\/logo\\\/image\\\/\"},\"sameAs\":[\"https:\\\/\\\/www.facebook.com\\\/SUP.Center\\\/\",\"https:\\\/\\\/www.instagram.com\\\/sup_center_balaton\\\/\",\"https:\\\/\\\/www.youtube.com\\\/channel\\\/UCaX3OG6gvkhCqeZSw1zgTmw\"]}]}<\/script>\n<!-- \/ Yoast SEO plugin. -->","yoast_head_json":{"title":"RED 12' Compact Set - Stand Up Paddle","description":"Das neue RED 12'0 Compact wurde f\u00fcr abenteuerlustige Paddler entwickelt. Dieses SUP steckt voller praktischer Ausstattungen und Innovationen","robots":{"index":"index","follow":"follow","max-snippet":"max-snippet:-1","max-image-preview":"max-image-preview:large","max-video-preview":"max-video-preview:-1"},"canonical":"https:\/\/standuppaddle.hu\/de\/sup-webaruhaz-webshop\/2-red-12-compact-set\/","og_locale":"de_DE","og_type":"article","og_title":"RED 12' Compact Set - Stand Up Paddle","og_description":"Das neue RED 12'0 Compact wurde f\u00fcr abenteuerlustige Paddler entwickelt. Dieses SUP steckt voller praktischer Ausstattungen und Innovationen","og_url":"https:\/\/standuppaddle.hu\/de\/sup-webaruhaz-webshop\/2-red-12-compact-set\/","og_site_name":"Stand Up Paddle","article_publisher":"https:\/\/www.facebook.com\/SUP.Center\/","og_image":[{"width":1000,"height":1000,"url":"https:\/\/standuppaddle.hu\/wp-content\/uploads\/2021\/10\/Compact_12.0_sup_csomag.jpg","type":"image\/jpeg"}],"twitter_card":"summary_large_image","twitter_misc":{"Gesch\u00e4tzte Lesezeit":"4\u00a0Minuten"},"schema":{"@context":"https:\/\/schema.org","@graph":[{"@type":"WebPage","@id":"https:\/\/standuppaddle.hu\/de\/sup-webaruhaz-webshop\/2-red-12-compact-set\/","url":"https:\/\/standuppaddle.hu\/de\/sup-webaruhaz-webshop\/2-red-12-compact-set\/","name":"RED 12' Compact Set - Stand Up Paddle","isPartOf":{"@id":"https:\/\/standuppaddle.hu\/de\/#website"},"primaryImageOfPage":{"@id":"https:\/\/standuppaddle.hu\/de\/sup-webaruhaz-webshop\/2-red-12-compact-set\/#primaryimage"},"image":{"@id":"https:\/\/standuppaddle.hu\/de\/sup-webaruhaz-webshop\/2-red-12-compact-set\/#primaryimage"},"thumbnailUrl":"https:\/\/standuppaddle.hu\/wp-content\/uploads\/2021\/10\/Compact_12.0_sup_csomag.jpg","datePublished":"2026-03-20T16:25:32+00:00","description":"Das neue RED 12'0 Compact wurde f\u00fcr abenteuerlustige Paddler entwickelt. Dieses SUP steckt voller praktischer Ausstattungen und Innovationen","breadcrumb":{"@id":"https:\/\/standuppaddle.hu\/de\/sup-webaruhaz-webshop\/2-red-12-compact-set\/#breadcrumb"},"inLanguage":"de","potentialAction":[{"@type":"ReadAction","target":["https:\/\/standuppaddle.hu\/de\/sup-webaruhaz-webshop\/2-red-12-compact-set\/"]}]},{"@type":"ImageObject","inLanguage":"de","@id":"https:\/\/standuppaddle.hu\/de\/sup-webaruhaz-webshop\/2-red-12-compact-set\/#primaryimage","url":"https:\/\/standuppaddle.hu\/wp-content\/uploads\/2021\/10\/Compact_12.0_sup_csomag.jpg","contentUrl":"https:\/\/standuppaddle.hu\/wp-content\/uploads\/2021\/10\/Compact_12.0_sup_csomag.jpg","width":1000,"height":1000},{"@type":"BreadcrumbList","@id":"https:\/\/standuppaddle.hu\/de\/sup-webaruhaz-webshop\/2-red-12-compact-set\/#breadcrumb","itemListElement":[{"@type":"ListItem","position":1,"name":"Home","item":"https:\/\/standuppaddle.hu\/de\/"},{"@type":"ListItem","position":2,"name":"SUP Produkte auf Lager:","item":"https:\/\/standuppaddle.hu\/de\/sup-web-shop\/"},{"@type":"ListItem","position":3,"name":"RED 12&#8242; Compact Set"}]},{"@type":"WebSite","@id":"https:\/\/standuppaddle.hu\/de\/#website","url":"https:\/\/standuppaddle.hu\/de\/","name":"Stand Up Paddle","description":"\u00e1llva evez\u00e9s - \u00e1ll\u00f3 sz\u00f6rf - SUP Center Balaton","publisher":{"@id":"https:\/\/standuppaddle.hu\/de\/#organization"},"potentialAction":[{"@type":"SearchAction","target":{"@type":"EntryPoint","urlTemplate":"https:\/\/standuppaddle.hu\/de\/?s={search_term_string}"},"query-input":{"@type":"PropertyValueSpecification","valueRequired":true,"valueName":"search_term_string"}}],"inLanguage":"de"},{"@type":"Organization","@id":"https:\/\/standuppaddle.hu\/de\/#organization","name":"SUP Center Balaton","url":"https:\/\/standuppaddle.hu\/de\/","logo":{"@type":"ImageObject","inLanguage":"de","@id":"https:\/\/standuppaddle.hu\/de\/#\/schema\/logo\/image\/","url":"https:\/\/standuppaddle.hu\/wp-content\/uploads\/2019\/10\/sup-center-balaton-logo.jpg","contentUrl":"https:\/\/standuppaddle.hu\/wp-content\/uploads\/2019\/10\/sup-center-balaton-logo.jpg","width":2492,"height":1075,"caption":"SUP Center Balaton"},"image":{"@id":"https:\/\/standuppaddle.hu\/de\/#\/schema\/logo\/image\/"},"sameAs":["https:\/\/www.facebook.com\/SUP.Center\/","https:\/\/www.instagram.com\/sup_center_balaton\/","https:\/\/www.youtube.com\/channel\/UCaX3OG6gvkhCqeZSw1zgTmw"]}]}},"_links":{"self":[{"href":"https:\/\/standuppaddle.hu\/de\/wp-json\/wp\/v2\/product\/7534","targetHints":{"allow":["GET"]}}],"collection":[{"href":"https:\/\/standuppaddle.hu\/de\/wp-json\/wp\/v2\/product"}],"about":[{"href":"https:\/\/standuppaddle.hu\/de\/wp-json\/wp\/v2\/types\/product"}],"version-history":[{"count":4,"href":"https:\/\/standuppaddle.hu\/de\/wp-json\/wp\/v2\/product\/7534\/revisions"}],"predecessor-version":[{"id":13278,"href":"https:\/\/standuppaddle.hu\/de\/wp-json\/wp\/v2\/product\/7534\/revisions\/13278"}],"wp:featuredmedia":[{"embeddable":true,"href":"https:\/\/standuppaddle.hu\/de\/wp-json\/wp\/v2\/media\/12311"}],"wp:attachment":[{"href":"https:\/\/standuppaddle.hu\/de\/wp-json\/wp\/v2\/media?parent=7534"}],"wp:term":[{"taxonomy":"product_brand","embeddable":true,"href":"https:\/\/standuppaddle.hu\/de\/wp-json\/wp\/v2\/product_brand?post=7534"},{"taxonomy":"product_cat","embeddable":true,"href":"https:\/\/standuppaddle.hu\/de\/wp-json\/wp\/v2\/product_cat?post=7534"},{"taxonomy":"product_tag","embeddable":true,"href":"https:\/\/standuppaddle.hu\/de\/wp-json\/wp\/v2\/product_tag?post=7534"}],"curies":[{"name":"wp","href":"https:\/\/api.w.org\/{rel}","templated":true}]}}