{"id":6833,"date":"2026-01-04T12:22:49","date_gmt":"2026-01-04T11:22:49","guid":{"rendered":"https:\/\/standuppaddle.hu\/sup-webaruhaz-webshop\/red-original-poncho-atoltozo-ruha\/"},"modified":"2024-05-28T20:08:46","modified_gmt":"2024-05-28T18:08:46","slug":"red-original-poncho","status":"publish","type":"product","link":"https:\/\/standuppaddle.hu\/de\/sup-webaruhaz-webshop\/red-original-poncho\/","title":{"rendered":"RED Original Poncho"},"content":{"rendered":"<p>Viele Strandg\u00e4nger werden die Unbeholfenheit erlebt haben, sich auf dem Parkplatz oder am Strand der nassen Badebekleidung oder Neoprenanz\u00fcgen zu entledigen. Bei einem traditionellen Handtuch kann dies zu ein oder zwei peinlichen Momenten f\u00fchren. Deshalb haben wir dieses fantastische Frottierkleid entwickelt, um das Leben zu erleichtern.<\/p>\n<p>Dies erspart Ihnen nicht nur jede Verlegenheit, sondern der superweiche, warme Baumwollstoff macht Sie blitzschnell trocken und h\u00e4lt Sie dabei warm. <a href=\"https:\/\/redoriginal.com\/\" target=\"_blank\" rel=\"noopener\">Red Original<\/a>.<\/p>\n<p>Erh\u00e4ltlich in 2 verschiedenen Gr\u00f6\u00dfen, damit Sie Ihre perfekte Passform finden:<\/p>\n<p>\u2022 M: Empfohlen f\u00fcr 155 cm &#8211; 180 cm<br \/>\n\u2022 L: Empfohlen f\u00fcr 180 cm bis 196 cm<\/p>\n<p><iframe loading=\"lazy\" src=\"https:\/\/www.youtube.com\/embed\/kZSJ05Xkkuk\" width=\"560\" height=\"315\" frameborder=\"0\" allowfullscreen=\"allowfullscreen\"><\/iframe><\/p>\n<p>Klicken Sie hier f\u00fcr mehr\u00a0<a href=\"https:\/\/standuppaddle.hu\/de\/product_category\/sup-zubehor\/\">SUP-Zubeh\u00f6r<\/a>\u00a0im Webshop!<\/p>\n","protected":false},"excerpt":{"rendered":"<p>Viele Strandg\u00e4nger werden die Unbeholfenheit erlebt haben, sich auf dem Parkplatz oder am Strand der nassen Badebekleidung oder Neoprenanz\u00fcgen zu entledigen. Bei einem traditionellen Handtuch kann dies zu ein oder zwei peinlichen Momenten f\u00fchren. Deshalb haben wir dieses fantastische Frottierkleid entwickelt, um das Leben zu erleichtern. Dies erspart Ihnen nicht nur jede Verlegenheit, sondern der [&hellip;]<\/p>\n","protected":false},"featured_media":8520,"template":"","meta":{"ocean_post_layout":"","ocean_both_sidebars_style":"","ocean_both_sidebars_content_width":0,"ocean_both_sidebars_sidebars_width":0,"ocean_sidebar":"0","ocean_second_sidebar":"0","ocean_disable_margins":"enable","ocean_add_body_class":"","ocean_shortcode_before_top_bar":"","ocean_shortcode_after_top_bar":"","ocean_shortcode_before_header":"","ocean_shortcode_after_header":"","ocean_has_shortcode":"","ocean_shortcode_after_title":"","ocean_shortcode_before_footer_widgets":"","ocean_shortcode_after_footer_widgets":"","ocean_shortcode_before_footer_bottom":"","ocean_shortcode_after_footer_bottom":"","ocean_display_top_bar":"default","ocean_display_header":"default","ocean_header_style":"","ocean_center_header_left_menu":"0","ocean_custom_header_template":"0","ocean_custom_logo":0,"ocean_custom_retina_logo":0,"ocean_custom_logo_max_width":0,"ocean_custom_logo_tablet_max_width":0,"ocean_custom_logo_mobile_max_width":0,"ocean_custom_logo_max_height":0,"ocean_custom_logo_tablet_max_height":0,"ocean_custom_logo_mobile_max_height":0,"ocean_header_custom_menu":"0","ocean_menu_typo_font_family":"0","ocean_menu_typo_font_subset":"","ocean_menu_typo_font_size":0,"ocean_menu_typo_font_size_tablet":0,"ocean_menu_typo_font_size_mobile":0,"ocean_menu_typo_font_size_unit":"px","ocean_menu_typo_font_weight":"","ocean_menu_typo_font_weight_tablet":"","ocean_menu_typo_font_weight_mobile":"","ocean_menu_typo_transform":"","ocean_menu_typo_transform_tablet":"","ocean_menu_typo_transform_mobile":"","ocean_menu_typo_line_height":0,"ocean_menu_typo_line_height_tablet":0,"ocean_menu_typo_line_height_mobile":0,"ocean_menu_typo_line_height_unit":"","ocean_menu_typo_spacing":0,"ocean_menu_typo_spacing_tablet":0,"ocean_menu_typo_spacing_mobile":0,"ocean_menu_typo_spacing_unit":"","ocean_menu_link_color":"","ocean_menu_link_color_hover":"","ocean_menu_link_color_active":"","ocean_menu_link_background":"","ocean_menu_link_hover_background":"","ocean_menu_link_active_background":"","ocean_menu_social_links_bg":"","ocean_menu_social_hover_links_bg":"","ocean_menu_social_links_color":"","ocean_menu_social_hover_links_color":"","ocean_disable_title":"default","ocean_disable_heading":"default","ocean_post_title":"","ocean_post_subheading":"","ocean_post_title_style":"","ocean_post_title_background_color":"","ocean_post_title_background":0,"ocean_post_title_bg_image_position":"","ocean_post_title_bg_image_attachment":"","ocean_post_title_bg_image_repeat":"","ocean_post_title_bg_image_size":"","ocean_post_title_height":0,"ocean_post_title_bg_overlay":0.5,"ocean_post_title_bg_overlay_color":"","ocean_disable_breadcrumbs":"default","ocean_breadcrumbs_color":"","ocean_breadcrumbs_separator_color":"","ocean_breadcrumbs_links_color":"","ocean_breadcrumbs_links_hover_color":"","ocean_display_footer_widgets":"default","ocean_display_footer_bottom":"default","ocean_custom_footer_template":"0","footnotes":""},"product_brand":[],"product_cat":[210],"product_tag":[232],"class_list":{"0":"post-6833","1":"product","2":"type-product","3":"status-publish","4":"has-post-thumbnail","6":"product_cat-sup-zubehor","7":"product_tag-red-original-de","8":"product_shipping_class-m-paket","10":"entry","11":"has-media","13":"first","14":"instock","15":"taxable","16":"shipping-taxable","17":"purchasable","18":"product-type-variable","19":"col","20":"span_1_of_3","21":"owp-content-center","22":"owp-thumbs-layout-horizontal","23":"owp-btn-normal","24":"owp-tabs-layout-section"},"yoast_head":"<!-- This site is optimized with the Yoast SEO plugin v27.3 - https:\/\/yoast.com\/product\/yoast-seo-wordpress\/ -->\n<title>RED Original Poncho - Stand Up Paddle<\/title>\n<meta name=\"robots\" content=\"index, follow, max-snippet:-1, max-image-preview:large, max-video-preview:-1\" \/>\n<link rel=\"canonical\" href=\"https:\/\/standuppaddle.hu\/de\/sup-webaruhaz-webshop\/red-original-poncho\/\" \/>\n<meta property=\"og:locale\" content=\"de_DE\" \/>\n<meta property=\"og:type\" content=\"article\" \/>\n<meta property=\"og:title\" content=\"RED Original Poncho - Stand Up Paddle\" \/>\n<meta property=\"og:description\" content=\"Viele Strandg\u00e4nger werden die Unbeholfenheit erlebt haben, sich auf dem Parkplatz oder am Strand der nassen Badebekleidung oder Neoprenanz\u00fcgen zu entledigen. Bei einem traditionellen Handtuch kann dies zu ein oder zwei peinlichen Momenten f\u00fchren. Deshalb haben wir dieses fantastische Frottierkleid entwickelt, um das Leben zu erleichtern. Dies erspart Ihnen nicht nur jede Verlegenheit, sondern der [&hellip;]\" \/>\n<meta property=\"og:url\" content=\"https:\/\/standuppaddle.hu\/de\/sup-webaruhaz-webshop\/red-original-poncho\/\" \/>\n<meta property=\"og:site_name\" content=\"Stand Up Paddle\" \/>\n<meta property=\"article:publisher\" content=\"https:\/\/www.facebook.com\/SUP.Center\/\" \/>\n<meta property=\"og:image\" content=\"https:\/\/standuppaddle.hu\/wp-content\/uploads\/2021\/01\/redoriginal_poncho.jpg\" \/>\n\t<meta property=\"og:image:width\" content=\"600\" \/>\n\t<meta property=\"og:image:height\" content=\"300\" \/>\n\t<meta property=\"og:image:type\" content=\"image\/jpeg\" \/>\n<meta name=\"twitter:card\" content=\"summary_large_image\" \/>\n<meta name=\"twitter:label1\" content=\"Gesch\u00e4tzte Lesezeit\" \/>\n\t<meta name=\"twitter:data1\" content=\"1\u00a0Minute\" \/>\n<script type=\"application\/ld+json\" class=\"yoast-schema-graph\">{\"@context\":\"https:\\\/\\\/schema.org\",\"@graph\":[{\"@type\":\"WebPage\",\"@id\":\"https:\\\/\\\/standuppaddle.hu\\\/de\\\/sup-webaruhaz-webshop\\\/red-original-poncho\\\/\",\"url\":\"https:\\\/\\\/standuppaddle.hu\\\/de\\\/sup-webaruhaz-webshop\\\/red-original-poncho\\\/\",\"name\":\"RED Original Poncho - Stand Up Paddle\",\"isPartOf\":{\"@id\":\"https:\\\/\\\/standuppaddle.hu\\\/de\\\/#website\"},\"primaryImageOfPage\":{\"@id\":\"https:\\\/\\\/standuppaddle.hu\\\/de\\\/sup-webaruhaz-webshop\\\/red-original-poncho\\\/#primaryimage\"},\"image\":{\"@id\":\"https:\\\/\\\/standuppaddle.hu\\\/de\\\/sup-webaruhaz-webshop\\\/red-original-poncho\\\/#primaryimage\"},\"thumbnailUrl\":\"https:\\\/\\\/standuppaddle.hu\\\/wp-content\\\/uploads\\\/2021\\\/01\\\/redoriginal_poncho.jpg\",\"datePublished\":\"2026-01-04T11:22:49+00:00\",\"breadcrumb\":{\"@id\":\"https:\\\/\\\/standuppaddle.hu\\\/de\\\/sup-webaruhaz-webshop\\\/red-original-poncho\\\/#breadcrumb\"},\"inLanguage\":\"de\",\"potentialAction\":[{\"@type\":\"ReadAction\",\"target\":[\"https:\\\/\\\/standuppaddle.hu\\\/de\\\/sup-webaruhaz-webshop\\\/red-original-poncho\\\/\"]}]},{\"@type\":\"ImageObject\",\"inLanguage\":\"de\",\"@id\":\"https:\\\/\\\/standuppaddle.hu\\\/de\\\/sup-webaruhaz-webshop\\\/red-original-poncho\\\/#primaryimage\",\"url\":\"https:\\\/\\\/standuppaddle.hu\\\/wp-content\\\/uploads\\\/2021\\\/01\\\/redoriginal_poncho.jpg\",\"contentUrl\":\"https:\\\/\\\/standuppaddle.hu\\\/wp-content\\\/uploads\\\/2021\\\/01\\\/redoriginal_poncho.jpg\",\"width\":600,\"height\":300},{\"@type\":\"BreadcrumbList\",\"@id\":\"https:\\\/\\\/standuppaddle.hu\\\/de\\\/sup-webaruhaz-webshop\\\/red-original-poncho\\\/#breadcrumb\",\"itemListElement\":[{\"@type\":\"ListItem\",\"position\":1,\"name\":\"Home\",\"item\":\"https:\\\/\\\/standuppaddle.hu\\\/de\\\/\"},{\"@type\":\"ListItem\",\"position\":2,\"name\":\"SUP Produkte auf Lager:\",\"item\":\"https:\\\/\\\/standuppaddle.hu\\\/de\\\/sup-web-shop\\\/\"},{\"@type\":\"ListItem\",\"position\":3,\"name\":\"RED Original Poncho\"}]},{\"@type\":\"WebSite\",\"@id\":\"https:\\\/\\\/standuppaddle.hu\\\/de\\\/#website\",\"url\":\"https:\\\/\\\/standuppaddle.hu\\\/de\\\/\",\"name\":\"Stand Up Paddle\",\"description\":\"\u00e1llva evez\u00e9s - \u00e1ll\u00f3 sz\u00f6rf - SUP Center Balaton\",\"publisher\":{\"@id\":\"https:\\\/\\\/standuppaddle.hu\\\/de\\\/#organization\"},\"potentialAction\":[{\"@type\":\"SearchAction\",\"target\":{\"@type\":\"EntryPoint\",\"urlTemplate\":\"https:\\\/\\\/standuppaddle.hu\\\/de\\\/?s={search_term_string}\"},\"query-input\":{\"@type\":\"PropertyValueSpecification\",\"valueRequired\":true,\"valueName\":\"search_term_string\"}}],\"inLanguage\":\"de\"},{\"@type\":\"Organization\",\"@id\":\"https:\\\/\\\/standuppaddle.hu\\\/de\\\/#organization\",\"name\":\"SUP Center Balaton\",\"url\":\"https:\\\/\\\/standuppaddle.hu\\\/de\\\/\",\"logo\":{\"@type\":\"ImageObject\",\"inLanguage\":\"de\",\"@id\":\"https:\\\/\\\/standuppaddle.hu\\\/de\\\/#\\\/schema\\\/logo\\\/image\\\/\",\"url\":\"https:\\\/\\\/standuppaddle.hu\\\/wp-content\\\/uploads\\\/2019\\\/10\\\/sup-center-balaton-logo.jpg\",\"contentUrl\":\"https:\\\/\\\/standuppaddle.hu\\\/wp-content\\\/uploads\\\/2019\\\/10\\\/sup-center-balaton-logo.jpg\",\"width\":2492,\"height\":1075,\"caption\":\"SUP Center Balaton\"},\"image\":{\"@id\":\"https:\\\/\\\/standuppaddle.hu\\\/de\\\/#\\\/schema\\\/logo\\\/image\\\/\"},\"sameAs\":[\"https:\\\/\\\/www.facebook.com\\\/SUP.Center\\\/\",\"https:\\\/\\\/www.instagram.com\\\/sup_center_balaton\\\/\",\"https:\\\/\\\/www.youtube.com\\\/channel\\\/UCaX3OG6gvkhCqeZSw1zgTmw\"]}]}<\/script>\n<!-- \/ Yoast SEO plugin. -->","yoast_head_json":{"title":"RED Original Poncho - Stand Up Paddle","robots":{"index":"index","follow":"follow","max-snippet":"max-snippet:-1","max-image-preview":"max-image-preview:large","max-video-preview":"max-video-preview:-1"},"canonical":"https:\/\/standuppaddle.hu\/de\/sup-webaruhaz-webshop\/red-original-poncho\/","og_locale":"de_DE","og_type":"article","og_title":"RED Original Poncho - Stand Up Paddle","og_description":"Viele Strandg\u00e4nger werden die Unbeholfenheit erlebt haben, sich auf dem Parkplatz oder am Strand der nassen Badebekleidung oder Neoprenanz\u00fcgen zu entledigen. Bei einem traditionellen Handtuch kann dies zu ein oder zwei peinlichen Momenten f\u00fchren. Deshalb haben wir dieses fantastische Frottierkleid entwickelt, um das Leben zu erleichtern. Dies erspart Ihnen nicht nur jede Verlegenheit, sondern der [&hellip;]","og_url":"https:\/\/standuppaddle.hu\/de\/sup-webaruhaz-webshop\/red-original-poncho\/","og_site_name":"Stand Up Paddle","article_publisher":"https:\/\/www.facebook.com\/SUP.Center\/","og_image":[{"width":600,"height":300,"url":"https:\/\/standuppaddle.hu\/wp-content\/uploads\/2021\/01\/redoriginal_poncho.jpg","type":"image\/jpeg"}],"twitter_card":"summary_large_image","twitter_misc":{"Gesch\u00e4tzte Lesezeit":"1\u00a0Minute"},"schema":{"@context":"https:\/\/schema.org","@graph":[{"@type":"WebPage","@id":"https:\/\/standuppaddle.hu\/de\/sup-webaruhaz-webshop\/red-original-poncho\/","url":"https:\/\/standuppaddle.hu\/de\/sup-webaruhaz-webshop\/red-original-poncho\/","name":"RED Original Poncho - Stand Up Paddle","isPartOf":{"@id":"https:\/\/standuppaddle.hu\/de\/#website"},"primaryImageOfPage":{"@id":"https:\/\/standuppaddle.hu\/de\/sup-webaruhaz-webshop\/red-original-poncho\/#primaryimage"},"image":{"@id":"https:\/\/standuppaddle.hu\/de\/sup-webaruhaz-webshop\/red-original-poncho\/#primaryimage"},"thumbnailUrl":"https:\/\/standuppaddle.hu\/wp-content\/uploads\/2021\/01\/redoriginal_poncho.jpg","datePublished":"2026-01-04T11:22:49+00:00","breadcrumb":{"@id":"https:\/\/standuppaddle.hu\/de\/sup-webaruhaz-webshop\/red-original-poncho\/#breadcrumb"},"inLanguage":"de","potentialAction":[{"@type":"ReadAction","target":["https:\/\/standuppaddle.hu\/de\/sup-webaruhaz-webshop\/red-original-poncho\/"]}]},{"@type":"ImageObject","inLanguage":"de","@id":"https:\/\/standuppaddle.hu\/de\/sup-webaruhaz-webshop\/red-original-poncho\/#primaryimage","url":"https:\/\/standuppaddle.hu\/wp-content\/uploads\/2021\/01\/redoriginal_poncho.jpg","contentUrl":"https:\/\/standuppaddle.hu\/wp-content\/uploads\/2021\/01\/redoriginal_poncho.jpg","width":600,"height":300},{"@type":"BreadcrumbList","@id":"https:\/\/standuppaddle.hu\/de\/sup-webaruhaz-webshop\/red-original-poncho\/#breadcrumb","itemListElement":[{"@type":"ListItem","position":1,"name":"Home","item":"https:\/\/standuppaddle.hu\/de\/"},{"@type":"ListItem","position":2,"name":"SUP Produkte auf Lager:","item":"https:\/\/standuppaddle.hu\/de\/sup-web-shop\/"},{"@type":"ListItem","position":3,"name":"RED Original Poncho"}]},{"@type":"WebSite","@id":"https:\/\/standuppaddle.hu\/de\/#website","url":"https:\/\/standuppaddle.hu\/de\/","name":"Stand Up Paddle","description":"\u00e1llva evez\u00e9s - \u00e1ll\u00f3 sz\u00f6rf - SUP Center Balaton","publisher":{"@id":"https:\/\/standuppaddle.hu\/de\/#organization"},"potentialAction":[{"@type":"SearchAction","target":{"@type":"EntryPoint","urlTemplate":"https:\/\/standuppaddle.hu\/de\/?s={search_term_string}"},"query-input":{"@type":"PropertyValueSpecification","valueRequired":true,"valueName":"search_term_string"}}],"inLanguage":"de"},{"@type":"Organization","@id":"https:\/\/standuppaddle.hu\/de\/#organization","name":"SUP Center Balaton","url":"https:\/\/standuppaddle.hu\/de\/","logo":{"@type":"ImageObject","inLanguage":"de","@id":"https:\/\/standuppaddle.hu\/de\/#\/schema\/logo\/image\/","url":"https:\/\/standuppaddle.hu\/wp-content\/uploads\/2019\/10\/sup-center-balaton-logo.jpg","contentUrl":"https:\/\/standuppaddle.hu\/wp-content\/uploads\/2019\/10\/sup-center-balaton-logo.jpg","width":2492,"height":1075,"caption":"SUP Center Balaton"},"image":{"@id":"https:\/\/standuppaddle.hu\/de\/#\/schema\/logo\/image\/"},"sameAs":["https:\/\/www.facebook.com\/SUP.Center\/","https:\/\/www.instagram.com\/sup_center_balaton\/","https:\/\/www.youtube.com\/channel\/UCaX3OG6gvkhCqeZSw1zgTmw"]}]}},"_links":{"self":[{"href":"https:\/\/standuppaddle.hu\/de\/wp-json\/wp\/v2\/product\/6833","targetHints":{"allow":["GET"]}}],"collection":[{"href":"https:\/\/standuppaddle.hu\/de\/wp-json\/wp\/v2\/product"}],"about":[{"href":"https:\/\/standuppaddle.hu\/de\/wp-json\/wp\/v2\/types\/product"}],"version-history":[{"count":1,"href":"https:\/\/standuppaddle.hu\/de\/wp-json\/wp\/v2\/product\/6833\/revisions"}],"predecessor-version":[{"id":11133,"href":"https:\/\/standuppaddle.hu\/de\/wp-json\/wp\/v2\/product\/6833\/revisions\/11133"}],"wp:featuredmedia":[{"embeddable":true,"href":"https:\/\/standuppaddle.hu\/de\/wp-json\/wp\/v2\/media\/8520"}],"wp:attachment":[{"href":"https:\/\/standuppaddle.hu\/de\/wp-json\/wp\/v2\/media?parent=6833"}],"wp:term":[{"taxonomy":"product_brand","embeddable":true,"href":"https:\/\/standuppaddle.hu\/de\/wp-json\/wp\/v2\/product_brand?post=6833"},{"taxonomy":"product_cat","embeddable":true,"href":"https:\/\/standuppaddle.hu\/de\/wp-json\/wp\/v2\/product_cat?post=6833"},{"taxonomy":"product_tag","embeddable":true,"href":"https:\/\/standuppaddle.hu\/de\/wp-json\/wp\/v2\/product_tag?post=6833"}],"curies":[{"name":"wp","href":"https:\/\/api.w.org\/{rel}","templated":true}]}}