{"id":6771,"date":"2026-01-02T16:22:39","date_gmt":"2026-01-02T15:22:39","guid":{"rendered":"https:\/\/standuppaddle.hu\/?post_type=product&#038;p=6771"},"modified":"2023-07-14T19:01:06","modified_gmt":"2023-07-14T17:01:06","slug":"1-red-108-activ-msl-yoga","status":"publish","type":"product","link":"https:\/\/standuppaddle.hu\/de\/sup-webaruhaz-webshop\/1-red-108-activ-msl-yoga\/","title":{"rendered":"RED 10&#8217;8 Activ MSL -Yoga"},"content":{"rendered":"<h2>RED 10&#8217;8 ACTIV MSL &#8211; YOGA<\/h2>\n<p>Schon fr\u00fch haben wir bemerkt, dass Paddler mit dem Board aufs Wasser gehen, um mit Yoga, Pilates, Stretching und Fitness ihren Ausgleich zu finden. Also haben wir speziell daf\u00fcr ein Board entwickelt. Die neueste Version ist das RED Paddle Co. 10&#8217;8 Activ, ist eine Sonderversion unseres 10&#8217;8 Ride. Es ist etwas dicker, hat mehr Volumen und daher stabiler \u2013 ideal f\u00fcr Yogasequenzen.<\/p>\n<p>Die Tragegriffe wurden an die Seite des Boards verlegt, damit sie nicht im Weg sind. Mit dem Paddel-Halter kann man das Paddel w\u00e4hrend des Yogas an einem der Griffe befestigen.<\/p>\n<p>Das i-T\u00fcpfelchen ist die griffige EVA-Oberfl\u00e4che die bis zum Bug des Brettes geht \u2013 ein perfekter Ersatz f\u00fcr die Yogamatte. Aber nat\u00fcrlich ist es nicht nur eine schwimmende Plattform \u2013 wie jedes Board der Ride-Familie gleitet auch das 10&#8217;8 Activ wunderbar \u00fcber das Wasser.<\/p>\n<p><strong>MSL:<\/strong>\u00a0Die von RED patentierte MSL Fusion Technologie macht die Bretter leichter (bis zu 3 kg), steifer und haltbarer. Das Material sieht besser aus und f\u00fchlt sich auch besser an.<\/p>\n<p><b>Zeitloses Design:<\/b>\u00a0Das unverkennbare Design von Red Paddle Co wurde f\u00fcr 2021 aktualisiert. Das verl\u00e4ngerte und verbreiterte Deckpad mit gepr\u00e4gten Red-Logos reicht nun bis zum Heck und n\u00e4her an die Kanten und bietet \u00fcberlegenen Komfort und Grip. Der diamantf\u00f6rmige hintere Bereich sorgt f\u00fcr zus\u00e4tzlichen Halt bei Wendeman\u00f6vern und beim Surfen in den Wellen.<\/p>\n<p><b>Gep\u00e4cksystem mit flachen Spanngurten:<\/b>\u00a0Ebenfalls von RED Paddle Co. entwickelt. Die breiten elastischen Gurte bieten einen besseren Halt (\u00e4hnlich wie Spanngurte bei Dachtr\u00e4gern). Speziell kleinere Gegenst\u00e4nde, wie zum Beispiel Wasserflaschen, werden so stabil am SUP fixiert.<\/p>\n<p><b>Ergonomische Griffe:<\/b>\u00a0R\u00f6hrenf\u00f6rmige, gepolsterte Griffe bieten h\u00f6chsten Komfort beim Tragen.<\/p>\n<p><strong>Twin iFins\u00a0 \u2013\u00a0<\/strong> Alle Ride-Boards sind nun mit zwei enorm strapazierf\u00e4higen, flexiblen iFins ausgestattet, die im Board integriert sind. Im Vergleich zu einem Setup mit drei Finnen erm\u00f6glichen sie einen besseren Geradeauslauf und h\u00f6here Geschwindigkeiten sowie zus\u00e4tzliche Agilit\u00e4t und eine bessere Performance in den Wellen. Au\u00dferdem l\u00e4sst sich das Board mit nur 2 Finnen einfacher in der Tasche verstauen.<\/p>\n<p><b>Neu \u2013 Titan Pumpe II:\u00a0<\/b>Die neu optimierte, kleinere Titan Pumpe II halbiert die Zeit und den Aufwand beim Aufpumpen deines SUP Boards. Die Standbeine k\u00f6nnen weggeklappt werden und der Griff ist abnehmbar. So wird die SUP Pumpe schmaler und kann leicht mit dem Brett aufgerollt werden.<\/p>\n<p><b>All-Terrain-Rucksack:\u00a0<\/b>Die verbesserte Red Paddle Co. All Terrain Rucksack mit Rollen und Rucksacksystem ist die perfekte Tasche, um die Welt mit Ihrem aufblasbaren Paddleboard zu bereisen. Die Tasche wurde aus hochwertigen Materialien hergestellt, die den Belastungen von Sonne, Salzwasser, Sand und Reisen widerstehen. Mehrere Griffe bieten eine Vielzahl von Trageoptionen.<\/p>\n<p>Die verstellbaren, gepolsterten Schultergurte und der Bauchgurt sichern h\u00f6chsten Tragekomfort. Damit die Gurte sich nirgends verhaken,\u00a0 k\u00f6nnen sie bei Nichtgebrauch mittels Klettverschluss versteckt werden. Integrierte Gurte im Inneren sorgen daf\u00fcr, dass das Board w\u00e4hrend des Transports nicht verrutscht. Im Inneren gibt es eine Anordnung von Gummib\u00e4ndern um das 3-teilige Paddel zu fixieren.<\/p>\n<p>Durch das integrierte Rollensystem mit hochwertigen Kugellagern l\u00e4sst sich die Tasche auch bequem \u00fcber unebene B\u00f6den rollen.<\/p>\n<p><strong>Zubeh\u00f6rhalterung:<\/strong> Ein integriertes M6 Gewinde macht die Anbringung einer\u00a0<a href=\"https:\/\/standuppaddle.hu\/de\/sup-webaruhaz-webshop\/sup-kamerahalterung\/\" target=\"_blank\" rel=\"noopener\">GoPro Halterun<\/a>g oder anderen Zubeh\u00f6rhalterungen und\u00a0<a href=\"https:\/\/www.rammount.com\/\" target=\"_blank\" rel=\"noopener\">Ram Mount<\/a>\u00a0oder\u00a0<a href=\"https:\/\/www.railblaza.com\/\" target=\"_blank\" rel=\"noopener\">Railblaza<\/a>\u00a0m\u00f6glich-<\/p>\n<p><strong>Das RED 10&#8217;8 ACTIV wird mit Folgendem geliefert:<\/strong><\/p>\n<ul>\n<li>Titan Pumpe II<\/li>\n<li>Service-Set<\/li>\n<li>Paddel-Halter<\/li>\n<li>All-Terrain-Rucksack<\/li>\n<li>Wasserfeste Handyh\u00fclle<\/li>\n<\/ul>\n<table class=\"woocommerce-product-attributes shop_attributes\">\n<tbody>\n<tr class=\"woocommerce-product-attributes-item woocommerce-product-attributes-item--0\">\n<th class=\"woocommerce-product-attributes-item__label\">VOLUMEN<\/th>\n<td class=\"woocommerce-product-attributes-item__value\">333 Liter<\/td>\n<\/tr>\n<tr class=\"woocommerce-product-attributes-item woocommerce-product-attributes-item--1\">\n<th class=\"woocommerce-product-attributes-item__label\">PADDLER GEWICHT<\/th>\n<td class=\"woocommerce-product-attributes-item__value\">bis 120 kg<\/td>\n<\/tr>\n<tr class=\"woocommerce-product-attributes-item woocommerce-product-attributes-item--2\">\n<th class=\"woocommerce-product-attributes-item__label\">BELASTBARKEIT<\/th>\n<td class=\"woocommerce-product-attributes-item__value\">233 kg<\/td>\n<\/tr>\n<tr class=\"woocommerce-product-attributes-item woocommerce-product-attributes-item--3\">\n<th class=\"woocommerce-product-attributes-item__label\">L\u00c4NGE<\/th>\n<td class=\"woocommerce-product-attributes-item__value\">10\u20198&#8243; \/ 325 cm<\/td>\n<\/tr>\n<tr class=\"woocommerce-product-attributes-item woocommerce-product-attributes-item--4\">\n<th class=\"woocommerce-product-attributes-item__label\">BREITE<\/th>\n<td class=\"woocommerce-product-attributes-item__value\">34\u2033 \/ 86 cm<\/td>\n<\/tr>\n<tr class=\"woocommerce-product-attributes-item woocommerce-product-attributes-item--5\">\n<th class=\"woocommerce-product-attributes-item__label\">GEWICHT<\/th>\n<td class=\"woocommerce-product-attributes-item__value\">11,9 kg<\/td>\n<\/tr>\n<tr class=\"woocommerce-product-attributes-item woocommerce-product-attributes-item--6\">\n<th class=\"woocommerce-product-attributes-item__label\">PERSONEN<\/th>\n<td class=\"woocommerce-product-attributes-item__value\">1-2<\/td>\n<\/tr>\n<tr class=\"woocommerce-product-attributes-item woocommerce-product-attributes-item--7\">\n<th class=\"woocommerce-product-attributes-item__label\">RUCKSACK GR\u00d6SSE<\/th>\n<td class=\"woocommerce-product-attributes-item__value\">96cm (h) x 39cm (b) x 36cm (t)<\/td>\n<\/tr>\n<tr class=\"woocommerce-product-attributes-item woocommerce-product-attributes-item--8\">\n<th class=\"woocommerce-product-attributes-item__label\">RUCKSACK VOLUMEN<\/th>\n<td class=\"woocommerce-product-attributes-item__value\">134 Liter<\/td>\n<\/tr>\n<\/tbody>\n<\/table>\n","protected":false},"excerpt":{"rendered":"<p><img loading=\"lazy\" decoding=\"async\" class=\"size-full wp-image-7768 alignleft entered lazyloaded\" src=\"http:\/\/standuppaddle.hu\/wp-content\/uploads\/2021\/10\/5-yr-warranty.png\" alt=\"\" width=\"150\" height=\"150\" data-lazy-src=\"http:\/\/standuppaddle.hu\/wp-content\/uploads\/2021\/10\/5-yr-warranty.png\" data-ll-status=\"loaded\" srcset=\"https:\/\/standuppaddle.hu\/wp-content\/uploads\/2021\/10\/5-yr-warranty.png 150w, https:\/\/standuppaddle.hu\/wp-content\/uploads\/2021\/10\/5-yr-warranty-100x100.png 100w\" sizes=\"auto, (max-width: 150px) 100vw, 150px\" \/><img loading=\"lazy\" decoding=\"async\" class=\"alignnone size-full wp-image-8293 entered lazyloaded\" src=\"https:\/\/standuppaddle.hu\/wp-content\/uploads\/2021\/12\/free-sup-delivery.jpg\" alt=\"\" width=\"159\" height=\"150\" data-lazy-src=\"https:\/\/standuppaddle.hu\/wp-content\/uploads\/2021\/12\/free-sup-delivery.jpg\" data-ll-status=\"loaded\" \/>5 Jahre Garantie<\/p>\n","protected":false},"featured_media":11820,"template":"","meta":{"ocean_post_layout":"","ocean_both_sidebars_style":"","ocean_both_sidebars_content_width":0,"ocean_both_sidebars_sidebars_width":0,"ocean_sidebar":"0","ocean_second_sidebar":"0","ocean_disable_margins":"enable","ocean_add_body_class":"","ocean_shortcode_before_top_bar":"","ocean_shortcode_after_top_bar":"","ocean_shortcode_before_header":"","ocean_shortcode_after_header":"","ocean_has_shortcode":"","ocean_shortcode_after_title":"","ocean_shortcode_before_footer_widgets":"","ocean_shortcode_after_footer_widgets":"","ocean_shortcode_before_footer_bottom":"","ocean_shortcode_after_footer_bottom":"","ocean_display_top_bar":"default","ocean_display_header":"default","ocean_header_style":"","ocean_center_header_left_menu":"0","ocean_custom_header_template":"0","ocean_custom_logo":0,"ocean_custom_retina_logo":0,"ocean_custom_logo_max_width":0,"ocean_custom_logo_tablet_max_width":0,"ocean_custom_logo_mobile_max_width":0,"ocean_custom_logo_max_height":0,"ocean_custom_logo_tablet_max_height":0,"ocean_custom_logo_mobile_max_height":0,"ocean_header_custom_menu":"0","ocean_menu_typo_font_family":"0","ocean_menu_typo_font_subset":"","ocean_menu_typo_font_size":0,"ocean_menu_typo_font_size_tablet":0,"ocean_menu_typo_font_size_mobile":0,"ocean_menu_typo_font_size_unit":"px","ocean_menu_typo_font_weight":"","ocean_menu_typo_font_weight_tablet":"","ocean_menu_typo_font_weight_mobile":"","ocean_menu_typo_transform":"","ocean_menu_typo_transform_tablet":"","ocean_menu_typo_transform_mobile":"","ocean_menu_typo_line_height":0,"ocean_menu_typo_line_height_tablet":0,"ocean_menu_typo_line_height_mobile":0,"ocean_menu_typo_line_height_unit":"","ocean_menu_typo_spacing":0,"ocean_menu_typo_spacing_tablet":0,"ocean_menu_typo_spacing_mobile":0,"ocean_menu_typo_spacing_unit":"","ocean_menu_link_color":"","ocean_menu_link_color_hover":"","ocean_menu_link_color_active":"","ocean_menu_link_background":"","ocean_menu_link_hover_background":"","ocean_menu_link_active_background":"","ocean_menu_social_links_bg":"","ocean_menu_social_hover_links_bg":"","ocean_menu_social_links_color":"","ocean_menu_social_hover_links_color":"","ocean_disable_title":"default","ocean_disable_heading":"default","ocean_post_title":"","ocean_post_subheading":"","ocean_post_title_style":"","ocean_post_title_background_color":"","ocean_post_title_background":0,"ocean_post_title_bg_image_position":"","ocean_post_title_bg_image_attachment":"","ocean_post_title_bg_image_repeat":"","ocean_post_title_bg_image_size":"","ocean_post_title_height":0,"ocean_post_title_bg_overlay":0.5,"ocean_post_title_bg_overlay_color":"","ocean_disable_breadcrumbs":"default","ocean_breadcrumbs_color":"","ocean_breadcrumbs_separator_color":"","ocean_breadcrumbs_links_color":"","ocean_breadcrumbs_links_hover_color":"","ocean_display_footer_widgets":"default","ocean_display_footer_bottom":"default","ocean_custom_footer_template":"0","footnotes":""},"product_brand":[],"product_cat":[621,200,222,198,206],"product_tag":[230],"class_list":{"0":"post-6771","1":"product","2":"type-product","3":"status-publish","4":"has-post-thumbnail","6":"product_cat-v3-de","7":"product_cat-all-round-sup-bretter","8":"product_cat-isups-aufblasbar","9":"product_cat-sup-abverkauf-angebote","10":"product_cat-yoga-sup-bretter","11":"product_tag-red-paddle-co-de","12":"product_shipping_class-xl-paket","14":"entry","15":"has-media","17":"first","18":"instock","19":"sale","20":"taxable","21":"shipping-taxable","22":"purchasable","23":"product-type-simple","24":"col","25":"span_1_of_3","26":"owp-content-center","27":"owp-thumbs-layout-horizontal","28":"owp-btn-normal","29":"owp-tabs-layout-section"},"yoast_head":"<!-- This site is optimized with the Yoast SEO plugin v27.3 - https:\/\/yoast.com\/product\/yoast-seo-wordpress\/ -->\n<title>RED 10&#039;8 Activ MSL -Yoga - Stand Up Paddle<\/title>\n<meta name=\"robots\" content=\"index, follow, max-snippet:-1, max-image-preview:large, max-video-preview:-1\" \/>\n<link rel=\"canonical\" href=\"https:\/\/standuppaddle.hu\/de\/sup-webaruhaz-webshop\/1-red-108-activ-msl-yoga\/\" \/>\n<meta property=\"og:locale\" content=\"de_DE\" \/>\n<meta property=\"og:type\" content=\"article\" \/>\n<meta property=\"og:title\" content=\"RED 10&#039;8 Activ MSL -Yoga - Stand Up Paddle\" \/>\n<meta property=\"og:description\" content=\"5 Jahre Garantie\" \/>\n<meta property=\"og:url\" content=\"https:\/\/standuppaddle.hu\/de\/sup-webaruhaz-webshop\/1-red-108-activ-msl-yoga\/\" \/>\n<meta property=\"og:site_name\" content=\"Stand Up Paddle\" \/>\n<meta property=\"article:publisher\" content=\"https:\/\/www.facebook.com\/SUP.Center\/\" \/>\n<meta property=\"og:image\" content=\"https:\/\/standuppaddle.hu\/wp-content\/uploads\/2021\/01\/red_active_joga_sup.jpg\" \/>\n\t<meta property=\"og:image:width\" content=\"600\" \/>\n\t<meta property=\"og:image:height\" content=\"600\" \/>\n\t<meta property=\"og:image:type\" content=\"image\/jpeg\" \/>\n<meta name=\"twitter:card\" content=\"summary_large_image\" \/>\n<meta name=\"twitter:label1\" content=\"Gesch\u00e4tzte Lesezeit\" \/>\n\t<meta name=\"twitter:data1\" content=\"4\u00a0Minuten\" \/>\n<script type=\"application\/ld+json\" class=\"yoast-schema-graph\">{\"@context\":\"https:\\\/\\\/schema.org\",\"@graph\":[{\"@type\":\"WebPage\",\"@id\":\"https:\\\/\\\/standuppaddle.hu\\\/de\\\/sup-webaruhaz-webshop\\\/1-red-108-activ-msl-yoga\\\/\",\"url\":\"https:\\\/\\\/standuppaddle.hu\\\/de\\\/sup-webaruhaz-webshop\\\/1-red-108-activ-msl-yoga\\\/\",\"name\":\"RED 10'8 Activ MSL -Yoga - Stand Up Paddle\",\"isPartOf\":{\"@id\":\"https:\\\/\\\/standuppaddle.hu\\\/de\\\/#website\"},\"primaryImageOfPage\":{\"@id\":\"https:\\\/\\\/standuppaddle.hu\\\/de\\\/sup-webaruhaz-webshop\\\/1-red-108-activ-msl-yoga\\\/#primaryimage\"},\"image\":{\"@id\":\"https:\\\/\\\/standuppaddle.hu\\\/de\\\/sup-webaruhaz-webshop\\\/1-red-108-activ-msl-yoga\\\/#primaryimage\"},\"thumbnailUrl\":\"https:\\\/\\\/standuppaddle.hu\\\/wp-content\\\/uploads\\\/2021\\\/01\\\/Red_active_10.8.jpg\",\"datePublished\":\"2026-01-02T15:22:39+00:00\",\"breadcrumb\":{\"@id\":\"https:\\\/\\\/standuppaddle.hu\\\/de\\\/sup-webaruhaz-webshop\\\/1-red-108-activ-msl-yoga\\\/#breadcrumb\"},\"inLanguage\":\"de\",\"potentialAction\":[{\"@type\":\"ReadAction\",\"target\":[\"https:\\\/\\\/standuppaddle.hu\\\/de\\\/sup-webaruhaz-webshop\\\/1-red-108-activ-msl-yoga\\\/\"]}]},{\"@type\":\"ImageObject\",\"inLanguage\":\"de\",\"@id\":\"https:\\\/\\\/standuppaddle.hu\\\/de\\\/sup-webaruhaz-webshop\\\/1-red-108-activ-msl-yoga\\\/#primaryimage\",\"url\":\"https:\\\/\\\/standuppaddle.hu\\\/wp-content\\\/uploads\\\/2021\\\/01\\\/Red_active_10.8.jpg\",\"contentUrl\":\"https:\\\/\\\/standuppaddle.hu\\\/wp-content\\\/uploads\\\/2021\\\/01\\\/Red_active_10.8.jpg\",\"width\":600,\"height\":600},{\"@type\":\"BreadcrumbList\",\"@id\":\"https:\\\/\\\/standuppaddle.hu\\\/de\\\/sup-webaruhaz-webshop\\\/1-red-108-activ-msl-yoga\\\/#breadcrumb\",\"itemListElement\":[{\"@type\":\"ListItem\",\"position\":1,\"name\":\"Home\",\"item\":\"https:\\\/\\\/standuppaddle.hu\\\/de\\\/\"},{\"@type\":\"ListItem\",\"position\":2,\"name\":\"SUP Produkte auf Lager:\",\"item\":\"https:\\\/\\\/standuppaddle.hu\\\/de\\\/sup-web-shop\\\/\"},{\"@type\":\"ListItem\",\"position\":3,\"name\":\"RED 10&#8217;8 Activ MSL -Yoga\"}]},{\"@type\":\"WebSite\",\"@id\":\"https:\\\/\\\/standuppaddle.hu\\\/de\\\/#website\",\"url\":\"https:\\\/\\\/standuppaddle.hu\\\/de\\\/\",\"name\":\"Stand Up Paddle\",\"description\":\"\u00e1llva evez\u00e9s - \u00e1ll\u00f3 sz\u00f6rf - SUP Center Balaton\",\"publisher\":{\"@id\":\"https:\\\/\\\/standuppaddle.hu\\\/de\\\/#organization\"},\"potentialAction\":[{\"@type\":\"SearchAction\",\"target\":{\"@type\":\"EntryPoint\",\"urlTemplate\":\"https:\\\/\\\/standuppaddle.hu\\\/de\\\/?s={search_term_string}\"},\"query-input\":{\"@type\":\"PropertyValueSpecification\",\"valueRequired\":true,\"valueName\":\"search_term_string\"}}],\"inLanguage\":\"de\"},{\"@type\":\"Organization\",\"@id\":\"https:\\\/\\\/standuppaddle.hu\\\/de\\\/#organization\",\"name\":\"SUP Center Balaton\",\"url\":\"https:\\\/\\\/standuppaddle.hu\\\/de\\\/\",\"logo\":{\"@type\":\"ImageObject\",\"inLanguage\":\"de\",\"@id\":\"https:\\\/\\\/standuppaddle.hu\\\/de\\\/#\\\/schema\\\/logo\\\/image\\\/\",\"url\":\"https:\\\/\\\/standuppaddle.hu\\\/wp-content\\\/uploads\\\/2019\\\/10\\\/sup-center-balaton-logo.jpg\",\"contentUrl\":\"https:\\\/\\\/standuppaddle.hu\\\/wp-content\\\/uploads\\\/2019\\\/10\\\/sup-center-balaton-logo.jpg\",\"width\":2492,\"height\":1075,\"caption\":\"SUP Center Balaton\"},\"image\":{\"@id\":\"https:\\\/\\\/standuppaddle.hu\\\/de\\\/#\\\/schema\\\/logo\\\/image\\\/\"},\"sameAs\":[\"https:\\\/\\\/www.facebook.com\\\/SUP.Center\\\/\",\"https:\\\/\\\/www.instagram.com\\\/sup_center_balaton\\\/\",\"https:\\\/\\\/www.youtube.com\\\/channel\\\/UCaX3OG6gvkhCqeZSw1zgTmw\"]}]}<\/script>\n<!-- \/ Yoast SEO plugin. -->","yoast_head_json":{"title":"RED 10'8 Activ MSL -Yoga - Stand Up Paddle","robots":{"index":"index","follow":"follow","max-snippet":"max-snippet:-1","max-image-preview":"max-image-preview:large","max-video-preview":"max-video-preview:-1"},"canonical":"https:\/\/standuppaddle.hu\/de\/sup-webaruhaz-webshop\/1-red-108-activ-msl-yoga\/","og_locale":"de_DE","og_type":"article","og_title":"RED 10'8 Activ MSL -Yoga - Stand Up Paddle","og_description":"5 Jahre Garantie","og_url":"https:\/\/standuppaddle.hu\/de\/sup-webaruhaz-webshop\/1-red-108-activ-msl-yoga\/","og_site_name":"Stand Up Paddle","article_publisher":"https:\/\/www.facebook.com\/SUP.Center\/","og_image":[{"width":600,"height":600,"url":"https:\/\/standuppaddle.hu\/wp-content\/uploads\/2021\/01\/red_active_joga_sup.jpg","type":"image\/jpeg"}],"twitter_card":"summary_large_image","twitter_misc":{"Gesch\u00e4tzte Lesezeit":"4\u00a0Minuten"},"schema":{"@context":"https:\/\/schema.org","@graph":[{"@type":"WebPage","@id":"https:\/\/standuppaddle.hu\/de\/sup-webaruhaz-webshop\/1-red-108-activ-msl-yoga\/","url":"https:\/\/standuppaddle.hu\/de\/sup-webaruhaz-webshop\/1-red-108-activ-msl-yoga\/","name":"RED 10'8 Activ MSL -Yoga - Stand Up Paddle","isPartOf":{"@id":"https:\/\/standuppaddle.hu\/de\/#website"},"primaryImageOfPage":{"@id":"https:\/\/standuppaddle.hu\/de\/sup-webaruhaz-webshop\/1-red-108-activ-msl-yoga\/#primaryimage"},"image":{"@id":"https:\/\/standuppaddle.hu\/de\/sup-webaruhaz-webshop\/1-red-108-activ-msl-yoga\/#primaryimage"},"thumbnailUrl":"https:\/\/standuppaddle.hu\/wp-content\/uploads\/2021\/01\/Red_active_10.8.jpg","datePublished":"2026-01-02T15:22:39+00:00","breadcrumb":{"@id":"https:\/\/standuppaddle.hu\/de\/sup-webaruhaz-webshop\/1-red-108-activ-msl-yoga\/#breadcrumb"},"inLanguage":"de","potentialAction":[{"@type":"ReadAction","target":["https:\/\/standuppaddle.hu\/de\/sup-webaruhaz-webshop\/1-red-108-activ-msl-yoga\/"]}]},{"@type":"ImageObject","inLanguage":"de","@id":"https:\/\/standuppaddle.hu\/de\/sup-webaruhaz-webshop\/1-red-108-activ-msl-yoga\/#primaryimage","url":"https:\/\/standuppaddle.hu\/wp-content\/uploads\/2021\/01\/Red_active_10.8.jpg","contentUrl":"https:\/\/standuppaddle.hu\/wp-content\/uploads\/2021\/01\/Red_active_10.8.jpg","width":600,"height":600},{"@type":"BreadcrumbList","@id":"https:\/\/standuppaddle.hu\/de\/sup-webaruhaz-webshop\/1-red-108-activ-msl-yoga\/#breadcrumb","itemListElement":[{"@type":"ListItem","position":1,"name":"Home","item":"https:\/\/standuppaddle.hu\/de\/"},{"@type":"ListItem","position":2,"name":"SUP Produkte auf Lager:","item":"https:\/\/standuppaddle.hu\/de\/sup-web-shop\/"},{"@type":"ListItem","position":3,"name":"RED 10&#8217;8 Activ MSL -Yoga"}]},{"@type":"WebSite","@id":"https:\/\/standuppaddle.hu\/de\/#website","url":"https:\/\/standuppaddle.hu\/de\/","name":"Stand Up Paddle","description":"\u00e1llva evez\u00e9s - \u00e1ll\u00f3 sz\u00f6rf - SUP Center Balaton","publisher":{"@id":"https:\/\/standuppaddle.hu\/de\/#organization"},"potentialAction":[{"@type":"SearchAction","target":{"@type":"EntryPoint","urlTemplate":"https:\/\/standuppaddle.hu\/de\/?s={search_term_string}"},"query-input":{"@type":"PropertyValueSpecification","valueRequired":true,"valueName":"search_term_string"}}],"inLanguage":"de"},{"@type":"Organization","@id":"https:\/\/standuppaddle.hu\/de\/#organization","name":"SUP Center Balaton","url":"https:\/\/standuppaddle.hu\/de\/","logo":{"@type":"ImageObject","inLanguage":"de","@id":"https:\/\/standuppaddle.hu\/de\/#\/schema\/logo\/image\/","url":"https:\/\/standuppaddle.hu\/wp-content\/uploads\/2019\/10\/sup-center-balaton-logo.jpg","contentUrl":"https:\/\/standuppaddle.hu\/wp-content\/uploads\/2019\/10\/sup-center-balaton-logo.jpg","width":2492,"height":1075,"caption":"SUP Center Balaton"},"image":{"@id":"https:\/\/standuppaddle.hu\/de\/#\/schema\/logo\/image\/"},"sameAs":["https:\/\/www.facebook.com\/SUP.Center\/","https:\/\/www.instagram.com\/sup_center_balaton\/","https:\/\/www.youtube.com\/channel\/UCaX3OG6gvkhCqeZSw1zgTmw"]}]}},"_links":{"self":[{"href":"https:\/\/standuppaddle.hu\/de\/wp-json\/wp\/v2\/product\/6771","targetHints":{"allow":["GET"]}}],"collection":[{"href":"https:\/\/standuppaddle.hu\/de\/wp-json\/wp\/v2\/product"}],"about":[{"href":"https:\/\/standuppaddle.hu\/de\/wp-json\/wp\/v2\/types\/product"}],"version-history":[{"count":4,"href":"https:\/\/standuppaddle.hu\/de\/wp-json\/wp\/v2\/product\/6771\/revisions"}],"predecessor-version":[{"id":11588,"href":"https:\/\/standuppaddle.hu\/de\/wp-json\/wp\/v2\/product\/6771\/revisions\/11588"}],"wp:featuredmedia":[{"embeddable":true,"href":"https:\/\/standuppaddle.hu\/de\/wp-json\/wp\/v2\/media\/11820"}],"wp:attachment":[{"href":"https:\/\/standuppaddle.hu\/de\/wp-json\/wp\/v2\/media?parent=6771"}],"wp:term":[{"taxonomy":"product_brand","embeddable":true,"href":"https:\/\/standuppaddle.hu\/de\/wp-json\/wp\/v2\/product_brand?post=6771"},{"taxonomy":"product_cat","embeddable":true,"href":"https:\/\/standuppaddle.hu\/de\/wp-json\/wp\/v2\/product_cat?post=6771"},{"taxonomy":"product_tag","embeddable":true,"href":"https:\/\/standuppaddle.hu\/de\/wp-json\/wp\/v2\/product_tag?post=6771"}],"curies":[{"name":"wp","href":"https:\/\/api.w.org\/{rel}","templated":true}]}}