{"id":4168,"date":"2021-01-14T11:11:38","date_gmt":"2015-01-14T11:11:38","guid":{"rendered":"http:\/\/standuppaddle.hu\/shop\/sup-ovtaska-mentomelleny\/"},"modified":"2022-12-29T20:53:40","modified_gmt":"2022-12-29T19:53:40","slug":"sup-hueftgurt-rettungsweste","status":"publish","type":"product","link":"https:\/\/standuppaddle.hu\/de\/sup-webaruhaz-webshop\/sup-hueftgurt-rettungsweste\/","title":{"rendered":"SUP H\u00fcftgurt Rettungsweste"},"content":{"rendered":"<p>Eine unverzichtbare Sicherheitsvorrichtung f\u00fcr Teilnehmer an Wasseraktivit\u00e4ten, die eine stromlinienf\u00f6rmige und kompakte Alternative zu einer Schwimmweste suchen, die dem Benutzer maximale Freiheit und Komfort bietet.<\/p>\n<p>Der ISO-zertifizierte 50N-H\u00fcftgurt l\u00e4sst sich schnell und einfach einsetzen und sitzt bequem um die Taille. Ziehen Sie die aufblasbare Blase aus der Tasche, \u00fcber den Kopf und ziehen Sie den Aufblasregler, um sie schnell aufzublasen und die \u00dcberlebenszeit zu verl\u00e4ngern, wenn der Benutzer Hilfe ben\u00f6tigt. Dieses PFD wird mit einer 5-Jahres-Garantie geliefert.<\/p>\n<p><a href=\"https:\/\/standuppaddle.hu\/wp-content\/uploads\/2019\/10\/Airbelt_PFD_Fitting_Instruction.jpg\"><img loading=\"lazy\" decoding=\"async\" class=\"aligncenter wp-image-4167 size-full\" src=\"https:\/\/standuppaddle.hu\/wp-content\/uploads\/2019\/10\/Airbelt_PFD_Fitting_Instruction.jpg\" alt=\"\" width=\"1120\" height=\"741\" srcset=\"https:\/\/standuppaddle.hu\/wp-content\/uploads\/2019\/10\/Airbelt_PFD_Fitting_Instruction.jpg 1120w, https:\/\/standuppaddle.hu\/wp-content\/uploads\/2019\/10\/Airbelt_PFD_Fitting_Instruction-300x198.jpg 300w, https:\/\/standuppaddle.hu\/wp-content\/uploads\/2019\/10\/Airbelt_PFD_Fitting_Instruction-1024x677.jpg 1024w, https:\/\/standuppaddle.hu\/wp-content\/uploads\/2019\/10\/Airbelt_PFD_Fitting_Instruction-768x508.jpg 768w, https:\/\/standuppaddle.hu\/wp-content\/uploads\/2019\/10\/Airbelt_PFD_Fitting_Instruction-391x260.jpg 391w, https:\/\/standuppaddle.hu\/wp-content\/uploads\/2019\/10\/Airbelt_PFD_Fitting_Instruction-600x397.jpg 600w\" sizes=\"auto, (max-width: 1120px) 100vw, 1120px\" \/><\/a><\/p>\n","protected":false},"excerpt":{"rendered":"<p>Eine unverzichtbare Sicherheitsvorrichtung f\u00fcr Teilnehmer an Wasseraktivit\u00e4ten, die eine stromlinienf\u00f6rmige und kompakte Alternative zu einer Schwimmweste suchen, die dem Benutzer maximale Freiheit und Komfort bietet. Der ISO-zertifizierte 50N-H\u00fcftgurt l\u00e4sst sich schnell und einfach einsetzen und sitzt bequem um die Taille. Ziehen Sie die aufblasbare Blase aus der Tasche, \u00fcber den Kopf und ziehen Sie den [&hellip;]<\/p>\n","protected":false},"featured_media":9121,"template":"","meta":{"ocean_post_layout":"","ocean_both_sidebars_style":"","ocean_both_sidebars_content_width":0,"ocean_both_sidebars_sidebars_width":0,"ocean_sidebar":"0","ocean_second_sidebar":"0","ocean_disable_margins":"enable","ocean_add_body_class":"","ocean_shortcode_before_top_bar":"","ocean_shortcode_after_top_bar":"","ocean_shortcode_before_header":"","ocean_shortcode_after_header":"","ocean_has_shortcode":"","ocean_shortcode_after_title":"","ocean_shortcode_before_footer_widgets":"","ocean_shortcode_after_footer_widgets":"","ocean_shortcode_before_footer_bottom":"","ocean_shortcode_after_footer_bottom":"","ocean_display_top_bar":"default","ocean_display_header":"default","ocean_header_style":"","ocean_center_header_left_menu":"0","ocean_custom_header_template":"0","ocean_custom_logo":0,"ocean_custom_retina_logo":0,"ocean_custom_logo_max_width":0,"ocean_custom_logo_tablet_max_width":0,"ocean_custom_logo_mobile_max_width":0,"ocean_custom_logo_max_height":0,"ocean_custom_logo_tablet_max_height":0,"ocean_custom_logo_mobile_max_height":0,"ocean_header_custom_menu":"0","ocean_menu_typo_font_family":"0","ocean_menu_typo_font_subset":"","ocean_menu_typo_font_size":0,"ocean_menu_typo_font_size_tablet":0,"ocean_menu_typo_font_size_mobile":0,"ocean_menu_typo_font_size_unit":"px","ocean_menu_typo_font_weight":"","ocean_menu_typo_font_weight_tablet":"","ocean_menu_typo_font_weight_mobile":"","ocean_menu_typo_transform":"","ocean_menu_typo_transform_tablet":"","ocean_menu_typo_transform_mobile":"","ocean_menu_typo_line_height":0,"ocean_menu_typo_line_height_tablet":0,"ocean_menu_typo_line_height_mobile":0,"ocean_menu_typo_line_height_unit":"","ocean_menu_typo_spacing":0,"ocean_menu_typo_spacing_tablet":0,"ocean_menu_typo_spacing_mobile":0,"ocean_menu_typo_spacing_unit":"","ocean_menu_link_color":"","ocean_menu_link_color_hover":"","ocean_menu_link_color_active":"","ocean_menu_link_background":"","ocean_menu_link_hover_background":"","ocean_menu_link_active_background":"","ocean_menu_social_links_bg":"","ocean_menu_social_hover_links_bg":"","ocean_menu_social_links_color":"","ocean_menu_social_hover_links_color":"","ocean_disable_title":"default","ocean_disable_heading":"default","ocean_post_title":"","ocean_post_subheading":"","ocean_post_title_style":"","ocean_post_title_background_color":"","ocean_post_title_background":0,"ocean_post_title_bg_image_position":"","ocean_post_title_bg_image_attachment":"","ocean_post_title_bg_image_repeat":"","ocean_post_title_bg_image_size":"","ocean_post_title_height":0,"ocean_post_title_bg_overlay":0.5,"ocean_post_title_bg_overlay_color":"","ocean_disable_breadcrumbs":"default","ocean_breadcrumbs_color":"","ocean_breadcrumbs_separator_color":"","ocean_breadcrumbs_links_color":"","ocean_breadcrumbs_links_hover_color":"","ocean_display_footer_widgets":"default","ocean_display_footer_bottom":"default","ocean_custom_footer_template":"0","footnotes":""},"product_brand":[],"product_cat":[210],"product_tag":[232],"class_list":{"0":"post-4168","1":"product","2":"type-product","3":"status-publish","4":"has-post-thumbnail","6":"product_cat-sup-zubehor","7":"product_tag-red-original-de","8":"product_shipping_class-s-paket","10":"entry","11":"has-media","13":"first","14":"instock","15":"taxable","16":"shipping-taxable","17":"purchasable","18":"product-type-variable","19":"has-default-attributes","20":"col","21":"span_1_of_3","22":"owp-content-center","23":"owp-thumbs-layout-horizontal","24":"owp-btn-normal","25":"owp-tabs-layout-section"},"yoast_head":"<!-- This site is optimized with the Yoast SEO plugin v27.3 - https:\/\/yoast.com\/product\/yoast-seo-wordpress\/ -->\n<title>SUP H\u00fcftgurt Rettungsweste - Stand Up Paddle<\/title>\n<meta name=\"robots\" content=\"index, follow, max-snippet:-1, max-image-preview:large, max-video-preview:-1\" \/>\n<link rel=\"canonical\" href=\"https:\/\/standuppaddle.hu\/de\/sup-webaruhaz-webshop\/sup-hueftgurt-rettungsweste\/\" \/>\n<meta property=\"og:locale\" content=\"de_DE\" \/>\n<meta property=\"og:type\" content=\"article\" \/>\n<meta property=\"og:title\" content=\"SUP H\u00fcftgurt Rettungsweste - Stand Up Paddle\" \/>\n<meta property=\"og:description\" content=\"Eine unverzichtbare Sicherheitsvorrichtung f\u00fcr Teilnehmer an Wasseraktivit\u00e4ten, die eine stromlinienf\u00f6rmige und kompakte Alternative zu einer Schwimmweste suchen, die dem Benutzer maximale Freiheit und Komfort bietet. Der ISO-zertifizierte 50N-H\u00fcftgurt l\u00e4sst sich schnell und einfach einsetzen und sitzt bequem um die Taille. Ziehen Sie die aufblasbare Blase aus der Tasche, \u00fcber den Kopf und ziehen Sie den [&hellip;]\" \/>\n<meta property=\"og:url\" content=\"https:\/\/standuppaddle.hu\/de\/sup-webaruhaz-webshop\/sup-hueftgurt-rettungsweste\/\" \/>\n<meta property=\"og:site_name\" content=\"Stand Up Paddle\" \/>\n<meta property=\"article:publisher\" content=\"https:\/\/www.facebook.com\/SUP.Center\/\" \/>\n<meta property=\"article:modified_time\" content=\"2022-12-29T19:53:40+00:00\" \/>\n<meta property=\"og:image\" content=\"https:\/\/standuppaddle.hu\/wp-content\/uploads\/2021\/01\/Red-Original-Airbelt-PFD.jpg\" \/>\n\t<meta property=\"og:image:width\" content=\"600\" \/>\n\t<meta property=\"og:image:height\" content=\"600\" \/>\n\t<meta property=\"og:image:type\" content=\"image\/jpeg\" \/>\n<meta name=\"twitter:card\" content=\"summary_large_image\" \/>\n<script type=\"application\/ld+json\" class=\"yoast-schema-graph\">{\"@context\":\"https:\\\/\\\/schema.org\",\"@graph\":[{\"@type\":\"WebPage\",\"@id\":\"https:\\\/\\\/standuppaddle.hu\\\/de\\\/sup-webaruhaz-webshop\\\/sup-hueftgurt-rettungsweste\\\/\",\"url\":\"https:\\\/\\\/standuppaddle.hu\\\/de\\\/sup-webaruhaz-webshop\\\/sup-hueftgurt-rettungsweste\\\/\",\"name\":\"SUP H\u00fcftgurt Rettungsweste - Stand Up Paddle\",\"isPartOf\":{\"@id\":\"https:\\\/\\\/standuppaddle.hu\\\/de\\\/#website\"},\"primaryImageOfPage\":{\"@id\":\"https:\\\/\\\/standuppaddle.hu\\\/de\\\/sup-webaruhaz-webshop\\\/sup-hueftgurt-rettungsweste\\\/#primaryimage\"},\"image\":{\"@id\":\"https:\\\/\\\/standuppaddle.hu\\\/de\\\/sup-webaruhaz-webshop\\\/sup-hueftgurt-rettungsweste\\\/#primaryimage\"},\"thumbnailUrl\":\"https:\\\/\\\/standuppaddle.hu\\\/wp-content\\\/uploads\\\/2021\\\/01\\\/Red-Original-Airbelt-PFD.jpg\",\"datePublished\":\"2015-01-14T11:11:38+00:00\",\"dateModified\":\"2022-12-29T19:53:40+00:00\",\"breadcrumb\":{\"@id\":\"https:\\\/\\\/standuppaddle.hu\\\/de\\\/sup-webaruhaz-webshop\\\/sup-hueftgurt-rettungsweste\\\/#breadcrumb\"},\"inLanguage\":\"de\",\"potentialAction\":[{\"@type\":\"ReadAction\",\"target\":[\"https:\\\/\\\/standuppaddle.hu\\\/de\\\/sup-webaruhaz-webshop\\\/sup-hueftgurt-rettungsweste\\\/\"]}]},{\"@type\":\"ImageObject\",\"inLanguage\":\"de\",\"@id\":\"https:\\\/\\\/standuppaddle.hu\\\/de\\\/sup-webaruhaz-webshop\\\/sup-hueftgurt-rettungsweste\\\/#primaryimage\",\"url\":\"https:\\\/\\\/standuppaddle.hu\\\/wp-content\\\/uploads\\\/2021\\\/01\\\/Red-Original-Airbelt-PFD.jpg\",\"contentUrl\":\"https:\\\/\\\/standuppaddle.hu\\\/wp-content\\\/uploads\\\/2021\\\/01\\\/Red-Original-Airbelt-PFD.jpg\",\"width\":600,\"height\":600},{\"@type\":\"BreadcrumbList\",\"@id\":\"https:\\\/\\\/standuppaddle.hu\\\/de\\\/sup-webaruhaz-webshop\\\/sup-hueftgurt-rettungsweste\\\/#breadcrumb\",\"itemListElement\":[{\"@type\":\"ListItem\",\"position\":1,\"name\":\"Home\",\"item\":\"https:\\\/\\\/standuppaddle.hu\\\/de\\\/\"},{\"@type\":\"ListItem\",\"position\":2,\"name\":\"SUP Produkte auf Lager:\",\"item\":\"https:\\\/\\\/standuppaddle.hu\\\/de\\\/sup-web-shop\\\/\"},{\"@type\":\"ListItem\",\"position\":3,\"name\":\"SUP H\u00fcftgurt Rettungsweste\"}]},{\"@type\":\"WebSite\",\"@id\":\"https:\\\/\\\/standuppaddle.hu\\\/de\\\/#website\",\"url\":\"https:\\\/\\\/standuppaddle.hu\\\/de\\\/\",\"name\":\"Stand Up Paddle\",\"description\":\"\u00e1llva evez\u00e9s - \u00e1ll\u00f3 sz\u00f6rf - SUP Center Balaton\",\"publisher\":{\"@id\":\"https:\\\/\\\/standuppaddle.hu\\\/de\\\/#organization\"},\"potentialAction\":[{\"@type\":\"SearchAction\",\"target\":{\"@type\":\"EntryPoint\",\"urlTemplate\":\"https:\\\/\\\/standuppaddle.hu\\\/de\\\/?s={search_term_string}\"},\"query-input\":{\"@type\":\"PropertyValueSpecification\",\"valueRequired\":true,\"valueName\":\"search_term_string\"}}],\"inLanguage\":\"de\"},{\"@type\":\"Organization\",\"@id\":\"https:\\\/\\\/standuppaddle.hu\\\/de\\\/#organization\",\"name\":\"SUP Center Balaton\",\"url\":\"https:\\\/\\\/standuppaddle.hu\\\/de\\\/\",\"logo\":{\"@type\":\"ImageObject\",\"inLanguage\":\"de\",\"@id\":\"https:\\\/\\\/standuppaddle.hu\\\/de\\\/#\\\/schema\\\/logo\\\/image\\\/\",\"url\":\"https:\\\/\\\/standuppaddle.hu\\\/wp-content\\\/uploads\\\/2019\\\/10\\\/sup-center-balaton-logo.jpg\",\"contentUrl\":\"https:\\\/\\\/standuppaddle.hu\\\/wp-content\\\/uploads\\\/2019\\\/10\\\/sup-center-balaton-logo.jpg\",\"width\":2492,\"height\":1075,\"caption\":\"SUP Center Balaton\"},\"image\":{\"@id\":\"https:\\\/\\\/standuppaddle.hu\\\/de\\\/#\\\/schema\\\/logo\\\/image\\\/\"},\"sameAs\":[\"https:\\\/\\\/www.facebook.com\\\/SUP.Center\\\/\",\"https:\\\/\\\/www.instagram.com\\\/sup_center_balaton\\\/\",\"https:\\\/\\\/www.youtube.com\\\/channel\\\/UCaX3OG6gvkhCqeZSw1zgTmw\"]}]}<\/script>\n<!-- \/ Yoast SEO plugin. -->","yoast_head_json":{"title":"SUP H\u00fcftgurt Rettungsweste - Stand Up Paddle","robots":{"index":"index","follow":"follow","max-snippet":"max-snippet:-1","max-image-preview":"max-image-preview:large","max-video-preview":"max-video-preview:-1"},"canonical":"https:\/\/standuppaddle.hu\/de\/sup-webaruhaz-webshop\/sup-hueftgurt-rettungsweste\/","og_locale":"de_DE","og_type":"article","og_title":"SUP H\u00fcftgurt Rettungsweste - Stand Up Paddle","og_description":"Eine unverzichtbare Sicherheitsvorrichtung f\u00fcr Teilnehmer an Wasseraktivit\u00e4ten, die eine stromlinienf\u00f6rmige und kompakte Alternative zu einer Schwimmweste suchen, die dem Benutzer maximale Freiheit und Komfort bietet. Der ISO-zertifizierte 50N-H\u00fcftgurt l\u00e4sst sich schnell und einfach einsetzen und sitzt bequem um die Taille. Ziehen Sie die aufblasbare Blase aus der Tasche, \u00fcber den Kopf und ziehen Sie den [&hellip;]","og_url":"https:\/\/standuppaddle.hu\/de\/sup-webaruhaz-webshop\/sup-hueftgurt-rettungsweste\/","og_site_name":"Stand Up Paddle","article_publisher":"https:\/\/www.facebook.com\/SUP.Center\/","article_modified_time":"2022-12-29T19:53:40+00:00","og_image":[{"width":600,"height":600,"url":"https:\/\/standuppaddle.hu\/wp-content\/uploads\/2021\/01\/Red-Original-Airbelt-PFD.jpg","type":"image\/jpeg"}],"twitter_card":"summary_large_image","schema":{"@context":"https:\/\/schema.org","@graph":[{"@type":"WebPage","@id":"https:\/\/standuppaddle.hu\/de\/sup-webaruhaz-webshop\/sup-hueftgurt-rettungsweste\/","url":"https:\/\/standuppaddle.hu\/de\/sup-webaruhaz-webshop\/sup-hueftgurt-rettungsweste\/","name":"SUP H\u00fcftgurt Rettungsweste - Stand Up Paddle","isPartOf":{"@id":"https:\/\/standuppaddle.hu\/de\/#website"},"primaryImageOfPage":{"@id":"https:\/\/standuppaddle.hu\/de\/sup-webaruhaz-webshop\/sup-hueftgurt-rettungsweste\/#primaryimage"},"image":{"@id":"https:\/\/standuppaddle.hu\/de\/sup-webaruhaz-webshop\/sup-hueftgurt-rettungsweste\/#primaryimage"},"thumbnailUrl":"https:\/\/standuppaddle.hu\/wp-content\/uploads\/2021\/01\/Red-Original-Airbelt-PFD.jpg","datePublished":"2015-01-14T11:11:38+00:00","dateModified":"2022-12-29T19:53:40+00:00","breadcrumb":{"@id":"https:\/\/standuppaddle.hu\/de\/sup-webaruhaz-webshop\/sup-hueftgurt-rettungsweste\/#breadcrumb"},"inLanguage":"de","potentialAction":[{"@type":"ReadAction","target":["https:\/\/standuppaddle.hu\/de\/sup-webaruhaz-webshop\/sup-hueftgurt-rettungsweste\/"]}]},{"@type":"ImageObject","inLanguage":"de","@id":"https:\/\/standuppaddle.hu\/de\/sup-webaruhaz-webshop\/sup-hueftgurt-rettungsweste\/#primaryimage","url":"https:\/\/standuppaddle.hu\/wp-content\/uploads\/2021\/01\/Red-Original-Airbelt-PFD.jpg","contentUrl":"https:\/\/standuppaddle.hu\/wp-content\/uploads\/2021\/01\/Red-Original-Airbelt-PFD.jpg","width":600,"height":600},{"@type":"BreadcrumbList","@id":"https:\/\/standuppaddle.hu\/de\/sup-webaruhaz-webshop\/sup-hueftgurt-rettungsweste\/#breadcrumb","itemListElement":[{"@type":"ListItem","position":1,"name":"Home","item":"https:\/\/standuppaddle.hu\/de\/"},{"@type":"ListItem","position":2,"name":"SUP Produkte auf Lager:","item":"https:\/\/standuppaddle.hu\/de\/sup-web-shop\/"},{"@type":"ListItem","position":3,"name":"SUP H\u00fcftgurt Rettungsweste"}]},{"@type":"WebSite","@id":"https:\/\/standuppaddle.hu\/de\/#website","url":"https:\/\/standuppaddle.hu\/de\/","name":"Stand Up Paddle","description":"\u00e1llva evez\u00e9s - \u00e1ll\u00f3 sz\u00f6rf - SUP Center Balaton","publisher":{"@id":"https:\/\/standuppaddle.hu\/de\/#organization"},"potentialAction":[{"@type":"SearchAction","target":{"@type":"EntryPoint","urlTemplate":"https:\/\/standuppaddle.hu\/de\/?s={search_term_string}"},"query-input":{"@type":"PropertyValueSpecification","valueRequired":true,"valueName":"search_term_string"}}],"inLanguage":"de"},{"@type":"Organization","@id":"https:\/\/standuppaddle.hu\/de\/#organization","name":"SUP Center Balaton","url":"https:\/\/standuppaddle.hu\/de\/","logo":{"@type":"ImageObject","inLanguage":"de","@id":"https:\/\/standuppaddle.hu\/de\/#\/schema\/logo\/image\/","url":"https:\/\/standuppaddle.hu\/wp-content\/uploads\/2019\/10\/sup-center-balaton-logo.jpg","contentUrl":"https:\/\/standuppaddle.hu\/wp-content\/uploads\/2019\/10\/sup-center-balaton-logo.jpg","width":2492,"height":1075,"caption":"SUP Center Balaton"},"image":{"@id":"https:\/\/standuppaddle.hu\/de\/#\/schema\/logo\/image\/"},"sameAs":["https:\/\/www.facebook.com\/SUP.Center\/","https:\/\/www.instagram.com\/sup_center_balaton\/","https:\/\/www.youtube.com\/channel\/UCaX3OG6gvkhCqeZSw1zgTmw"]}]}},"_links":{"self":[{"href":"https:\/\/standuppaddle.hu\/de\/wp-json\/wp\/v2\/product\/4168","targetHints":{"allow":["GET"]}}],"collection":[{"href":"https:\/\/standuppaddle.hu\/de\/wp-json\/wp\/v2\/product"}],"about":[{"href":"https:\/\/standuppaddle.hu\/de\/wp-json\/wp\/v2\/types\/product"}],"version-history":[{"count":1,"href":"https:\/\/standuppaddle.hu\/de\/wp-json\/wp\/v2\/product\/4168\/revisions"}],"predecessor-version":[{"id":11142,"href":"https:\/\/standuppaddle.hu\/de\/wp-json\/wp\/v2\/product\/4168\/revisions\/11142"}],"wp:featuredmedia":[{"embeddable":true,"href":"https:\/\/standuppaddle.hu\/de\/wp-json\/wp\/v2\/media\/9121"}],"wp:attachment":[{"href":"https:\/\/standuppaddle.hu\/de\/wp-json\/wp\/v2\/media?parent=4168"}],"wp:term":[{"taxonomy":"product_brand","embeddable":true,"href":"https:\/\/standuppaddle.hu\/de\/wp-json\/wp\/v2\/product_brand?post=4168"},{"taxonomy":"product_cat","embeddable":true,"href":"https:\/\/standuppaddle.hu\/de\/wp-json\/wp\/v2\/product_cat?post=4168"},{"taxonomy":"product_tag","embeddable":true,"href":"https:\/\/standuppaddle.hu\/de\/wp-json\/wp\/v2\/product_tag?post=4168"}],"curies":[{"name":"wp","href":"https:\/\/api.w.org\/{rel}","templated":true}]}}