{"id":12889,"date":"2026-02-12T10:04:38","date_gmt":"2026-02-12T09:04:38","guid":{"rendered":"https:\/\/standuppaddle.hu\/?post_type=product&#038;p=12889"},"modified":"2025-02-12T10:54:45","modified_gmt":"2025-02-12T09:54:45","slug":"red-96-compact-set","status":"publish","type":"product","link":"https:\/\/standuppaddle.hu\/de\/sup-webaruhaz-webshop\/red-96-compact-set\/","title":{"rendered":"RED 9&#8217;6 Compact Set"},"content":{"rendered":"<h3>RED 9&#8217;6 COMPACT SET<\/h3>\n<p>Das RED 9&#8217;6 Compact, das kleinste Allround-SUP-Paket der Welt, definiert ein v\u00f6llig neues Niveau der Packbarkeit aufblasbarer SUPs. Ein \u00e4u\u00dferst transportabler, hochwertiger Allrounder, der f\u00fcr reisende Paddler alles kann.<\/p>\n<p>Basierend auf dem preisgekr\u00f6nten Design des legend\u00e4ren 10&#8217;6 Ride, reduziert auf eine k\u00fcrzere Form, die sich perfekt f\u00fcr einfachen Transport und vielseitige Verwendung eignet. Doch die reduzierte Gr\u00f6\u00dfe t\u00e4uscht \u00fcber seine hohe Tragf\u00e4higkeit hinweg, sodass es f\u00fcr eine ganze Reihe von Paddlern bis zu 95 kg geeignet ist. Ein benutzerfreundliches abgerundetes Bugprofil und eine gro\u00dfz\u00fcgige Breite von 32 Zoll sorgen f\u00fcr Stabilit\u00e4t und gew\u00e4hrleisten eine bequeme Fahrt unter allen Bedingungen.<\/p>\n<p>Gefertigt aus unserem einzigartigen hochdichten MSL\u00ae PACT\u2122-Material mit Quad-Stringer f\u00fcr erh\u00f6hte Steifigkeit, erm\u00f6glicht unser patentiertes Design, dass Compacts vor dem Rollen in zwei H\u00e4lften gefaltet werden k\u00f6nnen, was un\u00fcbertroffene Aufbewahrungs- und Transportm\u00f6glichkeiten bietet, ohne die ber\u00fchmte RED Steifigkeit und Haltbarkeit zu beeintr\u00e4chtigen. Das Paket umfasst ein f\u00fcnfteiliges verstellbares Carbonpaddel, eine Spiralleine, abnehmbare Click Fins und eine Titan II-Pumpe, alles in unserem 75-Liter-Kompaktrucksack.<\/p>\n<p><strong>PACT<sup>TM<\/sup>-TECHNOLOGIE:<\/strong> Diese v\u00f6llig neue, patentierte Technologie kommt exklusiv bei den Compact Boards zum Einsatz und umfasst eine Webtechnik, die eine fortschrittliche Gewebematrix im Kern des Boards kreiert. In Kombination mit der \u00e4u\u00dferst widerstandsf\u00e4higen und dennoch geschmeidigen Au\u00dfenschicht und dem einzigartigen Quad-Stringer-System entsteht so ein enorm verwindungssteifes Board, das sich kompakt einpacken l\u00e4sst.<\/p>\n<p><span lang=\"DE\"><strong>5-teiliges Paddel:<\/strong>\u00a0 <\/span><span lang=\"DE\">Ein smartes Performance-Paddel \u2026<\/span><span lang=\"DE\">\u00a0<\/span><span lang=\"DE\">F\u00fcr mehrere Jahre haben wir geforscht und getestet, um ein leichtes, robustes und unglaublich kompaktes Paddel zu entwickeln. Das Ergebnis ist unser voll verstellbares, f\u00fcnfteiliges Paddel, das erste seiner Art. Durch den Einsatz von High-Modulus-Carbon ist es enorm verwindungssteif und reaktionsstark. Die Lasergravur auf dem Nylon-Blatt macht Druckfarben \u00fcberfl\u00fcssig und bietet ein Design, das seine \u00c4sthetik auf Dauer erh\u00e4lt.\u00a0<\/span><\/p>\n<div>\n<p><span lang=\"DE\">Die neue verdrehungssichere Push-Pin-Technologie sorgt daf\u00fcr, dass das Paddel perfekt in den Rucksack passt und da individuelle Teile entfernt werden k\u00f6nnen, ist dies wahrhaft ein Paddel f\u00fcr die ganze Familie!<\/span><\/p>\n<p><span lang=\"DE\"><strong>Click Finnen:<\/strong> Klicken und loslegen \u2026<\/span><span lang=\"DE\">\u00a0<\/span><span lang=\"DE\">Unser brandneues Click-Finnen-System gibt es exklusiv nur mit dem neuen Compact Brettern. Die Finnen lassen sich rekordverd\u00e4chtig schnell mit einem einfachen Klick anbringen. F\u00fcr zus\u00e4tzliche Sicherheit oder f\u00fcr l\u00e4ngere Touren kann zudem eine Schraube eingesetzt werden. Die Fin-Boxen sind aber auch mit den Standard-FCS-Finnen kompatibel, sodass du die Performance deines Boards auf dem Wasser deinen individuellen W\u00fcnschen und den Bedingungen entsprechend anpassen kannst.<\/span><\/p>\n<p><b>Titan Pumpe II: <\/b>Die neu optimierte, kleinere Titan Pumpe II halbiert die Zeit und den Aufwand beim Aufpumpen deines SUP Boards. Die Standbeine k\u00f6nnen weggeklappt werden und der Griff ist abnehmbar. So wird die SUP Pumpe schmaler und kann leicht mit dem Brett aufgerollt werden.<\/p>\n<p><strong>Compact Rucksack:<\/strong> Der hochwertige Rucksack des COMPACT verf\u00fcgt \u00fcber zahlreiche Verstelloptionen sowie gro\u00dfartige Schulter- und R\u00fcckenst\u00fctzen f\u00fcr einen einmaligen Tragekomfort. Wir sind \u00fcberzeugt, dass dies der hochentwickeltste SUP-Rucksack der Welt ist. Er reduziert die Belastung des unteren R\u00fcckens um 53 %, sodass du ihn l\u00e4nger problemlos tragen kannst. Dank der anpassbaren Lendenwirbelst\u00fctze und h\u00f6henverstellbaren Elementen l\u00e4sst er sich au\u00dferdem auf jede K\u00f6rpergr\u00f6\u00dfe anpassen. Doch das ist nicht alles! Alle diese Features machen den Transport des Boards zum Kinderspiel, auf einem kurzen Spaziergang zum Wasser ebenso wie auf unvergesslichen Abenteuern.<\/p>\n<\/div>\n<div><b>Gep\u00e4cksystem mit flachen Spanngurten:<\/b>\u00a0Ebenfalls von RED Paddle Co. entwickelt. Die breiten elastischen Gurte bieten einen besseren Halt (\u00e4hnlich wie Spanngurte bei Dachtr\u00e4gern). Speziell kleinere Gegenst\u00e4nde, wie zum Beispiel Wasserflaschen, werden so stabil am SUP fixiert.<\/div>\n<div><\/div>\n<div><strong>Zubeh\u00f6rhalterung:<\/strong>\u00a0Ein integriertes M6 Gewinde macht die Anbringung einer\u00a0<a href=\"https:\/\/standuppaddle.hu\/de\/sup-webaruhaz-webshop\/sup-kamerahalterung\/\" target=\"_blank\" rel=\"noopener\">GoPro Halterun<\/a>g oder anderen Zubeh\u00f6rhalterungen und\u00a0<a href=\"https:\/\/www.rammount.com\/\" target=\"_blank\" rel=\"noopener\">Ram Mount<\/a>\u00a0oder\u00a0<a href=\"https:\/\/www.railblaza.com\/\" target=\"_blank\" rel=\"noopener\">Railblaza<\/a>\u00a0m\u00f6glich-<\/div>\n<div><\/div>\n<div><strong>Folgendes ist im RED 9&#8217;6 Compact Set enthalten:<\/strong><\/div>\n<ul>\n<li>Brett<\/li>\n<li>5-teiliges Carbon Paddel<\/li>\n<li>Titan Pumpe II<\/li>\n<li>Leash<\/li>\n<li>Rucksack<\/li>\n<li>Service Set<\/li>\n<li>Wasserfeste Telefonh\u00fclle<\/li>\n<\/ul>\n<div class=\"elementor-element elementor-element-28e00277 elementor-widget elementor-widget-text-editor\" data-id=\"28e00277\" data-element_type=\"widget\" data-widget_type=\"text-editor.default\">\n<div class=\"elementor-widget-container\">\n<div class=\"elementor-text-editor elementor-clearfix\">\n<table class=\"woocommerce-product-attributes shop_attributes\">\n<tbody>\n<tr class=\"woocommerce-product-attributes-item woocommerce-product-attributes-item--0\">\n<th class=\"woocommerce-product-attributes-item__label\">BRETT VOLUMEN<\/th>\n<td class=\"woocommerce-product-attributes-item__value\">\u00a0222 liter<\/td>\n<\/tr>\n<tr class=\"woocommerce-product-attributes-item woocommerce-product-attributes-item--1\">\n<th class=\"woocommerce-product-attributes-item__label\">MAX. PADDLER GEWICHT<\/th>\n<td class=\"woocommerce-product-attributes-item__value\">85 kg<\/td>\n<\/tr>\n<tr class=\"woocommerce-product-attributes-item woocommerce-product-attributes-item--2\">\n<th class=\"woocommerce-product-attributes-item__label\">MAX. BELASTUNG<\/th>\n<td class=\"woocommerce-product-attributes-item__value\">122 kg<\/td>\n<\/tr>\n<tr class=\"woocommerce-product-attributes-item woocommerce-product-attributes-item--3\">\n<th class=\"woocommerce-product-attributes-item__label\">L\u00c4NGE<\/th>\n<td class=\"woocommerce-product-attributes-item__value\">9&#8217;6&#8243; \/ 290 cm<\/td>\n<\/tr>\n<tr class=\"woocommerce-product-attributes-item woocommerce-product-attributes-item--4\">\n<th class=\"woocommerce-product-attributes-item__label\">BREITE<\/th>\n<td class=\"woocommerce-product-attributes-item__value\">32\u2033 \/ 81cm<\/td>\n<\/tr>\n<tr class=\"woocommerce-product-attributes-item woocommerce-product-attributes-item--5\">\n<th class=\"woocommerce-product-attributes-item__label\">BRETT GEWICHT<\/th>\n<td class=\"woocommerce-product-attributes-item__value\">7,25 kg<\/td>\n<\/tr>\n<tr class=\"woocommerce-product-attributes-item woocommerce-product-attributes-item--6\">\n<th class=\"woocommerce-product-attributes-item__label\">KOMPL. PACKET GEWICHT<\/th>\n<td class=\"woocommerce-product-attributes-item__value\">12,7 kg<\/td>\n<\/tr>\n<tr class=\"woocommerce-product-attributes-item woocommerce-product-attributes-item--7\">\n<th class=\"woocommerce-product-attributes-item__label\">PERSONEN<\/th>\n<td class=\"woocommerce-product-attributes-item__value\">1-2<\/td>\n<\/tr>\n<tr class=\"woocommerce-product-attributes-item woocommerce-product-attributes-item--8\">\n<th class=\"woocommerce-product-attributes-item__label\">RUCKSACK<\/th>\n<td class=\"woocommerce-product-attributes-item__value\">60cm (h) x 42cm (sz) x 36cm (m)<\/td>\n<\/tr>\n<tr class=\"woocommerce-product-attributes-item woocommerce-product-attributes-item--9\">\n<th class=\"woocommerce-product-attributes-item__label\">RUCKSACK VOLUMEN<\/th>\n<td class=\"woocommerce-product-attributes-item__value\">70 liter<\/td>\n<\/tr>\n<tr class=\"woocommerce-product-attributes-item woocommerce-product-attributes-item--10\">\n<th class=\"woocommerce-product-attributes-item__label\">FINNEN<\/th>\n<td class=\"woocommerce-product-attributes-item__value\">2x &#8222;Twin Click&#8220; Finnen<\/td>\n<\/tr>\n<\/tbody>\n<\/table>\n<\/div>\n<\/div>\n<\/div>\n","protected":false},"excerpt":{"rendered":"<p><img loading=\"lazy\" decoding=\"async\" class=\"size-full wp-image-7769 alignleft\" src=\"http:\/\/standuppaddle.hu\/wp-content\/uploads\/2021\/10\/5-yr-warranty.png\" alt=\"\" width=\"150\" height=\"150\" srcset=\"https:\/\/standuppaddle.hu\/wp-content\/uploads\/2021\/10\/5-yr-warranty.png 150w, https:\/\/standuppaddle.hu\/wp-content\/uploads\/2021\/10\/5-yr-warranty-100x100.png 100w\" sizes=\"auto, (max-width: 150px) 100vw, 150px\" \/><img loading=\"lazy\" decoding=\"async\" class=\"alignnone size-full wp-image-8294\" src=\"https:\/\/standuppaddle.hu\/wp-content\/uploads\/2021\/12\/free-sup-delivery.jpg\" alt=\"\" width=\"159\" height=\"150\" \/><\/p>\n<div class=\"woocommerce-product-details__short-description\">\n<p>5 Jahre Garantie<\/p>\n<\/div>\n","protected":false},"featured_media":12896,"template":"","meta":{"ocean_post_layout":"","ocean_both_sidebars_style":"","ocean_both_sidebars_content_width":0,"ocean_both_sidebars_sidebars_width":0,"ocean_sidebar":"0","ocean_second_sidebar":"0","ocean_disable_margins":"enable","ocean_add_body_class":"","ocean_shortcode_before_top_bar":"","ocean_shortcode_after_top_bar":"","ocean_shortcode_before_header":"","ocean_shortcode_after_header":"","ocean_has_shortcode":"","ocean_shortcode_after_title":"","ocean_shortcode_before_footer_widgets":"","ocean_shortcode_after_footer_widgets":"","ocean_shortcode_before_footer_bottom":"","ocean_shortcode_after_footer_bottom":"","ocean_display_top_bar":"default","ocean_display_header":"default","ocean_header_style":"","ocean_center_header_left_menu":"0","ocean_custom_header_template":"0","ocean_custom_logo":0,"ocean_custom_retina_logo":0,"ocean_custom_logo_max_width":0,"ocean_custom_logo_tablet_max_width":0,"ocean_custom_logo_mobile_max_width":0,"ocean_custom_logo_max_height":0,"ocean_custom_logo_tablet_max_height":0,"ocean_custom_logo_mobile_max_height":0,"ocean_header_custom_menu":"0","ocean_menu_typo_font_family":"0","ocean_menu_typo_font_subset":"","ocean_menu_typo_font_size":0,"ocean_menu_typo_font_size_tablet":0,"ocean_menu_typo_font_size_mobile":0,"ocean_menu_typo_font_size_unit":"px","ocean_menu_typo_font_weight":"","ocean_menu_typo_font_weight_tablet":"","ocean_menu_typo_font_weight_mobile":"","ocean_menu_typo_transform":"","ocean_menu_typo_transform_tablet":"","ocean_menu_typo_transform_mobile":"","ocean_menu_typo_line_height":0,"ocean_menu_typo_line_height_tablet":0,"ocean_menu_typo_line_height_mobile":0,"ocean_menu_typo_line_height_unit":"","ocean_menu_typo_spacing":0,"ocean_menu_typo_spacing_tablet":0,"ocean_menu_typo_spacing_mobile":0,"ocean_menu_typo_spacing_unit":"","ocean_menu_link_color":"","ocean_menu_link_color_hover":"","ocean_menu_link_color_active":"","ocean_menu_link_background":"","ocean_menu_link_hover_background":"","ocean_menu_link_active_background":"","ocean_menu_social_links_bg":"","ocean_menu_social_hover_links_bg":"","ocean_menu_social_links_color":"","ocean_menu_social_hover_links_color":"","ocean_disable_title":"default","ocean_disable_heading":"default","ocean_post_title":"","ocean_post_subheading":"","ocean_post_title_style":"","ocean_post_title_background_color":"","ocean_post_title_background":0,"ocean_post_title_bg_image_position":"","ocean_post_title_bg_image_attachment":"","ocean_post_title_bg_image_repeat":"","ocean_post_title_bg_image_size":"","ocean_post_title_height":0,"ocean_post_title_bg_overlay":0.5,"ocean_post_title_bg_overlay_color":"","ocean_disable_breadcrumbs":"default","ocean_breadcrumbs_color":"","ocean_breadcrumbs_separator_color":"","ocean_breadcrumbs_links_color":"","ocean_breadcrumbs_links_hover_color":"","ocean_display_footer_widgets":"default","ocean_display_footer_bottom":"default","ocean_custom_footer_template":"0","footnotes":""},"product_brand":[],"product_cat":[632,200,586,222,198],"product_tag":[230],"class_list":{"0":"post-12889","1":"product","2":"type-product","3":"status-publish","4":"has-post-thumbnail","6":"product_cat-v4-de","7":"product_cat-all-round-sup-bretter","8":"product_cat-compact-sup-pakete","9":"product_cat-isups-aufblasbar","10":"product_cat-sup-abverkauf-angebote","11":"product_tag-red-paddle-co-de","12":"product_shipping_class-xl-paket","14":"entry","15":"has-media","17":"first","18":"instock","19":"sale","20":"taxable","21":"shipping-taxable","22":"purchasable","23":"product-type-simple","24":"col","25":"span_1_of_3","26":"owp-content-center","27":"owp-thumbs-layout-horizontal","28":"owp-btn-normal","29":"owp-tabs-layout-section"},"yoast_head":"<!-- This site is optimized with the Yoast SEO plugin v27.3 - https:\/\/yoast.com\/product\/yoast-seo-wordpress\/ -->\n<title>RED 9&#039;6 Compact Set - Stand Up Paddle<\/title>\n<meta name=\"description\" content=\"Das RED 9&#039;6 Compact Set, das kleinste Allround-SUP-Paket der Welt, definiert ein v\u00f6llig neues Niveau der Packbarkeit aufblasbarer SUPs.\" \/>\n<meta name=\"robots\" content=\"index, follow, max-snippet:-1, max-image-preview:large, max-video-preview:-1\" \/>\n<link rel=\"canonical\" href=\"https:\/\/standuppaddle.hu\/de\/sup-webaruhaz-webshop\/red-96-compact-set\/\" \/>\n<meta property=\"og:locale\" content=\"de_DE\" \/>\n<meta property=\"og:type\" content=\"article\" \/>\n<meta property=\"og:title\" content=\"RED 9&#039;6 Compact Set - Stand Up Paddle\" \/>\n<meta property=\"og:description\" content=\"Das RED 9&#039;6 Compact Set, das kleinste Allround-SUP-Paket der Welt, definiert ein v\u00f6llig neues Niveau der Packbarkeit aufblasbarer SUPs.\" \/>\n<meta property=\"og:url\" content=\"https:\/\/standuppaddle.hu\/de\/sup-webaruhaz-webshop\/red-96-compact-set\/\" \/>\n<meta property=\"og:site_name\" content=\"Stand Up Paddle\" \/>\n<meta property=\"article:publisher\" content=\"https:\/\/www.facebook.com\/SUP.Center\/\" \/>\n<meta property=\"og:image\" content=\"https:\/\/standuppaddle.hu\/wp-content\/uploads\/2025\/02\/red-9.6-compact-szet.jpg\" \/>\n\t<meta property=\"og:image:width\" content=\"1000\" \/>\n\t<meta property=\"og:image:height\" content=\"1000\" \/>\n\t<meta property=\"og:image:type\" content=\"image\/jpeg\" \/>\n<meta name=\"twitter:card\" content=\"summary_large_image\" \/>\n<meta name=\"twitter:label1\" content=\"Gesch\u00e4tzte Lesezeit\" \/>\n\t<meta name=\"twitter:data1\" content=\"4\u00a0Minuten\" \/>\n<script type=\"application\/ld+json\" class=\"yoast-schema-graph\">{\"@context\":\"https:\\\/\\\/schema.org\",\"@graph\":[{\"@type\":\"WebPage\",\"@id\":\"https:\\\/\\\/standuppaddle.hu\\\/de\\\/sup-webaruhaz-webshop\\\/red-96-compact-set\\\/\",\"url\":\"https:\\\/\\\/standuppaddle.hu\\\/de\\\/sup-webaruhaz-webshop\\\/red-96-compact-set\\\/\",\"name\":\"RED 9'6 Compact Set - Stand Up Paddle\",\"isPartOf\":{\"@id\":\"https:\\\/\\\/standuppaddle.hu\\\/de\\\/#website\"},\"primaryImageOfPage\":{\"@id\":\"https:\\\/\\\/standuppaddle.hu\\\/de\\\/sup-webaruhaz-webshop\\\/red-96-compact-set\\\/#primaryimage\"},\"image\":{\"@id\":\"https:\\\/\\\/standuppaddle.hu\\\/de\\\/sup-webaruhaz-webshop\\\/red-96-compact-set\\\/#primaryimage\"},\"thumbnailUrl\":\"https:\\\/\\\/standuppaddle.hu\\\/wp-content\\\/uploads\\\/2025\\\/02\\\/red-9.6-compact-szet.jpg\",\"datePublished\":\"2026-02-12T09:04:38+00:00\",\"description\":\"Das RED 9'6 Compact Set, das kleinste Allround-SUP-Paket der Welt, definiert ein v\u00f6llig neues Niveau der Packbarkeit aufblasbarer SUPs.\",\"breadcrumb\":{\"@id\":\"https:\\\/\\\/standuppaddle.hu\\\/de\\\/sup-webaruhaz-webshop\\\/red-96-compact-set\\\/#breadcrumb\"},\"inLanguage\":\"de\",\"potentialAction\":[{\"@type\":\"ReadAction\",\"target\":[\"https:\\\/\\\/standuppaddle.hu\\\/de\\\/sup-webaruhaz-webshop\\\/red-96-compact-set\\\/\"]}]},{\"@type\":\"ImageObject\",\"inLanguage\":\"de\",\"@id\":\"https:\\\/\\\/standuppaddle.hu\\\/de\\\/sup-webaruhaz-webshop\\\/red-96-compact-set\\\/#primaryimage\",\"url\":\"https:\\\/\\\/standuppaddle.hu\\\/wp-content\\\/uploads\\\/2025\\\/02\\\/red-9.6-compact-szet.jpg\",\"contentUrl\":\"https:\\\/\\\/standuppaddle.hu\\\/wp-content\\\/uploads\\\/2025\\\/02\\\/red-9.6-compact-szet.jpg\",\"width\":1000,\"height\":1000},{\"@type\":\"BreadcrumbList\",\"@id\":\"https:\\\/\\\/standuppaddle.hu\\\/de\\\/sup-webaruhaz-webshop\\\/red-96-compact-set\\\/#breadcrumb\",\"itemListElement\":[{\"@type\":\"ListItem\",\"position\":1,\"name\":\"Home\",\"item\":\"https:\\\/\\\/standuppaddle.hu\\\/de\\\/\"},{\"@type\":\"ListItem\",\"position\":2,\"name\":\"SUP Produkte auf Lager:\",\"item\":\"https:\\\/\\\/standuppaddle.hu\\\/de\\\/sup-web-shop\\\/\"},{\"@type\":\"ListItem\",\"position\":3,\"name\":\"RED 9&#8217;6 Compact Set\"}]},{\"@type\":\"WebSite\",\"@id\":\"https:\\\/\\\/standuppaddle.hu\\\/de\\\/#website\",\"url\":\"https:\\\/\\\/standuppaddle.hu\\\/de\\\/\",\"name\":\"Stand Up Paddle\",\"description\":\"\u00e1llva evez\u00e9s - \u00e1ll\u00f3 sz\u00f6rf - SUP Center Balaton\",\"publisher\":{\"@id\":\"https:\\\/\\\/standuppaddle.hu\\\/de\\\/#organization\"},\"potentialAction\":[{\"@type\":\"SearchAction\",\"target\":{\"@type\":\"EntryPoint\",\"urlTemplate\":\"https:\\\/\\\/standuppaddle.hu\\\/de\\\/?s={search_term_string}\"},\"query-input\":{\"@type\":\"PropertyValueSpecification\",\"valueRequired\":true,\"valueName\":\"search_term_string\"}}],\"inLanguage\":\"de\"},{\"@type\":\"Organization\",\"@id\":\"https:\\\/\\\/standuppaddle.hu\\\/de\\\/#organization\",\"name\":\"SUP Center Balaton\",\"url\":\"https:\\\/\\\/standuppaddle.hu\\\/de\\\/\",\"logo\":{\"@type\":\"ImageObject\",\"inLanguage\":\"de\",\"@id\":\"https:\\\/\\\/standuppaddle.hu\\\/de\\\/#\\\/schema\\\/logo\\\/image\\\/\",\"url\":\"https:\\\/\\\/standuppaddle.hu\\\/wp-content\\\/uploads\\\/2019\\\/10\\\/sup-center-balaton-logo.jpg\",\"contentUrl\":\"https:\\\/\\\/standuppaddle.hu\\\/wp-content\\\/uploads\\\/2019\\\/10\\\/sup-center-balaton-logo.jpg\",\"width\":2492,\"height\":1075,\"caption\":\"SUP Center Balaton\"},\"image\":{\"@id\":\"https:\\\/\\\/standuppaddle.hu\\\/de\\\/#\\\/schema\\\/logo\\\/image\\\/\"},\"sameAs\":[\"https:\\\/\\\/www.facebook.com\\\/SUP.Center\\\/\",\"https:\\\/\\\/www.instagram.com\\\/sup_center_balaton\\\/\",\"https:\\\/\\\/www.youtube.com\\\/channel\\\/UCaX3OG6gvkhCqeZSw1zgTmw\"]}]}<\/script>\n<!-- \/ Yoast SEO plugin. -->","yoast_head_json":{"title":"RED 9'6 Compact Set - Stand Up Paddle","description":"Das RED 9'6 Compact Set, das kleinste Allround-SUP-Paket der Welt, definiert ein v\u00f6llig neues Niveau der Packbarkeit aufblasbarer SUPs.","robots":{"index":"index","follow":"follow","max-snippet":"max-snippet:-1","max-image-preview":"max-image-preview:large","max-video-preview":"max-video-preview:-1"},"canonical":"https:\/\/standuppaddle.hu\/de\/sup-webaruhaz-webshop\/red-96-compact-set\/","og_locale":"de_DE","og_type":"article","og_title":"RED 9'6 Compact Set - Stand Up Paddle","og_description":"Das RED 9'6 Compact Set, das kleinste Allround-SUP-Paket der Welt, definiert ein v\u00f6llig neues Niveau der Packbarkeit aufblasbarer SUPs.","og_url":"https:\/\/standuppaddle.hu\/de\/sup-webaruhaz-webshop\/red-96-compact-set\/","og_site_name":"Stand Up Paddle","article_publisher":"https:\/\/www.facebook.com\/SUP.Center\/","og_image":[{"width":1000,"height":1000,"url":"https:\/\/standuppaddle.hu\/wp-content\/uploads\/2025\/02\/red-9.6-compact-szet.jpg","type":"image\/jpeg"}],"twitter_card":"summary_large_image","twitter_misc":{"Gesch\u00e4tzte Lesezeit":"4\u00a0Minuten"},"schema":{"@context":"https:\/\/schema.org","@graph":[{"@type":"WebPage","@id":"https:\/\/standuppaddle.hu\/de\/sup-webaruhaz-webshop\/red-96-compact-set\/","url":"https:\/\/standuppaddle.hu\/de\/sup-webaruhaz-webshop\/red-96-compact-set\/","name":"RED 9'6 Compact Set - Stand Up Paddle","isPartOf":{"@id":"https:\/\/standuppaddle.hu\/de\/#website"},"primaryImageOfPage":{"@id":"https:\/\/standuppaddle.hu\/de\/sup-webaruhaz-webshop\/red-96-compact-set\/#primaryimage"},"image":{"@id":"https:\/\/standuppaddle.hu\/de\/sup-webaruhaz-webshop\/red-96-compact-set\/#primaryimage"},"thumbnailUrl":"https:\/\/standuppaddle.hu\/wp-content\/uploads\/2025\/02\/red-9.6-compact-szet.jpg","datePublished":"2026-02-12T09:04:38+00:00","description":"Das RED 9'6 Compact Set, das kleinste Allround-SUP-Paket der Welt, definiert ein v\u00f6llig neues Niveau der Packbarkeit aufblasbarer SUPs.","breadcrumb":{"@id":"https:\/\/standuppaddle.hu\/de\/sup-webaruhaz-webshop\/red-96-compact-set\/#breadcrumb"},"inLanguage":"de","potentialAction":[{"@type":"ReadAction","target":["https:\/\/standuppaddle.hu\/de\/sup-webaruhaz-webshop\/red-96-compact-set\/"]}]},{"@type":"ImageObject","inLanguage":"de","@id":"https:\/\/standuppaddle.hu\/de\/sup-webaruhaz-webshop\/red-96-compact-set\/#primaryimage","url":"https:\/\/standuppaddle.hu\/wp-content\/uploads\/2025\/02\/red-9.6-compact-szet.jpg","contentUrl":"https:\/\/standuppaddle.hu\/wp-content\/uploads\/2025\/02\/red-9.6-compact-szet.jpg","width":1000,"height":1000},{"@type":"BreadcrumbList","@id":"https:\/\/standuppaddle.hu\/de\/sup-webaruhaz-webshop\/red-96-compact-set\/#breadcrumb","itemListElement":[{"@type":"ListItem","position":1,"name":"Home","item":"https:\/\/standuppaddle.hu\/de\/"},{"@type":"ListItem","position":2,"name":"SUP Produkte auf Lager:","item":"https:\/\/standuppaddle.hu\/de\/sup-web-shop\/"},{"@type":"ListItem","position":3,"name":"RED 9&#8217;6 Compact Set"}]},{"@type":"WebSite","@id":"https:\/\/standuppaddle.hu\/de\/#website","url":"https:\/\/standuppaddle.hu\/de\/","name":"Stand Up Paddle","description":"\u00e1llva evez\u00e9s - \u00e1ll\u00f3 sz\u00f6rf - SUP Center Balaton","publisher":{"@id":"https:\/\/standuppaddle.hu\/de\/#organization"},"potentialAction":[{"@type":"SearchAction","target":{"@type":"EntryPoint","urlTemplate":"https:\/\/standuppaddle.hu\/de\/?s={search_term_string}"},"query-input":{"@type":"PropertyValueSpecification","valueRequired":true,"valueName":"search_term_string"}}],"inLanguage":"de"},{"@type":"Organization","@id":"https:\/\/standuppaddle.hu\/de\/#organization","name":"SUP Center Balaton","url":"https:\/\/standuppaddle.hu\/de\/","logo":{"@type":"ImageObject","inLanguage":"de","@id":"https:\/\/standuppaddle.hu\/de\/#\/schema\/logo\/image\/","url":"https:\/\/standuppaddle.hu\/wp-content\/uploads\/2019\/10\/sup-center-balaton-logo.jpg","contentUrl":"https:\/\/standuppaddle.hu\/wp-content\/uploads\/2019\/10\/sup-center-balaton-logo.jpg","width":2492,"height":1075,"caption":"SUP Center Balaton"},"image":{"@id":"https:\/\/standuppaddle.hu\/de\/#\/schema\/logo\/image\/"},"sameAs":["https:\/\/www.facebook.com\/SUP.Center\/","https:\/\/www.instagram.com\/sup_center_balaton\/","https:\/\/www.youtube.com\/channel\/UCaX3OG6gvkhCqeZSw1zgTmw"]}]}},"_links":{"self":[{"href":"https:\/\/standuppaddle.hu\/de\/wp-json\/wp\/v2\/product\/12889","targetHints":{"allow":["GET"]}}],"collection":[{"href":"https:\/\/standuppaddle.hu\/de\/wp-json\/wp\/v2\/product"}],"about":[{"href":"https:\/\/standuppaddle.hu\/de\/wp-json\/wp\/v2\/types\/product"}],"version-history":[{"count":3,"href":"https:\/\/standuppaddle.hu\/de\/wp-json\/wp\/v2\/product\/12889\/revisions"}],"predecessor-version":[{"id":12926,"href":"https:\/\/standuppaddle.hu\/de\/wp-json\/wp\/v2\/product\/12889\/revisions\/12926"}],"wp:featuredmedia":[{"embeddable":true,"href":"https:\/\/standuppaddle.hu\/de\/wp-json\/wp\/v2\/media\/12896"}],"wp:attachment":[{"href":"https:\/\/standuppaddle.hu\/de\/wp-json\/wp\/v2\/media?parent=12889"}],"wp:term":[{"taxonomy":"product_brand","embeddable":true,"href":"https:\/\/standuppaddle.hu\/de\/wp-json\/wp\/v2\/product_brand?post=12889"},{"taxonomy":"product_cat","embeddable":true,"href":"https:\/\/standuppaddle.hu\/de\/wp-json\/wp\/v2\/product_cat?post=12889"},{"taxonomy":"product_tag","embeddable":true,"href":"https:\/\/standuppaddle.hu\/de\/wp-json\/wp\/v2\/product_tag?post=12889"}],"curies":[{"name":"wp","href":"https:\/\/api.w.org\/{rel}","templated":true}]}}