{"id":12351,"date":"2026-04-05T16:04:57","date_gmt":"2026-04-05T14:04:57","guid":{"rendered":"https:\/\/standuppaddle.hu\/?post_type=product&#038;p=12351"},"modified":"2025-10-08T08:34:50","modified_gmt":"2025-10-08T06:34:50","slug":"red-106-ride-se-msl-paddel-gebraucht","status":"publish","type":"product","link":"https:\/\/standuppaddle.hu\/de\/sup-webaruhaz-webshop\/red-106-ride-se-msl-paddel-gebraucht\/","title":{"rendered":"RED 10&#8217;6 Ride SE MSL (gebraucht)"},"content":{"rendered":"<div class=\"elementor-element elementor-element-80d860f elementor-widget elementor-widget-heading\" data-id=\"80d860f\" data-element_type=\"widget\" data-widget_type=\"heading.default\">\n<h3 class=\"elementor-widget-container\">RED 10\u20196 Ride SE MSL &#8211; gebraucht<\/h3>\n<\/div>\n<div class=\"elementor-element elementor-element-28e00277 elementor-widget elementor-widget-text-editor\" data-id=\"28e00277\" data-element_type=\"widget\" data-widget_type=\"text-editor.default\">\n<div class=\"elementor-widget-container\">\n<div class=\"elementor-text-editor elementor-clearfix\">\n<div class=\"elementor-element elementor-element-28e00277 elementor-widget elementor-widget-text-editor\" data-id=\"28e00277\" data-element_type=\"widget\" data-widget_type=\"text-editor.default\">\n<div class=\"elementor-widget-container\">\n<div class=\"elementor-text-editor elementor-clearfix\">\n<p>So vielseitig wie ein Schweizer Taschenmesser. Dieses Allrounder-Board ist f\u00fcr alle Paddler, jeden Paddelstil und jedes Abenteuer geeignet.<\/p>\n<p>Ein universelles Board, wie kein anderes: Das 10\u20196 Ride von Red Paddle Co \u2013 es ist das weltweit beliebteste aufblasbare SUP. Seine Popularit\u00e4t verdankt es seiner Vielseitigkeit. Es gleitet hervorragend auf Flachwasser \u2013 und der ausgewogene Shape seiner Rockerkurve erm\u00f6glicht geschmeidiges und berechenbares Surfen, egal, welcher SUP-Typ du bist. Seine Dicke von 12 cm\/4,7\u2033 sorgt f\u00fcr eine hohe Steifigkeit, ohne das Fahrverhalten und die Leistung zu beeintr\u00e4chtigen.<\/p>\n<p><strong>SE Special Edition:<\/strong>\u00a0auff\u00e4llige Special Edition Farbgebung in Lila.<\/p>\n<p><strong>MSL:<\/strong>\u00a0Die von RED patentierte MSL Fusion Technologie macht die Bretter leichter (bis zu 3 kg), steifer und haltbarer. Das Material sieht besser aus und f\u00fchlt sich auch besser an.<\/p>\n<p><b>Zeitloses Design:<\/b>\u00a0Das unverkennbare Design von Red Paddle Co wurde f\u00fcr 2021 aktualisiert. Das verl\u00e4ngerte und verbreiterte Deckpad mit gepr\u00e4gten Red-Logos reicht nun bis zum Heck und n\u00e4her an die Kanten und bietet \u00fcberlegenen Komfort und Grip. Der diamantf\u00f6rmige hintere Bereich sorgt f\u00fcr zus\u00e4tzlichen Halt bei Wendeman\u00f6vern und beim Surfen in den Wellen.<\/p>\n<p><b>Gep\u00e4cksystem mit flachen Spanngurten:<\/b>\u00a0Ebenfalls von RED Paddle Co. entwickelt. Die breiten elastischen Gurte bieten einen besseren Halt (\u00e4hnlich wie Spanngurte bei Dachtr\u00e4gern). Speziell kleinere Gegenst\u00e4nde, wie zum Beispiel Wasserflaschen, werden so stabil am SUP fixiert.<\/p>\n<p><b>Ergonomische Griffe:<\/b>\u00a0R\u00f6hrenf\u00f6rmige, gepolsterte Griffe bieten h\u00f6chsten Komfort beim Tragen.<\/p>\n<p><strong>Twin iFins\u00a0 \u2013\u00a0<\/strong>\u00a0Alle Ride-Boards sind nun mit zwei enorm strapazierf\u00e4higen, flexiblen iFins ausgestattet, die im Board integriert sind. Im Vergleich zu einem Setup mit drei Finnen erm\u00f6glichen sie einen besseren Geradeauslauf und h\u00f6here Geschwindigkeiten sowie zus\u00e4tzliche Agilit\u00e4t und eine bessere Performance in den Wellen. Au\u00dferdem l\u00e4sst sich das Board mit nur 2 Finnen einfacher in der Tasche verstauen.<\/p>\n<p><b>Neu \u2013 Titan Pumpe II:\u00a0<\/b>Die neu optimierte, kleinere Titan Pumpe II halbiert die Zeit und den Aufwand beim Aufpumpen deines SUP Boards. Die Standbeine k\u00f6nnen weggeklappt werden und der Griff ist abnehmbar. So wird die SUP Pumpe schmaler und kann leicht mit dem Brett aufgerollt werden.<\/p>\n<p><b>ATB Transformer Rucksack:\u00a0<\/b>Der f\u00fcr 2022 komplett \u00fcberarbeitete Red Paddle Co. Rucksack mit Rollen und Rucksacksystem ist die perfekte Tasche, um die Welt mit Ihrem aufblasbaren Paddleboard zu bereisen. Die Tasche ist aus hochwertigen Materialien hergestellt, die den Belastungen von Sonne, Salzwasser, Sand und Reisen widerstehen. Mehrere Griffe bieten eine Vielzahl von Trageoptionen. Die verstellbaren, gepolsterten Schultergurte und der Bauchgurt sichern h\u00f6chsten Tragekomfort. Durch das integrierte Rollensystem mit hochwertigen Kugellagern l\u00e4sst sich die Tasche auch bequem \u00fcber unebenes Terrain rollen..<\/p>\n<p>Das \u00e4u\u00dfere Tragegurtsystem ist abnehmbar und kann am aufgerollten Brett, ohne Rucksack, befestigt werden. So k\u00f6nnen Sie die Tasche im Auto lassen und das Gurtsystem w\u00e4hrend des Paddelns am Brett befestigen.<br \/>\nEin 3-teilige Paddel kann mithilfe von Klettverschlusslaschen an der Innenseite des Rucksacks befestigt werden. Das Paddelblatt wird dabei durch eine daf\u00fcr vorgesehene Tasche vor dem Zerkratzen gesch\u00fctzt. Auf der Au\u00dfenseite des Rucksacks gibt es eine Tasche mit Rei\u00dfverschluss um diverse pers\u00f6nliche Dinge zu verstauen.<\/p>\n<p><strong>Zubeh\u00f6rhalterung:<\/strong>\u00a0Ein integriertes M6 Gewinde macht die Anbringung einer\u00a0<a href=\"https:\/\/standuppaddle.hu\/de\/sup-webaruhaz-webshop\/sup-kamerahalterung\/\" target=\"_blank\" rel=\"noopener\">GoPro Halterun<\/a>g oder anderen Zubeh\u00f6rhalterungen und\u00a0<a href=\"https:\/\/www.rammount.com\/\" target=\"_blank\" rel=\"noopener\">Ram Mount<\/a>\u00a0oder\u00a0<a href=\"https:\/\/www.railblaza.com\/\" target=\"_blank\" rel=\"noopener\">Railblaza<\/a>\u00a0m\u00f6glich-<\/p>\n<p><strong>Das RED 10\u20196 RIDE SE wird mit Folgendem geliefert:<\/strong><\/p>\n<ul>\n<li>Titan Pumpe II<\/li>\n<li>Service-Set<\/li>\n<li>All-Terrain-Rucksack<\/li>\n<\/ul>\n<table class=\"woocommerce-product-attributes shop_attributes\">\n<tbody>\n<tr class=\"woocommerce-product-attributes-item woocommerce-product-attributes-item--0\">\n<th class=\"woocommerce-product-attributes-item__label\">VOLUMEN<\/th>\n<td class=\"woocommerce-product-attributes-item__value\">245 Liter<\/td>\n<\/tr>\n<tr class=\"woocommerce-product-attributes-item woocommerce-product-attributes-item--1\">\n<th class=\"woocommerce-product-attributes-item__label\">PADDLER GEWICHT<\/th>\n<td class=\"woocommerce-product-attributes-item__value\">bis 95 kg<\/td>\n<\/tr>\n<tr class=\"woocommerce-product-attributes-item woocommerce-product-attributes-item--2\">\n<th class=\"woocommerce-product-attributes-item__label\">BELASTBARKEIT<\/th>\n<td class=\"woocommerce-product-attributes-item__value\">145 kg<\/td>\n<\/tr>\n<tr class=\"woocommerce-product-attributes-item woocommerce-product-attributes-item--3\">\n<th class=\"woocommerce-product-attributes-item__label\">L\u00c4NGE<\/th>\n<td class=\"woocommerce-product-attributes-item__value\">10\u20196\u2033 \/ 320 cm<\/td>\n<\/tr>\n<tr class=\"woocommerce-product-attributes-item woocommerce-product-attributes-item--4\">\n<th class=\"woocommerce-product-attributes-item__label\">BREITE<\/th>\n<td class=\"woocommerce-product-attributes-item__value\">32\u2033 \/ 81 cm<\/td>\n<\/tr>\n<tr class=\"woocommerce-product-attributes-item woocommerce-product-attributes-item--5\">\n<th class=\"woocommerce-product-attributes-item__label\">GEWICHT<\/th>\n<td class=\"woocommerce-product-attributes-item__value\">11,1 kg<\/td>\n<\/tr>\n<tr class=\"woocommerce-product-attributes-item woocommerce-product-attributes-item--6\">\n<th class=\"woocommerce-product-attributes-item__label\">PERSONEN<\/th>\n<td class=\"woocommerce-product-attributes-item__value\">1-2<\/td>\n<\/tr>\n<tr class=\"woocommerce-product-attributes-item woocommerce-product-attributes-item--7\">\n<th class=\"woocommerce-product-attributes-item__label\">RUCKSACK GR\u00d6SSE<\/th>\n<td class=\"woocommerce-product-attributes-item__value\">96cm (h) x 39cm (b) x 36cm (t)<\/td>\n<\/tr>\n<tr class=\"woocommerce-product-attributes-item woocommerce-product-attributes-item--8\">\n<th class=\"woocommerce-product-attributes-item__label\">RUCKSACK VOLUMEN<\/th>\n<td class=\"woocommerce-product-attributes-item__value\">134 Liter<\/td>\n<\/tr>\n<\/tbody>\n<\/table>\n<\/div>\n<\/div>\n<\/div>\n<\/div>\n<\/div>\n<\/div>\n","protected":false},"excerpt":{"rendered":"<p>Kein Versand von gebrauchten Brettern. Nur vor Ort verkauf nach Besichtigung.<\/p>\n","protected":false},"featured_media":12290,"template":"","meta":{"ocean_post_layout":"","ocean_both_sidebars_style":"","ocean_both_sidebars_content_width":0,"ocean_both_sidebars_sidebars_width":0,"ocean_sidebar":"0","ocean_second_sidebar":"0","ocean_disable_margins":"enable","ocean_add_body_class":"","ocean_shortcode_before_top_bar":"","ocean_shortcode_after_top_bar":"","ocean_shortcode_before_header":"","ocean_shortcode_after_header":"","ocean_has_shortcode":"","ocean_shortcode_after_title":"","ocean_shortcode_before_footer_widgets":"","ocean_shortcode_after_footer_widgets":"","ocean_shortcode_before_footer_bottom":"","ocean_shortcode_after_footer_bottom":"","ocean_display_top_bar":"default","ocean_display_header":"default","ocean_header_style":"","ocean_center_header_left_menu":"0","ocean_custom_header_template":"0","ocean_custom_logo":0,"ocean_custom_retina_logo":0,"ocean_custom_logo_max_width":0,"ocean_custom_logo_tablet_max_width":0,"ocean_custom_logo_mobile_max_width":0,"ocean_custom_logo_max_height":0,"ocean_custom_logo_tablet_max_height":0,"ocean_custom_logo_mobile_max_height":0,"ocean_header_custom_menu":"0","ocean_menu_typo_font_family":"0","ocean_menu_typo_font_subset":"","ocean_menu_typo_font_size":0,"ocean_menu_typo_font_size_tablet":0,"ocean_menu_typo_font_size_mobile":0,"ocean_menu_typo_font_size_unit":"px","ocean_menu_typo_font_weight":"","ocean_menu_typo_font_weight_tablet":"","ocean_menu_typo_font_weight_mobile":"","ocean_menu_typo_transform":"","ocean_menu_typo_transform_tablet":"","ocean_menu_typo_transform_mobile":"","ocean_menu_typo_line_height":0,"ocean_menu_typo_line_height_tablet":0,"ocean_menu_typo_line_height_mobile":0,"ocean_menu_typo_line_height_unit":"","ocean_menu_typo_spacing":0,"ocean_menu_typo_spacing_tablet":0,"ocean_menu_typo_spacing_mobile":0,"ocean_menu_typo_spacing_unit":"","ocean_menu_link_color":"","ocean_menu_link_color_hover":"","ocean_menu_link_color_active":"","ocean_menu_link_background":"","ocean_menu_link_hover_background":"","ocean_menu_link_active_background":"","ocean_menu_social_links_bg":"","ocean_menu_social_hover_links_bg":"","ocean_menu_social_links_color":"","ocean_menu_social_hover_links_color":"","ocean_disable_title":"default","ocean_disable_heading":"default","ocean_post_title":"","ocean_post_subheading":"","ocean_post_title_style":"","ocean_post_title_background_color":"","ocean_post_title_background":0,"ocean_post_title_bg_image_position":"","ocean_post_title_bg_image_attachment":"","ocean_post_title_bg_image_repeat":"","ocean_post_title_bg_image_size":"","ocean_post_title_height":0,"ocean_post_title_bg_overlay":0.5,"ocean_post_title_bg_overlay_color":"","ocean_disable_breadcrumbs":"default","ocean_breadcrumbs_color":"","ocean_breadcrumbs_separator_color":"","ocean_breadcrumbs_links_color":"","ocean_breadcrumbs_links_hover_color":"","ocean_display_footer_widgets":"default","ocean_display_footer_bottom":"default","ocean_custom_footer_template":"0","footnotes":""},"product_brand":[],"product_cat":[200,204,222,583],"product_tag":[230],"class_list":{"0":"post-12351","1":"product","2":"type-product","3":"status-publish","4":"has-post-thumbnail","6":"product_cat-all-round-sup-bretter","7":"product_cat-gebrauchte-sups","8":"product_cat-isups-aufblasbar","9":"product_cat-v2","10":"product_tag-red-paddle-co-de","12":"entry","13":"has-media","15":"first","16":"instock","17":"sale","18":"taxable","19":"shipping-taxable","20":"purchasable","21":"product-type-simple","22":"col","23":"span_1_of_3","24":"owp-content-center","25":"owp-thumbs-layout-horizontal","26":"owp-btn-normal","27":"owp-tabs-layout-section"},"yoast_head":"<!-- This site is optimized with the Yoast SEO plugin v27.3 - https:\/\/yoast.com\/product\/yoast-seo-wordpress\/ -->\n<title>RED 10&#039;6 Ride SE MSL (gebraucht) - Stand Up Paddle Board<\/title>\n<meta name=\"description\" content=\"Das 10\u20196 Ride SE von Red Paddle Co \u2013 es ist das weltweit beliebteste aufblasbare SUP. Es ist gebraucht, aber in sehr gutem Zustand.\" \/>\n<meta name=\"robots\" content=\"index, follow, max-snippet:-1, max-image-preview:large, max-video-preview:-1\" \/>\n<link rel=\"canonical\" href=\"https:\/\/standuppaddle.hu\/de\/sup-webaruhaz-webshop\/red-106-ride-se-msl-paddel-gebraucht\/\" \/>\n<meta property=\"og:locale\" content=\"de_DE\" \/>\n<meta property=\"og:type\" content=\"article\" \/>\n<meta property=\"og:title\" content=\"RED 10&#039;6 Ride SE MSL (gebraucht) - Stand Up Paddle Board\" \/>\n<meta property=\"og:description\" content=\"Das 10\u20196 Ride SE von Red Paddle Co \u2013 es ist das weltweit beliebteste aufblasbare SUP. Es ist gebraucht, aber in sehr gutem Zustand.\" \/>\n<meta property=\"og:url\" content=\"https:\/\/standuppaddle.hu\/de\/sup-webaruhaz-webshop\/red-106-ride-se-msl-paddel-gebraucht\/\" \/>\n<meta property=\"og:site_name\" content=\"Stand Up Paddle\" \/>\n<meta property=\"article:publisher\" content=\"https:\/\/www.facebook.com\/SUP.Center\/\" \/>\n<meta property=\"og:image\" content=\"https:\/\/standuppaddle.hu\/wp-content\/uploads\/2021\/12\/Ride_106_lila_se_csomag.jpg\" \/>\n\t<meta property=\"og:image:width\" content=\"1000\" \/>\n\t<meta property=\"og:image:height\" content=\"1000\" \/>\n\t<meta property=\"og:image:type\" content=\"image\/jpeg\" \/>\n<meta name=\"twitter:card\" content=\"summary_large_image\" \/>\n<meta name=\"twitter:label1\" content=\"Gesch\u00e4tzte Lesezeit\" \/>\n\t<meta name=\"twitter:data1\" content=\"3\u00a0Minuten\" \/>\n<script type=\"application\/ld+json\" class=\"yoast-schema-graph\">{\"@context\":\"https:\\\/\\\/schema.org\",\"@graph\":[{\"@type\":\"WebPage\",\"@id\":\"https:\\\/\\\/standuppaddle.hu\\\/de\\\/sup-webaruhaz-webshop\\\/red-106-ride-se-msl-paddel-gebraucht\\\/\",\"url\":\"https:\\\/\\\/standuppaddle.hu\\\/de\\\/sup-webaruhaz-webshop\\\/red-106-ride-se-msl-paddel-gebraucht\\\/\",\"name\":\"RED 10'6 Ride SE MSL (gebraucht) - Stand Up Paddle Board\",\"isPartOf\":{\"@id\":\"https:\\\/\\\/standuppaddle.hu\\\/de\\\/#website\"},\"primaryImageOfPage\":{\"@id\":\"https:\\\/\\\/standuppaddle.hu\\\/de\\\/sup-webaruhaz-webshop\\\/red-106-ride-se-msl-paddel-gebraucht\\\/#primaryimage\"},\"image\":{\"@id\":\"https:\\\/\\\/standuppaddle.hu\\\/de\\\/sup-webaruhaz-webshop\\\/red-106-ride-se-msl-paddel-gebraucht\\\/#primaryimage\"},\"thumbnailUrl\":\"https:\\\/\\\/standuppaddle.hu\\\/wp-content\\\/uploads\\\/2021\\\/12\\\/Ride_106_lila_se_csomag.jpg\",\"datePublished\":\"2026-04-05T14:04:57+00:00\",\"description\":\"Das 10\u20196 Ride SE von Red Paddle Co \u2013 es ist das weltweit beliebteste aufblasbare SUP. Es ist gebraucht, aber in sehr gutem Zustand.\",\"breadcrumb\":{\"@id\":\"https:\\\/\\\/standuppaddle.hu\\\/de\\\/sup-webaruhaz-webshop\\\/red-106-ride-se-msl-paddel-gebraucht\\\/#breadcrumb\"},\"inLanguage\":\"de\",\"potentialAction\":[{\"@type\":\"ReadAction\",\"target\":[\"https:\\\/\\\/standuppaddle.hu\\\/de\\\/sup-webaruhaz-webshop\\\/red-106-ride-se-msl-paddel-gebraucht\\\/\"]}]},{\"@type\":\"ImageObject\",\"inLanguage\":\"de\",\"@id\":\"https:\\\/\\\/standuppaddle.hu\\\/de\\\/sup-webaruhaz-webshop\\\/red-106-ride-se-msl-paddel-gebraucht\\\/#primaryimage\",\"url\":\"https:\\\/\\\/standuppaddle.hu\\\/wp-content\\\/uploads\\\/2021\\\/12\\\/Ride_106_lila_se_csomag.jpg\",\"contentUrl\":\"https:\\\/\\\/standuppaddle.hu\\\/wp-content\\\/uploads\\\/2021\\\/12\\\/Ride_106_lila_se_csomag.jpg\",\"width\":1000,\"height\":1000},{\"@type\":\"BreadcrumbList\",\"@id\":\"https:\\\/\\\/standuppaddle.hu\\\/de\\\/sup-webaruhaz-webshop\\\/red-106-ride-se-msl-paddel-gebraucht\\\/#breadcrumb\",\"itemListElement\":[{\"@type\":\"ListItem\",\"position\":1,\"name\":\"Home\",\"item\":\"https:\\\/\\\/standuppaddle.hu\\\/de\\\/\"},{\"@type\":\"ListItem\",\"position\":2,\"name\":\"SUP Produkte auf Lager:\",\"item\":\"https:\\\/\\\/standuppaddle.hu\\\/de\\\/sup-web-shop\\\/\"},{\"@type\":\"ListItem\",\"position\":3,\"name\":\"RED 10&#8217;6 Ride SE MSL (gebraucht)\"}]},{\"@type\":\"WebSite\",\"@id\":\"https:\\\/\\\/standuppaddle.hu\\\/de\\\/#website\",\"url\":\"https:\\\/\\\/standuppaddle.hu\\\/de\\\/\",\"name\":\"Stand Up Paddle\",\"description\":\"\u00e1llva evez\u00e9s - \u00e1ll\u00f3 sz\u00f6rf - SUP Center Balaton\",\"publisher\":{\"@id\":\"https:\\\/\\\/standuppaddle.hu\\\/de\\\/#organization\"},\"potentialAction\":[{\"@type\":\"SearchAction\",\"target\":{\"@type\":\"EntryPoint\",\"urlTemplate\":\"https:\\\/\\\/standuppaddle.hu\\\/de\\\/?s={search_term_string}\"},\"query-input\":{\"@type\":\"PropertyValueSpecification\",\"valueRequired\":true,\"valueName\":\"search_term_string\"}}],\"inLanguage\":\"de\"},{\"@type\":\"Organization\",\"@id\":\"https:\\\/\\\/standuppaddle.hu\\\/de\\\/#organization\",\"name\":\"SUP Center Balaton\",\"url\":\"https:\\\/\\\/standuppaddle.hu\\\/de\\\/\",\"logo\":{\"@type\":\"ImageObject\",\"inLanguage\":\"de\",\"@id\":\"https:\\\/\\\/standuppaddle.hu\\\/de\\\/#\\\/schema\\\/logo\\\/image\\\/\",\"url\":\"https:\\\/\\\/standuppaddle.hu\\\/wp-content\\\/uploads\\\/2019\\\/10\\\/sup-center-balaton-logo.jpg\",\"contentUrl\":\"https:\\\/\\\/standuppaddle.hu\\\/wp-content\\\/uploads\\\/2019\\\/10\\\/sup-center-balaton-logo.jpg\",\"width\":2492,\"height\":1075,\"caption\":\"SUP Center Balaton\"},\"image\":{\"@id\":\"https:\\\/\\\/standuppaddle.hu\\\/de\\\/#\\\/schema\\\/logo\\\/image\\\/\"},\"sameAs\":[\"https:\\\/\\\/www.facebook.com\\\/SUP.Center\\\/\",\"https:\\\/\\\/www.instagram.com\\\/sup_center_balaton\\\/\",\"https:\\\/\\\/www.youtube.com\\\/channel\\\/UCaX3OG6gvkhCqeZSw1zgTmw\"]}]}<\/script>\n<!-- \/ Yoast SEO plugin. -->","yoast_head_json":{"title":"RED 10'6 Ride SE MSL (gebraucht) - Stand Up Paddle Board","description":"Das 10\u20196 Ride SE von Red Paddle Co \u2013 es ist das weltweit beliebteste aufblasbare SUP. Es ist gebraucht, aber in sehr gutem Zustand.","robots":{"index":"index","follow":"follow","max-snippet":"max-snippet:-1","max-image-preview":"max-image-preview:large","max-video-preview":"max-video-preview:-1"},"canonical":"https:\/\/standuppaddle.hu\/de\/sup-webaruhaz-webshop\/red-106-ride-se-msl-paddel-gebraucht\/","og_locale":"de_DE","og_type":"article","og_title":"RED 10'6 Ride SE MSL (gebraucht) - Stand Up Paddle Board","og_description":"Das 10\u20196 Ride SE von Red Paddle Co \u2013 es ist das weltweit beliebteste aufblasbare SUP. Es ist gebraucht, aber in sehr gutem Zustand.","og_url":"https:\/\/standuppaddle.hu\/de\/sup-webaruhaz-webshop\/red-106-ride-se-msl-paddel-gebraucht\/","og_site_name":"Stand Up Paddle","article_publisher":"https:\/\/www.facebook.com\/SUP.Center\/","og_image":[{"width":1000,"height":1000,"url":"https:\/\/standuppaddle.hu\/wp-content\/uploads\/2021\/12\/Ride_106_lila_se_csomag.jpg","type":"image\/jpeg"}],"twitter_card":"summary_large_image","twitter_misc":{"Gesch\u00e4tzte Lesezeit":"3\u00a0Minuten"},"schema":{"@context":"https:\/\/schema.org","@graph":[{"@type":"WebPage","@id":"https:\/\/standuppaddle.hu\/de\/sup-webaruhaz-webshop\/red-106-ride-se-msl-paddel-gebraucht\/","url":"https:\/\/standuppaddle.hu\/de\/sup-webaruhaz-webshop\/red-106-ride-se-msl-paddel-gebraucht\/","name":"RED 10'6 Ride SE MSL (gebraucht) - Stand Up Paddle Board","isPartOf":{"@id":"https:\/\/standuppaddle.hu\/de\/#website"},"primaryImageOfPage":{"@id":"https:\/\/standuppaddle.hu\/de\/sup-webaruhaz-webshop\/red-106-ride-se-msl-paddel-gebraucht\/#primaryimage"},"image":{"@id":"https:\/\/standuppaddle.hu\/de\/sup-webaruhaz-webshop\/red-106-ride-se-msl-paddel-gebraucht\/#primaryimage"},"thumbnailUrl":"https:\/\/standuppaddle.hu\/wp-content\/uploads\/2021\/12\/Ride_106_lila_se_csomag.jpg","datePublished":"2026-04-05T14:04:57+00:00","description":"Das 10\u20196 Ride SE von Red Paddle Co \u2013 es ist das weltweit beliebteste aufblasbare SUP. Es ist gebraucht, aber in sehr gutem Zustand.","breadcrumb":{"@id":"https:\/\/standuppaddle.hu\/de\/sup-webaruhaz-webshop\/red-106-ride-se-msl-paddel-gebraucht\/#breadcrumb"},"inLanguage":"de","potentialAction":[{"@type":"ReadAction","target":["https:\/\/standuppaddle.hu\/de\/sup-webaruhaz-webshop\/red-106-ride-se-msl-paddel-gebraucht\/"]}]},{"@type":"ImageObject","inLanguage":"de","@id":"https:\/\/standuppaddle.hu\/de\/sup-webaruhaz-webshop\/red-106-ride-se-msl-paddel-gebraucht\/#primaryimage","url":"https:\/\/standuppaddle.hu\/wp-content\/uploads\/2021\/12\/Ride_106_lila_se_csomag.jpg","contentUrl":"https:\/\/standuppaddle.hu\/wp-content\/uploads\/2021\/12\/Ride_106_lila_se_csomag.jpg","width":1000,"height":1000},{"@type":"BreadcrumbList","@id":"https:\/\/standuppaddle.hu\/de\/sup-webaruhaz-webshop\/red-106-ride-se-msl-paddel-gebraucht\/#breadcrumb","itemListElement":[{"@type":"ListItem","position":1,"name":"Home","item":"https:\/\/standuppaddle.hu\/de\/"},{"@type":"ListItem","position":2,"name":"SUP Produkte auf Lager:","item":"https:\/\/standuppaddle.hu\/de\/sup-web-shop\/"},{"@type":"ListItem","position":3,"name":"RED 10&#8217;6 Ride SE MSL (gebraucht)"}]},{"@type":"WebSite","@id":"https:\/\/standuppaddle.hu\/de\/#website","url":"https:\/\/standuppaddle.hu\/de\/","name":"Stand Up Paddle","description":"\u00e1llva evez\u00e9s - \u00e1ll\u00f3 sz\u00f6rf - SUP Center Balaton","publisher":{"@id":"https:\/\/standuppaddle.hu\/de\/#organization"},"potentialAction":[{"@type":"SearchAction","target":{"@type":"EntryPoint","urlTemplate":"https:\/\/standuppaddle.hu\/de\/?s={search_term_string}"},"query-input":{"@type":"PropertyValueSpecification","valueRequired":true,"valueName":"search_term_string"}}],"inLanguage":"de"},{"@type":"Organization","@id":"https:\/\/standuppaddle.hu\/de\/#organization","name":"SUP Center Balaton","url":"https:\/\/standuppaddle.hu\/de\/","logo":{"@type":"ImageObject","inLanguage":"de","@id":"https:\/\/standuppaddle.hu\/de\/#\/schema\/logo\/image\/","url":"https:\/\/standuppaddle.hu\/wp-content\/uploads\/2019\/10\/sup-center-balaton-logo.jpg","contentUrl":"https:\/\/standuppaddle.hu\/wp-content\/uploads\/2019\/10\/sup-center-balaton-logo.jpg","width":2492,"height":1075,"caption":"SUP Center Balaton"},"image":{"@id":"https:\/\/standuppaddle.hu\/de\/#\/schema\/logo\/image\/"},"sameAs":["https:\/\/www.facebook.com\/SUP.Center\/","https:\/\/www.instagram.com\/sup_center_balaton\/","https:\/\/www.youtube.com\/channel\/UCaX3OG6gvkhCqeZSw1zgTmw"]}]}},"_links":{"self":[{"href":"https:\/\/standuppaddle.hu\/de\/wp-json\/wp\/v2\/product\/12351","targetHints":{"allow":["GET"]}}],"collection":[{"href":"https:\/\/standuppaddle.hu\/de\/wp-json\/wp\/v2\/product"}],"about":[{"href":"https:\/\/standuppaddle.hu\/de\/wp-json\/wp\/v2\/types\/product"}],"version-history":[{"count":3,"href":"https:\/\/standuppaddle.hu\/de\/wp-json\/wp\/v2\/product\/12351\/revisions"}],"predecessor-version":[{"id":13265,"href":"https:\/\/standuppaddle.hu\/de\/wp-json\/wp\/v2\/product\/12351\/revisions\/13265"}],"wp:featuredmedia":[{"embeddable":true,"href":"https:\/\/standuppaddle.hu\/de\/wp-json\/wp\/v2\/media\/12290"}],"wp:attachment":[{"href":"https:\/\/standuppaddle.hu\/de\/wp-json\/wp\/v2\/media?parent=12351"}],"wp:term":[{"taxonomy":"product_brand","embeddable":true,"href":"https:\/\/standuppaddle.hu\/de\/wp-json\/wp\/v2\/product_brand?post=12351"},{"taxonomy":"product_cat","embeddable":true,"href":"https:\/\/standuppaddle.hu\/de\/wp-json\/wp\/v2\/product_cat?post=12351"},{"taxonomy":"product_tag","embeddable":true,"href":"https:\/\/standuppaddle.hu\/de\/wp-json\/wp\/v2\/product_tag?post=12351"}],"curies":[{"name":"wp","href":"https:\/\/api.w.org\/{rel}","templated":true}]}}