{"id":11742,"date":"2026-03-19T18:16:05","date_gmt":"2026-03-19T17:16:05","guid":{"rendered":"https:\/\/standuppaddle.hu\/?post_type=product&#038;p=11742"},"modified":"2023-11-22T17:01:25","modified_gmt":"2023-11-22T16:01:25","slug":"kinder-paddel-red-cruiser-tough-small","status":"publish","type":"product","link":"https:\/\/standuppaddle.hu\/de\/sup-webaruhaz-webshop\/kinder-paddel-red-cruiser-tough-small\/","title":{"rendered":"Kinder Paddel &#8211; RED Cruiser Tough Small"},"content":{"rendered":"<h3>Kinder Paddel &#8211; f\u00fcr kleinere Personen, Jugendliche und Kinder &#8211; RED Cruiser Tough Small<\/h3>\n<p>Das Kinder Paddel von Red Paddel Co &#8211; Cruiser Tough Small, wurde speziell f\u00fcr kleinere Personen, Jugendliche und Kinder entwickelt. Der Schaft besteht aus Glasfaser. Dieses Material ist nicht nur ultraleicht, sondern bietet idealen Flex, der eine sanfte Kraft\u00fcbertragung erm\u00f6glicht. Das Nylonblatt bleibt dank der strukturellen Verst\u00e4rkungen jederzeit steif. Die Steifigkeit des Blattes in Kombination mit der Flexibilit\u00e4t des Glasfaserschafts und dem insgesamt leichten Gef\u00fchl macht das Cruiser Tough Small zu einem hervorragendes Einstiegspaddel f\u00fcr Kinder.<\/p>\n<p>Das Kordelsystem: Die integrierte Kordel sorgt f\u00fcr eine sichere Verbindung aller Paddelteile. So l\u00e4sst sich das dreiteilige Paddel noch einfacher zusammenstecken und auseinandernehmen. Neu f\u00fcr 2023 \u2013 Presspassform-Technologie: Mit dieser Fertigungstechnik werden alle Paddel nun klebstofffrei hergestellt, dadurch sind alle Einzelteile austauschbar und wiederverwertbar.<\/p>\n<p>Das Cruiser Tough Small Paddel ist der kleine Bruder vom <a href=\"https:\/\/red.equipment\" target=\"_blank\" rel=\"noopener\">RED<\/a> <a href=\"https:\/\/standuppaddle.hu\/de\/sup-webaruhaz-webshop\/red-cruiser-tough-paddel\/\">Cruiser Tough Paddel<\/a><\/p>\n<table class=\"c-product-details\">\n<tbody>\n<tr class=\"c-product-details__item\">\n<td class=\"c-product-details__icon-wrapper\"><img class=\"c-product-details__icon u-lazyload is-loaded\" alt=\"\" data-src=\"\" \/><\/td>\n<td class=\"c-product-details__title\">Schaft<\/td>\n<td class=\"c-product-details__value\">Glasfaser<\/td>\n<\/tr>\n<tr class=\"c-product-details__item\">\n<td class=\"c-product-details__icon-wrapper\"><img class=\"c-product-details__icon u-lazyload is-loaded\" alt=\"\" data-src=\"\" \/><\/td>\n<td class=\"c-product-details__title\">Blatt<\/td>\n<td class=\"c-product-details__value\">Nylon<\/td>\n<\/tr>\n<tr class=\"c-product-details__item\">\n<td class=\"c-product-details__icon-wrapper\"><img class=\"c-product-details__icon u-lazyload is-loaded\" alt=\"\" data-src=\"\" \/><\/td>\n<td class=\"c-product-details__title\">Einsteller<\/td>\n<td class=\"c-product-details__value\">Cam Lock<\/td>\n<\/tr>\n<tr class=\"c-product-details__item\">\n<td class=\"c-product-details__icon-wrapper\"><img class=\"c-product-details__icon u-lazyload is-loaded\" alt=\"\" data-src=\"\" \/><\/td>\n<td class=\"c-product-details__title\">Teile<\/td>\n<td class=\"c-product-details__value\">3<\/td>\n<\/tr>\n<tr class=\"c-product-details__item\">\n<td class=\"c-product-details__icon-wrapper\"><\/td>\n<td class=\"c-product-details__title\">L\u00e4nge<\/td>\n<td class=\"c-product-details__value\">130 \u2013 170 cm<\/td>\n<\/tr>\n<tr class=\"c-product-details__item\">\n<td class=\"c-product-details__icon-wrapper\"><\/td>\n<td class=\"c-product-details__title\">Fl\u00e4che<\/td>\n<td class=\"c-product-details__value\">465 mm\u00b2<\/td>\n<\/tr>\n<tr class=\"c-product-details__item\">\n<td class=\"c-product-details__icon-wrapper\"><\/td>\n<td class=\"c-product-details__title\">Gewicht<\/td>\n<td class=\"c-product-details__value\">\n<div class=\"product__full-text\">720 g<\/div>\n<\/td>\n<\/tr>\n<tr class=\"c-product-details__item\">\n<td class=\"c-product-details__icon-wrapper\"><\/td>\n<td class=\"c-product-details__title\">Farbe<\/td>\n<td class=\"c-product-details__value\">\n<div class=\"product__full-text\">Gr\u00fcn\/Blau<\/div>\n<\/td>\n<\/tr>\n<\/tbody>\n<\/table>\n","protected":false},"excerpt":{"rendered":"<p>Kinder Paddel &#8211; f\u00fcr kleinere Personen, Jugendliche und Kinder &#8211; RED Cruiser Tough Small Das Kinder Paddel von Red Paddel Co &#8211; Cruiser Tough Small, wurde speziell f\u00fcr kleinere Personen, Jugendliche und Kinder entwickelt. Der Schaft besteht aus Glasfaser. Dieses Material ist nicht nur ultraleicht, sondern bietet idealen Flex, der eine sanfte Kraft\u00fcbertragung erm\u00f6glicht. Das [&hellip;]<\/p>\n","protected":false},"featured_media":11619,"template":"","meta":{"ocean_post_layout":"","ocean_both_sidebars_style":"","ocean_both_sidebars_content_width":0,"ocean_both_sidebars_sidebars_width":0,"ocean_sidebar":"0","ocean_second_sidebar":"0","ocean_disable_margins":"enable","ocean_add_body_class":"","ocean_shortcode_before_top_bar":"","ocean_shortcode_after_top_bar":"","ocean_shortcode_before_header":"","ocean_shortcode_after_header":"","ocean_has_shortcode":"","ocean_shortcode_after_title":"","ocean_shortcode_before_footer_widgets":"","ocean_shortcode_after_footer_widgets":"","ocean_shortcode_before_footer_bottom":"","ocean_shortcode_after_footer_bottom":"","ocean_display_top_bar":"default","ocean_display_header":"default","ocean_header_style":"","ocean_center_header_left_menu":"0","ocean_custom_header_template":"0","ocean_custom_logo":0,"ocean_custom_retina_logo":0,"ocean_custom_logo_max_width":0,"ocean_custom_logo_tablet_max_width":0,"ocean_custom_logo_mobile_max_width":0,"ocean_custom_logo_max_height":0,"ocean_custom_logo_tablet_max_height":0,"ocean_custom_logo_mobile_max_height":0,"ocean_header_custom_menu":"0","ocean_menu_typo_font_family":"0","ocean_menu_typo_font_subset":"","ocean_menu_typo_font_size":0,"ocean_menu_typo_font_size_tablet":0,"ocean_menu_typo_font_size_mobile":0,"ocean_menu_typo_font_size_unit":"px","ocean_menu_typo_font_weight":"","ocean_menu_typo_font_weight_tablet":"","ocean_menu_typo_font_weight_mobile":"","ocean_menu_typo_transform":"","ocean_menu_typo_transform_tablet":"","ocean_menu_typo_transform_mobile":"","ocean_menu_typo_line_height":0,"ocean_menu_typo_line_height_tablet":0,"ocean_menu_typo_line_height_mobile":0,"ocean_menu_typo_line_height_unit":"","ocean_menu_typo_spacing":0,"ocean_menu_typo_spacing_tablet":0,"ocean_menu_typo_spacing_mobile":0,"ocean_menu_typo_spacing_unit":"","ocean_menu_link_color":"","ocean_menu_link_color_hover":"","ocean_menu_link_color_active":"","ocean_menu_link_background":"","ocean_menu_link_hover_background":"","ocean_menu_link_active_background":"","ocean_menu_social_links_bg":"","ocean_menu_social_hover_links_bg":"","ocean_menu_social_links_color":"","ocean_menu_social_hover_links_color":"","ocean_disable_title":"default","ocean_disable_heading":"default","ocean_post_title":"","ocean_post_subheading":"","ocean_post_title_style":"","ocean_post_title_background_color":"","ocean_post_title_background":0,"ocean_post_title_bg_image_position":"","ocean_post_title_bg_image_attachment":"","ocean_post_title_bg_image_repeat":"","ocean_post_title_bg_image_size":"","ocean_post_title_height":0,"ocean_post_title_bg_overlay":0.5,"ocean_post_title_bg_overlay_color":"","ocean_disable_breadcrumbs":"default","ocean_breadcrumbs_color":"","ocean_breadcrumbs_separator_color":"","ocean_breadcrumbs_links_color":"","ocean_breadcrumbs_links_hover_color":"","ocean_display_footer_widgets":"default","ocean_display_footer_bottom":"default","ocean_custom_footer_template":"0","footnotes":""},"product_brand":[],"product_cat":[198,202],"product_tag":[230],"class_list":{"0":"post-11742","1":"product","2":"type-product","3":"status-publish","4":"has-post-thumbnail","6":"product_cat-sup-abverkauf-angebote","7":"product_cat-sup-paddel","8":"product_tag-red-paddle-co-de","9":"product_shipping_class-m-paket","11":"entry","12":"has-media","14":"first","15":"instock","16":"sale","17":"taxable","18":"shipping-taxable","19":"purchasable","20":"product-type-simple","21":"col","22":"span_1_of_3","23":"owp-content-center","24":"owp-thumbs-layout-horizontal","25":"owp-btn-normal","26":"owp-tabs-layout-section"},"yoast_head":"<!-- This site is optimized with the Yoast SEO plugin v27.3 - https:\/\/yoast.com\/product\/yoast-seo-wordpress\/ -->\n<title>Kinder Paddel - RED Cruiser Tough Small - Stand Up Paddle<\/title>\n<meta name=\"description\" content=\"Das Kinder Paddel von Red Paddel Co - Cruiser Tough Small, wurde speziell f\u00fcr kleinere Personen, Jugendliche und Kinder entwickelt.\" \/>\n<meta name=\"robots\" content=\"index, follow, max-snippet:-1, max-image-preview:large, max-video-preview:-1\" \/>\n<link rel=\"canonical\" href=\"https:\/\/standuppaddle.hu\/de\/sup-webaruhaz-webshop\/kinder-paddel-red-cruiser-tough-small\/\" \/>\n<meta property=\"og:locale\" content=\"de_DE\" \/>\n<meta property=\"og:type\" content=\"article\" \/>\n<meta property=\"og:title\" content=\"Kinder Paddel - RED Cruiser Tough Small - Stand Up Paddle\" \/>\n<meta property=\"og:description\" content=\"Das Kinder Paddel von Red Paddel Co - Cruiser Tough Small, wurde speziell f\u00fcr kleinere Personen, Jugendliche und Kinder entwickelt.\" \/>\n<meta property=\"og:url\" content=\"https:\/\/standuppaddle.hu\/de\/sup-webaruhaz-webshop\/kinder-paddel-red-cruiser-tough-small\/\" \/>\n<meta property=\"og:site_name\" content=\"Stand Up Paddle\" \/>\n<meta property=\"article:publisher\" content=\"https:\/\/www.facebook.com\/SUP.Center\/\" \/>\n<meta property=\"og:image\" content=\"https:\/\/standuppaddle.hu\/wp-content\/uploads\/2023\/08\/cruiser_tough.jpg\" \/>\n\t<meta property=\"og:image:width\" content=\"600\" \/>\n\t<meta property=\"og:image:height\" content=\"600\" \/>\n\t<meta property=\"og:image:type\" content=\"image\/jpeg\" \/>\n<meta name=\"twitter:card\" content=\"summary_large_image\" \/>\n<meta name=\"twitter:label1\" content=\"Gesch\u00e4tzte Lesezeit\" \/>\n\t<meta name=\"twitter:data1\" content=\"1\u00a0Minute\" \/>\n<script type=\"application\/ld+json\" class=\"yoast-schema-graph\">{\"@context\":\"https:\\\/\\\/schema.org\",\"@graph\":[{\"@type\":\"WebPage\",\"@id\":\"https:\\\/\\\/standuppaddle.hu\\\/de\\\/sup-webaruhaz-webshop\\\/kinder-paddel-red-cruiser-tough-small\\\/\",\"url\":\"https:\\\/\\\/standuppaddle.hu\\\/de\\\/sup-webaruhaz-webshop\\\/kinder-paddel-red-cruiser-tough-small\\\/\",\"name\":\"Kinder Paddel - RED Cruiser Tough Small - Stand Up Paddle\",\"isPartOf\":{\"@id\":\"https:\\\/\\\/standuppaddle.hu\\\/de\\\/#website\"},\"primaryImageOfPage\":{\"@id\":\"https:\\\/\\\/standuppaddle.hu\\\/de\\\/sup-webaruhaz-webshop\\\/kinder-paddel-red-cruiser-tough-small\\\/#primaryimage\"},\"image\":{\"@id\":\"https:\\\/\\\/standuppaddle.hu\\\/de\\\/sup-webaruhaz-webshop\\\/kinder-paddel-red-cruiser-tough-small\\\/#primaryimage\"},\"thumbnailUrl\":\"https:\\\/\\\/standuppaddle.hu\\\/wp-content\\\/uploads\\\/2023\\\/08\\\/cruiser_tough.jpg\",\"datePublished\":\"2026-03-19T17:16:05+00:00\",\"description\":\"Das Kinder Paddel von Red Paddel Co - Cruiser Tough Small, wurde speziell f\u00fcr kleinere Personen, Jugendliche und Kinder entwickelt.\",\"breadcrumb\":{\"@id\":\"https:\\\/\\\/standuppaddle.hu\\\/de\\\/sup-webaruhaz-webshop\\\/kinder-paddel-red-cruiser-tough-small\\\/#breadcrumb\"},\"inLanguage\":\"de\",\"potentialAction\":[{\"@type\":\"ReadAction\",\"target\":[\"https:\\\/\\\/standuppaddle.hu\\\/de\\\/sup-webaruhaz-webshop\\\/kinder-paddel-red-cruiser-tough-small\\\/\"]}]},{\"@type\":\"ImageObject\",\"inLanguage\":\"de\",\"@id\":\"https:\\\/\\\/standuppaddle.hu\\\/de\\\/sup-webaruhaz-webshop\\\/kinder-paddel-red-cruiser-tough-small\\\/#primaryimage\",\"url\":\"https:\\\/\\\/standuppaddle.hu\\\/wp-content\\\/uploads\\\/2023\\\/08\\\/cruiser_tough.jpg\",\"contentUrl\":\"https:\\\/\\\/standuppaddle.hu\\\/wp-content\\\/uploads\\\/2023\\\/08\\\/cruiser_tough.jpg\",\"width\":600,\"height\":600},{\"@type\":\"BreadcrumbList\",\"@id\":\"https:\\\/\\\/standuppaddle.hu\\\/de\\\/sup-webaruhaz-webshop\\\/kinder-paddel-red-cruiser-tough-small\\\/#breadcrumb\",\"itemListElement\":[{\"@type\":\"ListItem\",\"position\":1,\"name\":\"Home\",\"item\":\"https:\\\/\\\/standuppaddle.hu\\\/de\\\/\"},{\"@type\":\"ListItem\",\"position\":2,\"name\":\"SUP Produkte auf Lager:\",\"item\":\"https:\\\/\\\/standuppaddle.hu\\\/de\\\/sup-web-shop\\\/\"},{\"@type\":\"ListItem\",\"position\":3,\"name\":\"Kinder Paddel &#8211; RED Cruiser Tough Small\"}]},{\"@type\":\"WebSite\",\"@id\":\"https:\\\/\\\/standuppaddle.hu\\\/de\\\/#website\",\"url\":\"https:\\\/\\\/standuppaddle.hu\\\/de\\\/\",\"name\":\"Stand Up Paddle\",\"description\":\"\u00e1llva evez\u00e9s - \u00e1ll\u00f3 sz\u00f6rf - SUP Center Balaton\",\"publisher\":{\"@id\":\"https:\\\/\\\/standuppaddle.hu\\\/de\\\/#organization\"},\"potentialAction\":[{\"@type\":\"SearchAction\",\"target\":{\"@type\":\"EntryPoint\",\"urlTemplate\":\"https:\\\/\\\/standuppaddle.hu\\\/de\\\/?s={search_term_string}\"},\"query-input\":{\"@type\":\"PropertyValueSpecification\",\"valueRequired\":true,\"valueName\":\"search_term_string\"}}],\"inLanguage\":\"de\"},{\"@type\":\"Organization\",\"@id\":\"https:\\\/\\\/standuppaddle.hu\\\/de\\\/#organization\",\"name\":\"SUP Center Balaton\",\"url\":\"https:\\\/\\\/standuppaddle.hu\\\/de\\\/\",\"logo\":{\"@type\":\"ImageObject\",\"inLanguage\":\"de\",\"@id\":\"https:\\\/\\\/standuppaddle.hu\\\/de\\\/#\\\/schema\\\/logo\\\/image\\\/\",\"url\":\"https:\\\/\\\/standuppaddle.hu\\\/wp-content\\\/uploads\\\/2019\\\/10\\\/sup-center-balaton-logo.jpg\",\"contentUrl\":\"https:\\\/\\\/standuppaddle.hu\\\/wp-content\\\/uploads\\\/2019\\\/10\\\/sup-center-balaton-logo.jpg\",\"width\":2492,\"height\":1075,\"caption\":\"SUP Center Balaton\"},\"image\":{\"@id\":\"https:\\\/\\\/standuppaddle.hu\\\/de\\\/#\\\/schema\\\/logo\\\/image\\\/\"},\"sameAs\":[\"https:\\\/\\\/www.facebook.com\\\/SUP.Center\\\/\",\"https:\\\/\\\/www.instagram.com\\\/sup_center_balaton\\\/\",\"https:\\\/\\\/www.youtube.com\\\/channel\\\/UCaX3OG6gvkhCqeZSw1zgTmw\"]}]}<\/script>\n<!-- \/ Yoast SEO plugin. -->","yoast_head_json":{"title":"Kinder Paddel - RED Cruiser Tough Small - Stand Up Paddle","description":"Das Kinder Paddel von Red Paddel Co - Cruiser Tough Small, wurde speziell f\u00fcr kleinere Personen, Jugendliche und Kinder entwickelt.","robots":{"index":"index","follow":"follow","max-snippet":"max-snippet:-1","max-image-preview":"max-image-preview:large","max-video-preview":"max-video-preview:-1"},"canonical":"https:\/\/standuppaddle.hu\/de\/sup-webaruhaz-webshop\/kinder-paddel-red-cruiser-tough-small\/","og_locale":"de_DE","og_type":"article","og_title":"Kinder Paddel - RED Cruiser Tough Small - Stand Up Paddle","og_description":"Das Kinder Paddel von Red Paddel Co - Cruiser Tough Small, wurde speziell f\u00fcr kleinere Personen, Jugendliche und Kinder entwickelt.","og_url":"https:\/\/standuppaddle.hu\/de\/sup-webaruhaz-webshop\/kinder-paddel-red-cruiser-tough-small\/","og_site_name":"Stand Up Paddle","article_publisher":"https:\/\/www.facebook.com\/SUP.Center\/","og_image":[{"width":600,"height":600,"url":"https:\/\/standuppaddle.hu\/wp-content\/uploads\/2023\/08\/cruiser_tough.jpg","type":"image\/jpeg"}],"twitter_card":"summary_large_image","twitter_misc":{"Gesch\u00e4tzte Lesezeit":"1\u00a0Minute"},"schema":{"@context":"https:\/\/schema.org","@graph":[{"@type":"WebPage","@id":"https:\/\/standuppaddle.hu\/de\/sup-webaruhaz-webshop\/kinder-paddel-red-cruiser-tough-small\/","url":"https:\/\/standuppaddle.hu\/de\/sup-webaruhaz-webshop\/kinder-paddel-red-cruiser-tough-small\/","name":"Kinder Paddel - RED Cruiser Tough Small - Stand Up Paddle","isPartOf":{"@id":"https:\/\/standuppaddle.hu\/de\/#website"},"primaryImageOfPage":{"@id":"https:\/\/standuppaddle.hu\/de\/sup-webaruhaz-webshop\/kinder-paddel-red-cruiser-tough-small\/#primaryimage"},"image":{"@id":"https:\/\/standuppaddle.hu\/de\/sup-webaruhaz-webshop\/kinder-paddel-red-cruiser-tough-small\/#primaryimage"},"thumbnailUrl":"https:\/\/standuppaddle.hu\/wp-content\/uploads\/2023\/08\/cruiser_tough.jpg","datePublished":"2026-03-19T17:16:05+00:00","description":"Das Kinder Paddel von Red Paddel Co - Cruiser Tough Small, wurde speziell f\u00fcr kleinere Personen, Jugendliche und Kinder entwickelt.","breadcrumb":{"@id":"https:\/\/standuppaddle.hu\/de\/sup-webaruhaz-webshop\/kinder-paddel-red-cruiser-tough-small\/#breadcrumb"},"inLanguage":"de","potentialAction":[{"@type":"ReadAction","target":["https:\/\/standuppaddle.hu\/de\/sup-webaruhaz-webshop\/kinder-paddel-red-cruiser-tough-small\/"]}]},{"@type":"ImageObject","inLanguage":"de","@id":"https:\/\/standuppaddle.hu\/de\/sup-webaruhaz-webshop\/kinder-paddel-red-cruiser-tough-small\/#primaryimage","url":"https:\/\/standuppaddle.hu\/wp-content\/uploads\/2023\/08\/cruiser_tough.jpg","contentUrl":"https:\/\/standuppaddle.hu\/wp-content\/uploads\/2023\/08\/cruiser_tough.jpg","width":600,"height":600},{"@type":"BreadcrumbList","@id":"https:\/\/standuppaddle.hu\/de\/sup-webaruhaz-webshop\/kinder-paddel-red-cruiser-tough-small\/#breadcrumb","itemListElement":[{"@type":"ListItem","position":1,"name":"Home","item":"https:\/\/standuppaddle.hu\/de\/"},{"@type":"ListItem","position":2,"name":"SUP Produkte auf Lager:","item":"https:\/\/standuppaddle.hu\/de\/sup-web-shop\/"},{"@type":"ListItem","position":3,"name":"Kinder Paddel &#8211; RED Cruiser Tough Small"}]},{"@type":"WebSite","@id":"https:\/\/standuppaddle.hu\/de\/#website","url":"https:\/\/standuppaddle.hu\/de\/","name":"Stand Up Paddle","description":"\u00e1llva evez\u00e9s - \u00e1ll\u00f3 sz\u00f6rf - SUP Center Balaton","publisher":{"@id":"https:\/\/standuppaddle.hu\/de\/#organization"},"potentialAction":[{"@type":"SearchAction","target":{"@type":"EntryPoint","urlTemplate":"https:\/\/standuppaddle.hu\/de\/?s={search_term_string}"},"query-input":{"@type":"PropertyValueSpecification","valueRequired":true,"valueName":"search_term_string"}}],"inLanguage":"de"},{"@type":"Organization","@id":"https:\/\/standuppaddle.hu\/de\/#organization","name":"SUP Center Balaton","url":"https:\/\/standuppaddle.hu\/de\/","logo":{"@type":"ImageObject","inLanguage":"de","@id":"https:\/\/standuppaddle.hu\/de\/#\/schema\/logo\/image\/","url":"https:\/\/standuppaddle.hu\/wp-content\/uploads\/2019\/10\/sup-center-balaton-logo.jpg","contentUrl":"https:\/\/standuppaddle.hu\/wp-content\/uploads\/2019\/10\/sup-center-balaton-logo.jpg","width":2492,"height":1075,"caption":"SUP Center Balaton"},"image":{"@id":"https:\/\/standuppaddle.hu\/de\/#\/schema\/logo\/image\/"},"sameAs":["https:\/\/www.facebook.com\/SUP.Center\/","https:\/\/www.instagram.com\/sup_center_balaton\/","https:\/\/www.youtube.com\/channel\/UCaX3OG6gvkhCqeZSw1zgTmw"]}]}},"_links":{"self":[{"href":"https:\/\/standuppaddle.hu\/de\/wp-json\/wp\/v2\/product\/11742","targetHints":{"allow":["GET"]}}],"collection":[{"href":"https:\/\/standuppaddle.hu\/de\/wp-json\/wp\/v2\/product"}],"about":[{"href":"https:\/\/standuppaddle.hu\/de\/wp-json\/wp\/v2\/types\/product"}],"version-history":[{"count":2,"href":"https:\/\/standuppaddle.hu\/de\/wp-json\/wp\/v2\/product\/11742\/revisions"}],"predecessor-version":[{"id":11752,"href":"https:\/\/standuppaddle.hu\/de\/wp-json\/wp\/v2\/product\/11742\/revisions\/11752"}],"wp:featuredmedia":[{"embeddable":true,"href":"https:\/\/standuppaddle.hu\/de\/wp-json\/wp\/v2\/media\/11619"}],"wp:attachment":[{"href":"https:\/\/standuppaddle.hu\/de\/wp-json\/wp\/v2\/media?parent=11742"}],"wp:term":[{"taxonomy":"product_brand","embeddable":true,"href":"https:\/\/standuppaddle.hu\/de\/wp-json\/wp\/v2\/product_brand?post=11742"},{"taxonomy":"product_cat","embeddable":true,"href":"https:\/\/standuppaddle.hu\/de\/wp-json\/wp\/v2\/product_cat?post=11742"},{"taxonomy":"product_tag","embeddable":true,"href":"https:\/\/standuppaddle.hu\/de\/wp-json\/wp\/v2\/product_tag?post=11742"}],"curies":[{"name":"wp","href":"https:\/\/api.w.org\/{rel}","templated":true}]}}