{"id":11419,"date":"2026-04-01T16:00:52","date_gmt":"2026-04-01T14:00:52","guid":{"rendered":"https:\/\/standuppaddle.hu\/?post_type=product&#038;p=11419"},"modified":"2023-04-17T16:49:39","modified_gmt":"2023-04-17T14:49:39","slug":"red-atb-transformer-sup-rucksack","status":"publish","type":"product","link":"https:\/\/standuppaddle.hu\/de\/sup-webaruhaz-webshop\/red-atb-transformer-sup-rucksack\/","title":{"rendered":"Red ATB Transformer SUP Rucksack"},"content":{"rendered":"<h3>RED ATB Transformer SUP Rucksack<\/h3>\n<p>Der f\u00fcr 2022 komplett \u00fcberarbeitete Red Paddle Co. SUP Rucksack mit Rollen und Rucksacksystem ist die perfekte Tasche, um die Welt mit Ihrem aufblasbaren Paddleboard zu bereisen. Die Tasche ist aus hochwertigen Materialien hergestellt, die den Belastungen von Sonne, Salzwasser, Sand und Reisen widerstehen. Mehrere Griffe bieten eine Vielzahl von Trageoptionen. Die verstellbaren, gepolsterten Schultergurte und der Bauchgurt sichern h\u00f6chsten Tragekomfort. Durch das integrierte Rollensystem mit hochwertigen Kugellagern l\u00e4sst sich die Tasche auch bequem \u00fcber unebene B\u00f6den rollen.<\/p>\n<p>Das \u00e4u\u00dfere Tragegurtsystem ist abnehmbar und kann am aufgerollten Brett, ohne Rucksack, befestigt werden. So k\u00f6nnen Sie die Tasche im Auto lassen und das Gurtsystem w\u00e4hrend des Paddelns am Brett befestigen.<br \/>\nEin 3-teilige Paddel kann mithilfe von Klettverschlusslaschen an der Innenseite des Rucksacks befestigt werden. Das Paddelblatt wird dabei durch eine daf\u00fcr vorgesehene Tasche vor dem Zerkratzen gesch\u00fctzt. Auf der Au\u00dfenseite des Rucksacks gibt es eine Tasche mit Rei\u00dfverschluss um diverse pers\u00f6nliche Dinge zu verstauen.<\/p>\n<p><iframe loading=\"lazy\" title=\"YouTube video player\" src=\"https:\/\/www.youtube.com\/embed\/gJww3C_zCcA\" width=\"560\" height=\"315\" frameborder=\"0\" allowfullscreen=\"allowfullscreen\"><\/iframe><\/p>\n<p><iframe loading=\"lazy\" title=\"YouTube video player\" src=\"https:\/\/www.youtube.com\/embed\/Eu4UNJAWIrw\" width=\"560\" height=\"315\" frameborder=\"0\" allowfullscreen=\"allowfullscreen\"><\/iframe><\/p>\n","protected":false},"excerpt":{"rendered":"<p>Das Produkt kann per Paketdienst geliefert werden. Bitte bestellen Sie per Email oder besuchen Sie unseren Shop in Tihany.<\/p>\n","protected":false},"featured_media":7430,"template":"","meta":{"ocean_post_layout":"","ocean_both_sidebars_style":"","ocean_both_sidebars_content_width":0,"ocean_both_sidebars_sidebars_width":0,"ocean_sidebar":"0","ocean_second_sidebar":"0","ocean_disable_margins":"enable","ocean_add_body_class":"","ocean_shortcode_before_top_bar":"","ocean_shortcode_after_top_bar":"","ocean_shortcode_before_header":"","ocean_shortcode_after_header":"","ocean_has_shortcode":"","ocean_shortcode_after_title":"","ocean_shortcode_before_footer_widgets":"","ocean_shortcode_after_footer_widgets":"","ocean_shortcode_before_footer_bottom":"","ocean_shortcode_after_footer_bottom":"","ocean_display_top_bar":"default","ocean_display_header":"default","ocean_header_style":"","ocean_center_header_left_menu":"0","ocean_custom_header_template":"0","ocean_custom_logo":0,"ocean_custom_retina_logo":0,"ocean_custom_logo_max_width":0,"ocean_custom_logo_tablet_max_width":0,"ocean_custom_logo_mobile_max_width":0,"ocean_custom_logo_max_height":0,"ocean_custom_logo_tablet_max_height":0,"ocean_custom_logo_mobile_max_height":0,"ocean_header_custom_menu":"0","ocean_menu_typo_font_family":"0","ocean_menu_typo_font_subset":"","ocean_menu_typo_font_size":0,"ocean_menu_typo_font_size_tablet":0,"ocean_menu_typo_font_size_mobile":0,"ocean_menu_typo_font_size_unit":"px","ocean_menu_typo_font_weight":"","ocean_menu_typo_font_weight_tablet":"","ocean_menu_typo_font_weight_mobile":"","ocean_menu_typo_transform":"","ocean_menu_typo_transform_tablet":"","ocean_menu_typo_transform_mobile":"","ocean_menu_typo_line_height":0,"ocean_menu_typo_line_height_tablet":0,"ocean_menu_typo_line_height_mobile":0,"ocean_menu_typo_line_height_unit":"","ocean_menu_typo_spacing":0,"ocean_menu_typo_spacing_tablet":0,"ocean_menu_typo_spacing_mobile":0,"ocean_menu_typo_spacing_unit":"","ocean_menu_link_color":"","ocean_menu_link_color_hover":"","ocean_menu_link_color_active":"","ocean_menu_link_background":"","ocean_menu_link_hover_background":"","ocean_menu_link_active_background":"","ocean_menu_social_links_bg":"","ocean_menu_social_hover_links_bg":"","ocean_menu_social_links_color":"","ocean_menu_social_hover_links_color":"","ocean_disable_title":"default","ocean_disable_heading":"default","ocean_post_title":"","ocean_post_subheading":"","ocean_post_title_style":"","ocean_post_title_background_color":"","ocean_post_title_background":0,"ocean_post_title_bg_image_position":"","ocean_post_title_bg_image_attachment":"","ocean_post_title_bg_image_repeat":"","ocean_post_title_bg_image_size":"","ocean_post_title_height":0,"ocean_post_title_bg_overlay":0.5,"ocean_post_title_bg_overlay_color":"","ocean_disable_breadcrumbs":"default","ocean_breadcrumbs_color":"","ocean_breadcrumbs_separator_color":"","ocean_breadcrumbs_links_color":"","ocean_breadcrumbs_links_hover_color":"","ocean_display_footer_widgets":"default","ocean_display_footer_bottom":"default","ocean_custom_footer_template":"0","footnotes":""},"product_brand":[],"product_cat":[198,210],"product_tag":[232,230],"class_list":{"0":"post-11419","1":"product","2":"type-product","3":"status-publish","4":"has-post-thumbnail","6":"product_cat-sup-abverkauf-angebote","7":"product_cat-sup-zubehor","8":"product_tag-red-original-de","9":"product_tag-red-paddle-co-de","10":"product_shipping_class-xl-paket","12":"entry","13":"has-media","15":"first","16":"instock","17":"sale","18":"taxable","19":"shipping-taxable","20":"purchasable","21":"product-type-simple","22":"col","23":"span_1_of_3","24":"owp-content-center","25":"owp-thumbs-layout-horizontal","26":"owp-btn-normal","27":"owp-tabs-layout-section"},"yoast_head":"<!-- This site is optimized with the Yoast SEO plugin v27.3 - https:\/\/yoast.com\/product\/yoast-seo-wordpress\/ -->\n<title>Red Paddle Co kerekes h\u00e1tizs\u00e1k a vil\u00e1g legjobb SUP h\u00e1tizs\u00e1kja<\/title>\n<meta name=\"description\" content=\"Der f\u00fcr 2022 komplett \u00fcberarbeitete Red Paddle Co. SUP Rucksack mit Rollen und Rucksacksystem ist die perfekte Tasche f\u00fcr dein SUP\" \/>\n<meta name=\"robots\" content=\"index, follow, max-snippet:-1, max-image-preview:large, max-video-preview:-1\" \/>\n<link rel=\"canonical\" href=\"https:\/\/standuppaddle.hu\/de\/sup-webaruhaz-webshop\/red-atb-transformer-sup-rucksack\/\" \/>\n<meta property=\"og:locale\" content=\"de_DE\" \/>\n<meta property=\"og:type\" content=\"article\" \/>\n<meta property=\"og:title\" content=\"Red Paddle Co kerekes h\u00e1tizs\u00e1k a vil\u00e1g legjobb SUP h\u00e1tizs\u00e1kja\" \/>\n<meta property=\"og:description\" content=\"Der f\u00fcr 2022 komplett \u00fcberarbeitete Red Paddle Co. SUP Rucksack mit Rollen und Rucksacksystem ist die perfekte Tasche f\u00fcr dein SUP\" \/>\n<meta property=\"og:url\" content=\"https:\/\/standuppaddle.hu\/de\/sup-webaruhaz-webshop\/red-atb-transformer-sup-rucksack\/\" \/>\n<meta property=\"og:site_name\" content=\"Stand Up Paddle\" \/>\n<meta property=\"article:publisher\" content=\"https:\/\/www.facebook.com\/SUP.Center\/\" \/>\n<meta property=\"og:image\" content=\"https:\/\/standuppaddle.hu\/wp-content\/uploads\/2021\/10\/red_all_terrain_transformer_backpack.jpg\" \/>\n\t<meta property=\"og:image:width\" content=\"600\" \/>\n\t<meta property=\"og:image:height\" content=\"600\" \/>\n\t<meta property=\"og:image:type\" content=\"image\/jpeg\" \/>\n<meta name=\"twitter:card\" content=\"summary_large_image\" \/>\n<meta name=\"twitter:label1\" content=\"Gesch\u00e4tzte Lesezeit\" \/>\n\t<meta name=\"twitter:data1\" content=\"1\u00a0Minute\" \/>\n<script type=\"application\/ld+json\" class=\"yoast-schema-graph\">{\"@context\":\"https:\\\/\\\/schema.org\",\"@graph\":[{\"@type\":\"WebPage\",\"@id\":\"https:\\\/\\\/standuppaddle.hu\\\/de\\\/sup-webaruhaz-webshop\\\/red-atb-transformer-sup-rucksack\\\/\",\"url\":\"https:\\\/\\\/standuppaddle.hu\\\/de\\\/sup-webaruhaz-webshop\\\/red-atb-transformer-sup-rucksack\\\/\",\"name\":\"Red Paddle Co kerekes h\u00e1tizs\u00e1k a vil\u00e1g legjobb SUP h\u00e1tizs\u00e1kja\",\"isPartOf\":{\"@id\":\"https:\\\/\\\/standuppaddle.hu\\\/de\\\/#website\"},\"primaryImageOfPage\":{\"@id\":\"https:\\\/\\\/standuppaddle.hu\\\/de\\\/sup-webaruhaz-webshop\\\/red-atb-transformer-sup-rucksack\\\/#primaryimage\"},\"image\":{\"@id\":\"https:\\\/\\\/standuppaddle.hu\\\/de\\\/sup-webaruhaz-webshop\\\/red-atb-transformer-sup-rucksack\\\/#primaryimage\"},\"thumbnailUrl\":\"https:\\\/\\\/standuppaddle.hu\\\/wp-content\\\/uploads\\\/2021\\\/10\\\/red_all_terrain_transformer_backpack.jpg\",\"datePublished\":\"2026-04-01T14:00:52+00:00\",\"description\":\"Der f\u00fcr 2022 komplett \u00fcberarbeitete Red Paddle Co. SUP Rucksack mit Rollen und Rucksacksystem ist die perfekte Tasche f\u00fcr dein SUP\",\"breadcrumb\":{\"@id\":\"https:\\\/\\\/standuppaddle.hu\\\/de\\\/sup-webaruhaz-webshop\\\/red-atb-transformer-sup-rucksack\\\/#breadcrumb\"},\"inLanguage\":\"de\",\"potentialAction\":[{\"@type\":\"ReadAction\",\"target\":[\"https:\\\/\\\/standuppaddle.hu\\\/de\\\/sup-webaruhaz-webshop\\\/red-atb-transformer-sup-rucksack\\\/\"]}]},{\"@type\":\"ImageObject\",\"inLanguage\":\"de\",\"@id\":\"https:\\\/\\\/standuppaddle.hu\\\/de\\\/sup-webaruhaz-webshop\\\/red-atb-transformer-sup-rucksack\\\/#primaryimage\",\"url\":\"https:\\\/\\\/standuppaddle.hu\\\/wp-content\\\/uploads\\\/2021\\\/10\\\/red_all_terrain_transformer_backpack.jpg\",\"contentUrl\":\"https:\\\/\\\/standuppaddle.hu\\\/wp-content\\\/uploads\\\/2021\\\/10\\\/red_all_terrain_transformer_backpack.jpg\",\"width\":600,\"height\":600},{\"@type\":\"BreadcrumbList\",\"@id\":\"https:\\\/\\\/standuppaddle.hu\\\/de\\\/sup-webaruhaz-webshop\\\/red-atb-transformer-sup-rucksack\\\/#breadcrumb\",\"itemListElement\":[{\"@type\":\"ListItem\",\"position\":1,\"name\":\"Home\",\"item\":\"https:\\\/\\\/standuppaddle.hu\\\/de\\\/\"},{\"@type\":\"ListItem\",\"position\":2,\"name\":\"SUP Produkte auf Lager:\",\"item\":\"https:\\\/\\\/standuppaddle.hu\\\/de\\\/sup-web-shop\\\/\"},{\"@type\":\"ListItem\",\"position\":3,\"name\":\"Red ATB Transformer SUP Rucksack\"}]},{\"@type\":\"WebSite\",\"@id\":\"https:\\\/\\\/standuppaddle.hu\\\/de\\\/#website\",\"url\":\"https:\\\/\\\/standuppaddle.hu\\\/de\\\/\",\"name\":\"Stand Up Paddle\",\"description\":\"\u00e1llva evez\u00e9s - \u00e1ll\u00f3 sz\u00f6rf - SUP Center Balaton\",\"publisher\":{\"@id\":\"https:\\\/\\\/standuppaddle.hu\\\/de\\\/#organization\"},\"potentialAction\":[{\"@type\":\"SearchAction\",\"target\":{\"@type\":\"EntryPoint\",\"urlTemplate\":\"https:\\\/\\\/standuppaddle.hu\\\/de\\\/?s={search_term_string}\"},\"query-input\":{\"@type\":\"PropertyValueSpecification\",\"valueRequired\":true,\"valueName\":\"search_term_string\"}}],\"inLanguage\":\"de\"},{\"@type\":\"Organization\",\"@id\":\"https:\\\/\\\/standuppaddle.hu\\\/de\\\/#organization\",\"name\":\"SUP Center Balaton\",\"url\":\"https:\\\/\\\/standuppaddle.hu\\\/de\\\/\",\"logo\":{\"@type\":\"ImageObject\",\"inLanguage\":\"de\",\"@id\":\"https:\\\/\\\/standuppaddle.hu\\\/de\\\/#\\\/schema\\\/logo\\\/image\\\/\",\"url\":\"https:\\\/\\\/standuppaddle.hu\\\/wp-content\\\/uploads\\\/2019\\\/10\\\/sup-center-balaton-logo.jpg\",\"contentUrl\":\"https:\\\/\\\/standuppaddle.hu\\\/wp-content\\\/uploads\\\/2019\\\/10\\\/sup-center-balaton-logo.jpg\",\"width\":2492,\"height\":1075,\"caption\":\"SUP Center Balaton\"},\"image\":{\"@id\":\"https:\\\/\\\/standuppaddle.hu\\\/de\\\/#\\\/schema\\\/logo\\\/image\\\/\"},\"sameAs\":[\"https:\\\/\\\/www.facebook.com\\\/SUP.Center\\\/\",\"https:\\\/\\\/www.instagram.com\\\/sup_center_balaton\\\/\",\"https:\\\/\\\/www.youtube.com\\\/channel\\\/UCaX3OG6gvkhCqeZSw1zgTmw\"]}]}<\/script>\n<!-- \/ Yoast SEO plugin. -->","yoast_head_json":{"title":"Red Paddle Co kerekes h\u00e1tizs\u00e1k a vil\u00e1g legjobb SUP h\u00e1tizs\u00e1kja","description":"Der f\u00fcr 2022 komplett \u00fcberarbeitete Red Paddle Co. SUP Rucksack mit Rollen und Rucksacksystem ist die perfekte Tasche f\u00fcr dein SUP","robots":{"index":"index","follow":"follow","max-snippet":"max-snippet:-1","max-image-preview":"max-image-preview:large","max-video-preview":"max-video-preview:-1"},"canonical":"https:\/\/standuppaddle.hu\/de\/sup-webaruhaz-webshop\/red-atb-transformer-sup-rucksack\/","og_locale":"de_DE","og_type":"article","og_title":"Red Paddle Co kerekes h\u00e1tizs\u00e1k a vil\u00e1g legjobb SUP h\u00e1tizs\u00e1kja","og_description":"Der f\u00fcr 2022 komplett \u00fcberarbeitete Red Paddle Co. SUP Rucksack mit Rollen und Rucksacksystem ist die perfekte Tasche f\u00fcr dein SUP","og_url":"https:\/\/standuppaddle.hu\/de\/sup-webaruhaz-webshop\/red-atb-transformer-sup-rucksack\/","og_site_name":"Stand Up Paddle","article_publisher":"https:\/\/www.facebook.com\/SUP.Center\/","og_image":[{"width":600,"height":600,"url":"https:\/\/standuppaddle.hu\/wp-content\/uploads\/2021\/10\/red_all_terrain_transformer_backpack.jpg","type":"image\/jpeg"}],"twitter_card":"summary_large_image","twitter_misc":{"Gesch\u00e4tzte Lesezeit":"1\u00a0Minute"},"schema":{"@context":"https:\/\/schema.org","@graph":[{"@type":"WebPage","@id":"https:\/\/standuppaddle.hu\/de\/sup-webaruhaz-webshop\/red-atb-transformer-sup-rucksack\/","url":"https:\/\/standuppaddle.hu\/de\/sup-webaruhaz-webshop\/red-atb-transformer-sup-rucksack\/","name":"Red Paddle Co kerekes h\u00e1tizs\u00e1k a vil\u00e1g legjobb SUP h\u00e1tizs\u00e1kja","isPartOf":{"@id":"https:\/\/standuppaddle.hu\/de\/#website"},"primaryImageOfPage":{"@id":"https:\/\/standuppaddle.hu\/de\/sup-webaruhaz-webshop\/red-atb-transformer-sup-rucksack\/#primaryimage"},"image":{"@id":"https:\/\/standuppaddle.hu\/de\/sup-webaruhaz-webshop\/red-atb-transformer-sup-rucksack\/#primaryimage"},"thumbnailUrl":"https:\/\/standuppaddle.hu\/wp-content\/uploads\/2021\/10\/red_all_terrain_transformer_backpack.jpg","datePublished":"2026-04-01T14:00:52+00:00","description":"Der f\u00fcr 2022 komplett \u00fcberarbeitete Red Paddle Co. SUP Rucksack mit Rollen und Rucksacksystem ist die perfekte Tasche f\u00fcr dein SUP","breadcrumb":{"@id":"https:\/\/standuppaddle.hu\/de\/sup-webaruhaz-webshop\/red-atb-transformer-sup-rucksack\/#breadcrumb"},"inLanguage":"de","potentialAction":[{"@type":"ReadAction","target":["https:\/\/standuppaddle.hu\/de\/sup-webaruhaz-webshop\/red-atb-transformer-sup-rucksack\/"]}]},{"@type":"ImageObject","inLanguage":"de","@id":"https:\/\/standuppaddle.hu\/de\/sup-webaruhaz-webshop\/red-atb-transformer-sup-rucksack\/#primaryimage","url":"https:\/\/standuppaddle.hu\/wp-content\/uploads\/2021\/10\/red_all_terrain_transformer_backpack.jpg","contentUrl":"https:\/\/standuppaddle.hu\/wp-content\/uploads\/2021\/10\/red_all_terrain_transformer_backpack.jpg","width":600,"height":600},{"@type":"BreadcrumbList","@id":"https:\/\/standuppaddle.hu\/de\/sup-webaruhaz-webshop\/red-atb-transformer-sup-rucksack\/#breadcrumb","itemListElement":[{"@type":"ListItem","position":1,"name":"Home","item":"https:\/\/standuppaddle.hu\/de\/"},{"@type":"ListItem","position":2,"name":"SUP Produkte auf Lager:","item":"https:\/\/standuppaddle.hu\/de\/sup-web-shop\/"},{"@type":"ListItem","position":3,"name":"Red ATB Transformer SUP Rucksack"}]},{"@type":"WebSite","@id":"https:\/\/standuppaddle.hu\/de\/#website","url":"https:\/\/standuppaddle.hu\/de\/","name":"Stand Up Paddle","description":"\u00e1llva evez\u00e9s - \u00e1ll\u00f3 sz\u00f6rf - SUP Center Balaton","publisher":{"@id":"https:\/\/standuppaddle.hu\/de\/#organization"},"potentialAction":[{"@type":"SearchAction","target":{"@type":"EntryPoint","urlTemplate":"https:\/\/standuppaddle.hu\/de\/?s={search_term_string}"},"query-input":{"@type":"PropertyValueSpecification","valueRequired":true,"valueName":"search_term_string"}}],"inLanguage":"de"},{"@type":"Organization","@id":"https:\/\/standuppaddle.hu\/de\/#organization","name":"SUP Center Balaton","url":"https:\/\/standuppaddle.hu\/de\/","logo":{"@type":"ImageObject","inLanguage":"de","@id":"https:\/\/standuppaddle.hu\/de\/#\/schema\/logo\/image\/","url":"https:\/\/standuppaddle.hu\/wp-content\/uploads\/2019\/10\/sup-center-balaton-logo.jpg","contentUrl":"https:\/\/standuppaddle.hu\/wp-content\/uploads\/2019\/10\/sup-center-balaton-logo.jpg","width":2492,"height":1075,"caption":"SUP Center Balaton"},"image":{"@id":"https:\/\/standuppaddle.hu\/de\/#\/schema\/logo\/image\/"},"sameAs":["https:\/\/www.facebook.com\/SUP.Center\/","https:\/\/www.instagram.com\/sup_center_balaton\/","https:\/\/www.youtube.com\/channel\/UCaX3OG6gvkhCqeZSw1zgTmw"]}]}},"_links":{"self":[{"href":"https:\/\/standuppaddle.hu\/de\/wp-json\/wp\/v2\/product\/11419","targetHints":{"allow":["GET"]}}],"collection":[{"href":"https:\/\/standuppaddle.hu\/de\/wp-json\/wp\/v2\/product"}],"about":[{"href":"https:\/\/standuppaddle.hu\/de\/wp-json\/wp\/v2\/types\/product"}],"version-history":[{"count":1,"href":"https:\/\/standuppaddle.hu\/de\/wp-json\/wp\/v2\/product\/11419\/revisions"}],"predecessor-version":[{"id":11424,"href":"https:\/\/standuppaddle.hu\/de\/wp-json\/wp\/v2\/product\/11419\/revisions\/11424"}],"wp:featuredmedia":[{"embeddable":true,"href":"https:\/\/standuppaddle.hu\/de\/wp-json\/wp\/v2\/media\/7430"}],"wp:attachment":[{"href":"https:\/\/standuppaddle.hu\/de\/wp-json\/wp\/v2\/media?parent=11419"}],"wp:term":[{"taxonomy":"product_brand","embeddable":true,"href":"https:\/\/standuppaddle.hu\/de\/wp-json\/wp\/v2\/product_brand?post=11419"},{"taxonomy":"product_cat","embeddable":true,"href":"https:\/\/standuppaddle.hu\/de\/wp-json\/wp\/v2\/product_cat?post=11419"},{"taxonomy":"product_tag","embeddable":true,"href":"https:\/\/standuppaddle.hu\/de\/wp-json\/wp\/v2\/product_tag?post=11419"}],"curies":[{"name":"wp","href":"https:\/\/api.w.org\/{rel}","templated":true}]}}