{"id":8979,"date":"2022-05-23T18:09:01","date_gmt":"2022-05-23T16:09:01","guid":{"rendered":"https:\/\/standuppaddle.hu\/visszakuldesi-es-visszateritesi-szabalyzat\/"},"modified":"2025-03-11T13:36:04","modified_gmt":"2025-03-11T12:36:04","slug":"visszakuldesi-es-visszateritesi-szabalyzat","status":"publish","type":"page","link":"https:\/\/standuppaddle.hu\/de\/visszakuldesi-es-visszateritesi-szabalyzat\/","title":{"rendered":"R\u00fcckgabe- und R\u00fcckerstattungsrichtlinie"},"content":{"rendered":"<h2>R\u00fcckgabe- und R\u00fcckerstattungsrichtlinie<\/h2>\n<p>Zuletzt aktualisiert: 11.03.2025<\/p>\n<p>Vielen Dank f\u00fcr Ihren Einkauf im SUP Center Balaton.<\/p>\n<p>Wenn Sie aus irgendeinem Grund mit einem Kauf nicht vollst\u00e4ndig zufrieden sind, laden wir Sie ein, unsere Richtlinie zu R\u00fcckerstattungen und R\u00fccksendungen zu lesen. Diese R\u00fcckgabe- und R\u00fcckerstattungsrichtlinie wurde mit Hilfe des Generators f\u00fcr R\u00fcckgabe- und R\u00fcckerstattungsrichtlinie erstellt.<\/p>\n<p>Die folgenden Bedingungen gelten f\u00fcr alle Produkte, die Sie bei uns gekauft haben.<\/p>\n<p>Interpretation und Definitionen<\/p>\n<h2>Interpretation<\/h2>\n<p>Die W\u00f6rter, deren Anfangsbuchstabe gro\u00dfgeschrieben wird, haben Bedeutungen, die unter den folgenden Bedingungen definiert sind. Die folgenden Definitionen haben die gleiche Bedeutung, unabh\u00e4ngig davon, ob sie im Singular oder im Plural erscheinen.<\/p>\n<h2>Definitionen<\/h2>\n<p>F\u00fcr die Zwecke dieser R\u00fcckgabe- und R\u00fcckerstattungsrichtlinie:<\/p>\n<p>Unternehmen (in dieser Vereinbarung entweder als \u201edas Unternehmen\u201c, \u201eWir\u201c, \u201eUns\u201c oder \u201eUnser\u201c bezeichnet) bezieht sich auf Sail and Surf Kft, Fels\u00f6kopaszhegyi u. 19, 8237 Tihany, Ungarn.<\/p>\n<p>Waren beziehen sich auf die Artikel, die auf dem Dienst zum Verkauf angeboten werden.<\/p>\n<p>Bestellungen bedeuten eine Aufforderung Ihrerseits, Waren bei uns zu kaufen.<\/p>\n<p>Dienst bezieht sich auf die Website.<\/p>\n<p>Die Website bezieht sich auf das SUP Center Balaton, erreichbar \u00fcber https:\/\/standuppaddle.hu\/<\/p>\n<p>Sie bezeichnen die Person, die auf den Dienst zugreift oder ihn nutzt, oder das Unternehmen oder eine andere juristische Person, in deren Namen diese Person auf den Dienst zugreift oder ihn nutzt, je nachdem, was zutreffend ist.<\/p>\n<p>Ihre Widerrufsrechte f\u00fcr Ihre Bestellung<\/p>\n<p>Sie haben das Recht, Ihre Bestellung innerhalb von 14 Tagen ohne Angabe von Gr\u00fcnden zu stornieren.<\/p>\n<p>Die Frist f\u00fcr die Stornierung einer Bestellung betr\u00e4gt 14 Tage ab dem Datum, an dem Sie die Waren erhalten haben oder an dem ein von Ihnen benannter Dritter, der nicht der Bef\u00f6rderer ist, das gelieferte Produkt in Besitz genommen hat.<\/p>\n<p>Um Ihr Widerrufsrecht auszu\u00fcben, m\u00fcssen Sie uns Ihren Entschluss mittels einer eindeutigen Erkl\u00e4rung mitteilen. Sie k\u00f6nnen uns Ihre Entscheidung mitteilen, indem Sie:<\/p>\n<p>Per E-Mail: &#105;&#x6e;&#102;&#x6f;&#64;&#x73;t&#x61;n&#100;&#x75;&#112;&#x70;&#97;&#x64;d&#x6c;e&#46;&#x68;&#117;<\/p>\n<p>Per Telefonnummer: +36302278927<\/p>\n<p>Wir erstatten Ihnen sp\u00e4testens 14 Tage ab dem Tag, an dem wir die zur\u00fcckgesandte Ware erhalten, den Betrag zur\u00fcck. Wir verwenden dasselbe Zahlungsmittel, das Sie f\u00fcr die Bestellung verwendet haben, und Ihnen entstehen keine Geb\u00fchren f\u00fcr eine solche R\u00fcckerstattung.<\/p>\n<p>Bedingungen f\u00fcr R\u00fccksendungen<\/p>\n<p>Damit die Waren f\u00fcr eine R\u00fccksendung in Frage kommen, stellen Sie bitte Folgendes sicher:<\/p>\n<p>Die Waren wurden in den letzten 14 Tagen gekauft<br \/>\nDie Ware befindet sich in der Originalverpackung<br \/>\nDie Ware ist unbenutzt.<\/p>\n<p>Die folgenden Waren k\u00f6nnen nicht zur\u00fcckgegeben werden:<\/p>\n<p>Die Lieferung von Waren, die nach Ihren Vorgaben gefertigt oder eindeutig personalisiert sind.<br \/>\nZur Lieferung von Waren, die aufgrund ihrer Beschaffenheit nicht f\u00fcr eine R\u00fccksendung geeignet sind, schnell verderben oder das Verfallsdatum \u00fcberschritten ist.<br \/>\nDie Lieferung von Waren, die aus Gr\u00fcnden des Gesundheitsschutzes oder der Hygiene nicht zur R\u00fcckgabe geeignet sind und nach der Lieferung entsiegelt wurden.<br \/>\nDie Lieferung von Waren, die nach der Lieferung ihrer Beschaffenheit nach untrennbar mit anderen Gegenst\u00e4nden vermischt wurden.<\/p>\n<p>Wir behalten uns das Recht vor, die R\u00fccksendung von Waren abzulehnen, die die oben genannten R\u00fcckgabebedingungen nach unserem alleinigen Ermessen nicht erf\u00fcllen.<\/p>\n<p>Warenr\u00fccksendung<\/p>\n<p>Sie tragen die Kosten und das Risiko der R\u00fccksendung der Waren an uns. Sie sollten die Waren an die folgende Adresse senden:<\/p>\n<p>Sail and Surf Kft. Rev. u. 3 8237 Tihany Ungarn<\/p>\n<p>Wir k\u00f6nnen nicht f\u00fcr besch\u00e4digte oder verloren gegangene Waren bei der R\u00fccksendung haftbar gemacht werden. Daher empfehlen wir einen versicherten und verfolgbaren Postdienst. Wir sind nicht in der Lage, eine R\u00fcckerstattung ohne den tats\u00e4chlichen Erhalt der Waren oder den Nachweis der erhaltenen R\u00fccksendung vorzunehmen.<\/p>\n<p>Geschenke<\/p>\n<p>Wenn die Waren beim Kauf als Geschenk gekennzeichnet und dann direkt an Sie versandt wurden, erhalten Sie eine Geschenkgutschrift f\u00fcr den Wert Ihrer R\u00fccksendung. Sobald das zur\u00fcckgegebene Produkt eingegangen ist, wird Ihnen ein Geschenkgutschein zugesandt.<\/p>\n<p>Wenn die Waren beim Kauf nicht als Geschenk gekennzeichnet waren oder der Schenkende die Bestellung an sich selbst versenden lie\u00df, um sie Ihnen sp\u00e4ter zu \u00fcberreichen, senden wir die R\u00fcckerstattung an den Schenkenden.<\/p>\n<h2>Kontakt<\/h2>\n<p>Wenn Sie Fragen zu unseren R\u00fcckgabe- und R\u00fcckerstattungsrichtlinien haben, kontaktieren Sie uns bitte:<\/p>\n<p>Per E-Mail: &#105;&#x6e;&#x66;o&#64;&#x73;t&#97;&#x6e;d&#117;&#x70;p&#97;&#x64;&#x64;&#108;&#x65;&#x2e;h&#117;<\/p>\n<p>Per Telefonnummer: +36302278927<\/p>\n","protected":false},"excerpt":{"rendered":"<p>R\u00fcckgabe- und R\u00fcckerstattungsrichtlinie Zuletzt aktualisiert: 11.03.2025 Vielen Dank f\u00fcr Ihren Einkauf im SUP Center Balaton. Wenn Sie aus irgendeinem Grund mit einem Kauf nicht vollst\u00e4ndig zufrieden sind, laden wir Sie ein, unsere Richtlinie zu R\u00fcckerstattungen und R\u00fccksendungen zu lesen. Diese R\u00fcckgabe- und R\u00fcckerstattungsrichtlinie wurde mit Hilfe des Generators f\u00fcr R\u00fcckgabe- und R\u00fcckerstattungsrichtlinie erstellt. Die folgenden [&hellip;]<\/p>\n","protected":false},"author":2,"featured_media":0,"parent":0,"menu_order":0,"comment_status":"closed","ping_status":"closed","template":"","meta":{"ocean_post_layout":"","ocean_both_sidebars_style":"","ocean_both_sidebars_content_width":0,"ocean_both_sidebars_sidebars_width":0,"ocean_sidebar":"0","ocean_second_sidebar":"0","ocean_disable_margins":"enable","ocean_add_body_class":"","ocean_shortcode_before_top_bar":"","ocean_shortcode_after_top_bar":"","ocean_shortcode_before_header":"","ocean_shortcode_after_header":"","ocean_has_shortcode":"","ocean_shortcode_after_title":"","ocean_shortcode_before_footer_widgets":"","ocean_shortcode_after_footer_widgets":"","ocean_shortcode_before_footer_bottom":"","ocean_shortcode_after_footer_bottom":"","ocean_display_top_bar":"default","ocean_display_header":"default","ocean_header_style":"","ocean_center_header_left_menu":"0","ocean_custom_header_template":"0","ocean_custom_logo":0,"ocean_custom_retina_logo":0,"ocean_custom_logo_max_width":0,"ocean_custom_logo_tablet_max_width":0,"ocean_custom_logo_mobile_max_width":0,"ocean_custom_logo_max_height":0,"ocean_custom_logo_tablet_max_height":0,"ocean_custom_logo_mobile_max_height":0,"ocean_header_custom_menu":"0","ocean_menu_typo_font_family":"0","ocean_menu_typo_font_subset":"","ocean_menu_typo_font_size":0,"ocean_menu_typo_font_size_tablet":0,"ocean_menu_typo_font_size_mobile":0,"ocean_menu_typo_font_size_unit":"px","ocean_menu_typo_font_weight":"","ocean_menu_typo_font_weight_tablet":"","ocean_menu_typo_font_weight_mobile":"","ocean_menu_typo_transform":"","ocean_menu_typo_transform_tablet":"","ocean_menu_typo_transform_mobile":"","ocean_menu_typo_line_height":0,"ocean_menu_typo_line_height_tablet":0,"ocean_menu_typo_line_height_mobile":0,"ocean_menu_typo_line_height_unit":"","ocean_menu_typo_spacing":0,"ocean_menu_typo_spacing_tablet":0,"ocean_menu_typo_spacing_mobile":0,"ocean_menu_typo_spacing_unit":"","ocean_menu_link_color":"","ocean_menu_link_color_hover":"","ocean_menu_link_color_active":"","ocean_menu_link_background":"","ocean_menu_link_hover_background":"","ocean_menu_link_active_background":"","ocean_menu_social_links_bg":"","ocean_menu_social_hover_links_bg":"","ocean_menu_social_links_color":"","ocean_menu_social_hover_links_color":"","ocean_disable_title":"default","ocean_disable_heading":"default","ocean_post_title":"","ocean_post_subheading":"","ocean_post_title_style":"","ocean_post_title_background_color":"","ocean_post_title_background":0,"ocean_post_title_bg_image_position":"","ocean_post_title_bg_image_attachment":"","ocean_post_title_bg_image_repeat":"","ocean_post_title_bg_image_size":"","ocean_post_title_height":0,"ocean_post_title_bg_overlay":0.5,"ocean_post_title_bg_overlay_color":"","ocean_disable_breadcrumbs":"default","ocean_breadcrumbs_color":"","ocean_breadcrumbs_separator_color":"","ocean_breadcrumbs_links_color":"","ocean_breadcrumbs_links_hover_color":"","ocean_display_footer_widgets":"default","ocean_display_footer_bottom":"default","ocean_custom_footer_template":"0","footnotes":""},"class_list":["post-8979","page","type-page","status-publish","hentry","entry","owp-thumbs-layout-horizontal","owp-btn-normal","owp-tabs-layout-section","has-no-thumbnails"],"yoast_head":"<!-- This site is optimized with the Yoast SEO plugin v27.3 - https:\/\/yoast.com\/product\/yoast-seo-wordpress\/ -->\n<title>R\u00fcckgabe- und R\u00fcckerstattungsrichtlinie - Stand Up Paddle<\/title>\n<meta name=\"robots\" content=\"index, follow, max-snippet:-1, max-image-preview:large, max-video-preview:-1\" \/>\n<link rel=\"canonical\" href=\"https:\/\/standuppaddle.hu\/de\/visszakuldesi-es-visszateritesi-szabalyzat\/\" \/>\n<meta property=\"og:locale\" content=\"de_DE\" \/>\n<meta property=\"og:type\" content=\"article\" \/>\n<meta property=\"og:title\" content=\"R\u00fcckgabe- und R\u00fcckerstattungsrichtlinie - Stand Up Paddle\" \/>\n<meta property=\"og:description\" content=\"R\u00fcckgabe- und R\u00fcckerstattungsrichtlinie Zuletzt aktualisiert: 11.03.2025 Vielen Dank f\u00fcr Ihren Einkauf im SUP Center Balaton. Wenn Sie aus irgendeinem Grund mit einem Kauf nicht vollst\u00e4ndig zufrieden sind, laden wir Sie ein, unsere Richtlinie zu R\u00fcckerstattungen und R\u00fccksendungen zu lesen. Diese R\u00fcckgabe- und R\u00fcckerstattungsrichtlinie wurde mit Hilfe des Generators f\u00fcr R\u00fcckgabe- und R\u00fcckerstattungsrichtlinie erstellt. Die folgenden [&hellip;]\" \/>\n<meta property=\"og:url\" content=\"https:\/\/standuppaddle.hu\/de\/visszakuldesi-es-visszateritesi-szabalyzat\/\" \/>\n<meta property=\"og:site_name\" content=\"Stand Up Paddle\" \/>\n<meta property=\"article:publisher\" content=\"https:\/\/www.facebook.com\/SUP.Center\/\" \/>\n<meta property=\"article:modified_time\" content=\"2025-03-11T12:36:04+00:00\" \/>\n<meta name=\"twitter:card\" content=\"summary_large_image\" \/>\n<meta name=\"twitter:label1\" content=\"Gesch\u00e4tzte Lesezeit\" \/>\n\t<meta name=\"twitter:data1\" content=\"1\u00a0Minute\" \/>\n<script type=\"application\/ld+json\" class=\"yoast-schema-graph\">{\"@context\":\"https:\\\/\\\/schema.org\",\"@graph\":[{\"@type\":\"WebPage\",\"@id\":\"https:\\\/\\\/standuppaddle.hu\\\/de\\\/visszakuldesi-es-visszateritesi-szabalyzat\\\/\",\"url\":\"https:\\\/\\\/standuppaddle.hu\\\/de\\\/visszakuldesi-es-visszateritesi-szabalyzat\\\/\",\"name\":\"R\u00fcckgabe- und R\u00fcckerstattungsrichtlinie - Stand Up Paddle\",\"isPartOf\":{\"@id\":\"https:\\\/\\\/standuppaddle.hu\\\/de\\\/#website\"},\"datePublished\":\"2022-05-23T16:09:01+00:00\",\"dateModified\":\"2025-03-11T12:36:04+00:00\",\"breadcrumb\":{\"@id\":\"https:\\\/\\\/standuppaddle.hu\\\/de\\\/visszakuldesi-es-visszateritesi-szabalyzat\\\/#breadcrumb\"},\"inLanguage\":\"de\",\"potentialAction\":[{\"@type\":\"ReadAction\",\"target\":[\"https:\\\/\\\/standuppaddle.hu\\\/de\\\/visszakuldesi-es-visszateritesi-szabalyzat\\\/\"]}]},{\"@type\":\"BreadcrumbList\",\"@id\":\"https:\\\/\\\/standuppaddle.hu\\\/de\\\/visszakuldesi-es-visszateritesi-szabalyzat\\\/#breadcrumb\",\"itemListElement\":[{\"@type\":\"ListItem\",\"position\":1,\"name\":\"Home\",\"item\":\"https:\\\/\\\/standuppaddle.hu\\\/de\\\/\"},{\"@type\":\"ListItem\",\"position\":2,\"name\":\"R\u00fcckgabe- und R\u00fcckerstattungsrichtlinie\"}]},{\"@type\":\"WebSite\",\"@id\":\"https:\\\/\\\/standuppaddle.hu\\\/de\\\/#website\",\"url\":\"https:\\\/\\\/standuppaddle.hu\\\/de\\\/\",\"name\":\"Stand Up Paddle\",\"description\":\"\u00e1llva evez\u00e9s - \u00e1ll\u00f3 sz\u00f6rf - SUP Center Balaton\",\"publisher\":{\"@id\":\"https:\\\/\\\/standuppaddle.hu\\\/de\\\/#organization\"},\"potentialAction\":[{\"@type\":\"SearchAction\",\"target\":{\"@type\":\"EntryPoint\",\"urlTemplate\":\"https:\\\/\\\/standuppaddle.hu\\\/de\\\/?s={search_term_string}\"},\"query-input\":{\"@type\":\"PropertyValueSpecification\",\"valueRequired\":true,\"valueName\":\"search_term_string\"}}],\"inLanguage\":\"de\"},{\"@type\":\"Organization\",\"@id\":\"https:\\\/\\\/standuppaddle.hu\\\/de\\\/#organization\",\"name\":\"SUP Center Balaton\",\"url\":\"https:\\\/\\\/standuppaddle.hu\\\/de\\\/\",\"logo\":{\"@type\":\"ImageObject\",\"inLanguage\":\"de\",\"@id\":\"https:\\\/\\\/standuppaddle.hu\\\/de\\\/#\\\/schema\\\/logo\\\/image\\\/\",\"url\":\"https:\\\/\\\/standuppaddle.hu\\\/wp-content\\\/uploads\\\/2019\\\/10\\\/sup-center-balaton-logo.jpg\",\"contentUrl\":\"https:\\\/\\\/standuppaddle.hu\\\/wp-content\\\/uploads\\\/2019\\\/10\\\/sup-center-balaton-logo.jpg\",\"width\":2492,\"height\":1075,\"caption\":\"SUP Center Balaton\"},\"image\":{\"@id\":\"https:\\\/\\\/standuppaddle.hu\\\/de\\\/#\\\/schema\\\/logo\\\/image\\\/\"},\"sameAs\":[\"https:\\\/\\\/www.facebook.com\\\/SUP.Center\\\/\",\"https:\\\/\\\/www.instagram.com\\\/sup_center_balaton\\\/\",\"https:\\\/\\\/www.youtube.com\\\/channel\\\/UCaX3OG6gvkhCqeZSw1zgTmw\"]}]}<\/script>\n<!-- \/ Yoast SEO plugin. -->","yoast_head_json":{"title":"R\u00fcckgabe- und R\u00fcckerstattungsrichtlinie - Stand Up Paddle","robots":{"index":"index","follow":"follow","max-snippet":"max-snippet:-1","max-image-preview":"max-image-preview:large","max-video-preview":"max-video-preview:-1"},"canonical":"https:\/\/standuppaddle.hu\/de\/visszakuldesi-es-visszateritesi-szabalyzat\/","og_locale":"de_DE","og_type":"article","og_title":"R\u00fcckgabe- und R\u00fcckerstattungsrichtlinie - Stand Up Paddle","og_description":"R\u00fcckgabe- und R\u00fcckerstattungsrichtlinie Zuletzt aktualisiert: 11.03.2025 Vielen Dank f\u00fcr Ihren Einkauf im SUP Center Balaton. Wenn Sie aus irgendeinem Grund mit einem Kauf nicht vollst\u00e4ndig zufrieden sind, laden wir Sie ein, unsere Richtlinie zu R\u00fcckerstattungen und R\u00fccksendungen zu lesen. Diese R\u00fcckgabe- und R\u00fcckerstattungsrichtlinie wurde mit Hilfe des Generators f\u00fcr R\u00fcckgabe- und R\u00fcckerstattungsrichtlinie erstellt. Die folgenden [&hellip;]","og_url":"https:\/\/standuppaddle.hu\/de\/visszakuldesi-es-visszateritesi-szabalyzat\/","og_site_name":"Stand Up Paddle","article_publisher":"https:\/\/www.facebook.com\/SUP.Center\/","article_modified_time":"2025-03-11T12:36:04+00:00","twitter_card":"summary_large_image","twitter_misc":{"Gesch\u00e4tzte Lesezeit":"1\u00a0Minute"},"schema":{"@context":"https:\/\/schema.org","@graph":[{"@type":"WebPage","@id":"https:\/\/standuppaddle.hu\/de\/visszakuldesi-es-visszateritesi-szabalyzat\/","url":"https:\/\/standuppaddle.hu\/de\/visszakuldesi-es-visszateritesi-szabalyzat\/","name":"R\u00fcckgabe- und R\u00fcckerstattungsrichtlinie - Stand Up Paddle","isPartOf":{"@id":"https:\/\/standuppaddle.hu\/de\/#website"},"datePublished":"2022-05-23T16:09:01+00:00","dateModified":"2025-03-11T12:36:04+00:00","breadcrumb":{"@id":"https:\/\/standuppaddle.hu\/de\/visszakuldesi-es-visszateritesi-szabalyzat\/#breadcrumb"},"inLanguage":"de","potentialAction":[{"@type":"ReadAction","target":["https:\/\/standuppaddle.hu\/de\/visszakuldesi-es-visszateritesi-szabalyzat\/"]}]},{"@type":"BreadcrumbList","@id":"https:\/\/standuppaddle.hu\/de\/visszakuldesi-es-visszateritesi-szabalyzat\/#breadcrumb","itemListElement":[{"@type":"ListItem","position":1,"name":"Home","item":"https:\/\/standuppaddle.hu\/de\/"},{"@type":"ListItem","position":2,"name":"R\u00fcckgabe- und R\u00fcckerstattungsrichtlinie"}]},{"@type":"WebSite","@id":"https:\/\/standuppaddle.hu\/de\/#website","url":"https:\/\/standuppaddle.hu\/de\/","name":"Stand Up Paddle","description":"\u00e1llva evez\u00e9s - \u00e1ll\u00f3 sz\u00f6rf - SUP Center Balaton","publisher":{"@id":"https:\/\/standuppaddle.hu\/de\/#organization"},"potentialAction":[{"@type":"SearchAction","target":{"@type":"EntryPoint","urlTemplate":"https:\/\/standuppaddle.hu\/de\/?s={search_term_string}"},"query-input":{"@type":"PropertyValueSpecification","valueRequired":true,"valueName":"search_term_string"}}],"inLanguage":"de"},{"@type":"Organization","@id":"https:\/\/standuppaddle.hu\/de\/#organization","name":"SUP Center Balaton","url":"https:\/\/standuppaddle.hu\/de\/","logo":{"@type":"ImageObject","inLanguage":"de","@id":"https:\/\/standuppaddle.hu\/de\/#\/schema\/logo\/image\/","url":"https:\/\/standuppaddle.hu\/wp-content\/uploads\/2019\/10\/sup-center-balaton-logo.jpg","contentUrl":"https:\/\/standuppaddle.hu\/wp-content\/uploads\/2019\/10\/sup-center-balaton-logo.jpg","width":2492,"height":1075,"caption":"SUP Center Balaton"},"image":{"@id":"https:\/\/standuppaddle.hu\/de\/#\/schema\/logo\/image\/"},"sameAs":["https:\/\/www.facebook.com\/SUP.Center\/","https:\/\/www.instagram.com\/sup_center_balaton\/","https:\/\/www.youtube.com\/channel\/UCaX3OG6gvkhCqeZSw1zgTmw"]}]}},"_links":{"self":[{"href":"https:\/\/standuppaddle.hu\/de\/wp-json\/wp\/v2\/pages\/8979","targetHints":{"allow":["GET"]}}],"collection":[{"href":"https:\/\/standuppaddle.hu\/de\/wp-json\/wp\/v2\/pages"}],"about":[{"href":"https:\/\/standuppaddle.hu\/de\/wp-json\/wp\/v2\/types\/page"}],"author":[{"embeddable":true,"href":"https:\/\/standuppaddle.hu\/de\/wp-json\/wp\/v2\/users\/2"}],"replies":[{"embeddable":true,"href":"https:\/\/standuppaddle.hu\/de\/wp-json\/wp\/v2\/comments?post=8979"}],"version-history":[{"count":4,"href":"https:\/\/standuppaddle.hu\/de\/wp-json\/wp\/v2\/pages\/8979\/revisions"}],"predecessor-version":[{"id":13000,"href":"https:\/\/standuppaddle.hu\/de\/wp-json\/wp\/v2\/pages\/8979\/revisions\/13000"}],"wp:attachment":[{"href":"https:\/\/standuppaddle.hu\/de\/wp-json\/wp\/v2\/media?parent=8979"}],"curies":[{"name":"wp","href":"https:\/\/api.w.org\/{rel}","templated":true}]}}