{"id":4696,"date":"2019-12-24T11:27:34","date_gmt":"2019-12-24T11:27:34","guid":{"rendered":"http:\/\/standuppaddle.hu\/versandkosten\/"},"modified":"2022-05-23T18:46:25","modified_gmt":"2022-05-23T16:46:25","slug":"versandkosten","status":"publish","type":"page","link":"https:\/\/standuppaddle.hu\/de\/versandkosten\/","title":{"rendered":"Versandbedingungen und Versandkosten"},"content":{"rendered":"<h1>Versandbedingungen und Versandkosten<\/h1>\n<p>Unsere Versandrichtlinie wurde zuletzt am 01.05.2022 aktualisiert<\/p>\n<h2>Interpretation und Definitionen<\/h2>\n<h3>Interpretation<\/h3>\n<p>Die W\u00f6rter, deren Anfangsbuchstabe gro\u00dfgeschrieben wird, haben Bedeutungen, die unter den folgenden Bedingungen definiert sind. Die folgenden Definitionen haben die gleiche Bedeutung, unabh\u00e4ngig davon, ob sie im Singular oder im Plural erscheinen.<\/p>\n<h3>Definitionen<\/h3>\n<p>F\u00fcr die Zwecke dieses Haftungsausschlusses:<\/p>\n<p>\u201eUnternehmen\u201c (in diesem Haftungsausschluss entweder als \u201edas Unternehmen\u201c, \u201ewir\u201c, \u201euns\u201c oder \u201eunser\u201c bezeichnet) bezieht sich auf Sail and Surf Kft.<br \/>\n\u201eWaren\u201c bezieht sich auf die Artikel, die auf dem Dienst zum Verkauf angeboten werden.<br \/>\n\u201eBestellungen\u201c bezeichnet eine Aufforderung Ihrerseits, Waren bei uns zu kaufen.<br \/>\n\u201eDienst\u201c bezieht sich auf die Website.<br \/>\n&#8222;Website&#8220; bezieht sich auf das SUP CENTER BALATON, das \u00fcber standuppaddle.hu zug\u00e4nglich ist<br \/>\n\u201eSie\u201c bezeichnet die Person, die auf den Dienst zugreift, oder das Unternehmen oder eine andere juristische Person, in deren Namen diese Person gegebenenfalls auf den Dienst zugreift oder diesen nutzt.<\/p>\n<p>Vielen Dank f\u00fcr Ihren Besuch und Einkauf auf www.standuppaddle.hu: Die folgenden Allgemeinen Gesch\u00e4ftsbedingungen bilden unsere Versandrichtlinie. Dieser Versand wurde vom TermsFeed Shipping Policy Generator generiert.<\/p>\n<h2>Versandbedingungen<\/h2>\n<h3>Versandbearbeitungszeiten<\/h3>\n<p>Alle Bestellungen werden innerhalb von 1 Werktag f\u00fcr Bestellungen vor 15:00 Uhr bearbeitet. Bestellungen werden nicht an Wochenenden oder Feiertagen versandt oder geliefert.<\/p>\n<p>Wenn wir ein hohes Auftragsvolumen verzeichnen, kann sich der Versand um einige Tage verz\u00f6gern. Bitte erlauben Sie zus\u00e4tzliche Tage auf dem Transportweg f\u00fcr die Lieferung. Wenn es zu einer erheblichen Verz\u00f6gerung beim Versand Ihrer Bestellung kommt, werden wir Sie per E-Mail oder Telefon kontaktieren.<br \/>\nEs kann vereinzelt zu Lieferverz\u00f6gerungen kommen.<\/p>\n<h3>Versandkosten<\/h3>\n<p><span style=\"color: #ff0000;\"><strong>Kostenlose Lieferung innerhalb der EU bei Bestellungen \u00fcber 500- EUR<\/strong><\/span><\/p>\n<table width=\"720\">\n<tbody>\n<tr>\n<td width=\"180\"><strong>Paket<\/strong><\/td>\n<td width=\"180\"><strong>S<\/strong><\/td>\n<td width=\"180\"><strong>M<\/strong><\/td>\n<td width=\"180\"><strong>XL<\/strong><\/td>\n<\/tr>\n<tr>\n<td><span style=\"color: #ff0000;\">UNGARN<\/span><\/td>\n<td><span style=\"color: #ff0000;\">7<\/span><\/td>\n<td><span style=\"color: #ff0000;\">7<\/span><\/td>\n<td><span style=\"color: #ff0000;\">13,3<\/span><\/td>\n<\/tr>\n<tr>\n<td>Deutschland<\/td>\n<td>25<\/td>\n<td>25<\/td>\n<td>36<\/td>\n<\/tr>\n<tr>\n<td>\u00d6sterreich<\/td>\n<td>17<\/td>\n<td>17<\/td>\n<td>24,5<\/td>\n<\/tr>\n<tr>\n<td>Polen<\/td>\n<td>25<\/td>\n<td>25<\/td>\n<td>36<\/td>\n<\/tr>\n<tr>\n<td>Slowakei<\/td>\n<td>11<\/td>\n<td>11<\/td>\n<td>16<\/td>\n<\/tr>\n<tr>\n<td>Tschechien<\/td>\n<td>25<\/td>\n<td>25<\/td>\n<td>33<\/td>\n<\/tr>\n<tr>\n<td>Italien<\/td>\n<td>25<\/td>\n<td>25<\/td>\n<td>51<\/td>\n<\/tr>\n<tr>\n<td>Slowenien<\/td>\n<td>11<\/td>\n<td>11<\/td>\n<td>33<\/td>\n<\/tr>\n<tr>\n<td>Frankreich<\/td>\n<td>25<\/td>\n<td>25<\/td>\n<td>46<\/td>\n<\/tr>\n<tr>\n<td>Belgien<\/td>\n<td>25<\/td>\n<td>25<\/td>\n<td>40<\/td>\n<\/tr>\n<tr>\n<td>Bulgarien<\/td>\n<td>25<\/td>\n<td>25<\/td>\n<td>36<\/td>\n<\/tr>\n<tr>\n<td>Kroatien<\/td>\n<td>15<\/td>\n<td>15<\/td>\n<td>21<\/td>\n<\/tr>\n<tr>\n<td>D\u00e4nemark<\/td>\n<td>25<\/td>\n<td>25<\/td>\n<td>51<\/td>\n<\/tr>\n<tr>\n<td>Estland<\/td>\n<td>25<\/td>\n<td>25<\/td>\n<td>57<\/td>\n<\/tr>\n<tr>\n<td>Finnland<\/td>\n<td>25<\/td>\n<td>25<\/td>\n<td>65<\/td>\n<\/tr>\n<tr>\n<td>Griechenland<\/td>\n<td>25<\/td>\n<td>25<\/td>\n<td>66<\/td>\n<\/tr>\n<tr>\n<td>Irland<\/td>\n<td>25<\/td>\n<td>25<\/td>\n<td>46<\/td>\n<\/tr>\n<tr>\n<td>Lettland<\/td>\n<td>25<\/td>\n<td>25<\/td>\n<td>57<\/td>\n<\/tr>\n<tr>\n<td>Litauen<\/td>\n<td>25<\/td>\n<td>25<\/td>\n<td>57<\/td>\n<\/tr>\n<tr>\n<td>Luxemburg<\/td>\n<td>25<\/td>\n<td>25<\/td>\n<td>36<\/td>\n<\/tr>\n<tr>\n<td>Niederlande<\/td>\n<td>25<\/td>\n<td>25<\/td>\n<td>40<\/td>\n<\/tr>\n<tr>\n<td>Portugal<\/td>\n<td>25<\/td>\n<td>25<\/td>\n<td>66<\/td>\n<\/tr>\n<tr>\n<td>Rum\u00e4nien<\/td>\n<td>13<\/td>\n<td>13<\/td>\n<td>19<\/td>\n<\/tr>\n<tr>\n<td>Spanien<\/td>\n<td>25<\/td>\n<td>25<\/td>\n<td>53<\/td>\n<\/tr>\n<tr>\n<td>Schweden<\/td>\n<td>25<\/td>\n<td>25<\/td>\n<td>53<\/td>\n<\/tr>\n<tr>\n<td><\/td>\n<td><\/td>\n<td><\/td>\n<td><\/td>\n<\/tr>\n<\/tbody>\n<\/table>\n<p>&nbsp;<\/p>\n<p>&nbsp;<\/p>\n","protected":false},"excerpt":{"rendered":"<p>Versandbedingungen und Versandkosten Unsere Versandrichtlinie wurde zuletzt am 01.05.2022 aktualisiert Interpretation und Definitionen Interpretation Die W\u00f6rter, deren Anfangsbuchstabe gro\u00dfgeschrieben wird, haben Bedeutungen, die unter den folgenden Bedingungen definiert sind. Die folgenden Definitionen haben die gleiche Bedeutung, unabh\u00e4ngig davon, ob sie im Singular oder im Plural erscheinen. Definitionen F\u00fcr die Zwecke dieses Haftungsausschlusses: \u201eUnternehmen\u201c (in diesem [&hellip;]<\/p>\n","protected":false},"author":2,"featured_media":0,"parent":0,"menu_order":0,"comment_status":"closed","ping_status":"closed","template":"","meta":{"ocean_post_layout":"","ocean_both_sidebars_style":"","ocean_both_sidebars_content_width":0,"ocean_both_sidebars_sidebars_width":0,"ocean_sidebar":"0","ocean_second_sidebar":"0","ocean_disable_margins":"enable","ocean_add_body_class":"","ocean_shortcode_before_top_bar":"","ocean_shortcode_after_top_bar":"","ocean_shortcode_before_header":"","ocean_shortcode_after_header":"","ocean_has_shortcode":"","ocean_shortcode_after_title":"","ocean_shortcode_before_footer_widgets":"","ocean_shortcode_after_footer_widgets":"","ocean_shortcode_before_footer_bottom":"","ocean_shortcode_after_footer_bottom":"","ocean_display_top_bar":"default","ocean_display_header":"default","ocean_header_style":"","ocean_center_header_left_menu":"0","ocean_custom_header_template":"0","ocean_custom_logo":0,"ocean_custom_retina_logo":0,"ocean_custom_logo_max_width":0,"ocean_custom_logo_tablet_max_width":0,"ocean_custom_logo_mobile_max_width":0,"ocean_custom_logo_max_height":0,"ocean_custom_logo_tablet_max_height":0,"ocean_custom_logo_mobile_max_height":0,"ocean_header_custom_menu":"0","ocean_menu_typo_font_family":"0","ocean_menu_typo_font_subset":"","ocean_menu_typo_font_size":0,"ocean_menu_typo_font_size_tablet":0,"ocean_menu_typo_font_size_mobile":0,"ocean_menu_typo_font_size_unit":"px","ocean_menu_typo_font_weight":"","ocean_menu_typo_font_weight_tablet":"","ocean_menu_typo_font_weight_mobile":"","ocean_menu_typo_transform":"","ocean_menu_typo_transform_tablet":"","ocean_menu_typo_transform_mobile":"","ocean_menu_typo_line_height":0,"ocean_menu_typo_line_height_tablet":0,"ocean_menu_typo_line_height_mobile":0,"ocean_menu_typo_line_height_unit":"","ocean_menu_typo_spacing":0,"ocean_menu_typo_spacing_tablet":0,"ocean_menu_typo_spacing_mobile":0,"ocean_menu_typo_spacing_unit":"","ocean_menu_link_color":"","ocean_menu_link_color_hover":"","ocean_menu_link_color_active":"","ocean_menu_link_background":"","ocean_menu_link_hover_background":"","ocean_menu_link_active_background":"","ocean_menu_social_links_bg":"","ocean_menu_social_hover_links_bg":"","ocean_menu_social_links_color":"","ocean_menu_social_hover_links_color":"","ocean_disable_title":"default","ocean_disable_heading":"default","ocean_post_title":"","ocean_post_subheading":"","ocean_post_title_style":"","ocean_post_title_background_color":"","ocean_post_title_background":0,"ocean_post_title_bg_image_position":"","ocean_post_title_bg_image_attachment":"","ocean_post_title_bg_image_repeat":"","ocean_post_title_bg_image_size":"","ocean_post_title_height":0,"ocean_post_title_bg_overlay":0.5,"ocean_post_title_bg_overlay_color":"","ocean_disable_breadcrumbs":"default","ocean_breadcrumbs_color":"","ocean_breadcrumbs_separator_color":"","ocean_breadcrumbs_links_color":"","ocean_breadcrumbs_links_hover_color":"","ocean_display_footer_widgets":"default","ocean_display_footer_bottom":"default","ocean_custom_footer_template":"0","footnotes":""},"class_list":["post-4696","page","type-page","status-publish","hentry","entry","owp-thumbs-layout-horizontal","owp-btn-normal","owp-tabs-layout-section","has-no-thumbnails"],"yoast_head":"<!-- This site is optimized with the Yoast SEO plugin v27.3 - https:\/\/yoast.com\/product\/yoast-seo-wordpress\/ -->\n<title>Versandbedingungen und Versandkosten - Stand Up Paddle<\/title>\n<meta name=\"robots\" content=\"index, follow, max-snippet:-1, max-image-preview:large, max-video-preview:-1\" \/>\n<link rel=\"canonical\" href=\"https:\/\/standuppaddle.hu\/de\/versandkosten\/\" \/>\n<meta property=\"og:locale\" content=\"de_DE\" \/>\n<meta property=\"og:type\" content=\"article\" \/>\n<meta property=\"og:title\" content=\"Versandbedingungen und Versandkosten - Stand Up Paddle\" \/>\n<meta property=\"og:description\" content=\"Versandbedingungen und Versandkosten Unsere Versandrichtlinie wurde zuletzt am 01.05.2022 aktualisiert Interpretation und Definitionen Interpretation Die W\u00f6rter, deren Anfangsbuchstabe gro\u00dfgeschrieben wird, haben Bedeutungen, die unter den folgenden Bedingungen definiert sind. Die folgenden Definitionen haben die gleiche Bedeutung, unabh\u00e4ngig davon, ob sie im Singular oder im Plural erscheinen. Definitionen F\u00fcr die Zwecke dieses Haftungsausschlusses: \u201eUnternehmen\u201c (in diesem [&hellip;]\" \/>\n<meta property=\"og:url\" content=\"https:\/\/standuppaddle.hu\/de\/versandkosten\/\" \/>\n<meta property=\"og:site_name\" content=\"Stand Up Paddle\" \/>\n<meta property=\"article:publisher\" content=\"https:\/\/www.facebook.com\/SUP.Center\/\" \/>\n<meta property=\"article:modified_time\" content=\"2022-05-23T16:46:25+00:00\" \/>\n<meta name=\"twitter:card\" content=\"summary_large_image\" \/>\n<meta name=\"twitter:label1\" content=\"Gesch\u00e4tzte Lesezeit\" \/>\n\t<meta name=\"twitter:data1\" content=\"2\u00a0Minuten\" \/>\n<script type=\"application\/ld+json\" class=\"yoast-schema-graph\">{\"@context\":\"https:\\\/\\\/schema.org\",\"@graph\":[{\"@type\":\"WebPage\",\"@id\":\"https:\\\/\\\/standuppaddle.hu\\\/de\\\/versandkosten\\\/\",\"url\":\"https:\\\/\\\/standuppaddle.hu\\\/de\\\/versandkosten\\\/\",\"name\":\"Versandbedingungen und Versandkosten - Stand Up Paddle\",\"isPartOf\":{\"@id\":\"https:\\\/\\\/standuppaddle.hu\\\/de\\\/#website\"},\"datePublished\":\"2019-12-24T11:27:34+00:00\",\"dateModified\":\"2022-05-23T16:46:25+00:00\",\"breadcrumb\":{\"@id\":\"https:\\\/\\\/standuppaddle.hu\\\/de\\\/versandkosten\\\/#breadcrumb\"},\"inLanguage\":\"de\",\"potentialAction\":[{\"@type\":\"ReadAction\",\"target\":[\"https:\\\/\\\/standuppaddle.hu\\\/de\\\/versandkosten\\\/\"]}]},{\"@type\":\"BreadcrumbList\",\"@id\":\"https:\\\/\\\/standuppaddle.hu\\\/de\\\/versandkosten\\\/#breadcrumb\",\"itemListElement\":[{\"@type\":\"ListItem\",\"position\":1,\"name\":\"Home\",\"item\":\"https:\\\/\\\/standuppaddle.hu\\\/de\\\/\"},{\"@type\":\"ListItem\",\"position\":2,\"name\":\"Versandbedingungen und Versandkosten\"}]},{\"@type\":\"WebSite\",\"@id\":\"https:\\\/\\\/standuppaddle.hu\\\/de\\\/#website\",\"url\":\"https:\\\/\\\/standuppaddle.hu\\\/de\\\/\",\"name\":\"Stand Up Paddle\",\"description\":\"\u00e1llva evez\u00e9s - \u00e1ll\u00f3 sz\u00f6rf - SUP Center Balaton\",\"publisher\":{\"@id\":\"https:\\\/\\\/standuppaddle.hu\\\/de\\\/#organization\"},\"potentialAction\":[{\"@type\":\"SearchAction\",\"target\":{\"@type\":\"EntryPoint\",\"urlTemplate\":\"https:\\\/\\\/standuppaddle.hu\\\/de\\\/?s={search_term_string}\"},\"query-input\":{\"@type\":\"PropertyValueSpecification\",\"valueRequired\":true,\"valueName\":\"search_term_string\"}}],\"inLanguage\":\"de\"},{\"@type\":\"Organization\",\"@id\":\"https:\\\/\\\/standuppaddle.hu\\\/de\\\/#organization\",\"name\":\"SUP Center Balaton\",\"url\":\"https:\\\/\\\/standuppaddle.hu\\\/de\\\/\",\"logo\":{\"@type\":\"ImageObject\",\"inLanguage\":\"de\",\"@id\":\"https:\\\/\\\/standuppaddle.hu\\\/de\\\/#\\\/schema\\\/logo\\\/image\\\/\",\"url\":\"https:\\\/\\\/standuppaddle.hu\\\/wp-content\\\/uploads\\\/2019\\\/10\\\/sup-center-balaton-logo.jpg\",\"contentUrl\":\"https:\\\/\\\/standuppaddle.hu\\\/wp-content\\\/uploads\\\/2019\\\/10\\\/sup-center-balaton-logo.jpg\",\"width\":2492,\"height\":1075,\"caption\":\"SUP Center Balaton\"},\"image\":{\"@id\":\"https:\\\/\\\/standuppaddle.hu\\\/de\\\/#\\\/schema\\\/logo\\\/image\\\/\"},\"sameAs\":[\"https:\\\/\\\/www.facebook.com\\\/SUP.Center\\\/\",\"https:\\\/\\\/www.instagram.com\\\/sup_center_balaton\\\/\",\"https:\\\/\\\/www.youtube.com\\\/channel\\\/UCaX3OG6gvkhCqeZSw1zgTmw\"]}]}<\/script>\n<!-- \/ Yoast SEO plugin. -->","yoast_head_json":{"title":"Versandbedingungen und Versandkosten - Stand Up Paddle","robots":{"index":"index","follow":"follow","max-snippet":"max-snippet:-1","max-image-preview":"max-image-preview:large","max-video-preview":"max-video-preview:-1"},"canonical":"https:\/\/standuppaddle.hu\/de\/versandkosten\/","og_locale":"de_DE","og_type":"article","og_title":"Versandbedingungen und Versandkosten - Stand Up Paddle","og_description":"Versandbedingungen und Versandkosten Unsere Versandrichtlinie wurde zuletzt am 01.05.2022 aktualisiert Interpretation und Definitionen Interpretation Die W\u00f6rter, deren Anfangsbuchstabe gro\u00dfgeschrieben wird, haben Bedeutungen, die unter den folgenden Bedingungen definiert sind. Die folgenden Definitionen haben die gleiche Bedeutung, unabh\u00e4ngig davon, ob sie im Singular oder im Plural erscheinen. Definitionen F\u00fcr die Zwecke dieses Haftungsausschlusses: \u201eUnternehmen\u201c (in diesem [&hellip;]","og_url":"https:\/\/standuppaddle.hu\/de\/versandkosten\/","og_site_name":"Stand Up Paddle","article_publisher":"https:\/\/www.facebook.com\/SUP.Center\/","article_modified_time":"2022-05-23T16:46:25+00:00","twitter_card":"summary_large_image","twitter_misc":{"Gesch\u00e4tzte Lesezeit":"2\u00a0Minuten"},"schema":{"@context":"https:\/\/schema.org","@graph":[{"@type":"WebPage","@id":"https:\/\/standuppaddle.hu\/de\/versandkosten\/","url":"https:\/\/standuppaddle.hu\/de\/versandkosten\/","name":"Versandbedingungen und Versandkosten - Stand Up Paddle","isPartOf":{"@id":"https:\/\/standuppaddle.hu\/de\/#website"},"datePublished":"2019-12-24T11:27:34+00:00","dateModified":"2022-05-23T16:46:25+00:00","breadcrumb":{"@id":"https:\/\/standuppaddle.hu\/de\/versandkosten\/#breadcrumb"},"inLanguage":"de","potentialAction":[{"@type":"ReadAction","target":["https:\/\/standuppaddle.hu\/de\/versandkosten\/"]}]},{"@type":"BreadcrumbList","@id":"https:\/\/standuppaddle.hu\/de\/versandkosten\/#breadcrumb","itemListElement":[{"@type":"ListItem","position":1,"name":"Home","item":"https:\/\/standuppaddle.hu\/de\/"},{"@type":"ListItem","position":2,"name":"Versandbedingungen und Versandkosten"}]},{"@type":"WebSite","@id":"https:\/\/standuppaddle.hu\/de\/#website","url":"https:\/\/standuppaddle.hu\/de\/","name":"Stand Up Paddle","description":"\u00e1llva evez\u00e9s - \u00e1ll\u00f3 sz\u00f6rf - SUP Center Balaton","publisher":{"@id":"https:\/\/standuppaddle.hu\/de\/#organization"},"potentialAction":[{"@type":"SearchAction","target":{"@type":"EntryPoint","urlTemplate":"https:\/\/standuppaddle.hu\/de\/?s={search_term_string}"},"query-input":{"@type":"PropertyValueSpecification","valueRequired":true,"valueName":"search_term_string"}}],"inLanguage":"de"},{"@type":"Organization","@id":"https:\/\/standuppaddle.hu\/de\/#organization","name":"SUP Center Balaton","url":"https:\/\/standuppaddle.hu\/de\/","logo":{"@type":"ImageObject","inLanguage":"de","@id":"https:\/\/standuppaddle.hu\/de\/#\/schema\/logo\/image\/","url":"https:\/\/standuppaddle.hu\/wp-content\/uploads\/2019\/10\/sup-center-balaton-logo.jpg","contentUrl":"https:\/\/standuppaddle.hu\/wp-content\/uploads\/2019\/10\/sup-center-balaton-logo.jpg","width":2492,"height":1075,"caption":"SUP Center Balaton"},"image":{"@id":"https:\/\/standuppaddle.hu\/de\/#\/schema\/logo\/image\/"},"sameAs":["https:\/\/www.facebook.com\/SUP.Center\/","https:\/\/www.instagram.com\/sup_center_balaton\/","https:\/\/www.youtube.com\/channel\/UCaX3OG6gvkhCqeZSw1zgTmw"]}]}},"_links":{"self":[{"href":"https:\/\/standuppaddle.hu\/de\/wp-json\/wp\/v2\/pages\/4696","targetHints":{"allow":["GET"]}}],"collection":[{"href":"https:\/\/standuppaddle.hu\/de\/wp-json\/wp\/v2\/pages"}],"about":[{"href":"https:\/\/standuppaddle.hu\/de\/wp-json\/wp\/v2\/types\/page"}],"author":[{"embeddable":true,"href":"https:\/\/standuppaddle.hu\/de\/wp-json\/wp\/v2\/users\/2"}],"replies":[{"embeddable":true,"href":"https:\/\/standuppaddle.hu\/de\/wp-json\/wp\/v2\/comments?post=4696"}],"version-history":[{"count":5,"href":"https:\/\/standuppaddle.hu\/de\/wp-json\/wp\/v2\/pages\/4696\/revisions"}],"predecessor-version":[{"id":8988,"href":"https:\/\/standuppaddle.hu\/de\/wp-json\/wp\/v2\/pages\/4696\/revisions\/8988"}],"wp:attachment":[{"href":"https:\/\/standuppaddle.hu\/de\/wp-json\/wp\/v2\/media?parent=4696"}],"curies":[{"name":"wp","href":"https:\/\/api.w.org\/{rel}","templated":true}]}}