{"id":4549,"date":"2019-11-22T15:31:35","date_gmt":"2019-11-22T14:31:35","guid":{"rendered":"http:\/\/standuppaddle.hu\/sup-tura\/"},"modified":"2025-04-28T09:17:30","modified_gmt":"2025-04-28T07:17:30","slug":"sup-touren","status":"publish","type":"page","link":"https:\/\/standuppaddle.hu\/de\/sup-touren\/","title":{"rendered":"SUP Touren"},"content":{"rendered":"<div class=\"wpb-content-wrapper\"><p>[vc_row][vc_column][vc_column_text]Unsere SUP Touren f\u00fchren Sie zu den sch\u00f6nsten Teilen des Balatons, den Nationalpark der Halbinsel Tihany. Entdecken Sie unber\u00fchrte Landstriche, die vom Festland aus sonst nicht zug\u00e4nglich sind! Wir paddeln entlang des unverbauten Ufers des Tihany Nationalparks und genie\u00dfen neben der Ruhe auch die einzigartige Fauna und Flora unterhalb der Geysirkuppen.[\/vc_column_text][\/vc_column][\/vc_row][vc_row][vc_column][vc_single_image image=&#8220;4051&#8243; img_size=&#8220;full&#8220;][\/vc_column][\/vc_row][vc_row][vc_column][vc_column_text css=&#8220;&#8220;]Die Touren werden von erfahrenen Guides gef\u00fchrt und dauern 2 Stunden. Sie sollten schon mindestens einmal (eine Stunde) auf einem SUP Brett gestanden haben. Falls Sie Anf\u00e4nger sind empfehlen wir Ihnen unseren zweist\u00fcndigen <a href=\"https:\/\/standuppaddle.hu\/de\/events\/sup-oktatas-kezdoknek\/\">Stand Up Paddle Kurs<\/a>. Kinder ab 12 Jahren k\u00f6nnen schon auf einem eigenen SUP mit paddeln, J\u00fcngere k\u00f6nnen auf dem Brett der Eltern sitzen und so an der Tour teilnehmen (sie bekommen dann ein etwas gr\u00f6\u00dferes Brett das Beide tr\u00e4gt).<\/p>\n<p>F\u00fcr Familien haben wir auch ein Tandem oder ein 4-Personen Brett, den Red Dragon.<\/p>\n<p>Wir paddeln langsam und gem\u00e4chlich, damit alle mithalten k\u00f6nnen, eine Distanz von ca. 3 + 3 km. Wenn es Wetter und Wassertemperaturen zulassen legen wir \u00f6fters Badepausen ein oder relaxen einfach auf unseren Brettern.<\/p>\n<p>Mitbringen: Badekleidung, Sonnenschutz und Wasser zum trinken. Paddel, Bretter und Schwimmwesten (m\u00fcssen zu mindestens am Brett mitgef\u00fchrt werden) bekommen Sie nat\u00fcrlich von uns.<br \/>\nBitte rechtzeitig, ca. 30 Minuten vor Beginn registrieren<\/p>\n<p><iframe loading=\"lazy\" title=\"YouTube video player\" src=\"https:\/\/www.youtube.com\/embed\/CsYI7HnhZMg\" width=\"560\" height=\"315\" frameborder=\"0\" allowfullscreen=\"allowfullscreen\"><\/iframe>[\/vc_column_text][\/vc_column][\/vc_row][vc_row][vc_column][vc_column_text]Weitere Informationen und genaue Termine unserer SUP Touren finden Sie auf unserer <a href=\"https:\/\/standuppaddle.hu\/de\/sup-programok\/\">SUP Events<\/a> Seite oder auf unserer <a href=\"https:\/\/www.facebook.com\/SUP.Center\/\" target=\"_blank\" rel=\"noopener\">Facebook Seite &#8211; SUP Center Balaton<\/a>.<br \/>\nGerne organisieren wir auch extra SUP Touren (egal ob w\u00e4hrend des Tages oder zum Sonnenuntergang) f\u00fcr private Gruppen oder Firmen. Falls Sie Interesse haben kontaktieren Sie uns bitte per Email.[\/vc_column_text][\/vc_column][\/vc_row][vc_row][vc_column][vc_single_image image=&#8220;4542&#8243; img_size=&#8220;full&#8220;][\/vc_column][\/vc_row][vc_row][vc_column][vc_column_text]Eine besonders tolle Sache sind unsere Sonnenuntergangs SUP Touren. Je nach Jahreszeit beginnen diese zwischen 17:30 und 18:30 und dauern ebenfalls 2,5 Stunden. Infos und Termine finden Sie ebenfalls auf unserer <a href=\"https:\/\/standuppaddle.hu\/de\/events\/sonnenuntergangs-sup-tour\/\">SUP Events<\/a> Seite.<\/p>\n<p>Bitte informieren Sie sich genau \u00fcber die Location vom <a href=\"https:\/\/standuppaddle.hu\/de\/sup-center-shop\/\">SUP Center Balaton<\/a> damit Sie rechtzeitig und einfach zu uns finden![\/vc_column_text][\/vc_column][\/vc_row][vc_row][vc_column][vc_single_image image=&#8220;4545&#8243; img_size=&#8220;full&#8220;][\/vc_column][\/vc_row][vc_row][vc_column][vc_column_text]<iframe loading=\"lazy\" title=\"YouTube video player\" src=\"https:\/\/www.youtube.com\/embed\/KPDaV08bCwA\" width=\"560\" height=\"315\" frameborder=\"0\" allowfullscreen=\"allowfullscreen\"><\/iframe>[\/vc_column_text][\/vc_column][\/vc_row]<\/p>\n<\/div>","protected":false},"excerpt":{"rendered":"<p>[vc_row][vc_column][vc_column_text]Unsere SUP Touren f\u00fchren Sie zu den sch\u00f6nsten Teilen des Balatons, den Nationalpark der Halbinsel Tihany. Entdecken Sie unber\u00fchrte Landstriche, die vom Festland aus sonst nicht zug\u00e4nglich sind! Wir paddeln entlang des unverbauten Ufers des Tihany Nationalparks und genie\u00dfen neben der Ruhe auch die einzigartige Fauna und Flora unterhalb der Geysirkuppen.[\/vc_column_text][\/vc_column][\/vc_row][vc_row][vc_column][vc_single_image image=&#8220;4051&#8243; img_size=&#8220;full&#8220;][\/vc_column][\/vc_row][vc_row][vc_column][vc_column_text css=&#8220;&#8220;]Die Touren [&hellip;]<\/p>\n","protected":false},"author":2,"featured_media":0,"parent":0,"menu_order":0,"comment_status":"closed","ping_status":"closed","template":"","meta":{"ocean_post_layout":"","ocean_both_sidebars_style":"","ocean_both_sidebars_content_width":0,"ocean_both_sidebars_sidebars_width":0,"ocean_sidebar":"0","ocean_second_sidebar":"0","ocean_disable_margins":"enable","ocean_add_body_class":"","ocean_shortcode_before_top_bar":"","ocean_shortcode_after_top_bar":"","ocean_shortcode_before_header":"","ocean_shortcode_after_header":"","ocean_has_shortcode":"","ocean_shortcode_after_title":"","ocean_shortcode_before_footer_widgets":"","ocean_shortcode_after_footer_widgets":"","ocean_shortcode_before_footer_bottom":"","ocean_shortcode_after_footer_bottom":"","ocean_display_top_bar":"default","ocean_display_header":"default","ocean_header_style":"","ocean_center_header_left_menu":"0","ocean_custom_header_template":"0","ocean_custom_logo":0,"ocean_custom_retina_logo":0,"ocean_custom_logo_max_width":0,"ocean_custom_logo_tablet_max_width":0,"ocean_custom_logo_mobile_max_width":0,"ocean_custom_logo_max_height":0,"ocean_custom_logo_tablet_max_height":0,"ocean_custom_logo_mobile_max_height":0,"ocean_header_custom_menu":"0","ocean_menu_typo_font_family":"0","ocean_menu_typo_font_subset":"","ocean_menu_typo_font_size":0,"ocean_menu_typo_font_size_tablet":0,"ocean_menu_typo_font_size_mobile":0,"ocean_menu_typo_font_size_unit":"px","ocean_menu_typo_font_weight":"","ocean_menu_typo_font_weight_tablet":"","ocean_menu_typo_font_weight_mobile":"","ocean_menu_typo_transform":"","ocean_menu_typo_transform_tablet":"","ocean_menu_typo_transform_mobile":"","ocean_menu_typo_line_height":0,"ocean_menu_typo_line_height_tablet":0,"ocean_menu_typo_line_height_mobile":0,"ocean_menu_typo_line_height_unit":"","ocean_menu_typo_spacing":0,"ocean_menu_typo_spacing_tablet":0,"ocean_menu_typo_spacing_mobile":0,"ocean_menu_typo_spacing_unit":"","ocean_menu_link_color":"","ocean_menu_link_color_hover":"","ocean_menu_link_color_active":"","ocean_menu_link_background":"","ocean_menu_link_hover_background":"","ocean_menu_link_active_background":"","ocean_menu_social_links_bg":"","ocean_menu_social_hover_links_bg":"","ocean_menu_social_links_color":"","ocean_menu_social_hover_links_color":"","ocean_disable_title":"default","ocean_disable_heading":"default","ocean_post_title":"","ocean_post_subheading":"","ocean_post_title_style":"","ocean_post_title_background_color":"","ocean_post_title_background":0,"ocean_post_title_bg_image_position":"","ocean_post_title_bg_image_attachment":"","ocean_post_title_bg_image_repeat":"","ocean_post_title_bg_image_size":"","ocean_post_title_height":0,"ocean_post_title_bg_overlay":0.5,"ocean_post_title_bg_overlay_color":"","ocean_disable_breadcrumbs":"default","ocean_breadcrumbs_color":"","ocean_breadcrumbs_separator_color":"","ocean_breadcrumbs_links_color":"","ocean_breadcrumbs_links_hover_color":"","ocean_display_footer_widgets":"default","ocean_display_footer_bottom":"default","ocean_custom_footer_template":"0","footnotes":""},"class_list":["post-4549","page","type-page","status-publish","hentry","entry","owp-thumbs-layout-horizontal","owp-btn-normal","owp-tabs-layout-section","has-no-thumbnails"],"yoast_head":"<!-- This site is optimized with the Yoast SEO plugin v27.3 - https:\/\/yoast.com\/product\/yoast-seo-wordpress\/ -->\n<title>SUP Touren - Stand Up Paddle Touren am Balaton<\/title>\n<meta name=\"description\" content=\"Unsere SUP Touren f\u00fchren Sie zu den sch\u00f6nsten Teilen des Balatons, den Nationalpark der Halbinsel Tihany. Entdecken Sie unber\u00fchrte Landstrich\" \/>\n<meta name=\"robots\" content=\"index, follow, max-snippet:-1, max-image-preview:large, max-video-preview:-1\" \/>\n<link rel=\"canonical\" href=\"https:\/\/standuppaddle.hu\/de\/sup-touren\/\" \/>\n<meta property=\"og:locale\" content=\"de_DE\" \/>\n<meta property=\"og:type\" content=\"article\" \/>\n<meta property=\"og:title\" content=\"SUP Touren - Stand Up Paddle Touren am Balaton\" \/>\n<meta property=\"og:description\" content=\"Unsere SUP Touren f\u00fchren Sie zu den sch\u00f6nsten Teilen des Balatons, den Nationalpark der Halbinsel Tihany. Entdecken Sie unber\u00fchrte Landstrich\" \/>\n<meta property=\"og:url\" content=\"https:\/\/standuppaddle.hu\/de\/sup-touren\/\" \/>\n<meta property=\"og:site_name\" content=\"Stand Up Paddle\" \/>\n<meta property=\"article:publisher\" content=\"https:\/\/www.facebook.com\/SUP.Center\/\" \/>\n<meta property=\"article:modified_time\" content=\"2025-04-28T07:17:30+00:00\" \/>\n<meta name=\"twitter:card\" content=\"summary_large_image\" \/>\n<meta name=\"twitter:label1\" content=\"Gesch\u00e4tzte Lesezeit\" \/>\n\t<meta name=\"twitter:data1\" content=\"2\u00a0Minuten\" \/>\n<script type=\"application\/ld+json\" class=\"yoast-schema-graph\">{\"@context\":\"https:\\\/\\\/schema.org\",\"@graph\":[{\"@type\":\"WebPage\",\"@id\":\"https:\\\/\\\/standuppaddle.hu\\\/de\\\/sup-touren\\\/\",\"url\":\"https:\\\/\\\/standuppaddle.hu\\\/de\\\/sup-touren\\\/\",\"name\":\"SUP Touren - Stand Up Paddle Touren am Balaton\",\"isPartOf\":{\"@id\":\"https:\\\/\\\/standuppaddle.hu\\\/de\\\/#website\"},\"datePublished\":\"2019-11-22T14:31:35+00:00\",\"dateModified\":\"2025-04-28T07:17:30+00:00\",\"description\":\"Unsere SUP Touren f\u00fchren Sie zu den sch\u00f6nsten Teilen des Balatons, den Nationalpark der Halbinsel Tihany. Entdecken Sie unber\u00fchrte Landstrich\",\"breadcrumb\":{\"@id\":\"https:\\\/\\\/standuppaddle.hu\\\/de\\\/sup-touren\\\/#breadcrumb\"},\"inLanguage\":\"de\",\"potentialAction\":[{\"@type\":\"ReadAction\",\"target\":[\"https:\\\/\\\/standuppaddle.hu\\\/de\\\/sup-touren\\\/\"]}]},{\"@type\":\"BreadcrumbList\",\"@id\":\"https:\\\/\\\/standuppaddle.hu\\\/de\\\/sup-touren\\\/#breadcrumb\",\"itemListElement\":[{\"@type\":\"ListItem\",\"position\":1,\"name\":\"Home\",\"item\":\"https:\\\/\\\/standuppaddle.hu\\\/de\\\/\"},{\"@type\":\"ListItem\",\"position\":2,\"name\":\"SUP Touren\"}]},{\"@type\":\"WebSite\",\"@id\":\"https:\\\/\\\/standuppaddle.hu\\\/de\\\/#website\",\"url\":\"https:\\\/\\\/standuppaddle.hu\\\/de\\\/\",\"name\":\"Stand Up Paddle\",\"description\":\"\u00e1llva evez\u00e9s - \u00e1ll\u00f3 sz\u00f6rf - SUP Center Balaton\",\"publisher\":{\"@id\":\"https:\\\/\\\/standuppaddle.hu\\\/de\\\/#organization\"},\"potentialAction\":[{\"@type\":\"SearchAction\",\"target\":{\"@type\":\"EntryPoint\",\"urlTemplate\":\"https:\\\/\\\/standuppaddle.hu\\\/de\\\/?s={search_term_string}\"},\"query-input\":{\"@type\":\"PropertyValueSpecification\",\"valueRequired\":true,\"valueName\":\"search_term_string\"}}],\"inLanguage\":\"de\"},{\"@type\":\"Organization\",\"@id\":\"https:\\\/\\\/standuppaddle.hu\\\/de\\\/#organization\",\"name\":\"SUP Center Balaton\",\"url\":\"https:\\\/\\\/standuppaddle.hu\\\/de\\\/\",\"logo\":{\"@type\":\"ImageObject\",\"inLanguage\":\"de\",\"@id\":\"https:\\\/\\\/standuppaddle.hu\\\/de\\\/#\\\/schema\\\/logo\\\/image\\\/\",\"url\":\"https:\\\/\\\/standuppaddle.hu\\\/wp-content\\\/uploads\\\/2019\\\/10\\\/sup-center-balaton-logo.jpg\",\"contentUrl\":\"https:\\\/\\\/standuppaddle.hu\\\/wp-content\\\/uploads\\\/2019\\\/10\\\/sup-center-balaton-logo.jpg\",\"width\":2492,\"height\":1075,\"caption\":\"SUP Center Balaton\"},\"image\":{\"@id\":\"https:\\\/\\\/standuppaddle.hu\\\/de\\\/#\\\/schema\\\/logo\\\/image\\\/\"},\"sameAs\":[\"https:\\\/\\\/www.facebook.com\\\/SUP.Center\\\/\",\"https:\\\/\\\/www.instagram.com\\\/sup_center_balaton\\\/\",\"https:\\\/\\\/www.youtube.com\\\/channel\\\/UCaX3OG6gvkhCqeZSw1zgTmw\"]}]}<\/script>\n<!-- \/ Yoast SEO plugin. -->","yoast_head_json":{"title":"SUP Touren - Stand Up Paddle Touren am Balaton","description":"Unsere SUP Touren f\u00fchren Sie zu den sch\u00f6nsten Teilen des Balatons, den Nationalpark der Halbinsel Tihany. Entdecken Sie unber\u00fchrte Landstrich","robots":{"index":"index","follow":"follow","max-snippet":"max-snippet:-1","max-image-preview":"max-image-preview:large","max-video-preview":"max-video-preview:-1"},"canonical":"https:\/\/standuppaddle.hu\/de\/sup-touren\/","og_locale":"de_DE","og_type":"article","og_title":"SUP Touren - Stand Up Paddle Touren am Balaton","og_description":"Unsere SUP Touren f\u00fchren Sie zu den sch\u00f6nsten Teilen des Balatons, den Nationalpark der Halbinsel Tihany. Entdecken Sie unber\u00fchrte Landstrich","og_url":"https:\/\/standuppaddle.hu\/de\/sup-touren\/","og_site_name":"Stand Up Paddle","article_publisher":"https:\/\/www.facebook.com\/SUP.Center\/","article_modified_time":"2025-04-28T07:17:30+00:00","twitter_card":"summary_large_image","twitter_misc":{"Gesch\u00e4tzte Lesezeit":"2\u00a0Minuten"},"schema":{"@context":"https:\/\/schema.org","@graph":[{"@type":"WebPage","@id":"https:\/\/standuppaddle.hu\/de\/sup-touren\/","url":"https:\/\/standuppaddle.hu\/de\/sup-touren\/","name":"SUP Touren - Stand Up Paddle Touren am Balaton","isPartOf":{"@id":"https:\/\/standuppaddle.hu\/de\/#website"},"datePublished":"2019-11-22T14:31:35+00:00","dateModified":"2025-04-28T07:17:30+00:00","description":"Unsere SUP Touren f\u00fchren Sie zu den sch\u00f6nsten Teilen des Balatons, den Nationalpark der Halbinsel Tihany. Entdecken Sie unber\u00fchrte Landstrich","breadcrumb":{"@id":"https:\/\/standuppaddle.hu\/de\/sup-touren\/#breadcrumb"},"inLanguage":"de","potentialAction":[{"@type":"ReadAction","target":["https:\/\/standuppaddle.hu\/de\/sup-touren\/"]}]},{"@type":"BreadcrumbList","@id":"https:\/\/standuppaddle.hu\/de\/sup-touren\/#breadcrumb","itemListElement":[{"@type":"ListItem","position":1,"name":"Home","item":"https:\/\/standuppaddle.hu\/de\/"},{"@type":"ListItem","position":2,"name":"SUP Touren"}]},{"@type":"WebSite","@id":"https:\/\/standuppaddle.hu\/de\/#website","url":"https:\/\/standuppaddle.hu\/de\/","name":"Stand Up Paddle","description":"\u00e1llva evez\u00e9s - \u00e1ll\u00f3 sz\u00f6rf - SUP Center Balaton","publisher":{"@id":"https:\/\/standuppaddle.hu\/de\/#organization"},"potentialAction":[{"@type":"SearchAction","target":{"@type":"EntryPoint","urlTemplate":"https:\/\/standuppaddle.hu\/de\/?s={search_term_string}"},"query-input":{"@type":"PropertyValueSpecification","valueRequired":true,"valueName":"search_term_string"}}],"inLanguage":"de"},{"@type":"Organization","@id":"https:\/\/standuppaddle.hu\/de\/#organization","name":"SUP Center Balaton","url":"https:\/\/standuppaddle.hu\/de\/","logo":{"@type":"ImageObject","inLanguage":"de","@id":"https:\/\/standuppaddle.hu\/de\/#\/schema\/logo\/image\/","url":"https:\/\/standuppaddle.hu\/wp-content\/uploads\/2019\/10\/sup-center-balaton-logo.jpg","contentUrl":"https:\/\/standuppaddle.hu\/wp-content\/uploads\/2019\/10\/sup-center-balaton-logo.jpg","width":2492,"height":1075,"caption":"SUP Center Balaton"},"image":{"@id":"https:\/\/standuppaddle.hu\/de\/#\/schema\/logo\/image\/"},"sameAs":["https:\/\/www.facebook.com\/SUP.Center\/","https:\/\/www.instagram.com\/sup_center_balaton\/","https:\/\/www.youtube.com\/channel\/UCaX3OG6gvkhCqeZSw1zgTmw"]}]}},"_links":{"self":[{"href":"https:\/\/standuppaddle.hu\/de\/wp-json\/wp\/v2\/pages\/4549","targetHints":{"allow":["GET"]}}],"collection":[{"href":"https:\/\/standuppaddle.hu\/de\/wp-json\/wp\/v2\/pages"}],"about":[{"href":"https:\/\/standuppaddle.hu\/de\/wp-json\/wp\/v2\/types\/page"}],"author":[{"embeddable":true,"href":"https:\/\/standuppaddle.hu\/de\/wp-json\/wp\/v2\/users\/2"}],"replies":[{"embeddable":true,"href":"https:\/\/standuppaddle.hu\/de\/wp-json\/wp\/v2\/comments?post=4549"}],"version-history":[{"count":4,"href":"https:\/\/standuppaddle.hu\/de\/wp-json\/wp\/v2\/pages\/4549\/revisions"}],"predecessor-version":[{"id":13030,"href":"https:\/\/standuppaddle.hu\/de\/wp-json\/wp\/v2\/pages\/4549\/revisions\/13030"}],"wp:attachment":[{"href":"https:\/\/standuppaddle.hu\/de\/wp-json\/wp\/v2\/media?parent=4549"}],"curies":[{"name":"wp","href":"https:\/\/api.w.org\/{rel}","templated":true}]}}