{"id":4307,"date":"2019-10-21T11:29:41","date_gmt":"2019-10-21T09:29:41","guid":{"rendered":"http:\/\/standuppaddle.hu\/sup-oktatas-csoportos-foglalkozasok\/"},"modified":"2022-01-06T14:50:40","modified_gmt":"2022-01-06T13:50:40","slug":"sup-unterricht-plattensee","status":"publish","type":"page","link":"https:\/\/standuppaddle.hu\/de\/sup-unterricht-plattensee\/","title":{"rendered":"SUP Unterricht am Plattensee"},"content":{"rendered":"<div class=\"wpb-content-wrapper\"><p>[vc_row][vc_column][vc_custom_heading text=&#8220;SUP Unterricht am Plattensee&#8220; use_theme_fonts=&#8220;yes&#8220; css_animation=&#8220;fadeInUp&#8220; css=&#8220;.vc_custom_1571657518989{margin-bottom: 15px !important;}&#8220;][vc_separator color=&#8220;custom&#8220; align=&#8220;align_left&#8220; border_width=&#8220;2&#8243; css_animation=&#8220;fadeInUp&#8220; accent_color=&#8220;#0c2844&#8243; el_class=&#8220;border-width-100px&#8220; css=&#8220;.vc_custom_1569834571198{margin-bottom: 20px !important;}&#8220;][vc_column_text css_animation=&#8220;fadeInUp&#8220; css=&#8220;.vc_custom_1614866191788{margin-bottom: 20px !important;}&#8220;]Nehmen Sie an unserer SUP Unterricht teil und erlernen Sie das Stand Up Paddling in nur 2 Stunden. Wir geben Ihnen eine kurze \u00dcbersicht \u00fcber das Equipment und bringen Ihnen die wichtigsten Grundlagen bei. Die SUP Kurse finden w\u00e4hrend der Saison fast t\u00e4glich statt. Am besten Sie verschaffen sich einen \u00dcberblick \u00fcber die Termine auf unserer <a href=\"https:\/\/standuppaddle.hu\/de\/sup-events-programme\/\">SUP Event<\/a> Seite. Falls die Termine nicht passen, rufen Sie uns bitte an oder schreiben Sie uns!<\/p>\n<p>Alles was man zum SUPen braucht ist ein Brett, ein Paddel und Wasser. Der Plattensee eignet sich hervorragend f\u00fcr die ersten Versuche. Am besten w\u00e4hlen Sie ein ruhigen Tag ohne viel Wind und Wellen. Stand Up Paddel ist f\u00fcr alle Altersstufen extrem einfach zu erlernen. Die ersten Erfolgserlebnisse stellen sich schon nach ein paar Minuten im SUP Unterricht ein.[\/vc_column_text][vc_single_image image=&#8220;8117&#8243; img_size=&#8220;full&#8220;][vc_separator color=&#8220;custom&#8220; css_animation=&#8220;fadeInUp&#8220; accent_color=&#8220;#eeeeee&#8220;][\/vc_column][\/vc_row][vc_row][vc_column css_animation=&#8220;fadeInUp&#8220;][vc_custom_heading text=&#8220;Die ersten \u201cSchritte\u201d am Wasser\u2026&#8220; font_container=&#8220;tag:h3|font_size:24|text_align:left&#8220; use_theme_fonts=&#8220;yes&#8220; css=&#8220;.vc_custom_1571657542084{margin-bottom: 15px !important;}&#8220;][vc_separator color=&#8220;custom&#8220; align=&#8220;align_left&#8220; border_width=&#8220;2&#8243; css_animation=&#8220;fadeInUp&#8220; accent_color=&#8220;#0c2844&#8243; el_class=&#8220;border-width-60px&#8220; css=&#8220;.vc_custom_1571657536117{margin-bottom: 20px !important;}&#8220;][vc_column_text]Die ersten Minuten am SUP verbringen Sie am besten auf den Knien. Erst wenn Sie sich an Brett und Paddel gew\u00f6hnt haben gehts los. Gestanden wird h\u00fcftbreit, auf der Brettmitte (beim Griff), die F\u00fc\u00dfe parallel, Blickrichtung zum Bug. Locker in der H\u00fcfte und in den Knien. Halten Sie das Paddel mit einer Hand am Griff, die Andere ca. in der Mitte. Gepaddelt wird abwechseln auf beiden Seiten des Brettes. 2 bis 4 Mal auf jeder Seite. Wenn Sie das Paddel von einer Seite auf die Andere wechseln m\u00fcssen Sie auch die Griffposition \u00e4ndern (Griffhand wird zur Schafthand und umgekehrt). Das Paddel weit vorne ins Wasser einstechen und gleichm\u00e4\u00dfig in einer geraden Linie zur\u00fcck ziehen.[\/vc_column_text][vc_separator color=&#8220;custom&#8220; css_animation=&#8220;fadeInUp&#8220; accent_color=&#8220;#eeeeee&#8220;][\/vc_column][\/vc_row][vc_row][vc_column css_animation=&#8220;fadeInUp&#8220;][vc_custom_heading text=&#8220;Tips f\u00fcr Anf\u00e4nger&#8220; font_container=&#8220;tag:h3|font_size:24|text_align:left&#8220; use_theme_fonts=&#8220;yes&#8220; css=&#8220;.vc_custom_1571657610828{margin-bottom: 15px !important;}&#8220;][vc_separator color=&#8220;custom&#8220; align=&#8220;align_left&#8220; border_width=&#8220;2&#8243; css_animation=&#8220;fadeInUp&#8220; accent_color=&#8220;#0c2844&#8243; el_class=&#8220;border-width-60px&#8220; css=&#8220;.vc_custom_1569834858453{margin-bottom: 20px !important;}&#8220;][vc_column_text]Regel Nummer eins f\u00fcr Anf\u00e4nger: Blick auf den Horizont richten. Wer auf die F\u00fc\u00dfe schaut verliert (die Balance). Beim Paddeln beide Arme gestreckt halten und lieber aus den Schultern und der H\u00fcfte paddeln. Den Paddelschaft so senkrecht wie m\u00f6glich halten\u00a0\u2013 das erleichtert den Geradeauslauf und erspart Ihnen\u00a0ein h\u00e4ufiges Wechseln\u00a0des Paddels von einer Seite auf die Andere. Das Paddel so weit vorne wie m\u00f6glich in das Wasser eintauchen und die untere Hand maximal bis zur H\u00fcfte ziehen. Also eher vor dem K\u00f6rper paddeln als hinter dem K\u00f6rper\u00a0das Wasser nach oben zu schaufeln.[\/vc_column_text][vc_single_image image=&#8220;3317&#8243; img_size=&#8220;full&#8220;][vc_separator color=&#8220;custom&#8220; css_animation=&#8220;fadeInUp&#8220; accent_color=&#8220;#eeeeee&#8220;][\/vc_column][\/vc_row][vc_row][vc_column css_animation=&#8220;fadeInUp&#8220;][vc_custom_heading text=&#8220;Folgendes k\u00f6nnen Sie im SUP Unterricht am Plattensee erlernen:&#8220; font_container=&#8220;tag:h3|font_size:24|text_align:left&#8220; use_theme_fonts=&#8220;yes&#8220; css=&#8220;.vc_custom_1614866131686{margin-bottom: 15px !important;}&#8220; el_id=&#8220;sup-tura&#8220;][vc_separator color=&#8220;custom&#8220; align=&#8220;align_left&#8220; border_width=&#8220;2&#8243; css_animation=&#8220;fadeInUp&#8220; accent_color=&#8220;#0c2844&#8243; el_class=&#8220;border-width-60px&#8220; css=&#8220;.vc_custom_1569834858453{margin-bottom: 20px !important;}&#8220;][vc_column_text]<\/p>\n<ul>\n<li>Richtige Auswahl von Brett und Paddel<\/li>\n<li>Einstellen der Paddell\u00e4nge<\/li>\n<li>Position und Haltung am Brett<\/li>\n<li>Starten und Landen<\/li>\n<li>Verschiedene Paddeltechniken<\/li>\n<li>Schnelles Wenden des Brettes<\/li>\n<li>Sicherheitsregeln<\/li>\n<li>Paddeln bei starkem Wind<\/li>\n<\/ul>\n<p>[\/vc_column_text][\/vc_column][\/vc_row][vc_row][vc_column][vc_column_text]Lust auf mehr Aktion? Hier gibt es Info \u00fcber <a href=\"https:\/\/www.wind99.com\/\" target=\"_blank\" rel=\"noopener\">Surfunterricht am Plattensee<\/a>.[\/vc_column_text][\/vc_column][\/vc_row]<\/p>\n<\/div>","protected":false},"excerpt":{"rendered":"<p>[vc_row][vc_column][vc_custom_heading text=&#8220;SUP Unterricht am Plattensee&#8220; use_theme_fonts=&#8220;yes&#8220; css_animation=&#8220;fadeInUp&#8220; css=&#8220;.vc_custom_1571657518989{margin-bottom: 15px !important;}&#8220;][vc_separator color=&#8220;custom&#8220; align=&#8220;align_left&#8220; border_width=&#8220;2&#8243; css_animation=&#8220;fadeInUp&#8220; accent_color=&#8220;#0c2844&#8243; el_class=&#8220;border-width-100px&#8220; css=&#8220;.vc_custom_1569834571198{margin-bottom: 20px !important;}&#8220;][vc_column_text css_animation=&#8220;fadeInUp&#8220; css=&#8220;.vc_custom_1614866191788{margin-bottom: 20px !important;}&#8220;]Nehmen Sie an unserer SUP Unterricht teil und erlernen Sie das Stand Up Paddling in nur 2 Stunden. Wir geben Ihnen eine kurze \u00dcbersicht \u00fcber das Equipment und bringen Ihnen die wichtigsten Grundlagen [&hellip;]<\/p>\n","protected":false},"author":2,"featured_media":0,"parent":0,"menu_order":0,"comment_status":"closed","ping_status":"closed","template":"","meta":{"ocean_post_layout":"","ocean_both_sidebars_style":"","ocean_both_sidebars_content_width":0,"ocean_both_sidebars_sidebars_width":0,"ocean_sidebar":"0","ocean_second_sidebar":"0","ocean_disable_margins":"enable","ocean_add_body_class":"","ocean_shortcode_before_top_bar":"","ocean_shortcode_after_top_bar":"","ocean_shortcode_before_header":"","ocean_shortcode_after_header":"","ocean_has_shortcode":"","ocean_shortcode_after_title":"","ocean_shortcode_before_footer_widgets":"","ocean_shortcode_after_footer_widgets":"","ocean_shortcode_before_footer_bottom":"","ocean_shortcode_after_footer_bottom":"","ocean_display_top_bar":"default","ocean_display_header":"default","ocean_header_style":"","ocean_center_header_left_menu":"0","ocean_custom_header_template":"0","ocean_custom_logo":0,"ocean_custom_retina_logo":0,"ocean_custom_logo_max_width":0,"ocean_custom_logo_tablet_max_width":0,"ocean_custom_logo_mobile_max_width":0,"ocean_custom_logo_max_height":0,"ocean_custom_logo_tablet_max_height":0,"ocean_custom_logo_mobile_max_height":0,"ocean_header_custom_menu":"0","ocean_menu_typo_font_family":"0","ocean_menu_typo_font_subset":"","ocean_menu_typo_font_size":0,"ocean_menu_typo_font_size_tablet":0,"ocean_menu_typo_font_size_mobile":0,"ocean_menu_typo_font_size_unit":"px","ocean_menu_typo_font_weight":"","ocean_menu_typo_font_weight_tablet":"","ocean_menu_typo_font_weight_mobile":"","ocean_menu_typo_transform":"","ocean_menu_typo_transform_tablet":"","ocean_menu_typo_transform_mobile":"","ocean_menu_typo_line_height":0,"ocean_menu_typo_line_height_tablet":0,"ocean_menu_typo_line_height_mobile":0,"ocean_menu_typo_line_height_unit":"","ocean_menu_typo_spacing":0,"ocean_menu_typo_spacing_tablet":0,"ocean_menu_typo_spacing_mobile":0,"ocean_menu_typo_spacing_unit":"","ocean_menu_link_color":"","ocean_menu_link_color_hover":"","ocean_menu_link_color_active":"","ocean_menu_link_background":"","ocean_menu_link_hover_background":"","ocean_menu_link_active_background":"","ocean_menu_social_links_bg":"","ocean_menu_social_hover_links_bg":"","ocean_menu_social_links_color":"","ocean_menu_social_hover_links_color":"","ocean_disable_title":"default","ocean_disable_heading":"default","ocean_post_title":"","ocean_post_subheading":"","ocean_post_title_style":"","ocean_post_title_background_color":"","ocean_post_title_background":0,"ocean_post_title_bg_image_position":"","ocean_post_title_bg_image_attachment":"","ocean_post_title_bg_image_repeat":"","ocean_post_title_bg_image_size":"","ocean_post_title_height":0,"ocean_post_title_bg_overlay":0.5,"ocean_post_title_bg_overlay_color":"","ocean_disable_breadcrumbs":"default","ocean_breadcrumbs_color":"","ocean_breadcrumbs_separator_color":"","ocean_breadcrumbs_links_color":"","ocean_breadcrumbs_links_hover_color":"","ocean_display_footer_widgets":"default","ocean_display_footer_bottom":"default","ocean_custom_footer_template":"0","footnotes":""},"class_list":["post-4307","page","type-page","status-publish","hentry","entry","owp-thumbs-layout-horizontal","owp-btn-normal","owp-tabs-layout-section","has-no-thumbnails"],"yoast_head":"<!-- This site is optimized with the Yoast SEO plugin v27.3 - https:\/\/yoast.com\/product\/yoast-seo-wordpress\/ -->\n<title>SUP Unterricht am Plattensee - Stand Up Paddle am Balaton<\/title>\n<meta name=\"description\" content=\"Nehmen Sie an unserer SUP Unterricht teil und erlernen Sie das Stand Up Paddling in nur 2 Stunden. Wir geben Ihnen eine kurze \u00dcbersicht \u00fcber\" \/>\n<meta name=\"robots\" content=\"index, follow, max-snippet:-1, max-image-preview:large, max-video-preview:-1\" \/>\n<link rel=\"canonical\" href=\"https:\/\/standuppaddle.hu\/de\/sup-unterricht-plattensee\/\" \/>\n<meta property=\"og:locale\" content=\"de_DE\" \/>\n<meta property=\"og:type\" content=\"article\" \/>\n<meta property=\"og:title\" content=\"SUP Unterricht am Plattensee - Stand Up Paddle am Balaton\" \/>\n<meta property=\"og:description\" content=\"Nehmen Sie an unserer SUP Unterricht teil und erlernen Sie das Stand Up Paddling in nur 2 Stunden. Wir geben Ihnen eine kurze \u00dcbersicht \u00fcber\" \/>\n<meta property=\"og:url\" content=\"https:\/\/standuppaddle.hu\/de\/sup-unterricht-plattensee\/\" \/>\n<meta property=\"og:site_name\" content=\"Stand Up Paddle\" \/>\n<meta property=\"article:publisher\" content=\"https:\/\/www.facebook.com\/SUP.Center\/\" \/>\n<meta property=\"article:modified_time\" content=\"2022-01-06T13:50:40+00:00\" \/>\n<meta name=\"twitter:card\" content=\"summary_large_image\" \/>\n<meta name=\"twitter:label1\" content=\"Gesch\u00e4tzte Lesezeit\" \/>\n\t<meta name=\"twitter:data1\" content=\"3\u00a0Minuten\" \/>\n<script type=\"application\/ld+json\" class=\"yoast-schema-graph\">{\"@context\":\"https:\\\/\\\/schema.org\",\"@graph\":[{\"@type\":\"WebPage\",\"@id\":\"https:\\\/\\\/standuppaddle.hu\\\/de\\\/sup-unterricht-plattensee\\\/\",\"url\":\"https:\\\/\\\/standuppaddle.hu\\\/de\\\/sup-unterricht-plattensee\\\/\",\"name\":\"SUP Unterricht am Plattensee - Stand Up Paddle am Balaton\",\"isPartOf\":{\"@id\":\"https:\\\/\\\/standuppaddle.hu\\\/de\\\/#website\"},\"datePublished\":\"2019-10-21T09:29:41+00:00\",\"dateModified\":\"2022-01-06T13:50:40+00:00\",\"description\":\"Nehmen Sie an unserer SUP Unterricht teil und erlernen Sie das Stand Up Paddling in nur 2 Stunden. Wir geben Ihnen eine kurze \u00dcbersicht \u00fcber\",\"breadcrumb\":{\"@id\":\"https:\\\/\\\/standuppaddle.hu\\\/de\\\/sup-unterricht-plattensee\\\/#breadcrumb\"},\"inLanguage\":\"de\",\"potentialAction\":[{\"@type\":\"ReadAction\",\"target\":[\"https:\\\/\\\/standuppaddle.hu\\\/de\\\/sup-unterricht-plattensee\\\/\"]}]},{\"@type\":\"BreadcrumbList\",\"@id\":\"https:\\\/\\\/standuppaddle.hu\\\/de\\\/sup-unterricht-plattensee\\\/#breadcrumb\",\"itemListElement\":[{\"@type\":\"ListItem\",\"position\":1,\"name\":\"Home\",\"item\":\"https:\\\/\\\/standuppaddle.hu\\\/de\\\/\"},{\"@type\":\"ListItem\",\"position\":2,\"name\":\"SUP Unterricht am Plattensee\"}]},{\"@type\":\"WebSite\",\"@id\":\"https:\\\/\\\/standuppaddle.hu\\\/de\\\/#website\",\"url\":\"https:\\\/\\\/standuppaddle.hu\\\/de\\\/\",\"name\":\"Stand Up Paddle\",\"description\":\"\u00e1llva evez\u00e9s - \u00e1ll\u00f3 sz\u00f6rf - SUP Center Balaton\",\"publisher\":{\"@id\":\"https:\\\/\\\/standuppaddle.hu\\\/de\\\/#organization\"},\"potentialAction\":[{\"@type\":\"SearchAction\",\"target\":{\"@type\":\"EntryPoint\",\"urlTemplate\":\"https:\\\/\\\/standuppaddle.hu\\\/de\\\/?s={search_term_string}\"},\"query-input\":{\"@type\":\"PropertyValueSpecification\",\"valueRequired\":true,\"valueName\":\"search_term_string\"}}],\"inLanguage\":\"de\"},{\"@type\":\"Organization\",\"@id\":\"https:\\\/\\\/standuppaddle.hu\\\/de\\\/#organization\",\"name\":\"SUP Center Balaton\",\"url\":\"https:\\\/\\\/standuppaddle.hu\\\/de\\\/\",\"logo\":{\"@type\":\"ImageObject\",\"inLanguage\":\"de\",\"@id\":\"https:\\\/\\\/standuppaddle.hu\\\/de\\\/#\\\/schema\\\/logo\\\/image\\\/\",\"url\":\"https:\\\/\\\/standuppaddle.hu\\\/wp-content\\\/uploads\\\/2019\\\/10\\\/sup-center-balaton-logo.jpg\",\"contentUrl\":\"https:\\\/\\\/standuppaddle.hu\\\/wp-content\\\/uploads\\\/2019\\\/10\\\/sup-center-balaton-logo.jpg\",\"width\":2492,\"height\":1075,\"caption\":\"SUP Center Balaton\"},\"image\":{\"@id\":\"https:\\\/\\\/standuppaddle.hu\\\/de\\\/#\\\/schema\\\/logo\\\/image\\\/\"},\"sameAs\":[\"https:\\\/\\\/www.facebook.com\\\/SUP.Center\\\/\",\"https:\\\/\\\/www.instagram.com\\\/sup_center_balaton\\\/\",\"https:\\\/\\\/www.youtube.com\\\/channel\\\/UCaX3OG6gvkhCqeZSw1zgTmw\"]}]}<\/script>\n<!-- \/ Yoast SEO plugin. -->","yoast_head_json":{"title":"SUP Unterricht am Plattensee - Stand Up Paddle am Balaton","description":"Nehmen Sie an unserer SUP Unterricht teil und erlernen Sie das Stand Up Paddling in nur 2 Stunden. Wir geben Ihnen eine kurze \u00dcbersicht \u00fcber","robots":{"index":"index","follow":"follow","max-snippet":"max-snippet:-1","max-image-preview":"max-image-preview:large","max-video-preview":"max-video-preview:-1"},"canonical":"https:\/\/standuppaddle.hu\/de\/sup-unterricht-plattensee\/","og_locale":"de_DE","og_type":"article","og_title":"SUP Unterricht am Plattensee - Stand Up Paddle am Balaton","og_description":"Nehmen Sie an unserer SUP Unterricht teil und erlernen Sie das Stand Up Paddling in nur 2 Stunden. Wir geben Ihnen eine kurze \u00dcbersicht \u00fcber","og_url":"https:\/\/standuppaddle.hu\/de\/sup-unterricht-plattensee\/","og_site_name":"Stand Up Paddle","article_publisher":"https:\/\/www.facebook.com\/SUP.Center\/","article_modified_time":"2022-01-06T13:50:40+00:00","twitter_card":"summary_large_image","twitter_misc":{"Gesch\u00e4tzte Lesezeit":"3\u00a0Minuten"},"schema":{"@context":"https:\/\/schema.org","@graph":[{"@type":"WebPage","@id":"https:\/\/standuppaddle.hu\/de\/sup-unterricht-plattensee\/","url":"https:\/\/standuppaddle.hu\/de\/sup-unterricht-plattensee\/","name":"SUP Unterricht am Plattensee - Stand Up Paddle am Balaton","isPartOf":{"@id":"https:\/\/standuppaddle.hu\/de\/#website"},"datePublished":"2019-10-21T09:29:41+00:00","dateModified":"2022-01-06T13:50:40+00:00","description":"Nehmen Sie an unserer SUP Unterricht teil und erlernen Sie das Stand Up Paddling in nur 2 Stunden. Wir geben Ihnen eine kurze \u00dcbersicht \u00fcber","breadcrumb":{"@id":"https:\/\/standuppaddle.hu\/de\/sup-unterricht-plattensee\/#breadcrumb"},"inLanguage":"de","potentialAction":[{"@type":"ReadAction","target":["https:\/\/standuppaddle.hu\/de\/sup-unterricht-plattensee\/"]}]},{"@type":"BreadcrumbList","@id":"https:\/\/standuppaddle.hu\/de\/sup-unterricht-plattensee\/#breadcrumb","itemListElement":[{"@type":"ListItem","position":1,"name":"Home","item":"https:\/\/standuppaddle.hu\/de\/"},{"@type":"ListItem","position":2,"name":"SUP Unterricht am Plattensee"}]},{"@type":"WebSite","@id":"https:\/\/standuppaddle.hu\/de\/#website","url":"https:\/\/standuppaddle.hu\/de\/","name":"Stand Up Paddle","description":"\u00e1llva evez\u00e9s - \u00e1ll\u00f3 sz\u00f6rf - SUP Center Balaton","publisher":{"@id":"https:\/\/standuppaddle.hu\/de\/#organization"},"potentialAction":[{"@type":"SearchAction","target":{"@type":"EntryPoint","urlTemplate":"https:\/\/standuppaddle.hu\/de\/?s={search_term_string}"},"query-input":{"@type":"PropertyValueSpecification","valueRequired":true,"valueName":"search_term_string"}}],"inLanguage":"de"},{"@type":"Organization","@id":"https:\/\/standuppaddle.hu\/de\/#organization","name":"SUP Center Balaton","url":"https:\/\/standuppaddle.hu\/de\/","logo":{"@type":"ImageObject","inLanguage":"de","@id":"https:\/\/standuppaddle.hu\/de\/#\/schema\/logo\/image\/","url":"https:\/\/standuppaddle.hu\/wp-content\/uploads\/2019\/10\/sup-center-balaton-logo.jpg","contentUrl":"https:\/\/standuppaddle.hu\/wp-content\/uploads\/2019\/10\/sup-center-balaton-logo.jpg","width":2492,"height":1075,"caption":"SUP Center Balaton"},"image":{"@id":"https:\/\/standuppaddle.hu\/de\/#\/schema\/logo\/image\/"},"sameAs":["https:\/\/www.facebook.com\/SUP.Center\/","https:\/\/www.instagram.com\/sup_center_balaton\/","https:\/\/www.youtube.com\/channel\/UCaX3OG6gvkhCqeZSw1zgTmw"]}]}},"_links":{"self":[{"href":"https:\/\/standuppaddle.hu\/de\/wp-json\/wp\/v2\/pages\/4307","targetHints":{"allow":["GET"]}}],"collection":[{"href":"https:\/\/standuppaddle.hu\/de\/wp-json\/wp\/v2\/pages"}],"about":[{"href":"https:\/\/standuppaddle.hu\/de\/wp-json\/wp\/v2\/types\/page"}],"author":[{"embeddable":true,"href":"https:\/\/standuppaddle.hu\/de\/wp-json\/wp\/v2\/users\/2"}],"replies":[{"embeddable":true,"href":"https:\/\/standuppaddle.hu\/de\/wp-json\/wp\/v2\/comments?post=4307"}],"version-history":[{"count":2,"href":"https:\/\/standuppaddle.hu\/de\/wp-json\/wp\/v2\/pages\/4307\/revisions"}],"predecessor-version":[{"id":8129,"href":"https:\/\/standuppaddle.hu\/de\/wp-json\/wp\/v2\/pages\/4307\/revisions\/8129"}],"wp:attachment":[{"href":"https:\/\/standuppaddle.hu\/de\/wp-json\/wp\/v2\/media?parent=4307"}],"curies":[{"name":"wp","href":"https:\/\/api.w.org\/{rel}","templated":true}]}}