{"id":4275,"date":"2019-10-21T10:55:46","date_gmt":"2019-10-21T08:55:46","guid":{"rendered":"http:\/\/standuppaddle.hu\/sup-center-am-plattensee-kontakt\/"},"modified":"2022-01-07T11:56:42","modified_gmt":"2022-01-07T10:56:42","slug":"sup-center-shop","status":"publish","type":"page","link":"https:\/\/standuppaddle.hu\/de\/sup-center-shop\/","title":{"rendered":"SUP Center am Plattensee"},"content":{"rendered":"<div class=\"wpb-content-wrapper\"><p>[vc_row][vc_column][vc_custom_heading text=&#8220;SUP Center Balaton am Plattensee&#8220; use_theme_fonts=&#8220;yes&#8220; css_animation=&#8220;fadeInUp&#8220; css=&#8220;.vc_custom_1615047008076{margin-bottom: 15px !important;}&#8220;][\/vc_column][\/vc_row][vc_row][vc_column css_animation=&#8220;fadeInUp&#8220;][vc_custom_heading text=&#8220;\u00d6ffnungszeiten&#8220; font_container=&#8220;tag:h3|font_size:24|text_align:left&#8220; use_theme_fonts=&#8220;yes&#8220; css=&#8220;.vc_custom_1571655574986{margin-bottom: 15px !important;}&#8220;][vc_separator color=&#8220;custom&#8220; align=&#8220;align_left&#8220; border_width=&#8220;2&#8243; css_animation=&#8220;fadeInUp&#8220; accent_color=&#8220;#0c2844&#8243; el_class=&#8220;border-width-60px&#8220; css=&#8220;.vc_custom_1569839031757{margin-bottom: 25px !important;}&#8220;][vc_column_text]Wetterabh\u00e4ngig sind wir im Gro\u00dfen und Ganzen vom 1. April bis 15. Oktober \u2013 t\u00e4glich 9.00 bis 18.00 Uhr zu erreichen.<br \/>\nDie aktuellen, genauen \u00d6ffnungszeiten entnehmen Sie bitte unserem Profil auf <a href=\"https:\/\/goo.gl\/maps\/bomxcueperaxcw4k8\" target=\"_blank\" rel=\"noopener\">Google Maps &#8211; SUP Center Balaton<\/a>[\/vc_column_text][vc_custom_heading text=&#8220;Kontakt&#8220; font_container=&#8220;tag:h3|font_size:24|text_align:left&#8220; use_theme_fonts=&#8220;yes&#8220;][vc_separator color=&#8220;custom&#8220; align=&#8220;align_left&#8220; border_width=&#8220;2&#8243; css_animation=&#8220;fadeInUp&#8220; accent_color=&#8220;#0c2844&#8243; el_class=&#8220;border-width-60px&#8220; css=&#8220;.vc_custom_1569839031757{margin-bottom: 25px !important;}&#8220;][vc_column_text]<img loading=\"lazy\" decoding=\"async\" src=\"https:\/\/standuppaddle.hu\/wp-content\/uploads\/2019\/10\/de-e1439041797539.jpg\" alt=\"\" width=\"18\" height=\"12\" \/> Deutsch: Tel: <a href=\"tel:+36302278927\">+36-30-2278927<\/a>\u00a0 <a href=\"&#x6d;&#97;&#105;l&#x74;&#x6f;&#58;s&#x75;&#x70;&#64;s&#x74;&#x61;&#110;d&#x75;&#x70;&#112;a&#x64;&#x64;&#108;e&#x2e;&#x68;&#117;\">&#115;&#x75;&#x70;&#64;&#115;&#x74;&#x61;n&#100;&#x75;p&#112;&#x61;&#x64;d&#108;&#x65;&#46;&#104;&#x75;<\/a><br \/>\n<img loading=\"lazy\" decoding=\"async\" src=\"https:\/\/standuppaddle.hu\/wp-content\/uploads\/2019\/10\/hu-e1439041815565.jpg\" alt=\"\" width=\"18\" height=\"12\" \/> Magyarul: Tel: <a href=\"tel:+36307019317\">06-30-7019317<\/a>\u00a0 \u00a0<a href=\"&#x6d;&#97;&#105;&#x6c;&#x74;&#111;&#58;&#x69;&#x6e;&#102;&#111;&#x40;&#x73;&#116;&#97;&#x6e;&#x64;&#117;&#112;&#x70;&#x61;&#100;&#100;&#x6c;&#x65;&#46;&#104;&#x75;\">&#105;n&#x66;o&#x40;s&#x74;&#97;&#x6e;&#100;&#x75;&#112;p&#x61;d&#x64;l&#x65;&#46;&#x68;&#117;<\/a><br \/>\n<img loading=\"lazy\" decoding=\"async\" src=\"https:\/\/standuppaddle.hu\/wp-content\/uploads\/2019\/10\/gb-e1494490882573.jpg\" alt=\"\" width=\"18\" height=\"12\" \/> English: Tel: <a href=\"tel:+36302278927\">+36-30-2278927<\/a>\u00a0 <a href=\"&#x6d;a&#x69;&#108;&#x74;&#111;:&#x73;u&#x70;&#64;&#x73;&#116;a&#x6e;&#100;&#x75;&#112;p&#x61;d&#x64;&#108;&#x65;&#46;h&#x75;\">&#x73;u&#x70;&#64;s&#x74;&#97;&#x6e;&#x64;u&#x70;&#112;a&#x64;&#100;&#x6c;&#101;&#46;&#x68;&#117;<\/a><\/p>\n<p><a href=\"https:\/\/wa.me\/36302278927\"><img loading=\"lazy\" decoding=\"async\" class=\"alignnone size-full wp-image-8145\" src=\"https:\/\/standuppaddle.hu\/wp-content\/uploads\/2022\/01\/Whatsapp.jpg\" alt=\"\" width=\"145\" height=\"50\" \/><\/a><\/p>\n<p><a href=\"viber:\/\/contact?number=%2B36302278927\"><img loading=\"lazy\" decoding=\"async\" class=\"alignnone size-full wp-image-8148\" src=\"https:\/\/standuppaddle.hu\/wp-content\/uploads\/2022\/01\/viber.png\" alt=\"\" width=\"117\" height=\"55\" \/><\/a>[\/vc_column_text][vc_single_image image=&#8220;3325&#8243; img_size=&#8220;full&#8220;][\/vc_column][\/vc_row][vc_row][vc_column css_animation=&#8220;fadeInUp&#8220;][vc_custom_heading text=&#8220;Wie kommen Sie zu uns&#8220; font_container=&#8220;tag:h3|font_size:24|text_align:left&#8220; use_theme_fonts=&#8220;yes&#8220; css=&#8220;.vc_custom_1571655864286{margin-bottom: 15px !important;}&#8220;][vc_separator color=&#8220;custom&#8220; align=&#8220;align_left&#8220; border_width=&#8220;2&#8243; css_animation=&#8220;fadeInUp&#8220; accent_color=&#8220;#0c2844&#8243; el_class=&#8220;border-width-60px&#8220; css=&#8220;.vc_custom_1569839031757{margin-bottom: 25px !important;}&#8220;][vc_column_text]Das SUP Center befindet sich in der Ferienanlage <a href=\"https:\/\/clubtihany.hu\/de\" target=\"_blank\" rel=\"noopener\">Club Tihany<\/a>, 350 Meter von der F\u00e4hre entfernt, genau an der Spitze der Halbinsel Tihany. Bei der Einfahrt in den Club (Schranke) fragen Sie nach dem SUP Center! Sie bekommen dann einen Einfahrtsschein mit Zeit-Stempel. Fahren Sie dann am Hotel vorbei und halten Sie sich rechts. Kurz vor dem Yachtclub sehen Sie auf der linken Seite den Eingang zum Strand (markiert mit einer Fahne und 2 SUP Werbeplakaten) Dort k\u00f6nnen\/d\u00fcrfen Sie parken. Sie finden uns auf der Strandseite des Wassersportgeb\u00e4udes.[\/vc_column_text][vc_single_image image=&#8220;7090&#8243; img_size=&#8220;full&#8220;][\/vc_column][\/vc_row][vc_row][vc_column][vc_custom_heading text=&#8220;Wer wir sind&#8220; font_container=&#8220;tag:h3|font_size:24|text_align:left&#8220; use_theme_fonts=&#8220;yes&#8220;][vc_separator color=&#8220;custom&#8220; align=&#8220;align_left&#8220; border_width=&#8220;2&#8243; css_animation=&#8220;fadeInUp&#8220; accent_color=&#8220;#0c2844&#8243; el_class=&#8220;border-width-60px&#8220; css=&#8220;.vc_custom_1569839031757{margin-bottom: 25px !important;}&#8220;][vc_column_text]Wir sind Hetti Kir\u00e1ly und\u00a0Andreas Novotny.<\/p>\n<p>Das Wassersportzentrum\u00a0mit <a title=\"Segel- und Surfschule am Balaton\" href=\"https:\/\/www.wind99.com\/\" target=\"_blank\" rel=\"noopener noreferrer\">Segel- und Surfschule<\/a> in Tihany am Plattensee besteht bereits seit 1988. Im April 2011 haben wir unser Wassersportprogramm um Stand Up Paddeln erweitert und das erste SUP Center in Ungarn er\u00f6ffnet.<\/p>\n<p>Sie finden das Stand Up Paddle Center im Urlaubs Resort \u201cClub Tihany\u201d an der Spitze der Halbinsel Tihany am Nordufer des Plattensees.<\/p>\n<p>Wir vermieten au\u00dfer SUPs auch Surfbretter und Kajaks.<br \/>\nWir freuen uns\u00a0auf Ihren Besuch![\/vc_column_text][vc_single_image image=&#8220;3327&#8243; img_size=&#8220;full&#8220;][\/vc_column][\/vc_row][vc_row][vc_column css_animation=&#8220;fadeInUp&#8220;][vc_custom_heading text=&#8220;Karte&#8220; font_container=&#8220;tag:h3|font_size:24|text_align:left&#8220; use_theme_fonts=&#8220;yes&#8220; css=&#8220;.vc_custom_1571655879473{margin-bottom: 15px !important;}&#8220;][vc_separator color=&#8220;custom&#8220; align=&#8220;align_left&#8220; border_width=&#8220;2&#8243; css_animation=&#8220;fadeInUp&#8220; accent_color=&#8220;#0c2844&#8243; el_class=&#8220;border-width-60px&#8220; css=&#8220;.vc_custom_1569839031757{margin-bottom: 25px !important;}&#8220;][vc_gmaps link=&#8220;#E-8_JTNDaWZyYW1lJTIwc3JjJTNEJTIyaHR0cHMlM0ElMkYlMkZ3d3cuZ29vZ2xlLmNvbSUyRm1hcHMlMkZlbWJlZCUzRnBiJTNEJTIxMW0xNCUyMTFtOCUyMTFtMyUyMTFkMzQ5MDE1LjM5NTIzMDU4NDY2JTIxMmQxNy44ODUyOTMlMjEzZDQ2Ljg4OTI4OSUyMTNtMiUyMTFpMTAyNCUyMTJpNzY4JTIxNGYxMy4xJTIxM20zJTIxMW0yJTIxMXMweDAlMjUzQTB4NjQwMjNlM2RmNTNmNWM5YSUyMTJzU1VQJTI1MjBDZW50ZXIlMjUyMEJhbGF0b24lMjE1ZTAlMjEzbTIlMjExc2VuJTIxMnN1cyUyMTR2MTU3MTY1NTg5MjM4NiUyMTVtMiUyMTFzZW4lMjEyc3VzJTIyJTIwd2lkdGglM0QlMjIxMDAlMjUlMjIlMjBoZWlnaHQlM0QlMjIzMDAlMjIlMjBmcmFtZWJvcmRlciUzRCUyMjAlMjIlMjBzdHlsZSUzRCUyMmJvcmRlciUzQTAlM0IlMjIlMjBhbGxvd2Z1bGxzY3JlZW4lM0QlMjIlMjIlM0UlM0MlMkZpZnJhbWUlM0U=&#8220;][\/vc_column][\/vc_row]<\/p>\n<\/div>","protected":false},"excerpt":{"rendered":"<p>[vc_row][vc_column][vc_custom_heading text=&#8220;SUP Center Balaton am Plattensee&#8220; use_theme_fonts=&#8220;yes&#8220; css_animation=&#8220;fadeInUp&#8220; css=&#8220;.vc_custom_1615047008076{margin-bottom: 15px !important;}&#8220;][\/vc_column][\/vc_row][vc_row][vc_column css_animation=&#8220;fadeInUp&#8220;][vc_custom_heading text=&#8220;\u00d6ffnungszeiten&#8220; font_container=&#8220;tag:h3|font_size:24|text_align:left&#8220; use_theme_fonts=&#8220;yes&#8220; css=&#8220;.vc_custom_1571655574986{margin-bottom: 15px !important;}&#8220;][vc_separator color=&#8220;custom&#8220; align=&#8220;align_left&#8220; border_width=&#8220;2&#8243; css_animation=&#8220;fadeInUp&#8220; accent_color=&#8220;#0c2844&#8243; el_class=&#8220;border-width-60px&#8220; css=&#8220;.vc_custom_1569839031757{margin-bottom: 25px !important;}&#8220;][vc_column_text]Wetterabh\u00e4ngig sind wir im Gro\u00dfen und Ganzen vom 1. April bis 15. Oktober \u2013 t\u00e4glich 9.00 bis 18.00 Uhr zu erreichen. Die aktuellen, genauen \u00d6ffnungszeiten entnehmen Sie bitte unserem [&hellip;]<\/p>\n","protected":false},"author":2,"featured_media":0,"parent":0,"menu_order":0,"comment_status":"closed","ping_status":"closed","template":"","meta":{"ocean_post_layout":"","ocean_both_sidebars_style":"","ocean_both_sidebars_content_width":0,"ocean_both_sidebars_sidebars_width":0,"ocean_sidebar":"0","ocean_second_sidebar":"0","ocean_disable_margins":"enable","ocean_add_body_class":"","ocean_shortcode_before_top_bar":"","ocean_shortcode_after_top_bar":"","ocean_shortcode_before_header":"","ocean_shortcode_after_header":"","ocean_has_shortcode":"","ocean_shortcode_after_title":"","ocean_shortcode_before_footer_widgets":"","ocean_shortcode_after_footer_widgets":"","ocean_shortcode_before_footer_bottom":"","ocean_shortcode_after_footer_bottom":"","ocean_display_top_bar":"default","ocean_display_header":"default","ocean_header_style":"","ocean_center_header_left_menu":"0","ocean_custom_header_template":"0","ocean_custom_logo":0,"ocean_custom_retina_logo":0,"ocean_custom_logo_max_width":0,"ocean_custom_logo_tablet_max_width":0,"ocean_custom_logo_mobile_max_width":0,"ocean_custom_logo_max_height":0,"ocean_custom_logo_tablet_max_height":0,"ocean_custom_logo_mobile_max_height":0,"ocean_header_custom_menu":"0","ocean_menu_typo_font_family":"0","ocean_menu_typo_font_subset":"","ocean_menu_typo_font_size":0,"ocean_menu_typo_font_size_tablet":0,"ocean_menu_typo_font_size_mobile":0,"ocean_menu_typo_font_size_unit":"px","ocean_menu_typo_font_weight":"","ocean_menu_typo_font_weight_tablet":"","ocean_menu_typo_font_weight_mobile":"","ocean_menu_typo_transform":"","ocean_menu_typo_transform_tablet":"","ocean_menu_typo_transform_mobile":"","ocean_menu_typo_line_height":0,"ocean_menu_typo_line_height_tablet":0,"ocean_menu_typo_line_height_mobile":0,"ocean_menu_typo_line_height_unit":"","ocean_menu_typo_spacing":0,"ocean_menu_typo_spacing_tablet":0,"ocean_menu_typo_spacing_mobile":0,"ocean_menu_typo_spacing_unit":"","ocean_menu_link_color":"","ocean_menu_link_color_hover":"","ocean_menu_link_color_active":"","ocean_menu_link_background":"","ocean_menu_link_hover_background":"","ocean_menu_link_active_background":"","ocean_menu_social_links_bg":"","ocean_menu_social_hover_links_bg":"","ocean_menu_social_links_color":"","ocean_menu_social_hover_links_color":"","ocean_disable_title":"default","ocean_disable_heading":"default","ocean_post_title":"","ocean_post_subheading":"","ocean_post_title_style":"","ocean_post_title_background_color":"","ocean_post_title_background":0,"ocean_post_title_bg_image_position":"","ocean_post_title_bg_image_attachment":"","ocean_post_title_bg_image_repeat":"","ocean_post_title_bg_image_size":"","ocean_post_title_height":0,"ocean_post_title_bg_overlay":0.5,"ocean_post_title_bg_overlay_color":"","ocean_disable_breadcrumbs":"default","ocean_breadcrumbs_color":"","ocean_breadcrumbs_separator_color":"","ocean_breadcrumbs_links_color":"","ocean_breadcrumbs_links_hover_color":"","ocean_display_footer_widgets":"default","ocean_display_footer_bottom":"default","ocean_custom_footer_template":"0","footnotes":""},"class_list":["post-4275","page","type-page","status-publish","hentry","entry","owp-thumbs-layout-horizontal","owp-btn-normal","owp-tabs-layout-section","has-no-thumbnails"],"yoast_head":"<!-- This site is optimized with the Yoast SEO plugin v27.3 - https:\/\/yoast.com\/product\/yoast-seo-wordpress\/ -->\n<title>SUP Center am Plattensee - Stand Up Paddle<\/title>\n<meta name=\"description\" content=\"Sie ben\u00f6tigen ein SUP? Stand Up Paddle Verleih, Unterricht und Shop am Plattensee (Balaton) auf der Halbinsel Tihany in Ungarn\" \/>\n<meta name=\"robots\" content=\"index, follow, max-snippet:-1, max-image-preview:large, max-video-preview:-1\" \/>\n<link rel=\"canonical\" href=\"https:\/\/standuppaddle.hu\/de\/sup-center-shop\/\" \/>\n<meta property=\"og:locale\" content=\"de_DE\" \/>\n<meta property=\"og:type\" content=\"article\" \/>\n<meta property=\"og:title\" content=\"SUP Center am Plattensee - Stand Up Paddle\" \/>\n<meta property=\"og:description\" content=\"Sie ben\u00f6tigen ein SUP? Stand Up Paddle Verleih, Unterricht und Shop am Plattensee (Balaton) auf der Halbinsel Tihany in Ungarn\" \/>\n<meta property=\"og:url\" content=\"https:\/\/standuppaddle.hu\/de\/sup-center-shop\/\" \/>\n<meta property=\"og:site_name\" content=\"Stand Up Paddle\" \/>\n<meta property=\"article:publisher\" content=\"https:\/\/www.facebook.com\/SUP.Center\/\" \/>\n<meta property=\"article:modified_time\" content=\"2022-01-07T10:56:42+00:00\" \/>\n<meta property=\"og:image\" content=\"https:\/\/standuppaddle.hu\/wp-content\/uploads\/2019\/10\/de-e1439041797539.jpg\" \/>\n<meta name=\"twitter:card\" content=\"summary_large_image\" \/>\n<meta name=\"twitter:label1\" content=\"Gesch\u00e4tzte Lesezeit\" \/>\n\t<meta name=\"twitter:data1\" content=\"3\u00a0Minuten\" \/>\n<script type=\"application\/ld+json\" class=\"yoast-schema-graph\">{\"@context\":\"https:\\\/\\\/schema.org\",\"@graph\":[{\"@type\":\"WebPage\",\"@id\":\"https:\\\/\\\/standuppaddle.hu\\\/de\\\/sup-center-shop\\\/\",\"url\":\"https:\\\/\\\/standuppaddle.hu\\\/de\\\/sup-center-shop\\\/\",\"name\":\"SUP Center am Plattensee - Stand Up Paddle\",\"isPartOf\":{\"@id\":\"https:\\\/\\\/standuppaddle.hu\\\/de\\\/#website\"},\"primaryImageOfPage\":{\"@id\":\"https:\\\/\\\/standuppaddle.hu\\\/de\\\/sup-center-shop\\\/#primaryimage\"},\"image\":{\"@id\":\"https:\\\/\\\/standuppaddle.hu\\\/de\\\/sup-center-shop\\\/#primaryimage\"},\"thumbnailUrl\":\"https:\\\/\\\/standuppaddle.hu\\\/wp-content\\\/uploads\\\/2019\\\/10\\\/de-e1439041797539.jpg\",\"datePublished\":\"2019-10-21T08:55:46+00:00\",\"dateModified\":\"2022-01-07T10:56:42+00:00\",\"description\":\"Sie ben\u00f6tigen ein SUP? Stand Up Paddle Verleih, Unterricht und Shop am Plattensee (Balaton) auf der Halbinsel Tihany in Ungarn\",\"breadcrumb\":{\"@id\":\"https:\\\/\\\/standuppaddle.hu\\\/de\\\/sup-center-shop\\\/#breadcrumb\"},\"inLanguage\":\"de\",\"potentialAction\":[{\"@type\":\"ReadAction\",\"target\":[\"https:\\\/\\\/standuppaddle.hu\\\/de\\\/sup-center-shop\\\/\"]}]},{\"@type\":\"ImageObject\",\"inLanguage\":\"de\",\"@id\":\"https:\\\/\\\/standuppaddle.hu\\\/de\\\/sup-center-shop\\\/#primaryimage\",\"url\":\"https:\\\/\\\/standuppaddle.hu\\\/wp-content\\\/uploads\\\/2019\\\/10\\\/de-e1439041797539.jpg\",\"contentUrl\":\"https:\\\/\\\/standuppaddle.hu\\\/wp-content\\\/uploads\\\/2019\\\/10\\\/de-e1439041797539.jpg\"},{\"@type\":\"BreadcrumbList\",\"@id\":\"https:\\\/\\\/standuppaddle.hu\\\/de\\\/sup-center-shop\\\/#breadcrumb\",\"itemListElement\":[{\"@type\":\"ListItem\",\"position\":1,\"name\":\"Home\",\"item\":\"https:\\\/\\\/standuppaddle.hu\\\/de\\\/\"},{\"@type\":\"ListItem\",\"position\":2,\"name\":\"SUP Center am Plattensee\"}]},{\"@type\":\"WebSite\",\"@id\":\"https:\\\/\\\/standuppaddle.hu\\\/de\\\/#website\",\"url\":\"https:\\\/\\\/standuppaddle.hu\\\/de\\\/\",\"name\":\"Stand Up Paddle\",\"description\":\"\u00e1llva evez\u00e9s - \u00e1ll\u00f3 sz\u00f6rf - SUP Center Balaton\",\"publisher\":{\"@id\":\"https:\\\/\\\/standuppaddle.hu\\\/de\\\/#organization\"},\"potentialAction\":[{\"@type\":\"SearchAction\",\"target\":{\"@type\":\"EntryPoint\",\"urlTemplate\":\"https:\\\/\\\/standuppaddle.hu\\\/de\\\/?s={search_term_string}\"},\"query-input\":{\"@type\":\"PropertyValueSpecification\",\"valueRequired\":true,\"valueName\":\"search_term_string\"}}],\"inLanguage\":\"de\"},{\"@type\":\"Organization\",\"@id\":\"https:\\\/\\\/standuppaddle.hu\\\/de\\\/#organization\",\"name\":\"SUP Center Balaton\",\"url\":\"https:\\\/\\\/standuppaddle.hu\\\/de\\\/\",\"logo\":{\"@type\":\"ImageObject\",\"inLanguage\":\"de\",\"@id\":\"https:\\\/\\\/standuppaddle.hu\\\/de\\\/#\\\/schema\\\/logo\\\/image\\\/\",\"url\":\"https:\\\/\\\/standuppaddle.hu\\\/wp-content\\\/uploads\\\/2019\\\/10\\\/sup-center-balaton-logo.jpg\",\"contentUrl\":\"https:\\\/\\\/standuppaddle.hu\\\/wp-content\\\/uploads\\\/2019\\\/10\\\/sup-center-balaton-logo.jpg\",\"width\":2492,\"height\":1075,\"caption\":\"SUP Center Balaton\"},\"image\":{\"@id\":\"https:\\\/\\\/standuppaddle.hu\\\/de\\\/#\\\/schema\\\/logo\\\/image\\\/\"},\"sameAs\":[\"https:\\\/\\\/www.facebook.com\\\/SUP.Center\\\/\",\"https:\\\/\\\/www.instagram.com\\\/sup_center_balaton\\\/\",\"https:\\\/\\\/www.youtube.com\\\/channel\\\/UCaX3OG6gvkhCqeZSw1zgTmw\"]}]}<\/script>\n<!-- \/ Yoast SEO plugin. -->","yoast_head_json":{"title":"SUP Center am Plattensee - Stand Up Paddle","description":"Sie ben\u00f6tigen ein SUP? Stand Up Paddle Verleih, Unterricht und Shop am Plattensee (Balaton) auf der Halbinsel Tihany in Ungarn","robots":{"index":"index","follow":"follow","max-snippet":"max-snippet:-1","max-image-preview":"max-image-preview:large","max-video-preview":"max-video-preview:-1"},"canonical":"https:\/\/standuppaddle.hu\/de\/sup-center-shop\/","og_locale":"de_DE","og_type":"article","og_title":"SUP Center am Plattensee - Stand Up Paddle","og_description":"Sie ben\u00f6tigen ein SUP? Stand Up Paddle Verleih, Unterricht und Shop am Plattensee (Balaton) auf der Halbinsel Tihany in Ungarn","og_url":"https:\/\/standuppaddle.hu\/de\/sup-center-shop\/","og_site_name":"Stand Up Paddle","article_publisher":"https:\/\/www.facebook.com\/SUP.Center\/","article_modified_time":"2022-01-07T10:56:42+00:00","og_image":[{"url":"https:\/\/standuppaddle.hu\/wp-content\/uploads\/2019\/10\/de-e1439041797539.jpg","type":"","width":"","height":""}],"twitter_card":"summary_large_image","twitter_misc":{"Gesch\u00e4tzte Lesezeit":"3\u00a0Minuten"},"schema":{"@context":"https:\/\/schema.org","@graph":[{"@type":"WebPage","@id":"https:\/\/standuppaddle.hu\/de\/sup-center-shop\/","url":"https:\/\/standuppaddle.hu\/de\/sup-center-shop\/","name":"SUP Center am Plattensee - Stand Up Paddle","isPartOf":{"@id":"https:\/\/standuppaddle.hu\/de\/#website"},"primaryImageOfPage":{"@id":"https:\/\/standuppaddle.hu\/de\/sup-center-shop\/#primaryimage"},"image":{"@id":"https:\/\/standuppaddle.hu\/de\/sup-center-shop\/#primaryimage"},"thumbnailUrl":"https:\/\/standuppaddle.hu\/wp-content\/uploads\/2019\/10\/de-e1439041797539.jpg","datePublished":"2019-10-21T08:55:46+00:00","dateModified":"2022-01-07T10:56:42+00:00","description":"Sie ben\u00f6tigen ein SUP? Stand Up Paddle Verleih, Unterricht und Shop am Plattensee (Balaton) auf der Halbinsel Tihany in Ungarn","breadcrumb":{"@id":"https:\/\/standuppaddle.hu\/de\/sup-center-shop\/#breadcrumb"},"inLanguage":"de","potentialAction":[{"@type":"ReadAction","target":["https:\/\/standuppaddle.hu\/de\/sup-center-shop\/"]}]},{"@type":"ImageObject","inLanguage":"de","@id":"https:\/\/standuppaddle.hu\/de\/sup-center-shop\/#primaryimage","url":"https:\/\/standuppaddle.hu\/wp-content\/uploads\/2019\/10\/de-e1439041797539.jpg","contentUrl":"https:\/\/standuppaddle.hu\/wp-content\/uploads\/2019\/10\/de-e1439041797539.jpg"},{"@type":"BreadcrumbList","@id":"https:\/\/standuppaddle.hu\/de\/sup-center-shop\/#breadcrumb","itemListElement":[{"@type":"ListItem","position":1,"name":"Home","item":"https:\/\/standuppaddle.hu\/de\/"},{"@type":"ListItem","position":2,"name":"SUP Center am Plattensee"}]},{"@type":"WebSite","@id":"https:\/\/standuppaddle.hu\/de\/#website","url":"https:\/\/standuppaddle.hu\/de\/","name":"Stand Up Paddle","description":"\u00e1llva evez\u00e9s - \u00e1ll\u00f3 sz\u00f6rf - SUP Center Balaton","publisher":{"@id":"https:\/\/standuppaddle.hu\/de\/#organization"},"potentialAction":[{"@type":"SearchAction","target":{"@type":"EntryPoint","urlTemplate":"https:\/\/standuppaddle.hu\/de\/?s={search_term_string}"},"query-input":{"@type":"PropertyValueSpecification","valueRequired":true,"valueName":"search_term_string"}}],"inLanguage":"de"},{"@type":"Organization","@id":"https:\/\/standuppaddle.hu\/de\/#organization","name":"SUP Center Balaton","url":"https:\/\/standuppaddle.hu\/de\/","logo":{"@type":"ImageObject","inLanguage":"de","@id":"https:\/\/standuppaddle.hu\/de\/#\/schema\/logo\/image\/","url":"https:\/\/standuppaddle.hu\/wp-content\/uploads\/2019\/10\/sup-center-balaton-logo.jpg","contentUrl":"https:\/\/standuppaddle.hu\/wp-content\/uploads\/2019\/10\/sup-center-balaton-logo.jpg","width":2492,"height":1075,"caption":"SUP Center Balaton"},"image":{"@id":"https:\/\/standuppaddle.hu\/de\/#\/schema\/logo\/image\/"},"sameAs":["https:\/\/www.facebook.com\/SUP.Center\/","https:\/\/www.instagram.com\/sup_center_balaton\/","https:\/\/www.youtube.com\/channel\/UCaX3OG6gvkhCqeZSw1zgTmw"]}]}},"_links":{"self":[{"href":"https:\/\/standuppaddle.hu\/de\/wp-json\/wp\/v2\/pages\/4275","targetHints":{"allow":["GET"]}}],"collection":[{"href":"https:\/\/standuppaddle.hu\/de\/wp-json\/wp\/v2\/pages"}],"about":[{"href":"https:\/\/standuppaddle.hu\/de\/wp-json\/wp\/v2\/types\/page"}],"author":[{"embeddable":true,"href":"https:\/\/standuppaddle.hu\/de\/wp-json\/wp\/v2\/users\/2"}],"replies":[{"embeddable":true,"href":"https:\/\/standuppaddle.hu\/de\/wp-json\/wp\/v2\/comments?post=4275"}],"version-history":[{"count":16,"href":"https:\/\/standuppaddle.hu\/de\/wp-json\/wp\/v2\/pages\/4275\/revisions"}],"predecessor-version":[{"id":8151,"href":"https:\/\/standuppaddle.hu\/de\/wp-json\/wp\/v2\/pages\/4275\/revisions\/8151"}],"wp:attachment":[{"href":"https:\/\/standuppaddle.hu\/de\/wp-json\/wp\/v2\/media?parent=4275"}],"curies":[{"name":"wp","href":"https:\/\/api.w.org\/{rel}","templated":true}]}}