{"id":4237,"date":"2019-10-21T09:01:12","date_gmt":"2019-10-21T07:01:12","guid":{"rendered":"http:\/\/standuppaddle.hu\/kolcsonzo-stand-up-paddle-berles\/"},"modified":"2025-05-22T10:49:42","modified_gmt":"2025-05-22T08:49:42","slug":"sup-verleih-stand-up-paddle-vermietung","status":"publish","type":"page","link":"https:\/\/standuppaddle.hu\/de\/sup-verleih-stand-up-paddle-vermietung\/","title":{"rendered":"SUP Verleih &#8211; Stand Up Paddle Vermietung"},"content":{"rendered":"<div class=\"wpb-content-wrapper\"><p>[vc_row][vc_column][vc_custom_heading text=&#8220;SUP Verleih \u2013 Stand Up Paddle Vermietung&#8220; use_theme_fonts=&#8220;yes&#8220; css_animation=&#8220;fadeInUp&#8220; css=&#8220;.vc_custom_1614871552690{margin-bottom: 15px !important;}&#8220;][vc_separator color=&#8220;custom&#8220; align=&#8220;align_left&#8220; border_width=&#8220;2&#8243; css_animation=&#8220;fadeInUp&#8220; css=&#8220;.vc_custom_1569833676472{margin-bottom: 25px !important;}&#8220; accent_color=&#8220;#0c2844&#8243; el_class=&#8220;border-width-100px&#8220;][vc_column_text css_animation=&#8220;fadeInUp&#8220; css=&#8220;&#8220;]Wir haben ca. 40 SUP Bretter im SUP Verleih. Sie k\u00f6nnen zwischen verschiedenen Brettern und Paddeln w\u00e4hlen. Vom stabilen Anf\u00e4ngerbrett bis zum schmalen Raceboard ist alles zu haben.<br \/>\nAnf\u00e4ngern empfehlen wir einen unserer t\u00e4glichen <a href=\"https:\/\/standuppaddle.hu\/de\/sup-events-programme\/\">SUP Kurse<\/a> zu belegen (eine Stunde mit Lehrer und los gehts!)<\/p>\n<p>Das SUP Center Balaton befindet sich zusammen mit der <a href=\"https:\/\/www.wind99.com\/\" target=\"_blank\" rel=\"noopener\">Segel- und Surfschule<\/a> in der Ferienanlage Club Tihany am Plattensee. Auch G\u00e4ste von Au\u00dferhalb, die nicht in dieser Anlage wohnen, sind herzlich willkommen. (Mehr Informationen unter <a href=\"https:\/\/standuppaddle.hu\/de\/sup-center-shop\/\">Kontakt<\/a>).<\/p>\n<p>Preis f\u00fcr ein Board mit Paddel: 6.000- HUF f\u00fcr 1 Stunde (inkl. 27% MwSt.)<\/p>\n<p><strong>Folgende SUP Bretter k\u00f6nnen Sie ausleihen:<\/strong>[\/vc_column_text][vc_single_image image=&#8220;8123&#8243; img_size=&#8220;full&#8220; add_caption=&#8220;yes&#8220; alignment=&#8220;center&#8220; css_animation=&#8220;fadeInUp&#8220;][vc_separator color=&#8220;custom&#8220; css_animation=&#8220;fadeInUp&#8220; accent_color=&#8220;#eeeeee&#8220;][\/vc_column][\/vc_row][vc_row][vc_column css_animation=&#8220;fadeInUp&#8220;][vc_custom_heading text=&#8220;Das SUP Brett (Board)&#8220; font_container=&#8220;tag:h3|font_size:24|text_align:left&#8220; use_theme_fonts=&#8220;yes&#8220; css=&#8220;.vc_custom_1641475743342{margin-bottom: 15px !important;}&#8220;][vc_separator color=&#8220;custom&#8220; align=&#8220;align_left&#8220; border_width=&#8220;2&#8243; css=&#8220;.vc_custom_1569834087474{margin-bottom: 25px !important;}&#8220; accent_color=&#8220;#0c2844&#8243; el_class=&#8220;border-width-60px&#8220;][vc_column_text css=&#8220;.vc_custom_1614857411139{margin-bottom: 20px !important;}&#8220;]Die L\u00e4nge und Breite der Bretter wird meistens in Fu\u00df und Inch angegeben. Die Brettgr\u00f6\u00dfen bewegen sich zwischen 7&#8242; und 14&#8242; L\u00e4nge (2 \u2013 4 Meter) und 24\u2033 bis 34\u2033 Breite (60 \u2013 86 Zentimeter). Im Flachwasserbereich werden l\u00e4ngere Bretter eingesetzt \u2013 je l\u00e4nger desto schneller. Die Bretter f\u00fcr das SUPen in der Welle (Wellenreiten) sind k\u00fcrzer. Je gr\u00f6\u00dfer die Wellen und je besser der Paddler, desto kleiner werden die Bretter. Breite Bretter sind stabiler als schmale Bretter. Allroundbretter f\u00fcr Flachwasser sind zwischen 9&#8217;8\u00a0 und 11&#8242; lang und sind auch f\u00fcr Anf\u00e4nger geeignet. Neben den aufblasbaren SUPs gibt es Bretter aus GFK (Glasfaserverst\u00e4rkter Kunststoff). Besser und leichter, aber auch teurer ist Carbonfaser. Manche Firmen setzten auf das etwas schwerere aber fast unzerst\u00f6rbare Polyethylen. Um einen sicheren und weichen Stand zu gew\u00e4hrleisten, sind die SUP-Boards meist mit einem sogenannten Deck Pad ausgestattet. Das ist eine gummi\u00e4hnliche Matte aus EVA die auf die Brettoberfl\u00e4che geklebt ist. Auf der Unterseite am Heck gibt es mindestens eine Finne die zur Richtungsstabilisation dient.[\/vc_column_text][vc_single_image image=&#8220;3309&#8243; img_size=&#8220;full&#8220; add_caption=&#8220;yes&#8220; css_animation=&#8220;fadeInUp&#8220;][vc_separator color=&#8220;custom&#8220; css_animation=&#8220;fadeInUp&#8220; accent_color=&#8220;#eeeeee&#8220;][\/vc_column][\/vc_row][vc_row][vc_column css_animation=&#8220;fadeInUp&#8220;][vc_custom_heading text=&#8220;Das SUP Paddel&#8220; font_container=&#8220;tag:h3|font_size:24|text_align:left&#8220; use_theme_fonts=&#8220;yes&#8220; css=&#8220;.vc_custom_1641475783478{margin-bottom: 15px !important;}&#8220;][vc_separator color=&#8220;custom&#8220; align=&#8220;align_left&#8220; border_width=&#8220;2&#8243; css=&#8220;.vc_custom_1569834087474{margin-bottom: 25px !important;}&#8220; accent_color=&#8220;#0c2844&#8243; el_class=&#8220;border-width-60px&#8220;][vc_column_text css=&#8220;.vc_custom_1614857356879{margin-bottom: 20px !important;}&#8220;]Das Paddel besteht aus Carbon, Glasfaser, Holz oder Aluminium. Es gibt auch Kombinationen dieser Werkstoffe. Das Paddel wird individuell auf die K\u00f6rpergr\u00f6\u00dfe des Sportlers angepasst. Es gibt auch verstellbare Vario Paddel. Welches Paddel Sie benutzen ist meistens eine Preisfrage. Je leichter (Carbon) desto teurer. Die L\u00e4nge h\u00e4ngt von der Gr\u00f6\u00dfe des Paddlers und der Disziplin ab. F\u00fcr Flachwasser sollten Sie den Paddelgriff, des vor Ihnen stehenden Paddels bequem erreichen k\u00f6nnen. In der Welle sind die Paddel ca. 20cm l\u00e4nger als Ihre K\u00f6rpergr\u00f6\u00dfe.[\/vc_column_text][vc_separator color=&#8220;custom&#8220; css_animation=&#8220;fadeInUp&#8220; accent_color=&#8220;#eeeeee&#8220;][\/vc_column][\/vc_row][vc_row][vc_column css_animation=&#8220;fadeInUp&#8220;][vc_custom_heading text=&#8220;Aufblasbare SUP Bretter (iSUP)&#8220; font_container=&#8220;tag:h3|font_size:24|text_align:left&#8220; use_theme_fonts=&#8220;yes&#8220; css=&#8220;.vc_custom_1641475799308{margin-bottom: 15px !important;}&#8220;][vc_separator color=&#8220;custom&#8220; align=&#8220;align_left&#8220; border_width=&#8220;2&#8243; css=&#8220;.vc_custom_1569834087474{margin-bottom: 25px !important;}&#8220; accent_color=&#8220;#0c2844&#8243; el_class=&#8220;border-width-60px&#8220;][vc_column_text css=&#8220;.vc_custom_1614857718302{margin-bottom: 20px !important;}&#8220;]Mittlerweile sind die aufblasbare Bretter, genannt iSUP, marktbeherrschend. Mit diesen Brettern ist es auch SUPern ohne Auto, Dachtr\u00e4ger und Garage m\u00f6glich sich ein Stand Up Paddle Board anzuschaffen. Egal ob mit Bus, U-Bahn, Zug oder Flugzeug \u2013 das Board ist leicht zu transportieren. Die Firma RED ist seit 2008 marktf\u00fchrend auf dem Sektor aufblasbare SUPs da sie sich auf diese spezialisiert hat und sich mit nichts anderem besch\u00e4ftigt. Mit der mitgelieferten Pumpe ist das Brett in 4-5 Minuten auf bis zu 1,5 bar aufgeblasen. Das Brett passt in einen Rucksack mit Rollen. Die Travel-Paddel ist f\u00fcr den einfachen Transport 3-teilig und passen ebenfalls in den Rucksack. Dank des Teleskop-Schafts sind die SUP Paddel stufenlos verstellbar und f\u00fcr jede K\u00f6rpergr\u00f6\u00dfe geeignet. Damit wird das iSUP zum idealen Set f\u00fcr den reisefreudigen Stand Up Paddler, f\u00fcr die ganze Familie oder den SUP begeisterten Freundeskreis.[\/vc_column_text][vc_single_image image=&#8220;3311&#8243; img_size=&#8220;full&#8220; add_caption=&#8220;yes&#8220; css_animation=&#8220;fadeInUp&#8220;][\/vc_column][\/vc_row][vc_row][vc_column][vc_column_text]Neben SUP Verleih und SUP Kursen bieten wir auch <a href=\"https:\/\/www.wind99.com\/\" target=\"_blank\" rel=\"noopener\">Segel- und Surfkurse<\/a> in unserem Wassersportzentrum am Balaton an.[\/vc_column_text][\/vc_column][\/vc_row]<\/p>\n<\/div>","protected":false},"excerpt":{"rendered":"<p>[vc_row][vc_column][vc_custom_heading text=&#8220;SUP Verleih \u2013 Stand Up Paddle Vermietung&#8220; use_theme_fonts=&#8220;yes&#8220; css_animation=&#8220;fadeInUp&#8220; css=&#8220;.vc_custom_1614871552690{margin-bottom: 15px !important;}&#8220;][vc_separator color=&#8220;custom&#8220; align=&#8220;align_left&#8220; border_width=&#8220;2&#8243; css_animation=&#8220;fadeInUp&#8220; css=&#8220;.vc_custom_1569833676472{margin-bottom: 25px !important;}&#8220; accent_color=&#8220;#0c2844&#8243; el_class=&#8220;border-width-100px&#8220;][vc_column_text css_animation=&#8220;fadeInUp&#8220; css=&#8220;&#8220;]Wir haben ca. 40 SUP Bretter im SUP Verleih. Sie k\u00f6nnen zwischen verschiedenen Brettern und Paddeln w\u00e4hlen. Vom stabilen Anf\u00e4ngerbrett bis zum schmalen Raceboard ist alles zu haben. Anf\u00e4ngern empfehlen wir einen [&hellip;]<\/p>\n","protected":false},"author":2,"featured_media":0,"parent":0,"menu_order":0,"comment_status":"closed","ping_status":"closed","template":"","meta":{"ocean_post_layout":"","ocean_both_sidebars_style":"","ocean_both_sidebars_content_width":0,"ocean_both_sidebars_sidebars_width":0,"ocean_sidebar":"0","ocean_second_sidebar":"0","ocean_disable_margins":"enable","ocean_add_body_class":"","ocean_shortcode_before_top_bar":"","ocean_shortcode_after_top_bar":"","ocean_shortcode_before_header":"","ocean_shortcode_after_header":"","ocean_has_shortcode":"","ocean_shortcode_after_title":"","ocean_shortcode_before_footer_widgets":"","ocean_shortcode_after_footer_widgets":"","ocean_shortcode_before_footer_bottom":"","ocean_shortcode_after_footer_bottom":"","ocean_display_top_bar":"default","ocean_display_header":"default","ocean_header_style":"","ocean_center_header_left_menu":"0","ocean_custom_header_template":"0","ocean_custom_logo":0,"ocean_custom_retina_logo":0,"ocean_custom_logo_max_width":0,"ocean_custom_logo_tablet_max_width":0,"ocean_custom_logo_mobile_max_width":0,"ocean_custom_logo_max_height":0,"ocean_custom_logo_tablet_max_height":0,"ocean_custom_logo_mobile_max_height":0,"ocean_header_custom_menu":"0","ocean_menu_typo_font_family":"0","ocean_menu_typo_font_subset":"","ocean_menu_typo_font_size":0,"ocean_menu_typo_font_size_tablet":0,"ocean_menu_typo_font_size_mobile":0,"ocean_menu_typo_font_size_unit":"px","ocean_menu_typo_font_weight":"","ocean_menu_typo_font_weight_tablet":"","ocean_menu_typo_font_weight_mobile":"","ocean_menu_typo_transform":"","ocean_menu_typo_transform_tablet":"","ocean_menu_typo_transform_mobile":"","ocean_menu_typo_line_height":0,"ocean_menu_typo_line_height_tablet":0,"ocean_menu_typo_line_height_mobile":0,"ocean_menu_typo_line_height_unit":"","ocean_menu_typo_spacing":0,"ocean_menu_typo_spacing_tablet":0,"ocean_menu_typo_spacing_mobile":0,"ocean_menu_typo_spacing_unit":"","ocean_menu_link_color":"","ocean_menu_link_color_hover":"","ocean_menu_link_color_active":"","ocean_menu_link_background":"","ocean_menu_link_hover_background":"","ocean_menu_link_active_background":"","ocean_menu_social_links_bg":"","ocean_menu_social_hover_links_bg":"","ocean_menu_social_links_color":"","ocean_menu_social_hover_links_color":"","ocean_disable_title":"default","ocean_disable_heading":"default","ocean_post_title":"","ocean_post_subheading":"","ocean_post_title_style":"","ocean_post_title_background_color":"","ocean_post_title_background":0,"ocean_post_title_bg_image_position":"","ocean_post_title_bg_image_attachment":"","ocean_post_title_bg_image_repeat":"","ocean_post_title_bg_image_size":"","ocean_post_title_height":0,"ocean_post_title_bg_overlay":0.5,"ocean_post_title_bg_overlay_color":"","ocean_disable_breadcrumbs":"default","ocean_breadcrumbs_color":"","ocean_breadcrumbs_separator_color":"","ocean_breadcrumbs_links_color":"","ocean_breadcrumbs_links_hover_color":"","ocean_display_footer_widgets":"default","ocean_display_footer_bottom":"default","ocean_custom_footer_template":"0","footnotes":""},"class_list":["post-4237","page","type-page","status-publish","hentry","entry","owp-thumbs-layout-horizontal","owp-btn-normal","owp-tabs-layout-section","has-no-thumbnails"],"yoast_head":"<!-- This site is optimized with the Yoast SEO plugin v27.3 - https:\/\/yoast.com\/product\/yoast-seo-wordpress\/ -->\n<title>SUP Verleih - Stand Up Paddle Vermietung - Stand Up Paddle<\/title>\n<meta name=\"description\" content=\"Wir haben ca. 40 SUP Bretter im SUP Verleih. Sie k\u00f6nnen zwischen verschiedenen SUP Brettern und Paddeln w\u00e4hlen. Vom stabilen Anf\u00e4ngerbrett\" \/>\n<meta name=\"robots\" content=\"index, follow, max-snippet:-1, max-image-preview:large, max-video-preview:-1\" \/>\n<link rel=\"canonical\" href=\"https:\/\/standuppaddle.hu\/de\/sup-verleih-stand-up-paddle-vermietung\/\" \/>\n<meta property=\"og:locale\" content=\"de_DE\" \/>\n<meta property=\"og:type\" content=\"article\" \/>\n<meta property=\"og:title\" content=\"SUP Verleih - Stand Up Paddle Vermietung - Stand Up Paddle\" \/>\n<meta property=\"og:description\" content=\"Wir haben ca. 40 SUP Bretter im SUP Verleih. Sie k\u00f6nnen zwischen verschiedenen SUP Brettern und Paddeln w\u00e4hlen. Vom stabilen Anf\u00e4ngerbrett\" \/>\n<meta property=\"og:url\" content=\"https:\/\/standuppaddle.hu\/de\/sup-verleih-stand-up-paddle-vermietung\/\" \/>\n<meta property=\"og:site_name\" content=\"Stand Up Paddle\" \/>\n<meta property=\"article:publisher\" content=\"https:\/\/www.facebook.com\/SUP.Center\/\" \/>\n<meta property=\"article:modified_time\" content=\"2025-05-22T08:49:42+00:00\" \/>\n<meta name=\"twitter:card\" content=\"summary_large_image\" \/>\n<meta name=\"twitter:label1\" content=\"Gesch\u00e4tzte Lesezeit\" \/>\n\t<meta name=\"twitter:data1\" content=\"4\u00a0Minuten\" \/>\n<script type=\"application\/ld+json\" class=\"yoast-schema-graph\">{\"@context\":\"https:\\\/\\\/schema.org\",\"@graph\":[{\"@type\":\"WebPage\",\"@id\":\"https:\\\/\\\/standuppaddle.hu\\\/de\\\/sup-verleih-stand-up-paddle-vermietung\\\/\",\"url\":\"https:\\\/\\\/standuppaddle.hu\\\/de\\\/sup-verleih-stand-up-paddle-vermietung\\\/\",\"name\":\"SUP Verleih - Stand Up Paddle Vermietung - Stand Up Paddle\",\"isPartOf\":{\"@id\":\"https:\\\/\\\/standuppaddle.hu\\\/de\\\/#website\"},\"datePublished\":\"2019-10-21T07:01:12+00:00\",\"dateModified\":\"2025-05-22T08:49:42+00:00\",\"description\":\"Wir haben ca. 40 SUP Bretter im SUP Verleih. Sie k\u00f6nnen zwischen verschiedenen SUP Brettern und Paddeln w\u00e4hlen. Vom stabilen Anf\u00e4ngerbrett\",\"breadcrumb\":{\"@id\":\"https:\\\/\\\/standuppaddle.hu\\\/de\\\/sup-verleih-stand-up-paddle-vermietung\\\/#breadcrumb\"},\"inLanguage\":\"de\",\"potentialAction\":[{\"@type\":\"ReadAction\",\"target\":[\"https:\\\/\\\/standuppaddle.hu\\\/de\\\/sup-verleih-stand-up-paddle-vermietung\\\/\"]}]},{\"@type\":\"BreadcrumbList\",\"@id\":\"https:\\\/\\\/standuppaddle.hu\\\/de\\\/sup-verleih-stand-up-paddle-vermietung\\\/#breadcrumb\",\"itemListElement\":[{\"@type\":\"ListItem\",\"position\":1,\"name\":\"Home\",\"item\":\"https:\\\/\\\/standuppaddle.hu\\\/de\\\/\"},{\"@type\":\"ListItem\",\"position\":2,\"name\":\"SUP Verleih &#8211; Stand Up Paddle Vermietung\"}]},{\"@type\":\"WebSite\",\"@id\":\"https:\\\/\\\/standuppaddle.hu\\\/de\\\/#website\",\"url\":\"https:\\\/\\\/standuppaddle.hu\\\/de\\\/\",\"name\":\"Stand Up Paddle\",\"description\":\"\u00e1llva evez\u00e9s - \u00e1ll\u00f3 sz\u00f6rf - SUP Center Balaton\",\"publisher\":{\"@id\":\"https:\\\/\\\/standuppaddle.hu\\\/de\\\/#organization\"},\"potentialAction\":[{\"@type\":\"SearchAction\",\"target\":{\"@type\":\"EntryPoint\",\"urlTemplate\":\"https:\\\/\\\/standuppaddle.hu\\\/de\\\/?s={search_term_string}\"},\"query-input\":{\"@type\":\"PropertyValueSpecification\",\"valueRequired\":true,\"valueName\":\"search_term_string\"}}],\"inLanguage\":\"de\"},{\"@type\":\"Organization\",\"@id\":\"https:\\\/\\\/standuppaddle.hu\\\/de\\\/#organization\",\"name\":\"SUP Center Balaton\",\"url\":\"https:\\\/\\\/standuppaddle.hu\\\/de\\\/\",\"logo\":{\"@type\":\"ImageObject\",\"inLanguage\":\"de\",\"@id\":\"https:\\\/\\\/standuppaddle.hu\\\/de\\\/#\\\/schema\\\/logo\\\/image\\\/\",\"url\":\"https:\\\/\\\/standuppaddle.hu\\\/wp-content\\\/uploads\\\/2019\\\/10\\\/sup-center-balaton-logo.jpg\",\"contentUrl\":\"https:\\\/\\\/standuppaddle.hu\\\/wp-content\\\/uploads\\\/2019\\\/10\\\/sup-center-balaton-logo.jpg\",\"width\":2492,\"height\":1075,\"caption\":\"SUP Center Balaton\"},\"image\":{\"@id\":\"https:\\\/\\\/standuppaddle.hu\\\/de\\\/#\\\/schema\\\/logo\\\/image\\\/\"},\"sameAs\":[\"https:\\\/\\\/www.facebook.com\\\/SUP.Center\\\/\",\"https:\\\/\\\/www.instagram.com\\\/sup_center_balaton\\\/\",\"https:\\\/\\\/www.youtube.com\\\/channel\\\/UCaX3OG6gvkhCqeZSw1zgTmw\"]}]}<\/script>\n<!-- \/ Yoast SEO plugin. -->","yoast_head_json":{"title":"SUP Verleih - Stand Up Paddle Vermietung - Stand Up Paddle","description":"Wir haben ca. 40 SUP Bretter im SUP Verleih. Sie k\u00f6nnen zwischen verschiedenen SUP Brettern und Paddeln w\u00e4hlen. Vom stabilen Anf\u00e4ngerbrett","robots":{"index":"index","follow":"follow","max-snippet":"max-snippet:-1","max-image-preview":"max-image-preview:large","max-video-preview":"max-video-preview:-1"},"canonical":"https:\/\/standuppaddle.hu\/de\/sup-verleih-stand-up-paddle-vermietung\/","og_locale":"de_DE","og_type":"article","og_title":"SUP Verleih - Stand Up Paddle Vermietung - Stand Up Paddle","og_description":"Wir haben ca. 40 SUP Bretter im SUP Verleih. Sie k\u00f6nnen zwischen verschiedenen SUP Brettern und Paddeln w\u00e4hlen. Vom stabilen Anf\u00e4ngerbrett","og_url":"https:\/\/standuppaddle.hu\/de\/sup-verleih-stand-up-paddle-vermietung\/","og_site_name":"Stand Up Paddle","article_publisher":"https:\/\/www.facebook.com\/SUP.Center\/","article_modified_time":"2025-05-22T08:49:42+00:00","twitter_card":"summary_large_image","twitter_misc":{"Gesch\u00e4tzte Lesezeit":"4\u00a0Minuten"},"schema":{"@context":"https:\/\/schema.org","@graph":[{"@type":"WebPage","@id":"https:\/\/standuppaddle.hu\/de\/sup-verleih-stand-up-paddle-vermietung\/","url":"https:\/\/standuppaddle.hu\/de\/sup-verleih-stand-up-paddle-vermietung\/","name":"SUP Verleih - Stand Up Paddle Vermietung - Stand Up Paddle","isPartOf":{"@id":"https:\/\/standuppaddle.hu\/de\/#website"},"datePublished":"2019-10-21T07:01:12+00:00","dateModified":"2025-05-22T08:49:42+00:00","description":"Wir haben ca. 40 SUP Bretter im SUP Verleih. Sie k\u00f6nnen zwischen verschiedenen SUP Brettern und Paddeln w\u00e4hlen. Vom stabilen Anf\u00e4ngerbrett","breadcrumb":{"@id":"https:\/\/standuppaddle.hu\/de\/sup-verleih-stand-up-paddle-vermietung\/#breadcrumb"},"inLanguage":"de","potentialAction":[{"@type":"ReadAction","target":["https:\/\/standuppaddle.hu\/de\/sup-verleih-stand-up-paddle-vermietung\/"]}]},{"@type":"BreadcrumbList","@id":"https:\/\/standuppaddle.hu\/de\/sup-verleih-stand-up-paddle-vermietung\/#breadcrumb","itemListElement":[{"@type":"ListItem","position":1,"name":"Home","item":"https:\/\/standuppaddle.hu\/de\/"},{"@type":"ListItem","position":2,"name":"SUP Verleih &#8211; Stand Up Paddle Vermietung"}]},{"@type":"WebSite","@id":"https:\/\/standuppaddle.hu\/de\/#website","url":"https:\/\/standuppaddle.hu\/de\/","name":"Stand Up Paddle","description":"\u00e1llva evez\u00e9s - \u00e1ll\u00f3 sz\u00f6rf - SUP Center Balaton","publisher":{"@id":"https:\/\/standuppaddle.hu\/de\/#organization"},"potentialAction":[{"@type":"SearchAction","target":{"@type":"EntryPoint","urlTemplate":"https:\/\/standuppaddle.hu\/de\/?s={search_term_string}"},"query-input":{"@type":"PropertyValueSpecification","valueRequired":true,"valueName":"search_term_string"}}],"inLanguage":"de"},{"@type":"Organization","@id":"https:\/\/standuppaddle.hu\/de\/#organization","name":"SUP Center Balaton","url":"https:\/\/standuppaddle.hu\/de\/","logo":{"@type":"ImageObject","inLanguage":"de","@id":"https:\/\/standuppaddle.hu\/de\/#\/schema\/logo\/image\/","url":"https:\/\/standuppaddle.hu\/wp-content\/uploads\/2019\/10\/sup-center-balaton-logo.jpg","contentUrl":"https:\/\/standuppaddle.hu\/wp-content\/uploads\/2019\/10\/sup-center-balaton-logo.jpg","width":2492,"height":1075,"caption":"SUP Center Balaton"},"image":{"@id":"https:\/\/standuppaddle.hu\/de\/#\/schema\/logo\/image\/"},"sameAs":["https:\/\/www.facebook.com\/SUP.Center\/","https:\/\/www.instagram.com\/sup_center_balaton\/","https:\/\/www.youtube.com\/channel\/UCaX3OG6gvkhCqeZSw1zgTmw"]}]}},"_links":{"self":[{"href":"https:\/\/standuppaddle.hu\/de\/wp-json\/wp\/v2\/pages\/4237","targetHints":{"allow":["GET"]}}],"collection":[{"href":"https:\/\/standuppaddle.hu\/de\/wp-json\/wp\/v2\/pages"}],"about":[{"href":"https:\/\/standuppaddle.hu\/de\/wp-json\/wp\/v2\/types\/page"}],"author":[{"embeddable":true,"href":"https:\/\/standuppaddle.hu\/de\/wp-json\/wp\/v2\/users\/2"}],"replies":[{"embeddable":true,"href":"https:\/\/standuppaddle.hu\/de\/wp-json\/wp\/v2\/comments?post=4237"}],"version-history":[{"count":6,"href":"https:\/\/standuppaddle.hu\/de\/wp-json\/wp\/v2\/pages\/4237\/revisions"}],"predecessor-version":[{"id":13081,"href":"https:\/\/standuppaddle.hu\/de\/wp-json\/wp\/v2\/pages\/4237\/revisions\/13081"}],"wp:attachment":[{"href":"https:\/\/standuppaddle.hu\/de\/wp-json\/wp\/v2\/media?parent=4237"}],"curies":[{"name":"wp","href":"https:\/\/api.w.org\/{rel}","templated":true}]}}